{"id":559,"date":"2022-04-08T16:33:49","date_gmt":"2022-04-08T19:33:49","guid":{"rendered":"https:\/\/www.bu.ufmg.br\/catalogacao\/?page_id=559"},"modified":"2022-04-08T16:33:50","modified_gmt":"2022-04-08T19:33:50","slug":"ata-da-7a-reuniao-do-grupo-de-catalogacao-e-autoridades","status":"publish","type":"page","link":"https:\/\/www.bu.ufmg.br\/catalogacao\/ata-da-7a-reuniao-do-grupo-de-catalogacao-e-autoridades\/","title":{"rendered":"Ata da 7a. Reuni\u00e3o do Grupo de Cataloga\u00e7\u00e3o e Autoridades"},"content":{"rendered":"\n<pre class=\"wp-block-preformatted\"><strong>Data: 21 de Mar\u00e7o de 2016<\/strong><\/pre>\n\n\n\n<p><strong>Participantes:<\/strong><\/p>\n\n\n\n<figure class=\"wp-block-table\"><table><tbody><tr><td>Vilma Carvalho de Souza (FAFICH)<\/td><\/tr><tr><td>Jussara Delfino (BU\/DITTI)<\/td><\/tr><tr><td>Anderson Moraes (EBA)<\/td><\/tr><tr><td>Jacqueline Pawlowski (BU\/DITTI)<\/td><\/tr><tr><td>C\u00e9lio Resende ( ICEX)<\/td><\/tr><tr><td>Wellington Mar\u00e7al de Carvalho (BU)<\/td><\/tr><tr><td>N\u00e1dia Cristina Pires (ICA)<\/td><\/tr><tr><td>Gislene Rodrigues da Silva (F\u00edsica)<\/td><\/tr><\/tbody><\/table><figcaption><strong><strong>Aus\u00eancias justificadas:<\/strong>\u00a0 Luciana Gon\u00e7alves<br>\u00a0O diretor Wellington Mar\u00e7al de Carvalho iniciou a reuni\u00e3o relembrando as tarefas descritas na Portaria no. 6 designada ao Grupo de Cataloga\u00e7\u00e3o que s\u00e3o: a) Estudar a viabilidade ou n\u00e3o de ades\u00e3o \u00e0 Rede Bibliodata;\u00a0 b) Avaliar e propor conte\u00fado para alimentar o site do Grupo Cataloga\u00e7\u00e3o;\u00a0 c) Avaliar a cole\u00e7\u00e3o de comunicados da CCQ e propor quando adequado, sua inser\u00e7\u00e3o no site da Grupo Cataloga\u00e7\u00e3o.\u00a0<br>\u00a0Leu a ata da 6a reuni\u00e3o \u00a0ocorrida em 05\/2015 \u00a0\u00a0com as atividades distribu\u00eddas ao Grupo de Trabalho naquela ocasi\u00e3o.\u00a0<br>Informou que ter\u00e1 participa\u00e7\u00e3o na 7a. e\u00a0 8a. reuni\u00f5es para retomada das atividades \u00a0e deixar\u00e1 o Grupo caminhar com autonomia\u00a0 at\u00e9 quando houver necessidade de sua participa\u00e7\u00e3o.<br>Destacou a \u00a0finaliza\u00e7\u00e3o da confer\u00eancia de todos os comunicados e que os mesmos foram repassados a DITTI\u00a0 para inser\u00e7\u00e3o no site.<br>Sobre a sugest\u00e3o da Moema referente a inclus\u00e3o dos nomes das pessoas que contribu\u00edram\u00a0 para a cria\u00e7\u00e3o dos comunicados, foi acordado que se at\u00e9 a pr\u00f3xima reuni\u00e3o n\u00e3o tiver o levantamento das pessoas\u00a0 a quem dar o cr\u00e9dito,\u00a0 os mesmos n\u00e3o\u00a0 ser\u00e3o inclu\u00eddos.<br>Foi decidido que os comunicados\u00a0 da FGV n\u00e3o ser\u00e3o inclu\u00eddos no site do Grupo de Cataloga\u00e7\u00e3o UFMG \u00a0e que os mesmos devem constar no site pr\u00f3prio da institui\u00e7\u00e3o.<br>Dentre as atividades estabelecidas na 6a. reuni\u00e3o referentes ao site do Grupo de Cataloga\u00e7\u00e3o, Jacqueline informou que devido \u00e0 greve\u00a0 nem todas foram realizadas.\u00a0 Foi necess\u00e1rio a instala\u00e7\u00e3o de uma vers\u00e3o atualizada\u00a0 do Joomla para evitar problemas de invas\u00e3o. No per\u00edodo da greve a estagi\u00e1ria do DITTI foi digitando\/ digitalizando os\u00a0 Comunicados que n\u00e3o tinham no site anterior. Atualmente o novo site cont\u00e9m apenas os dados cadastrados internamente\u00a0 por\u00e9m n\u00e3o vis\u00edveis aos usu\u00e1rios.<br>Por decis\u00e3o da diretoria , o antigo site \u00a0do Grupo de Cataloga\u00e7\u00e3o\u00a0 ser\u00e1 retirado.<br>\u00a0Foram relembradas as altera\u00e7\u00f5es solicitadas para o site:<br><strong>\u00a0Site Grupo de Cataloga\u00e7\u00e3o\u00a0 &#8211; (Altera\u00e7\u00f5es)<\/strong><br>&#8211; No Menu\u00a0 <strong>\u201cApresenta\u00e7\u00e3o<\/strong>\u201d &#8211;\u00a0\u00a0 Foi solicitado alterar o titulo\u00a0 para: \u00a0Grupo de Cataloga\u00e7\u00e3o e Autoridades; corrigir texto retirando \u201co\u201d\u00a0 que estava sobrando e cortar\u00a0 t\u00edtulo Apresenta\u00e7\u00e3o que est\u00e1 repetido.<br>No Menu \u201c<strong>Grupo de Cataloga\u00e7\u00e3o<\/strong>\u201d &#8211;\u00a0 Incluir link para a Portaria em PDF ;\u00a0 Alterar o texto de\u00a0 apresenta\u00e7\u00e3o do Grupo\u00a0 para:<br>\u201cO Grupo de Cataloga\u00e7\u00e3o e Autoridades institu\u00eddo pela Biblioteca Universit\u00e1ria\u00a0 por meio da Portaria no. 6 de 12\/03\/2015\u00a0 com validade de 90 dias, faz parte da estrutura do Sistema de Bibliotecas da UFMG. Foi desenvolvido como Grupo de Trabalho para estudos, treinamentos e an\u00e1lises de demandas oriundas das bibliotecas setoriais e usu\u00e1rios. Esse Grupo age como uma inst\u00e2ncia consultiva para tomada de decis\u00e3o pela Diretoria da Biblioteca Universit\u00e1ria e tem como atribui\u00e7\u00f5es:<br>\u00a0<br>No Menu\u00a0 \u201c<strong>Comunicados\u201d<\/strong>\u00a0 &#8211; Abrir submenu Comunicados UFMG\u00a0\u00a0 -\u00e0 Vigente<br>\u00a0 \u00a0 \u00a0 \u00a0 \u00a0 \u00a0 \u00a0 \u00a0 \u00a0 \u00a0 \u00a0 \u00a0 \u00a0 \u00a0 \u00a0 \u00a0 \u00a0 \u00a0 \u00a0 \u00a0 \u00a0 \u00a0 \u00a0 \u00a0 \u00a0 \u00a0 \u00a0 \u00a0 \u00a0 \u00a0 \u00a0 \u00a0 \u00a0 \u00a0 \u00a0 \u00a0 \u00a0 \u00a0 \u00a0 \u00a0 \u00a0 \u00a0 \u00a0 \u00a0 \u00a0 \u00a0\u00e0 Hist\u00f3rico<br>&#8211; N\u00e3o ter\u00e1 mais o menu Comunicados FGV<br>&#8211; Excluir Menu \u201cComunicados Diversos\u00a0 \u00a0 \u00a0<\/strong><\/figcaption><\/figure>\n\n\n\n<p><strong>Pr\u00f3xima reuni\u00e3o:<\/strong>&nbsp;<\/p>\n\n\n\n<figure class=\"wp-block-table\"><table><tbody><tr><td><strong>Dia :<\/strong> 07\/04\/2016&nbsp;&nbsp; &#8211; <strong>Hor\u00e1rio:<\/strong> 11:15&nbsp; &nbsp;<\/td><\/tr><tr><td><strong>Pauta :<\/strong>&nbsp; Jacqueline&nbsp; apresentar as altera\u00e7\u00f5es solicitadas para o site<\/td><\/tr><\/tbody><\/table><\/figure>\n","protected":false},"excerpt":{"rendered":"<p>Data: 21 de Mar\u00e7o de 2016 Participantes: Vilma Carvalho de Souza (FAFICH) Jussara Delfino (BU\/DITTI) Anderson Moraes (EBA) Jacqueline Pawlowski (BU\/DITTI) C\u00e9lio Resende ( ICEX) Wellington Mar\u00e7al de Carvalho (BU) N\u00e1dia Cristina Pires (ICA) Gislene Rodrigues da Silva (F\u00edsica) Aus\u00eancias justificadas:\u00a0 Luciana Gon\u00e7alves\u00a0O diretor Wellington Mar\u00e7al de Carvalho iniciou a reuni\u00e3o relembrando as tarefas descritas [&hellip;]<\/p>\n","protected":false},"author":1,"featured_media":0,"parent":0,"menu_order":0,"comment_status":"closed","ping_status":"closed","template":"","meta":{"footnotes":""},"class_list":["post-559","page","type-page","status-publish","hentry"],"_links":{"self":[{"href":"https:\/\/www.bu.ufmg.br\/catalogacao\/wp-json\/wp\/v2\/pages\/559","targetHints":{"allow":["GET"]}}],"collection":[{"href":"https:\/\/www.bu.ufmg.br\/catalogacao\/wp-json\/wp\/v2\/pages"}],"about":[{"href":"https:\/\/www.bu.ufmg.br\/catalogacao\/wp-json\/wp\/v2\/types\/page"}],"author":[{"embeddable":true,"href":"https:\/\/www.bu.ufmg.br\/catalogacao\/wp-json\/wp\/v2\/users\/1"}],"replies":[{"embeddable":true,"href":"https:\/\/www.bu.ufmg.br\/catalogacao\/wp-json\/wp\/v2\/comments?post=559"}],"version-history":[{"count":0,"href":"https:\/\/www.bu.ufmg.br\/catalogacao\/wp-json\/wp\/v2\/pages\/559\/revisions"}],"wp:attachment":[{"href":"https:\/\/www.bu.ufmg.br\/catalogacao\/wp-json\/wp\/v2\/media?parent=559"}],"curies":[{"name":"wp","href":"https:\/\/api.w.org\/{rel}","templated":true}]}}