{"id":524,"date":"2022-04-08T15:44:10","date_gmt":"2022-04-08T18:44:10","guid":{"rendered":"https:\/\/www.bu.ufmg.br\/catalogacao\/?page_id=524"},"modified":"2022-05-31T16:47:00","modified_gmt":"2022-05-31T19:47:00","slug":"registros-bibliograficos-rede-bibliodata-03-99","status":"publish","type":"page","link":"https:\/\/www.bu.ufmg.br\/catalogacao\/registros-bibliograficos-rede-bibliodata-03-99\/","title":{"rendered":"Registros Bibliograficos  rede bibliodata 03\/99"},"content":{"rendered":"\n<figure class=\"wp-block-table has-medium-font-size\"><table class=\"has-colibri-color-6-color has-text-color has-background\" style=\"background:linear-gradient(100deg,rgb(238,238,238) 0%,rgb(169,184,195) 100%)\"><thead><tr><th class=\"has-text-align-left\" data-align=\"left\">BIBLIOTECA UNIVERSIT\u00c1RIA \u2013 UFMG\u00a0\u00a0\u00a0\u00a0\u00a0\u00a0\u00a0\u00a0\u00a0\u00a0\u00a0\u00a0\u00a0\u00a0\u00a0\u00a0\u00a0\u00a0\u00a0\u00a0\u00a0\u00a0\u00a0\u00a0\u00a0\u00a0\u00a0\u00a0\u00a0\u00a0\u00a0\u00a0\u00a0\u00a0\u00a0\u00a0\u00a0\u00a0\u00a0\u00a0\u00a0\u00a0\u00a0\u00a0\u00a0<br>CENTRAL DE CONTROLE E QUALIDADE DA CATALOGA\u00c7\u00c3O &#8211; CCQC<\/th><\/tr><\/thead><tbody><tr><td class=\"has-text-align-left\" data-align=\"left\"><br><br><strong>COMUNICADO<\/strong> :\u00a003\/99 \u00a0  \u00a0 \u00a0 <\/td><\/tr><tr><td class=\"has-text-align-left\" data-align=\"left\"><br><br><strong>ASSUNTO<\/strong>: \u00a0Registros bibliogr\u00e1ficos da rede Bibliodata para a base UFMG<\/td><\/tr><tr><td class=\"has-text-align-left\" data-align=\"left\"><br>1) Ao fazer a transfer\u00eancia online de registros bibliogr\u00e1ficos da rede bibliodata para a base UFMG, vem o campo 998 \u00a0bibliotecas depositarias.<br>\u00a0 \u00a0<br>Ao fazer copy na base UFMG, de registro que foram transferidos online da rede bibliodata, <strong>EXCLUIR<\/strong> tamb\u00e9m o campo 998 porque esse campo pertence ao registro original.<br>\u00a0<br>2) As vezes, na parte da manha \u00a0fica um per\u00edodo de tempo dispon\u00edvel ate a pessoa que vem trabalhar na CCQ fazer a pesquisa na base da UFMG. A CCQ tem oferecido para alguns catalogadores.<br>quem se interessar em receber a linha por esse per\u00edodo comunicar com a CCQ \u00a0Geralmente, o hor\u00e1rio e de 9:30 ou 8:30 as 9:30<br>\u00a0<br>3) Esta sendo vendido pelo IBICT<br>\u00a0 \u00a0 \u00a0Guia de utiliza\u00e7ao da CDU de I. C . Mcllwaine Brasilia IBICT 1998<br>\u00a0 \u00a0 \u00a0 Tradu\u00e7ao da Prof. Gercina da Escola de Biblioteconomia da UFMG<br>\u00a0 \u00a0 \u00a0 ISBN: 85-7013058-9<br>\u00a0 \u00a0 \u00a0Fax do IBIBT: (061) 2262677<br>4) Copy: Esta gerando erros na base<br>\u00a0<br><strong>ATEN\u00c7\u00c3O<\/strong>: copy e uma forma de implanta\u00e7ao<br>O registro criado deve ser editado de acordo com a obra, AACR2 e o manual\u00a0<br>de cataloga\u00e7\u00e3o\u00a0<br>Quando o registro n\u00e3o e editado gera na base<br>\u00a0<br>5) No EasyCat so podemos usar~e \u00e7<br>Nao usar acentua\u00e7ao\u00a0<br>6) Transfer\u00eancia da FGV: <strong>aten\u00e7\u00e3o<\/strong> quando for coopera\u00e7\u00e3o com a BN; lembrar de incluir 090<br>\u00a0<br>7) Rotina \/b: Esta gerando erros na base<br>\u00a0<br>Quem estiver utilizando esta rotina, verificar se foi colocado no item o status\u00a0<br>3701 provis\u00f3rio.<br>AQ CCQ observou que em alguns itens provis\u00f3rios n\u00e3o foi acrescentado este status e que alguns bib ids criados por \/b est\u00e3o sem itens, favor verificar\u00a0<br>favor seguir as rotinas corretamente.<br>8) Grupo de estudos da MATERIAIS ESPECIAIS<br>Os manuais j\u00e1 est\u00e3o com algumas pessoas dos grupos\u00a0<br>Musica: Katia<br>Mapa: Simone<br>Visuais: Dora, Helena, Eliane<br>Monografia e Seriados: todos os catalogadores ja tem\u00a0<br>Computer Files: Vilma<br>\u00a0<br>Nao devemos ficar duplicado porque s\u00e3o manuais para estudo s\u00f3 vamos duplicar o definitivo.<br>\u00a0<br>\u00a0<br>\u00a0<br>\u00a0<br>\u00a0<br>ERRATA ao COM. 3\/99<br>\u00a0<br>1) ao fazer a transfer\u00eancia online de registros bibliogr\u00e1ficos da rede bibliodata para a base UFMG, vem o campo 998 bibliotecas depositarias, de acordo com a rotina este campo e mantido.<br>LEMBRETE:<br>\u00a0 \u00a0 \u00a0 \u00a0 Colaborem com a CCQ na revolu\u00e7\u00e3o do relat\u00f3rio de buffer,<br>verificando os problemas \u00a0solicitados e respondendo o mais breve poss\u00edvel, no mesmo dia.<br>As vezes, o relat\u00f3rio nao fecha o dia, 0 que esta descontrole. Gracas.<\/td><\/tr><\/tbody><\/table><\/figure>\n","protected":false},"excerpt":{"rendered":"<p>BIBLIOTECA UNIVERSIT\u00c1RIA \u2013 UFMG\u00a0\u00a0\u00a0\u00a0\u00a0\u00a0\u00a0\u00a0\u00a0\u00a0\u00a0\u00a0\u00a0\u00a0\u00a0\u00a0\u00a0\u00a0\u00a0\u00a0\u00a0\u00a0\u00a0\u00a0\u00a0\u00a0\u00a0\u00a0\u00a0\u00a0\u00a0\u00a0\u00a0\u00a0\u00a0\u00a0\u00a0\u00a0\u00a0\u00a0\u00a0\u00a0\u00a0\u00a0\u00a0CENTRAL DE CONTROLE E QUALIDADE DA CATALOGA\u00c7\u00c3O &#8211; CCQC COMUNICADO :\u00a003\/99 \u00a0 \u00a0 \u00a0 ASSUNTO: \u00a0Registros bibliogr\u00e1ficos da rede Bibliodata para a base UFMG 1) Ao fazer a transfer\u00eancia online de registros bibliogr\u00e1ficos da rede bibliodata para a base UFMG, vem o campo 998 \u00a0bibliotecas depositarias.\u00a0 \u00a0Ao fazer copy na base UFMG, [&hellip;]<\/p>\n","protected":false},"author":1,"featured_media":0,"parent":0,"menu_order":0,"comment_status":"closed","ping_status":"closed","template":"","meta":{"footnotes":""},"class_list":["post-524","page","type-page","status-publish","hentry"],"_links":{"self":[{"href":"https:\/\/www.bu.ufmg.br\/catalogacao\/wp-json\/wp\/v2\/pages\/524","targetHints":{"allow":["GET"]}}],"collection":[{"href":"https:\/\/www.bu.ufmg.br\/catalogacao\/wp-json\/wp\/v2\/pages"}],"about":[{"href":"https:\/\/www.bu.ufmg.br\/catalogacao\/wp-json\/wp\/v2\/types\/page"}],"author":[{"embeddable":true,"href":"https:\/\/www.bu.ufmg.br\/catalogacao\/wp-json\/wp\/v2\/users\/1"}],"replies":[{"embeddable":true,"href":"https:\/\/www.bu.ufmg.br\/catalogacao\/wp-json\/wp\/v2\/comments?post=524"}],"version-history":[{"count":0,"href":"https:\/\/www.bu.ufmg.br\/catalogacao\/wp-json\/wp\/v2\/pages\/524\/revisions"}],"wp:attachment":[{"href":"https:\/\/www.bu.ufmg.br\/catalogacao\/wp-json\/wp\/v2\/media?parent=524"}],"curies":[{"name":"wp","href":"https:\/\/api.w.org\/{rel}","templated":true}]}}