{"id":517,"date":"2022-04-06T16:55:37","date_gmt":"2022-04-06T19:55:37","guid":{"rendered":"https:\/\/www.bu.ufmg.br\/catalogacao\/?page_id=517"},"modified":"2022-06-13T17:18:21","modified_gmt":"2022-06-13T20:18:21","slug":"duplicidade-de-registros","status":"publish","type":"page","link":"https:\/\/www.bu.ufmg.br\/catalogacao\/duplicidade-de-registros\/","title":{"rendered":"Duplicidade de registros"},"content":{"rendered":"\n<figure class=\"wp-block-table has-medium-font-size\"><table class=\"has-colibri-color-6-color has-text-color has-background\" style=\"background:linear-gradient(100deg,rgb(238,238,238) 0%,rgb(169,184,195) 100%)\"><thead><tr><th class=\"has-text-align-left\" data-align=\"left\">BIBLIOTECA UNIVERSIT\u00c1RIA \u2013 UFMG\u00a0\u00a0\u00a0\u00a0\u00a0\u00a0\u00a0\u00a0\u00a0\u00a0\u00a0\u00a0\u00a0\u00a0\u00a0\u00a0\u00a0\u00a0\u00a0\u00a0\u00a0\u00a0\u00a0\u00a0\u00a0\u00a0\u00a0\u00a0\u00a0\u00a0\u00a0\u00a0\u00a0\u00a0\u00a0\u00a0\u00a0\u00a0\u00a0\u00a0\u00a0\u00a0\u00a0\u00a0\u00a0<br>CENTRAL DE CONTROLE E QUALIDADE DA CATALOGA\u00c7\u00c3O &#8211; CCQC<\/th><\/tr><\/thead><tbody><tr><td class=\"has-text-align-left\" data-align=\"left\"><br><br><strong>COMUNICADO N\u00ba<\/strong>: \u00a004 \u00a0 \u00a0<strong>DATA<\/strong>: 23\/02\/01<\/td><\/tr><tr><td class=\"has-text-align-left\" data-align=\"left\"><br><br><strong>ASSUNTO<\/strong>: \u00a0Duplicidade e outros<\/td><\/tr><tr><td class=\"has-text-align-left\" data-align=\"left\"><br>Prezados (as Catalogadores (as),<br>\u00a0<br>O relat\u00f3rio de buffer tem com frequ\u00eancia, duplicidade de registros\u00a0<br>\u00a0<br>Lembramos:<br>\u00a0 &#8211; nao fazer apenas um tipo de pesquisa, no minimo 2\u00a0<br>\u00a0 &#8211; nao deixar material pre &#8211; pesquisado, fazer pesquisa sempre no dia\u00a0<br>Lembrar que a entrada de dados na base e muito din\u00e2mica e temos colegas que trabalham a noite gerando registros.<br>\u00a0<br>Ao resolver a mensagem de duplicidade no buffer a CCQC, conforme j\u00e1 combinado em reuni\u00f5es de cataloga\u00e7\u00e3o, deletamos o bib &#8211; id duplicado e n\u00e3o avisamos a biblioteca. \u00a0Ao incluir item pesquisado pelo bib id se n\u00e3o encontra, pesquisar por outra fora porque j\u00e1 existe a obra na base.<br>\u00a0<br>O buffer relata duplicidade de duas formas:<br>\u00a0 \u00a0 &#8211; registros OCLC e LC: relata como erro<br>\u00a0 \u00a0 &#8211; duplicidade de CPD ( registros da rede): relata como warning( alerta)<br>Quando ha transfer\u00eancia da mesma obra da rede bibliodata mas com CPDs diferentes n\u00e3o ha consist\u00eancia. Portanto apenas por acaso e que se decore a duplicidade.<br>\u00a0<br>Pedimos lembrar tamb\u00e9m:<br>\u00a0 \u00a0&#8211; colocar sempre o c\u00f3digo do operador em todos os registros que entram na base, independente da metodologia usada , para facilitar o trabalho de buffer<br>\u00a0 \u00a0&#8211; incluir o item para evitar transtornos no setor de referencia<br>\u00a0<br>Lembrar que teses e \/X e N\u00c3O \/V<br>Pedimos que observem os dias de uso da linha \/FGV definidos no CRONOGRAMA.<br>Caso n\u00e3o haja necessidades de utiliza\u00e7\u00e3o da linha favor disponibilizar atrav\u00e9s da lista, pois temos colegas precisando muito. Como e o caso da biblioteca do CP, que agradece a quem passar a linha ( quando n\u00e3o foi utilizar ) para ela nos dias 2\u00aa 3\u00aa e 5\u00aa ( tarde e noite ) e 4\u00aa e 6\u00aa ( somente a tarde)<\/td><\/tr><\/tbody><\/table><\/figure>\n","protected":false},"excerpt":{"rendered":"<p>BIBLIOTECA UNIVERSIT\u00c1RIA \u2013 UFMG\u00a0\u00a0\u00a0\u00a0\u00a0\u00a0\u00a0\u00a0\u00a0\u00a0\u00a0\u00a0\u00a0\u00a0\u00a0\u00a0\u00a0\u00a0\u00a0\u00a0\u00a0\u00a0\u00a0\u00a0\u00a0\u00a0\u00a0\u00a0\u00a0\u00a0\u00a0\u00a0\u00a0\u00a0\u00a0\u00a0\u00a0\u00a0\u00a0\u00a0\u00a0\u00a0\u00a0\u00a0\u00a0CENTRAL DE CONTROLE E QUALIDADE DA CATALOGA\u00c7\u00c3O &#8211; CCQC COMUNICADO N\u00ba: \u00a004 \u00a0 \u00a0DATA: 23\/02\/01 ASSUNTO: \u00a0Duplicidade e outros Prezados (as Catalogadores (as),\u00a0O relat\u00f3rio de buffer tem com frequ\u00eancia, duplicidade de registros\u00a0\u00a0Lembramos:\u00a0 &#8211; nao fazer apenas um tipo de pesquisa, no minimo 2\u00a0\u00a0 &#8211; nao deixar material pre &#8211; pesquisado, fazer pesquisa [&hellip;]<\/p>\n","protected":false},"author":1,"featured_media":0,"parent":0,"menu_order":0,"comment_status":"closed","ping_status":"closed","template":"","meta":{"footnotes":""},"class_list":["post-517","page","type-page","status-publish","hentry"],"_links":{"self":[{"href":"https:\/\/www.bu.ufmg.br\/catalogacao\/wp-json\/wp\/v2\/pages\/517","targetHints":{"allow":["GET"]}}],"collection":[{"href":"https:\/\/www.bu.ufmg.br\/catalogacao\/wp-json\/wp\/v2\/pages"}],"about":[{"href":"https:\/\/www.bu.ufmg.br\/catalogacao\/wp-json\/wp\/v2\/types\/page"}],"author":[{"embeddable":true,"href":"https:\/\/www.bu.ufmg.br\/catalogacao\/wp-json\/wp\/v2\/users\/1"}],"replies":[{"embeddable":true,"href":"https:\/\/www.bu.ufmg.br\/catalogacao\/wp-json\/wp\/v2\/comments?post=517"}],"version-history":[{"count":0,"href":"https:\/\/www.bu.ufmg.br\/catalogacao\/wp-json\/wp\/v2\/pages\/517\/revisions"}],"wp:attachment":[{"href":"https:\/\/www.bu.ufmg.br\/catalogacao\/wp-json\/wp\/v2\/media?parent=517"}],"curies":[{"name":"wp","href":"https:\/\/api.w.org\/{rel}","templated":true}]}}