{"id":504,"date":"2022-04-06T16:43:54","date_gmt":"2022-04-06T19:43:54","guid":{"rendered":"https:\/\/www.bu.ufmg.br\/catalogacao\/?page_id=504"},"modified":"2022-06-13T17:22:59","modified_gmt":"2022-06-13T20:22:59","slug":"comunicado-2-99","status":"publish","type":"page","link":"https:\/\/www.bu.ufmg.br\/catalogacao\/comunicado-2-99\/","title":{"rendered":"Comunicado 2\/99"},"content":{"rendered":"\n<figure class=\"wp-block-table has-medium-font-size\"><table class=\"has-colibri-color-6-color has-text-color has-background\" style=\"background:linear-gradient(100deg,rgb(238,238,238) 0%,rgb(169,184,195) 100%)\"><thead><tr><th class=\"has-text-align-left\" data-align=\"left\">BIBLIOTECA UNIVERSIT\u00c1RIA \u2013 UFMG\u00a0\u00a0\u00a0\u00a0\u00a0\u00a0\u00a0\u00a0\u00a0\u00a0\u00a0\u00a0\u00a0\u00a0\u00a0\u00a0\u00a0\u00a0\u00a0\u00a0\u00a0\u00a0\u00a0\u00a0\u00a0\u00a0\u00a0\u00a0\u00a0\u00a0\u00a0\u00a0\u00a0\u00a0\u00a0\u00a0\u00a0\u00a0\u00a0\u00a0\u00a0\u00a0\u00a0\u00a0\u00a0<br>CENTRAL DE CONTROLE E QUALIDADE DA CATALOGA\u00c7\u00c3O &#8211; CCQC<\/th><\/tr><\/thead><tbody><tr><td class=\"has-text-align-left\" data-align=\"left\"><br><br><strong>COMUNICADO N\u00ba<\/strong>: 2\/99 \u00a0 \u00a0 \u00a0<strong>DATA<\/strong>: 26\/02\/99<\/td><\/tr><tr><td class=\"has-text-align-left\" data-align=\"left\"><br><br><strong>ASSUNTO<\/strong>: \u00a0Enviar os bibi ids para a CCQ<\/td><\/tr><tr><td class=\"has-text-align-left\" data-align=\"left\">\u00a0<br><br>1) Lembrete: Enviar os bib ids para a CCQ<br>2) Copy na base UFMG em registros bibliogr\u00e1ficos em manter podemos fazer copy na base ufmg em registros bibliogr\u00e1ficos em manter porque o sistemas cria outro bib id no status AGUARDAR<br>\u00a0<br>caso 1- <strong>Um catalogador<\/strong> fez uma edi\u00e7\u00e3o num registro bibliogr\u00e1fico, ja processado e o registro esta com status manter.Neste caso <strong>qualquer catalogador<\/strong> pode fazer copy porque o registro bibliogr\u00e1fico j\u00e1 esta na base<br>\u00a0<br>caso- o <strong>catalogador X<\/strong> acabou de criar um registro\u00a0bibliogr\u00e1fico, por metodologia ou por\u00a0implanta\u00e7\u00e3o. O\u00a0<strong>catalogador X<\/strong> tem outra\u00a0edi\u00e7\u00e3o\u00a0da\u00a0mesma\u00a0obra. <strong>Apenas o catalogador X<\/strong> pode\u00a0fazer\u00a0copy desse registro porque ele\u00a0<strong>s\u00f3\u00a0est\u00e1<\/strong>\u00a0no buffer, o unico acesso e por bib id apenas o\u00a0catalogador \u00a0X sabe o bib id.<br>\u00a0<br>3) Na base UFMG o numero de chamada correto e completo e o da tela\u00a0descri\u00e7\u00e3o\u00a0de exemplar<br>\u00a0 \u00a0 lembrar que o numero de chamada varia por item.<br>\u00a0 \u00a0\u00a0n\u00e3o\u00a0considerar com o numero de chamada oficial o que consta no &#8221; registro\u00a0bibliogr\u00e1fico\u00a0MARC&#8221; e\u00a0nem o\u00a0que costa na &#8221; ficha&#8221;<br>\u00a0<br>4) Na base UFMG o item \u00a0e a referencia oficial e\u00a0n\u00e3o\u00a0mais o CPD ou BIB ID<br>5) Na rotina \/b, quando o livro\u00a0retorna\u00a0para o\u00a0processamento\u00a0t\u00e9cnico, o catalogador pode incluir\u00a0o\u00a0registro\u00a0bibliogr\u00e1fico\u00a0permanente\u00a0por qualquer metodologia ou por\u00a0implanta\u00e7\u00e3o. Se for por metodologia ,\u00a0<strong>comunicar com a CCQ para deletar o bib id criado no\u00a0provis\u00f3rio<\/strong>. Lembrar que para ser\u00a0deletado, o registro\u00a0bibliogr\u00e1fico\u00a0n\u00e3o\u00a0pode ter item,\u00a0n\u00e3o\u00a0pode ter reserva ou estar emprestado<br>se for por\u00a0implanta\u00e7\u00e3o, clicar no\u00a0\u00edcone\u00a0edi\u00e7\u00e3o\u00a0e fazer a\u00a0cataloga\u00e7\u00e3o\u00a0usando o manual\u00a0de\u00a0cataloga\u00e7\u00e3o\u00a0e o\u00a0AACR2.<br>CATCD da OCLC<br>Considerar a data de\u00a0publica\u00e7\u00e3o\u00a0da obra referencia a 6 anos abaixo da data impressa no CATCD, por\u00a0exemplo: CATCD \u00a0de novembro de 1996 cobre de 1991 ate novembro de 1996. A CCQ tem os CDs cobrindo datas de\u00a0publica\u00e7\u00e3o\u00a0de obras de 1991 ate 1999<br>\u00a0<br>Lista de CATCDs da OCLC na BU<br>\u00a0 \u00a0 &#8211; Nov. 96+<br>\u00a0 \u00a0 &#8211; Fev. 97<br>\u00a0 \u00a0 &#8211; Maio 97+<br>\u00a0 \u00a0 &#8211; Ago.98+<br>\u00a0 \u00a0 &#8211; Nov. 98+<br>\u00a0 \u00a0 &#8211; Fev. 99+<br>+ CATCDs que estao na CCQ<br>\u00a0<br>Uso do CATCDs da OCLC<br>Em mar\u00e7o o catalogador que tiver a\u00a0instala\u00e7\u00e3o\u00a0do CATCD na sua biblioteca deve solicitar os CDs a CCQ,\u00a0exceto as segundas feiras( lembrar que Elza trabalha\u00a0neste\u00a0dia com as\u00a0cole\u00e7\u00f5es\u00a0de 5\u00a0bibliotecas)<br>Pe\u00e7o \u00a0catalogador que\u00a0n\u00e3o\u00a0tem\u00a0instala\u00e7\u00e3o\u00a0que separe o\u00a0mat\u00e9ria\u00a0a ser\u00a0pesquisado, comunicar com a\u00a0CCQ\u00a0\u00a0para marcar dia de pesquisa na CCQ<br>\u00a0 \u00a0&#8211; Em abril, estamos com a ideia de uma pessoa da CCQ ir nas unidades com conjunto todo de CDs e fazer a\u00a0transfer\u00eancia<br>\u00a0<br>Essa e uma forma provisoria de aproveitar todos os CDs e\u00a0n\u00e3o\u00a0cada biblioteca usar apenas um CD<br>A DPD esta verificando com a OCLC e CECOM a possibilidade de\u00a0instala\u00e7\u00e3o\u00a0de uma torre de CD<\/td><\/tr><\/tbody><\/table><\/figure>\n","protected":false},"excerpt":{"rendered":"<p>BIBLIOTECA UNIVERSIT\u00c1RIA \u2013 UFMG\u00a0\u00a0\u00a0\u00a0\u00a0\u00a0\u00a0\u00a0\u00a0\u00a0\u00a0\u00a0\u00a0\u00a0\u00a0\u00a0\u00a0\u00a0\u00a0\u00a0\u00a0\u00a0\u00a0\u00a0\u00a0\u00a0\u00a0\u00a0\u00a0\u00a0\u00a0\u00a0\u00a0\u00a0\u00a0\u00a0\u00a0\u00a0\u00a0\u00a0\u00a0\u00a0\u00a0\u00a0\u00a0CENTRAL DE CONTROLE E QUALIDADE DA CATALOGA\u00c7\u00c3O &#8211; CCQC COMUNICADO N\u00ba: 2\/99 \u00a0 \u00a0 \u00a0DATA: 26\/02\/99 ASSUNTO: \u00a0Enviar os bibi ids para a CCQ \u00a0 1) Lembrete: Enviar os bib ids para a CCQ2) Copy na base UFMG em registros bibliogr\u00e1ficos em manter podemos fazer copy na base ufmg em registros bibliogr\u00e1ficos [&hellip;]<\/p>\n","protected":false},"author":1,"featured_media":0,"parent":0,"menu_order":0,"comment_status":"closed","ping_status":"closed","template":"","meta":{"footnotes":""},"class_list":["post-504","page","type-page","status-publish","hentry"],"_links":{"self":[{"href":"https:\/\/www.bu.ufmg.br\/catalogacao\/wp-json\/wp\/v2\/pages\/504","targetHints":{"allow":["GET"]}}],"collection":[{"href":"https:\/\/www.bu.ufmg.br\/catalogacao\/wp-json\/wp\/v2\/pages"}],"about":[{"href":"https:\/\/www.bu.ufmg.br\/catalogacao\/wp-json\/wp\/v2\/types\/page"}],"author":[{"embeddable":true,"href":"https:\/\/www.bu.ufmg.br\/catalogacao\/wp-json\/wp\/v2\/users\/1"}],"replies":[{"embeddable":true,"href":"https:\/\/www.bu.ufmg.br\/catalogacao\/wp-json\/wp\/v2\/comments?post=504"}],"version-history":[{"count":0,"href":"https:\/\/www.bu.ufmg.br\/catalogacao\/wp-json\/wp\/v2\/pages\/504\/revisions"}],"wp:attachment":[{"href":"https:\/\/www.bu.ufmg.br\/catalogacao\/wp-json\/wp\/v2\/media?parent=504"}],"curies":[{"name":"wp","href":"https:\/\/api.w.org\/{rel}","templated":true}]}}