{"id":495,"date":"2022-04-06T16:38:49","date_gmt":"2022-04-06T19:38:49","guid":{"rendered":"https:\/\/www.bu.ufmg.br\/catalogacao\/?page_id=495"},"modified":"2022-06-13T17:24:14","modified_gmt":"2022-06-13T20:24:14","slug":"com-4-99-orgao-de-nacoes-unidas","status":"publish","type":"page","link":"https:\/\/www.bu.ufmg.br\/catalogacao\/com-4-99-orgao-de-nacoes-unidas\/","title":{"rendered":"Com: 4\/99 Orgao de Na\u00e7oes Unidas"},"content":{"rendered":"\n<figure class=\"wp-block-table has-medium-font-size\"><table class=\"has-colibri-color-6-color has-text-color has-background\" style=\"background:linear-gradient(100deg,rgb(238,238,238) 0%,rgb(169,184,195) 100%)\"><thead><tr><th class=\"has-text-align-left\" data-align=\"left\">BIBLIOTECA UNIVERSIT\u00c1RIA \u2013 UFMG\u00a0\u00a0\u00a0\u00a0\u00a0\u00a0\u00a0\u00a0\u00a0\u00a0\u00a0\u00a0\u00a0\u00a0\u00a0\u00a0\u00a0\u00a0\u00a0\u00a0\u00a0\u00a0\u00a0\u00a0\u00a0\u00a0\u00a0\u00a0\u00a0\u00a0\u00a0\u00a0\u00a0\u00a0\u00a0\u00a0\u00a0\u00a0\u00a0\u00a0\u00a0\u00a0\u00a0\u00a0\u00a0<br>CENTRAL DE CONTROLE E QUALIDADE DA CATALOGA\u00c7\u00c3O &#8211; CCQC<\/th><\/tr><\/thead><tbody><tr><td class=\"has-text-align-left\" data-align=\"left\"><br><br><strong>COMUNICADO N\u00ba<\/strong>: \u00a004\/99 \u00a0 \u00a0<\/td><\/tr><tr><td class=\"has-text-align-left\" data-align=\"left\"><br><br><strong>ASSUNTO<\/strong>: \u00a0\u00d3rg\u00e3o De Na\u00e7\u00f5es Unidas<\/td><\/tr><tr><td class=\"has-text-align-left\" data-align=\"left\"><br><br>UFMG\/DF\/CCQ<br>Com. 4\/99<br>\u00a0<br>1) \u00d3rg\u00e3o das Na\u00e7\u00f5es Unidas: de acordo com o manual de autoridade da Rede bibliodta Calco, a entrada e em portugu\u00eas.<br>Aten\u00e7\u00e3o aos registros transferidos da OCLC que traduzem autoridades das na\u00e7\u00f5es unidas (Colabora\u00e7\u00e3o da C\u00e9lia)<br>\u00a0<br>2) Cria\u00e7\u00e3o de uma planilha de teses<br>\u00a0 \u00a0 \u00a0&#8211; No Easycat chamar arquivo,registro, criar registro, selecionar book. wfm\u00a0<br>\u00a0 \u00a0 \u00a0 &#8211; Preencher a planilha com os campos e subcampos necess\u00e1rios, de acordo com norma<br>\u00a0 \u00a0 \u00a0 &#8211; no meu arquivo clicar em salvar para arquivo<br>\u00a0 \u00a0 \u00a0 &#8211; criar um arquivo; teses, rec dar ok<br>\u00a0 \u00a0 \u00a0 \u00a0&#8211; sempre que for \u00a0usar esta planilha:<br>\u00a0 \u00a0 \u00a0 \u00a0&#8211; selecionar arquivo, registrar, editar registro local<br>\u00a0 \u00a0 \u00a0 \u00a0&#8211; selecionar o arquivo teses. rec dar ok<br>\u00a0 \u00a0 \u00a0 \u00a0&#8211; preencher a planilha (Colabora Vivian )<br>\u00a0<br>3) Registros transferidos da OCLC<br>\u00a0 \u00a0 conforme discutido em reuniao de grupo de cataloga\u00e7\u00e3o, nos RB<br>\u00a0 \u00a0 transferidos da OCLC, alem do que esta recomendado na metodologia e nos comunicados posteriores, vamos trabalhar apenas com os assuntos colocando em portugu\u00eas.<br>\u00a0<br>\u00a0 \u00a0 \u00a0 &#8211; no caso de copy na base UFMG de RB \u00a0transferidos da OCLC: Ao fazer copy do RBM da OCLC que ja esta na base UFMG, lembrar que copy e implanta\u00e7\u00e3o. O RB deve editado de acordo com o manual de cataloga\u00e7\u00e3o e o AACR2<br>\u00a0<br>4) TESES<br>\u00a0 \u00a0 \u00a0 \u00a0 \u00a0&#8211; O orientador como entrada secundaria: segundo o comunicado 5\/92 da rede bibliodata deve constar na descri\u00e7\u00e3o<br>\u00a0 \u00a0 \u00a0 \u00a0 \u00a0&#8211; Lembro da discuss\u00e3o sobre orientador ser autoridade na tese j\u00e1 que o campo 700 gera autoridade, e que alguns catalogadores n\u00e3o concordam com isso, mas a norma n\u00e3o for alterada pela equipe da rede<br>\u00a0<br>5) LEMBRETE: Autoridades novas ( nomes e assuntos) que n\u00e3o constam da nossa base nem na rede devem ser enviadas para o catalogo coletivo da FGV<br>6) A apenas a CCQC, Vilma, Elza, Simone fazem dele\u00e7\u00e3o do RBM. Houve duas tentativas indevidas de dele\u00e7\u00e3o do RBM. Pedimos mais uma vez que os catalogadores solicitem a essas pessoas a dele\u00e7\u00e3o de RB, quando for o caso<br>\u00a0<br>7) Apesar das recomenda\u00e7\u00f5es, esta havendo copy sem edi\u00e7\u00e3o. Isso significa erro na nossa base<br>8) LINHA FGV: Devido aos problemas no uso da linha, e ate que o problema seja solucionado, o catalogador deve &#8220;queimar&#8221; as etapas do fluxo considerado ideal de trabalho\u00a0<br>Informamos que j\u00e1 forma tomadas as providencias cabeiveis a DPD<br>\u00a0<br>\u00a09) Quando o titulo da obra iniciar com l&#8217;, evolution ao pesquisar por w\/ o \u00a0argumento de pesquisa deve ser w\/I EVOLUTION E N\u00c3O W\/evolution ver bib id 0261- 07860<br>\u00a0<br>10) TESES<br>Em rela\u00e7ao a \u00e1rea descri\u00e7\u00e3o f\u00edsica, no referente a pagina e folha ver:<br>AACR2 &#8211; regras 4.5B; 1.5B; 2.5B E B1<br>Usar em teses, pagina ou folha de acordo com essas regras e defini\u00e7\u00f5es.<br>\u00a0<br>SUGEST\u00c3O DE TRABALHO PARA O GRUPO DE MATERIAIS ESPECIAIS<br>\u00a0<br>Em reuni\u00e3o com o grupo de mapas, a CCQ sugeriu como deve ser o trabalho nesta primeira fase:<br>\u00a0 \u00a0 \u00a0 \u00a0 &#8211; estudo do capitulo referente ao tipo de material no AACR2 e AACR2R,<br>\u00a0 \u00a0 \u00a0 \u00a0 \u00a0 comparando \u00e1rea a \u00e1rea, e verificando as altera\u00e7\u00f5es\u00a0<br>\u00a0 \u00a0 \u00a0 \u00a0 \u00a0 &#8211; estudo do capitulo referente ao tipo de material no livro do Maxwel<br>\u00a0 \u00a0 \u00a0 \u00a0 \u00a0&#8211; estudo de outras obras<br>\u00a0<br>\u00a0 \u00a0 \u00a0 \u00a0 \u00a0 Na CCQ existe bibliografia b\u00e1sica, Quanto ao AACR2R e a obra do Maxwel,<br>\u00a0 \u00a0 \u00a0 \u00a0 \u00a0 \u00a0pe\u00e7o uma pessoa do grupo comunicar com Maria Helena, porque s\u00f3 existem dois exemplares, um na CCQ e outro na biblioteconomia<br>\u00a0<br>Na fase do manual:<br>\u00a0 \u00a0 \u00a0 \u00a0estudar bem o campo 008 , com entendimento dos conceitos<br>\u00a0 \u00a0 \u00a0 \u00a0 estudar campos espec\u00edficos do material<br>\u00a0 \u00a0 \u00a0 \u00a0campos convencionais; j\u00e1 existe alguns acr\u00e9scimos e altera\u00e7\u00f5es no manual da CCQ<br>\u00a0<br>Outra sugest\u00e3o: incluir um gloss\u00e1rio dos termos que constam no manual\u00a0<br>Por ex.: proje\u00e7\u00e3o azim utal<\/td><\/tr><\/tbody><\/table><\/figure>\n","protected":false},"excerpt":{"rendered":"<p>BIBLIOTECA UNIVERSIT\u00c1RIA \u2013 UFMG\u00a0\u00a0\u00a0\u00a0\u00a0\u00a0\u00a0\u00a0\u00a0\u00a0\u00a0\u00a0\u00a0\u00a0\u00a0\u00a0\u00a0\u00a0\u00a0\u00a0\u00a0\u00a0\u00a0\u00a0\u00a0\u00a0\u00a0\u00a0\u00a0\u00a0\u00a0\u00a0\u00a0\u00a0\u00a0\u00a0\u00a0\u00a0\u00a0\u00a0\u00a0\u00a0\u00a0\u00a0\u00a0CENTRAL DE CONTROLE E QUALIDADE DA CATALOGA\u00c7\u00c3O &#8211; CCQC COMUNICADO N\u00ba: \u00a004\/99 \u00a0 \u00a0 ASSUNTO: \u00a0\u00d3rg\u00e3o De Na\u00e7\u00f5es Unidas UFMG\/DF\/CCQCom. 4\/99\u00a01) \u00d3rg\u00e3o das Na\u00e7\u00f5es Unidas: de acordo com o manual de autoridade da Rede bibliodta Calco, a entrada e em portugu\u00eas.Aten\u00e7\u00e3o aos registros transferidos da OCLC que traduzem autoridades das na\u00e7\u00f5es unidas [&hellip;]<\/p>\n","protected":false},"author":1,"featured_media":0,"parent":0,"menu_order":0,"comment_status":"closed","ping_status":"closed","template":"","meta":{"footnotes":""},"class_list":["post-495","page","type-page","status-publish","hentry"],"_links":{"self":[{"href":"https:\/\/www.bu.ufmg.br\/catalogacao\/wp-json\/wp\/v2\/pages\/495","targetHints":{"allow":["GET"]}}],"collection":[{"href":"https:\/\/www.bu.ufmg.br\/catalogacao\/wp-json\/wp\/v2\/pages"}],"about":[{"href":"https:\/\/www.bu.ufmg.br\/catalogacao\/wp-json\/wp\/v2\/types\/page"}],"author":[{"embeddable":true,"href":"https:\/\/www.bu.ufmg.br\/catalogacao\/wp-json\/wp\/v2\/users\/1"}],"replies":[{"embeddable":true,"href":"https:\/\/www.bu.ufmg.br\/catalogacao\/wp-json\/wp\/v2\/comments?post=495"}],"version-history":[{"count":0,"href":"https:\/\/www.bu.ufmg.br\/catalogacao\/wp-json\/wp\/v2\/pages\/495\/revisions"}],"wp:attachment":[{"href":"https:\/\/www.bu.ufmg.br\/catalogacao\/wp-json\/wp\/v2\/media?parent=495"}],"curies":[{"name":"wp","href":"https:\/\/api.w.org\/{rel}","templated":true}]}}