{"id":493,"date":"2022-04-06T16:37:46","date_gmt":"2022-04-06T19:37:46","guid":{"rendered":"https:\/\/www.bu.ufmg.br\/catalogacao\/?page_id=493"},"modified":"2022-06-13T17:26:12","modified_gmt":"2022-06-13T20:26:12","slug":"comunicado-5-99","status":"publish","type":"page","link":"https:\/\/www.bu.ufmg.br\/catalogacao\/comunicado-5-99\/","title":{"rendered":"Comunicado 5\/99"},"content":{"rendered":"\n<figure class=\"wp-block-table has-medium-font-size\"><table class=\"has-colibri-color-6-color has-text-color has-background\" style=\"background:linear-gradient(100deg,rgb(238,238,238) 0%,rgb(169,184,195) 100%)\"><thead><tr><th class=\"has-text-align-left\" data-align=\"left\">BIBLIOTECA UNIVERSIT\u00c1RIA \u2013 UFMG\u00a0\u00a0\u00a0\u00a0\u00a0\u00a0\u00a0\u00a0\u00a0\u00a0\u00a0\u00a0\u00a0\u00a0\u00a0\u00a0\u00a0\u00a0\u00a0\u00a0\u00a0\u00a0\u00a0\u00a0\u00a0\u00a0\u00a0\u00a0\u00a0\u00a0\u00a0\u00a0\u00a0\u00a0\u00a0\u00a0\u00a0\u00a0\u00a0\u00a0\u00a0\u00a0\u00a0\u00a0\u00a0<br>CENTRAL DE CONTROLE E QUALIDADE DA CATALOGA\u00c7\u00c3O &#8211; CCQC<\/th><\/tr><\/thead><tbody><tr><td class=\"has-text-align-left\" data-align=\"left\"><br><br><strong>COMUNICADO N\u00ba<\/strong>: 5\/99 \u00a0 \u00a0 \u00a0<\/td><\/tr><tr><td class=\"has-text-align-left\" data-align=\"left\"><br><br><strong>ASSUNTO<\/strong>: \u00a0casos de duplicidade<\/td><\/tr><tr><td class=\"has-text-align-left\" data-align=\"left\"><br><br>comunicado 5\/99<br>Falha de pesquisa: o buffer tem relatado muitos casos de duplicidade por falha de pesquisa. Pesquisar a obra no minimo de duas formas<br>\u00a0<br>Obras acompanhadas de CD, disquete etc<br>\u00a0 \u00a0 \u00a0&#8211; somente a obra recebe patrim\u00f4nio (Autoria); o disquete recebe o item 1999&#8230;.( algumas bibliotecas est\u00e3o est\u00e3o 1999&#8230;)<br>\u00a0 \u00a0 &#8211; cataloga\u00e7\u00e3o: catalogar a obra; no campo 300\/ e colocar 1CD-ROM; 1 Disquete etc<br>\u00a0 \u00a0 &#8211; nota 500: outras informa\u00e7\u00f5es sobre o CD ou disquete<br>\u00a0 \u00a0 &#8211; em rela\u00e7\u00e3o ao tratamento do CD ou disquete: em estudo ( uso do 006 ou tratamento dentro do material)<br>\u00a0<br>A UFMG faz parte da rede bibliodata: devemos atender os pedidos de solicita\u00e7\u00e3o de acerto<br>\u00a0<br>Autoridade: se n\u00e3o encontra na nossa base, consultar as microfichas da FGV e fontes autorizadas. Autoridades novas para a rede devem ser enviadas para FGV<\/td><\/tr><\/tbody><\/table><\/figure>\n","protected":false},"excerpt":{"rendered":"<p>BIBLIOTECA UNIVERSIT\u00c1RIA \u2013 UFMG\u00a0\u00a0\u00a0\u00a0\u00a0\u00a0\u00a0\u00a0\u00a0\u00a0\u00a0\u00a0\u00a0\u00a0\u00a0\u00a0\u00a0\u00a0\u00a0\u00a0\u00a0\u00a0\u00a0\u00a0\u00a0\u00a0\u00a0\u00a0\u00a0\u00a0\u00a0\u00a0\u00a0\u00a0\u00a0\u00a0\u00a0\u00a0\u00a0\u00a0\u00a0\u00a0\u00a0\u00a0\u00a0CENTRAL DE CONTROLE E QUALIDADE DA CATALOGA\u00c7\u00c3O &#8211; CCQC COMUNICADO N\u00ba: 5\/99 \u00a0 \u00a0 \u00a0 ASSUNTO: \u00a0casos de duplicidade comunicado 5\/99Falha de pesquisa: o buffer tem relatado muitos casos de duplicidade por falha de pesquisa. Pesquisar a obra no minimo de duas formas\u00a0Obras acompanhadas de CD, disquete etc\u00a0 \u00a0 \u00a0&#8211; somente a [&hellip;]<\/p>\n","protected":false},"author":1,"featured_media":0,"parent":0,"menu_order":0,"comment_status":"closed","ping_status":"closed","template":"","meta":{"footnotes":""},"class_list":["post-493","page","type-page","status-publish","hentry"],"_links":{"self":[{"href":"https:\/\/www.bu.ufmg.br\/catalogacao\/wp-json\/wp\/v2\/pages\/493","targetHints":{"allow":["GET"]}}],"collection":[{"href":"https:\/\/www.bu.ufmg.br\/catalogacao\/wp-json\/wp\/v2\/pages"}],"about":[{"href":"https:\/\/www.bu.ufmg.br\/catalogacao\/wp-json\/wp\/v2\/types\/page"}],"author":[{"embeddable":true,"href":"https:\/\/www.bu.ufmg.br\/catalogacao\/wp-json\/wp\/v2\/users\/1"}],"replies":[{"embeddable":true,"href":"https:\/\/www.bu.ufmg.br\/catalogacao\/wp-json\/wp\/v2\/comments?post=493"}],"version-history":[{"count":0,"href":"https:\/\/www.bu.ufmg.br\/catalogacao\/wp-json\/wp\/v2\/pages\/493\/revisions"}],"wp:attachment":[{"href":"https:\/\/www.bu.ufmg.br\/catalogacao\/wp-json\/wp\/v2\/media?parent=493"}],"curies":[{"name":"wp","href":"https:\/\/api.w.org\/{rel}","templated":true}]}}