{"id":491,"date":"2022-04-06T16:29:53","date_gmt":"2022-04-06T19:29:53","guid":{"rendered":"https:\/\/www.bu.ufmg.br\/catalogacao\/?page_id=491"},"modified":"2022-06-13T17:27:14","modified_gmt":"2022-06-13T20:27:14","slug":"com-tecnico-1-linha-fgv","status":"publish","type":"page","link":"https:\/\/www.bu.ufmg.br\/catalogacao\/com-tecnico-1-linha-fgv\/","title":{"rendered":"Com: tecnico 1 Linha FGV"},"content":{"rendered":"\n<figure class=\"wp-block-table has-medium-font-size\"><table class=\"has-colibri-color-6-color has-text-color has-background\" style=\"background:linear-gradient(100deg,rgb(238,238,238) 0%,rgb(169,184,195) 100%)\"><thead><tr><th class=\"has-text-align-left\" data-align=\"left\">BIBLIOTECA UNIVERSIT\u00c1RIA \u2013 UFMG\u00a0\u00a0\u00a0\u00a0\u00a0\u00a0\u00a0\u00a0\u00a0\u00a0\u00a0\u00a0\u00a0\u00a0\u00a0\u00a0\u00a0\u00a0\u00a0\u00a0\u00a0\u00a0\u00a0\u00a0\u00a0\u00a0\u00a0\u00a0\u00a0\u00a0\u00a0\u00a0\u00a0\u00a0\u00a0\u00a0\u00a0\u00a0\u00a0\u00a0\u00a0\u00a0\u00a0\u00a0\u00a0<br>CENTRAL DE CONTROLE E QUALIDADE DA CATALOGA\u00c7\u00c3O &#8211; CCQC<\/th><\/tr><\/thead><tbody><tr><td class=\"has-text-align-left\" data-align=\"left\"><br><br><strong>ASSUNTO<\/strong>: \u00a0Linha FGV<\/td><\/tr><tr><td class=\"has-text-align-left\" data-align=\"left\"><br><br>Comunicado t\u00e9cnico 1\/99 &#8211; fevereiro 1999 &#8211; 02 -22<br>1) Cronograma das reuni\u00f5es do grupo de cataloga\u00e7\u00e3o da UFMG para 1999<br>Participante das reuni\u00f5es de cataloga\u00e7\u00e3o da UFMG<br>Hor\u00e1rio: inicio 8:30 mim.<br>\u00a0<br>M\u00eas \u00a0 \u00a0 \u00a0 \u00a0 \u00a0 \u00a0 \u00a0 \u00a0 \u00a0 \u00a0 \u00a0 \u00a0 Dia<br>\u00a0<br>Mar\u00e7o \u00a0 \u00a0 \u00a0 \u00a0 \u00a0 \u00a0 \u00a0 \u00a0 \u00a0 \u00a0 \u00a024<br>Abril \u00a0 \u00a0 \u00a0 \u00a0 \u00a0 \u00a0 \u00a0 \u00a0 \u00a0 \u00a0 \u00a0 \u00a0 21<br>\u00a0Junho \u00a0 \u00a0 \u00a0 \u00a0 \u00a0 \u00a0 \u00a0 \u00a0 \u00a0 \u00a0 26<br>\u00a0Agosto \u00a0 \u00a0 \u00a0 \u00a0 \u00a0 \u00a0 \u00a0 \u00a0 \u00a0 23<br>\u00a0Setembro \u00a0 \u00a0 \u00a0 \u00a0 \u00a0 \u00a0 \u00a025<br>\u00a0Outubro \u00a0 \u00a0 \u00a0 \u00a0 \u00a0 \u00a0 \u00a0 \u00a0 22 \u00a0 \u00a0 \u00a0\u00a0<br>Novembro \u00a0 \u00a0 \u00a0 \u00a0 \u00a0 \u00a0 \u00a0 20<br>Dezembro \u00a0 \u00a0 \u00a0 \u00a0 \u00a0 \u00a0 \u00a0 15<br>\u00a0<br>\u00a0<br>2) Ferias<br>\u00a0 \u00a0 \u00a0&#8211; Catalogador: favor \u00a0 \u00a0informar a CCQ seu per\u00edodo de ferias, se n\u00e3o houver substitui\u00e7\u00e3o na linha FGV<br>\u00a0<br>3) Hor\u00e1rio da linha FGV<br>Manha \u00a0 \u00a0 \u00a0 \u00a0 \u00a0 \u00a0 \u00a0 \u00a0 \u00a0 \u00a0 \u00a0 \u00a0 \u00a0 \u00a0 \u00a0 Tarde \u00a0 \u00a0 \u00a0 \u00a0 \u00a0 \u00a0 \u00a0 \u00a0 \u00a0 \u00a0 \u00a0 \u00a0 \u00a0 \u00a0 \u00a0 \u00a0 \u00a0 Noite<br>9:00 &#8211; 13:00 \u00a0 \u00a0 \u00a0 \u00a0 \u00a0 \u00a0 \u00a0 \u00a0 \u00a0 \u00a0 \u00a0 13:00 &#8211; 18:00 \u00a0 \u00a0 \u00a0 \u00a0 \u00a0 \u00a0 \u00a0 \u00a0 \u00a0 \u00a0 \u00a0 18:00-<br>\u00a0<br>Aten\u00e7\u00e3o: Caso termine de usar a linha antes do hor\u00e1rio estabelecido, passar para um colega para o pr\u00f3ximo do cronograma naquele dia<br>4) ATEN\u00c7\u00c3O: ALTERA\u00c7\u00c3O DA ROTINA do uso do comando tamb\u00e9m \u00a0para inclus\u00e3o de autoridades constantes da base UFMG nos registros bibliogr\u00e1ficos ( ALERTA DA C\u00c9LIA, CEDEPLAR)<br>\u00a0<br>Antes de fazer a transfer\u00eancia, na lista de assuntos pedir # a, ou seja numero da linha espa\u00e7o para ver o registro MARC de autoridade, verificado se ele tem o campo 040 UFMG, o significa que e um termo livre incluindo por alguma biblioteca da UFMG. Se for, o segundo indicador devera se 7 e n\u00e3o 4 ao usar o comando tamb\u00e9m para aquele termo<br>Pelos testes feitos, usando o comando tamb\u00e9m a inclus\u00e3o do campo \/2 UFMG nos campos de assuntos n\u00e3o e autom\u00e1tica e nem gera 040 no RAM. Portanto, aten\u00e7\u00e3o ao ver registros bibliogr\u00e1ficos com ind 2 = 7 sem o subcampo \/2 (isto significa uso do tamb\u00e9m na inclus\u00e3o de termos livres)<br>O sistema gera duas autoridades tempor\u00e1rias: uma IND2 = 4 \u00a0e outra com IND = 7.<br>\u00a0<br>Outro detalhe: ao usar termos livres com subdivis\u00f5es autorizadas nos campos de assunto registro bibliogr\u00e1fico, usar tamb\u00e9m Ind 2 = 7<br>Ex.: 650 branco 7 Parques gr\u00e1ficos \/x Congressos.<br>\u00a0<br>Comunicado CCQ<br>Aos catalogadores da UFMG<br>\u00a0<br>1) Errata do informe de 11\/0199<br>\u00a0 \u00a0 Onde se l\u00ea: \/b &#8211; catalogadores que utilizam CATCD comunicar com a CCQ<br>\u00a0 \u00a0 sobre a rotina de transfer\u00eancia, que devera ser substitu\u00edda LEIA-SE:<br>\u00a0<br>Catalogadores de bibliotecas em circula\u00e7\u00e3o, comunicar com CCQ sobre rotina \/b para cria\u00e7\u00e3o de registro bibliogr\u00e1fico provis\u00f3rio<br>\u00a0<br>2) Comando COPY<br>Novo registro\u00a0bibliogr\u00e1fico\u00a0gerado por copy deve ser editado de acordo com a obra em\u00a0m\u00e3os,\u00a0usando o AACR@ e o manual de\u00a0cataloga\u00e7\u00e3o.<br>LEMBRAR sempre que COPY e uma\u00a0implanta\u00e7\u00e3o<br>Aten\u00e7\u00e3o\u00a0as\u00a0altera\u00e7\u00f5es\u00a0do campo fixo<br>020: se o 020 da obra em\u00a0m\u00e3os\u00a0for igual ao da obra de origem, deletar; se for diferente,\u00a0modificar\u00a0inclu\u00eddo\u00a0o novo ISBN<br>\u00a0<br>3) Campo 245<br>O antigo campo do CALCO 215 titulo expandido\u00a0equivale\u00a0ao campo:<br>246 ind 2 = branco \u00a0(\u00a0n\u00e3o\u00a0ha\u00a0informa\u00e7\u00e3o\u00a0fornecida)<br>\u00a0<br>Ex: 245 00 \u00a04 \u00a0cornes power review<br>\u00a0 \u00a0 \u00a0 246 \u00a0 1 \u00a0 four cornes power review<br>\u00a0<br>\u00a0 \u00a0 \u00a0 245 \u00a000 \u00a0 III \u00a0Plano Nacional de Desenvolvimento\/<br>\u00a0 \u00a0 \u00a0 246 \u00a0 1 \u00a0 \u00a0 terceiro plano nacional de Desenvolvimento<br>\u00a0<br>FAVOR anotar no \u00a0manual de\u00a0cataloga\u00e7\u00e3o\u00a0ate a CCQ enviar a\u00a0substitui\u00e7\u00e3o\u00a0da folha desse campo no\u00a0referido\u00a0manual<br>\u00a0<br>4) Informamos que a partir de mar\u00e7o de 1999 a CCQ so considerara para o\u00a0relat\u00f3rio\u00a0estat\u00edstico\u00a0do\u00a0m\u00eas\u00a0as\u00a0estat\u00edsticas\u00a0enviadas ate o segundo dia\u00a0\u00fatil\u00a0do\u00a0m\u00eas\u00a0subsequente. As\u00a0bibliotecas\u00a0que\u00a0n\u00e3o\u00a0enviarem neste prazo\u00a0ficar\u00e3o\u00a0com a\u00a0estat\u00edstica\u00a0zerada<br>\u00a0<br>Pedimos sua\u00a0colabora\u00e7\u00e3o. Nao esquecer\u00a0tamb\u00e9m\u00a0a\u00a0rela\u00e7\u00e3o\u00a0de bib &#8211; ids<\/td><\/tr><\/tbody><\/table><\/figure>\n","protected":false},"excerpt":{"rendered":"<p>BIBLIOTECA UNIVERSIT\u00c1RIA \u2013 UFMG\u00a0\u00a0\u00a0\u00a0\u00a0\u00a0\u00a0\u00a0\u00a0\u00a0\u00a0\u00a0\u00a0\u00a0\u00a0\u00a0\u00a0\u00a0\u00a0\u00a0\u00a0\u00a0\u00a0\u00a0\u00a0\u00a0\u00a0\u00a0\u00a0\u00a0\u00a0\u00a0\u00a0\u00a0\u00a0\u00a0\u00a0\u00a0\u00a0\u00a0\u00a0\u00a0\u00a0\u00a0\u00a0CENTRAL DE CONTROLE E QUALIDADE DA CATALOGA\u00c7\u00c3O &#8211; CCQC ASSUNTO: \u00a0Linha FGV Comunicado t\u00e9cnico 1\/99 &#8211; fevereiro 1999 &#8211; 02 -221) Cronograma das reuni\u00f5es do grupo de cataloga\u00e7\u00e3o da UFMG para 1999Participante das reuni\u00f5es de cataloga\u00e7\u00e3o da UFMGHor\u00e1rio: inicio 8:30 mim.\u00a0M\u00eas \u00a0 \u00a0 \u00a0 \u00a0 \u00a0 \u00a0 \u00a0 \u00a0 \u00a0 \u00a0 \u00a0 [&hellip;]<\/p>\n","protected":false},"author":1,"featured_media":0,"parent":0,"menu_order":0,"comment_status":"closed","ping_status":"closed","template":"","meta":{"footnotes":""},"class_list":["post-491","page","type-page","status-publish","hentry"],"_links":{"self":[{"href":"https:\/\/www.bu.ufmg.br\/catalogacao\/wp-json\/wp\/v2\/pages\/491","targetHints":{"allow":["GET"]}}],"collection":[{"href":"https:\/\/www.bu.ufmg.br\/catalogacao\/wp-json\/wp\/v2\/pages"}],"about":[{"href":"https:\/\/www.bu.ufmg.br\/catalogacao\/wp-json\/wp\/v2\/types\/page"}],"author":[{"embeddable":true,"href":"https:\/\/www.bu.ufmg.br\/catalogacao\/wp-json\/wp\/v2\/users\/1"}],"replies":[{"embeddable":true,"href":"https:\/\/www.bu.ufmg.br\/catalogacao\/wp-json\/wp\/v2\/comments?post=491"}],"version-history":[{"count":0,"href":"https:\/\/www.bu.ufmg.br\/catalogacao\/wp-json\/wp\/v2\/pages\/491\/revisions"}],"wp:attachment":[{"href":"https:\/\/www.bu.ufmg.br\/catalogacao\/wp-json\/wp\/v2\/media?parent=491"}],"curies":[{"name":"wp","href":"https:\/\/api.w.org\/{rel}","templated":true}]}}