{"id":410,"date":"2022-04-05T16:43:29","date_gmt":"2022-04-05T19:43:29","guid":{"rendered":"https:\/\/www.bu.ufmg.br\/catalogacao\/?page_id=410"},"modified":"2022-05-27T16:53:27","modified_gmt":"2022-05-27T19:53:27","slug":"suspensao-temporaria-do-kardex","status":"publish","type":"page","link":"https:\/\/www.bu.ufmg.br\/catalogacao\/suspensao-temporaria-do-kardex\/","title":{"rendered":"Suspens\u00e3o tempor\u00e1ria do kardex"},"content":{"rendered":"\n<figure class=\"wp-block-table has-medium-font-size\"><table class=\"has-colibri-color-6-color has-text-color has-background\" style=\"background:linear-gradient(100deg,rgb(238,238,238) 0%,rgb(169,184,195) 100%)\"><thead><tr><th class=\"has-text-align-left\" data-align=\"left\">BIBLIOTECA UNIVERSIT\u00c1RIA &#8211; UFMG<br>CENTRAL DE CONTROLE E QUALIDADE DA CATALOGA\u00c7\u00c3O -CCQC<\/th><\/tr><\/thead><tbody><tr><td class=\"has-text-align-left\" data-align=\"left\"><br><br><strong>COMUNICADO N\u00ba<\/strong>: 09 \u2013\u00a0 \u00a0Seriados 01\u00a0 \u00a0\u00a0&#8211; \u00a0\u00a0\u00a0<strong>DATA<\/strong>:\u00a0 06\/09\/2006<\/td><\/tr><tr><td class=\"has-text-align-left\" data-align=\"left\"><br><br><strong>ASSUNTO<\/strong>:\u00a0 Suspens\u00e3o tempor\u00e1ria do kardex<\/td><\/tr><tr><td class=\"has-text-align-left\" data-align=\"left\"><br>Prezados Colegas,<br>\u00a0<br>Considerando os problemas detectados pelo Sistema de Bibliotecas da UFMG e encaminhados \u00e0 CCQ, referentes aos procedimentos de entrada de dados de cole\u00e7\u00f5es de peri\u00f3dicos (kardex) como: padroniza\u00e7\u00e3o, exclus\u00e3o, inclus\u00e3o e etc., que interferem nas cole\u00e7\u00f5es de outras bibliotecas, o Grupo de Estudos de Seriados\/Cole\u00e7\u00f5es, reunido em 06-09 de 2006 e com a anu\u00eancia da diretoria da BU, comunica:<br>\u00a0<br>suspens\u00e3o tempor\u00e1ria, para todo o Sistema, da inclus\u00e3o e exclus\u00e3o de dados no Kardex, a partir desta data;<br>os dados de cole\u00e7\u00e3o dever\u00e3o ser inseridos no par\u00e1grafo 866;<br>\u00a0<br>Informamos que estas quest\u00f5es ser\u00e3o, novamente, encaminhadas ao Pergamum, e t\u00e3o logo os problemas sejam solucionados comunicaremos a todo o Sistema os novos procedimentos.<br>\u00a0<br><strong>OBS.: <\/strong>Sugerimos orientar aos para \u00a0usu\u00e1rios buscarem a informa\u00e7\u00e3o de cole\u00e7\u00e3o no campo 866.<br>\u00a0<br>CCQ<br>Grupo de Seriados\/cole\u00e7\u00f5es<br>\u00a0<br><strong>Bibliotecas que emprestam peri\u00f3dicos: Favor entrar em contato com a CCQC<\/strong><\/td><\/tr><\/tbody><\/table><\/figure>\n","protected":false},"excerpt":{"rendered":"<p>BIBLIOTECA UNIVERSIT\u00c1RIA &#8211; UFMGCENTRAL DE CONTROLE E QUALIDADE DA CATALOGA\u00c7\u00c3O -CCQC COMUNICADO N\u00ba: 09 \u2013\u00a0 \u00a0Seriados 01\u00a0 \u00a0\u00a0&#8211; \u00a0\u00a0\u00a0DATA:\u00a0 06\/09\/2006 ASSUNTO:\u00a0 Suspens\u00e3o tempor\u00e1ria do kardex Prezados Colegas,\u00a0Considerando os problemas detectados pelo Sistema de Bibliotecas da UFMG e encaminhados \u00e0 CCQ, referentes aos procedimentos de entrada de dados de cole\u00e7\u00f5es de peri\u00f3dicos (kardex) como: padroniza\u00e7\u00e3o, exclus\u00e3o, [&hellip;]<\/p>\n","protected":false},"author":1,"featured_media":0,"parent":0,"menu_order":0,"comment_status":"closed","ping_status":"closed","template":"","meta":{"footnotes":""},"class_list":["post-410","page","type-page","status-publish","hentry"],"_links":{"self":[{"href":"https:\/\/www.bu.ufmg.br\/catalogacao\/wp-json\/wp\/v2\/pages\/410","targetHints":{"allow":["GET"]}}],"collection":[{"href":"https:\/\/www.bu.ufmg.br\/catalogacao\/wp-json\/wp\/v2\/pages"}],"about":[{"href":"https:\/\/www.bu.ufmg.br\/catalogacao\/wp-json\/wp\/v2\/types\/page"}],"author":[{"embeddable":true,"href":"https:\/\/www.bu.ufmg.br\/catalogacao\/wp-json\/wp\/v2\/users\/1"}],"replies":[{"embeddable":true,"href":"https:\/\/www.bu.ufmg.br\/catalogacao\/wp-json\/wp\/v2\/comments?post=410"}],"version-history":[{"count":0,"href":"https:\/\/www.bu.ufmg.br\/catalogacao\/wp-json\/wp\/v2\/pages\/410\/revisions"}],"wp:attachment":[{"href":"https:\/\/www.bu.ufmg.br\/catalogacao\/wp-json\/wp\/v2\/media?parent=410"}],"curies":[{"name":"wp","href":"https:\/\/api.w.org\/{rel}","templated":true}]}}