{"id":404,"date":"2022-04-05T16:40:07","date_gmt":"2022-04-05T19:40:07","guid":{"rendered":"https:\/\/www.bu.ufmg.br\/catalogacao\/?page_id=404"},"modified":"2024-12-12T16:46:16","modified_gmt":"2024-12-12T19:46:16","slug":"campos-5xx","status":"publish","type":"page","link":"https:\/\/www.bu.ufmg.br\/catalogacao\/campos-5xx\/","title":{"rendered":"Campos 5XX"},"content":{"rendered":"\n<p class=\"has-colibri-color-6-color has-text-color has-medium-font-size\">Campo 505 &#8211; Nota <a href=\"https:\/\/www.bu.ufmg.br\/catalogacao\/campo-505-nota\/\" target=\"_blank\" rel=\"noreferrer noopener\"><img loading=\"lazy\" decoding=\"async\" width=\"60\" height=\"61\" class=\"wp-image-987\" style=\"width: 60px;\" src=\"https:\/\/www.bu.ufmg.br\/catalogacao\/wp-content\/uploads\/2022\/05\/seta-D-azul4.jpg\" alt=\"\"><\/a><\/p>\n\n\n\n<p class=\"has-colibri-color-6-color has-text-color has-medium-font-size\">Campo 500 &#8211; Monografias &#8211; Tratamento T\u00e9cnico <a href=\"https:\/\/www.bu.ufmg.br\/catalogacao\/campo-500-monografias-tratamento-tecnico\/\" target=\"_blank\" rel=\"noreferrer noopener\"><img loading=\"lazy\" decoding=\"async\" width=\"60\" height=\"61\" class=\"wp-image-987\" style=\"width: 60px;\" src=\"https:\/\/www.bu.ufmg.br\/catalogacao\/wp-content\/uploads\/2022\/05\/seta-D-azul4.jpg\" alt=\"\"><\/a><\/p>\n\n\n\n<p class=\"has-colibri-color-6-color has-text-color has-medium-font-size\">Campo 500 &#8211; Titula\u00e7\u00e3o <a href=\"https:\/\/www.bu.ufmg.br\/catalogacao\/campo-500-titulacao\/\" target=\"_blank\" rel=\"noreferrer noopener\"><img loading=\"lazy\" decoding=\"async\" width=\"60\" height=\"61\" class=\"wp-image-987\" style=\"width: 60px;\" src=\"https:\/\/www.bu.ufmg.br\/catalogacao\/wp-content\/uploads\/2022\/05\/seta-D-azul4.jpg\" alt=\"\"><\/a><\/p>\n\n\n\n<p class=\"has-colibri-color-6-color has-text-color has-medium-font-size\">Campo 504 &#8211; Entrada de Dados <a href=\"https:\/\/www.bu.ufmg.br\/catalogacao\/campo-504-entrada-de-dados\/\" target=\"_blank\" rel=\"noreferrer noopener\"><img loading=\"lazy\" decoding=\"async\" width=\"60\" height=\"61\" class=\"wp-image-987\" style=\"width: 60px;\" src=\"https:\/\/www.bu.ufmg.br\/catalogacao\/wp-content\/uploads\/2022\/05\/seta-D-azul4.jpg\" alt=\"\"><\/a><\/p>\n\n\n\n<p class=\"has-colibri-color-6-color has-text-color has-medium-font-size\">Campos 502 , 246, 740 &#8211; Comunicado 08\/2001 <a href=\"https:\/\/www.bu.ufmg.br\/catalogacao\/campos-502-246-740-comunicado-08-2001\/\" target=\"_blank\" rel=\"noreferrer noopener\"><img loading=\"lazy\" decoding=\"async\" width=\"60\" height=\"61\" class=\"wp-image-987\" style=\"width: 60px;\" src=\"https:\/\/www.bu.ufmg.br\/catalogacao\/wp-content\/uploads\/2022\/05\/seta-D-azul4.jpg\" alt=\"\"><\/a><\/p>\n\n\n\n<p class=\"has-colibri-color-6-color has-text-color has-medium-font-size\">Campo 500 e 504 &#8211; Bibliografia, \u00cdndices Ap\u00eandices e Anexos <a href=\"https:\/\/www.bu.ufmg.br\/catalogacao\/campo-500-e-504-bibliografia-indices-apendices-e-anexos\/\" target=\"_blank\" rel=\"noreferrer noopener\"><img loading=\"lazy\" decoding=\"async\" width=\"60\" height=\"61\" class=\"wp-image-987\" style=\"width: 60px;\" src=\"https:\/\/www.bu.ufmg.br\/catalogacao\/wp-content\/uploads\/2022\/05\/seta-D-azul4.jpg\" alt=\"\"><\/a><\/p>\n\n\n\n<p class=\"has-colibri-color-6-color has-text-color has-medium-font-size\">Campo 563 &#8211; Informa\u00e7\u00e3o de Encadena\u00e7\u00e3o (R) <a href=\"https:\/\/www.bu.ufmg.br\/catalogacao\/campo-563-informacao-de-encadenacao-r\/\" target=\"_blank\" rel=\"noreferrer noopener\"><img loading=\"lazy\" decoding=\"async\" width=\"60\" height=\"61\" class=\"wp-image-987\" style=\"width: 60px;\" src=\"https:\/\/www.bu.ufmg.br\/catalogacao\/wp-content\/uploads\/2022\/05\/seta-D-azul4.jpg\" alt=\"\"><\/a><\/p>\n\n\n\n<p class=\"has-colibri-color-6-color has-text-color has-medium-font-size\">Campo 534 &#8211; Fac-Simile <a href=\"https:\/\/www.bu.ufmg.br\/catalogacao\/campo-534-fac-simile\/\" target=\"_blank\" rel=\"noreferrer noopener\"><img loading=\"lazy\" decoding=\"async\" width=\"60\" height=\"61\" class=\"wp-image-987\" style=\"width: 60px;\" src=\"https:\/\/www.bu.ufmg.br\/catalogacao\/wp-content\/uploads\/2022\/05\/seta-D-azul4.jpg\" alt=\"\"><\/a><\/p>\n\n\n\n<p class=\"has-colibri-color-6-color has-text-color has-medium-font-size\">Campo 006 &#8211; Campo 500 &#8211; Campo 530 &#8211; Orienta\u00e7\u00f5es para teses e disserta\u00e7\u00f5es <a href=\"https:\/\/www.bu.ufmg.br\/catalogacao\/campo-006-campo-500-campo-530-orientacoes-para-teses-e-dissertacoes\/\" target=\"_blank\" rel=\"noreferrer noopener\"><img loading=\"lazy\" decoding=\"async\" width=\"60\" height=\"61\" class=\"wp-image-987\" style=\"width: 60px;\" src=\"https:\/\/www.bu.ufmg.br\/catalogacao\/wp-content\/uploads\/2022\/05\/seta-D-azul4.jpg\" alt=\"\"><\/a><\/p>\n\n\n\n<p class=\"has-colibri-color-6-color has-text-color has-medium-font-size\">Campo 502 &#8211; Notas de Teses ou Disserta\u00e7\u00f5es <a href=\"https:\/\/www.bu.ufmg.br\/catalogacao\/campo-502-notas-de-teses-ou-dissertacoes\/\" target=\"_blank\" rel=\"noreferrer noopener\"><img loading=\"lazy\" decoding=\"async\" width=\"60\" height=\"61\" class=\"wp-image-987\" style=\"width: 60px;\" src=\"https:\/\/www.bu.ufmg.br\/catalogacao\/wp-content\/uploads\/2022\/05\/seta-D-azul4.jpg\" alt=\"\"><\/a><\/p>\n\n\n\n<p class=\"has-colibri-color-6-color has-text-color has-medium-font-size\">Campo 502 &#8211; Autoridade &#8211; Programa de Universidade\/Cursos<a href=\"https:\/\/www.bu.ufmg.br\/catalogacao\/campo-502-autoridade-programa-de-universidade-cursos\/\" target=\"_blank\" rel=\"noreferrer noopener\"><img loading=\"lazy\" decoding=\"async\" width=\"60\" height=\"61\" class=\"wp-image-987\" style=\"width: 60px;\" src=\"https:\/\/www.bu.ufmg.br\/catalogacao\/wp-content\/uploads\/2022\/05\/seta-D-azul4.jpg\" alt=\"\"><\/a><\/p>\n\n\n\n<p class=\"has-colibri-color-6-color has-text-color has-medium-font-size\">Campo 500 e 504 &#8211; Notas de bibliografia, ap\u00eandice, \u00edndice e anexo <a href=\"https:\/\/www.bu.ufmg.br\/catalogacao\/campo-500-e-504-notas-de-bibliografia-apendice-indice-e-anexo\/\" target=\"_blank\" rel=\"noreferrer noopener\"><img loading=\"lazy\" decoding=\"async\" width=\"60\" height=\"61\" class=\"wp-image-987\" style=\"width: 60px;\" src=\"https:\/\/www.bu.ufmg.br\/catalogacao\/wp-content\/uploads\/2022\/05\/seta-D-azul4.jpg\" alt=\"\"><\/a><\/p>\n\n\n\n<p class=\"has-colibri-color-6-color has-text-color has-medium-font-size\">Campo 500 e 502 &#8211; Teses e Disserta\u00e7\u00f5es <a rel=\"noreferrer noopener\" href=\"https:\/\/www.bu.ufmg.br\/catalogacao\/campo-502-notas-de-teses-ou-dissertacoes\/\" target=\"_blank\"><img loading=\"lazy\" decoding=\"async\" width=\"60\" height=\"61\" class=\"wp-image-987\" style=\"width: 60px;\" src=\"https:\/\/www.bu.ufmg.br\/catalogacao\/wp-content\/uploads\/2022\/05\/seta-D-azul4.jpg\" alt=\"\"><\/a><\/p>\n\n\n\n<p class=\"has-colibri-color-6-color has-text-color has-medium-font-size\">Campo 500 e 502 &#8211; Teses e Disserta\u00e7\u00f5es e livre doc\u00eancia <a href=\"https:\/\/www.bu.ufmg.br\/catalogacao\/campo-500-e-502-teses-dissertacoes-e-livre-docencia\/\" target=\"_blank\" rel=\"noreferrer noopener\"><img loading=\"lazy\" decoding=\"async\" width=\"60\" height=\"61\" class=\"wp-image-987\" style=\"width: 60px;\" src=\"https:\/\/www.bu.ufmg.br\/catalogacao\/wp-content\/uploads\/2022\/05\/seta-D-azul4.jpg\" alt=\"\"><\/a><\/p>\n\n\n\n<p class=\"has-colibri-color-6-color has-text-color has-medium-font-size\">Campo 590 (Nota local) <a href=\"https:\/\/www.bu.ufmg.br\/catalogacao\/campo-590-nota-local\/\" target=\"_blank\" rel=\"noreferrer noopener\"><img loading=\"lazy\" decoding=\"async\" width=\"60\" height=\"61\" class=\"wp-image-987\" style=\"width: 60px;\" src=\"https:\/\/www.bu.ufmg.br\/catalogacao\/wp-content\/uploads\/2022\/05\/seta-D-azul4.jpg\" alt=\"\"><\/a><\/p>\n\n\n\n<p class=\"has-colibri-color-6-color has-text-color has-medium-font-size\">Campo 500 &#8211; Anexos <a href=\"https:\/\/www.bu.ufmg.br\/catalogacao\/campo-500-anexos\/\" target=\"_blank\" rel=\"noreferrer noopener\"><img loading=\"lazy\" decoding=\"async\" width=\"60\" height=\"61\" class=\"wp-image-987\" style=\"width: 60px;\" src=\"https:\/\/www.bu.ufmg.br\/catalogacao\/wp-content\/uploads\/2022\/05\/seta-D-azul4.jpg\" alt=\"\"><\/a><\/p>\n\n\n\n<p class=\"has-colibri-color-6-color has-text-color has-medium-font-size\">Campo 006, 5xx &#8211; material adicional <a href=\"https:\/\/www.bu.ufmg.br\/catalogacao\/campo-006-5xx-material-adicional\/\" target=\"_blank\" rel=\"noreferrer noopener\"><img loading=\"lazy\" decoding=\"async\" width=\"60\" height=\"61\" class=\"wp-image-987\" style=\"width: 60px;\" src=\"https:\/\/www.bu.ufmg.br\/catalogacao\/wp-content\/uploads\/2022\/05\/seta-D-azul4.jpg\" alt=\"\"><\/a><\/p>\n\n\n\n<p class=\"has-colibri-color-6-color has-text-color has-medium-font-size\">Campo 505 (Nota de conte\u00fado) <a rel=\"noreferrer noopener\" href=\"https:\/\/www.bu.ufmg.br\/catalogacao\/campo-505-nota-de-conteudo\/\" target=\"_blank\"><img loading=\"lazy\" decoding=\"async\" width=\"60\" height=\"61\" class=\"wp-image-987\" style=\"width: 60px;\" src=\"https:\/\/www.bu.ufmg.br\/catalogacao\/wp-content\/uploads\/2022\/05\/seta-D-azul4.jpg\" alt=\"\"><\/a><\/p>\n\n\n\n<p><\/p>\n\n\n\n<p class=\"has-colibri-color-6-color has-text-color has-medium-font-size\">Campo 520 &#8211;  (Notas de resumo) e 090 em Teses e disserta\u00e7\u00f5es <a href=\"https:\/\/www.bu.ufmg.br\/catalogacao\/campo-520-notas-de-resumo-e-090-em-teses-e-dissertacoes\/\" data-type=\"link\" data-id=\"https:\/\/www.bu.ufmg.br\/catalogacao\/wp-content\/uploads\/2024\/12\/Comunicado1-2008-Teses-e-dissertacoes-Campo-520.docx\" target=\"_blank\" rel=\"noreferrer noopener\"><img loading=\"lazy\" decoding=\"async\" width=\"77\" height=\"78\" class=\"wp-image-1546\" style=\"width: 77px;\" src=\"https:\/\/www.bu.ufmg.br\/catalogacao\/wp-content\/uploads\/2024\/12\/image.png\" alt=\"\" srcset=\"https:\/\/www.bu.ufmg.br\/catalogacao\/wp-content\/uploads\/2024\/12\/image.png 77w, https:\/\/www.bu.ufmg.br\/catalogacao\/wp-content\/uploads\/2024\/12\/image-50x50.png 50w\" sizes=\"auto, (max-width: 77px) 100vw, 77px\" \/><\/a><\/p>\n\n\n\n<p><\/p>\n","protected":false},"excerpt":{"rendered":"<p>Campo 505 &#8211; Nota Campo 500 &#8211; Monografias &#8211; Tratamento T\u00e9cnico Campo 500 &#8211; Titula\u00e7\u00e3o Campo 504 &#8211; Entrada de Dados Campos 502 , 246, 740 &#8211; Comunicado 08\/2001 Campo 500 e 504 &#8211; Bibliografia, \u00cdndices Ap\u00eandices e Anexos Campo 563 &#8211; Informa\u00e7\u00e3o de Encadena\u00e7\u00e3o (R) Campo 534 &#8211; Fac-Simile Campo 006 &#8211; Campo 500 [&hellip;]<\/p>\n","protected":false},"author":1,"featured_media":0,"parent":0,"menu_order":0,"comment_status":"closed","ping_status":"closed","template":"","meta":{"footnotes":""},"class_list":["post-404","page","type-page","status-publish","hentry"],"_links":{"self":[{"href":"https:\/\/www.bu.ufmg.br\/catalogacao\/wp-json\/wp\/v2\/pages\/404","targetHints":{"allow":["GET"]}}],"collection":[{"href":"https:\/\/www.bu.ufmg.br\/catalogacao\/wp-json\/wp\/v2\/pages"}],"about":[{"href":"https:\/\/www.bu.ufmg.br\/catalogacao\/wp-json\/wp\/v2\/types\/page"}],"author":[{"embeddable":true,"href":"https:\/\/www.bu.ufmg.br\/catalogacao\/wp-json\/wp\/v2\/users\/1"}],"replies":[{"embeddable":true,"href":"https:\/\/www.bu.ufmg.br\/catalogacao\/wp-json\/wp\/v2\/comments?post=404"}],"version-history":[{"count":0,"href":"https:\/\/www.bu.ufmg.br\/catalogacao\/wp-json\/wp\/v2\/pages\/404\/revisions"}],"wp:attachment":[{"href":"https:\/\/www.bu.ufmg.br\/catalogacao\/wp-json\/wp\/v2\/media?parent=404"}],"curies":[{"name":"wp","href":"https:\/\/api.w.org\/{rel}","templated":true}]}}