{"id":402,"date":"2022-04-05T16:39:14","date_gmt":"2022-04-05T19:39:14","guid":{"rendered":"https:\/\/www.bu.ufmg.br\/catalogacao\/?page_id=402"},"modified":"2022-05-26T17:31:35","modified_gmt":"2022-05-26T20:31:35","slug":"campo-500-e-502-teses-dissertacoes-e-livre-docencia","status":"publish","type":"page","link":"https:\/\/www.bu.ufmg.br\/catalogacao\/campo-500-e-502-teses-dissertacoes-e-livre-docencia\/","title":{"rendered":"Campo 500 e 502 &#8211; Teses, disserta\u00e7\u00f5es e livre doc\u00eancia"},"content":{"rendered":"\n<figure class=\"wp-block-table has-medium-font-size\"><table class=\"has-colibri-color-6-color has-text-color has-background\" style=\"background:linear-gradient(100deg,rgb(238,238,238) 0%,rgb(169,184,195) 100%)\"><thead><tr><th class=\"has-text-align-left\" data-align=\"left\">BIBLIOTECA UNIVERSIT\u00c1RIA &#8211; UFMG<br>CENTRAL DE CONTROLE E QUALIDADE DA CATALOGA\u00c7\u00c3O &#8211; CCQC<\/th><\/tr><\/thead><tbody><tr><td class=\"has-text-align-left\" data-align=\"left\"><br><br><strong>COMUNICADO N\u00ba<\/strong>:\u00a0 04 \/2007\u00a0\u00a0\u00a0\u00a0\u00a0\u00a0\u00a0\u00a0\u00a0\u00a0\u00a0\u00a0\u00a0\u00a0\u00a0\u00a0\u00a0 <strong>DATA<\/strong>: 23\/03\/2007\u00a0<\/td><\/tr><tr><td class=\"has-text-align-left\" data-align=\"left\"><br><br><strong>ASSUNTO<\/strong>:\u00a0 Teses, disserta\u00e7\u00f5es e livre doc\u00eancia &#8211; Nota 500 e 502<\/td><\/tr><tr><td class=\"has-text-align-left\" data-align=\"left\"><br>Prezados catalogadores,<br>Encaminhamos orienta\u00e7\u00f5es referentes aos campos de notas para teses, disserta\u00e7\u00f5es e livre doc\u00eancia:<br>\u00a0<br><strong>Campo 500 -Orientador<\/strong><br>Para orientador <strong>n\u00e3o incluir<\/strong> titula\u00e7\u00e3o (por exemplo: Prof., Dr. e termos correspondentes em outro idioma, como PhD, M.A. )<br>Exemplos:<br>Orientadora: Zilah Xavier de Almeida<br>\u00a0Co-orientador: Ruben C\u00e9sar Kenert<br><em>NOTA: Dois orientadores: separar por <strong>,<\/strong> (v\u00edrgula<\/em>)<br>\u00a0<br><strong>Campo 502 \u2013 Notas de disserta\u00e7\u00e3o ou tese<\/strong><br>&#8211; Teses e disserta\u00e7\u00f5es em l\u00edngua portuguesa:<br>Exemplos:<br>502 ## $a Tese (doutorado) \u2013 Universidade Estadual de Campinas, Departamento de Ci\u00eancias Sociais, 1990.<br>502 ## $a Tese (livre-doc\u00eancia) &#8211; Universidade de Minas Gerais, Faculdade de Direito.<br>502 ## $a Disserta\u00e7\u00e3o (mestrado) \u2013 Universidade Federal de Ouro Preto, Departamento de Ci\u00eancias Exatas.<br>\u00a0<br><strong>&#8211; Teses e disserta\u00e7\u00f5es em l\u00edngua estrangeira<\/strong><br>Se o <strong>grau<\/strong> da tese ou disserta\u00e7\u00e3o for indicado por sigla (PhD, M.A ., M.Sc. etc) registr\u00e1-lo desta forma.<br><br>Exemplo:<br>502## $a Tese (Ph. D.)&#8211;Universit\u00e9 Laval, 2006<\/td><\/tr><tr><td class=\"has-text-align-left\" data-align=\"left\">Lembrete: Ver comunicados nos. 5\/92 e 6\/93 da Rede Bibliodata<\/td><\/tr><\/tbody><\/table><\/figure>\n","protected":false},"excerpt":{"rendered":"<p>BIBLIOTECA UNIVERSIT\u00c1RIA &#8211; UFMGCENTRAL DE CONTROLE E QUALIDADE DA CATALOGA\u00c7\u00c3O &#8211; CCQC COMUNICADO N\u00ba:\u00a0 04 \/2007\u00a0\u00a0\u00a0\u00a0\u00a0\u00a0\u00a0\u00a0\u00a0\u00a0\u00a0\u00a0\u00a0\u00a0\u00a0\u00a0\u00a0 DATA: 23\/03\/2007\u00a0 ASSUNTO:\u00a0 Teses, disserta\u00e7\u00f5es e livre doc\u00eancia &#8211; Nota 500 e 502 Prezados catalogadores,Encaminhamos orienta\u00e7\u00f5es referentes aos campos de notas para teses, disserta\u00e7\u00f5es e livre doc\u00eancia:\u00a0Campo 500 -OrientadorPara orientador n\u00e3o incluir titula\u00e7\u00e3o (por exemplo: Prof., Dr. e termos [&hellip;]<\/p>\n","protected":false},"author":1,"featured_media":0,"parent":0,"menu_order":0,"comment_status":"closed","ping_status":"closed","template":"","meta":{"footnotes":""},"class_list":["post-402","page","type-page","status-publish","hentry"],"_links":{"self":[{"href":"https:\/\/www.bu.ufmg.br\/catalogacao\/wp-json\/wp\/v2\/pages\/402","targetHints":{"allow":["GET"]}}],"collection":[{"href":"https:\/\/www.bu.ufmg.br\/catalogacao\/wp-json\/wp\/v2\/pages"}],"about":[{"href":"https:\/\/www.bu.ufmg.br\/catalogacao\/wp-json\/wp\/v2\/types\/page"}],"author":[{"embeddable":true,"href":"https:\/\/www.bu.ufmg.br\/catalogacao\/wp-json\/wp\/v2\/users\/1"}],"replies":[{"embeddable":true,"href":"https:\/\/www.bu.ufmg.br\/catalogacao\/wp-json\/wp\/v2\/comments?post=402"}],"version-history":[{"count":0,"href":"https:\/\/www.bu.ufmg.br\/catalogacao\/wp-json\/wp\/v2\/pages\/402\/revisions"}],"wp:attachment":[{"href":"https:\/\/www.bu.ufmg.br\/catalogacao\/wp-json\/wp\/v2\/media?parent=402"}],"curies":[{"name":"wp","href":"https:\/\/api.w.org\/{rel}","templated":true}]}}