{"id":355,"date":"2022-04-04T16:32:52","date_gmt":"2022-04-04T19:32:52","guid":{"rendered":"https:\/\/www.bu.ufmg.br\/catalogacao\/?page_id=355"},"modified":"2022-05-26T17:19:16","modified_gmt":"2022-05-26T20:19:16","slug":"a-relacao-de-bib-ids","status":"publish","type":"page","link":"https:\/\/www.bu.ufmg.br\/catalogacao\/a-relacao-de-bib-ids\/","title":{"rendered":"A rela\u00e7ao de bib ids"},"content":{"rendered":"\n<figure class=\"wp-block-table has-medium-font-size\"><table class=\"has-colibri-color-6-color has-text-color has-background\" style=\"background:linear-gradient(100deg,rgb(238,238,238) 0%,rgb(169,184,195) 100%)\"><thead><tr><th class=\"has-text-align-left\" data-align=\"left\">BIBLIOTECA UNIVERSIT\u00c1RIA \u2013 UFMG\u00a0\u00a0\u00a0\u00a0\u00a0\u00a0\u00a0\u00a0\u00a0\u00a0\u00a0\u00a0\u00a0\u00a0\u00a0\u00a0\u00a0\u00a0\u00a0\u00a0\u00a0\u00a0\u00a0\u00a0\u00a0\u00a0\u00a0\u00a0\u00a0\u00a0\u00a0\u00a0\u00a0\u00a0\u00a0\u00a0\u00a0\u00a0\u00a0\u00a0\u00a0\u00a0\u00a0\u00a0\u00a0<br>CENTRAL DE CONTROLE E QUALIDADE DA CATALOGA\u00c7\u00c3O &#8211; CCQC<\/th><\/tr><\/thead><tbody><tr><td class=\"has-text-align-left\" data-align=\"left\"><br><br><strong>COMUNICADO N\u00ba<\/strong>: 7\/99 \u00a0 \u00a0 <\/td><\/tr><tr><td class=\"has-text-align-left\" data-align=\"left\"><br><br><strong>ASSUNTO<\/strong>: \u00a0A rela\u00e7\u00e3o do bib ids enviada no comunicado 6\/99 se refere a ISBN ( S) inv\u00e1lidos. Favor corrigir.<\/td><\/tr><tr><td class=\"has-text-align-left\" data-align=\"left\"><br>RESPOSTA DA FGV:<br>1- 008\/33-34 campo fic\u00e7\u00e3o\/ bibliogr\u00e1fico do Marc para o significado de M. R: O M \u00a0e igual a Min entry in body of entry ( obsoleto), nunca foi utilizado por nos, n\u00e3o sabemos como era usado.<br>\u00a0<br>2- Campo 505:<br>Foi definido na UFMG, devido ao recurso de recupera\u00e7\u00e3o deste campo por W\/, n\u00e3o desdobrar o 505 em 700 e 740. Entretanto no caso de conte\u00fado onde o titulo e acompanhado de autor ( acontece muito em casos de colet\u00e2neas), este e transcrito na ordem, ou seja, sem normaliza\u00e7\u00e3o, apresentando na pesquisa p\u00f3 W\/ uma falsa recupera\u00e7\u00e3o e a pesquisa por a\/ fica perdida. Estamos pensando em incluir o campo 700 \/a e \/t.<br>R: Acho esta op\u00e7\u00e3o correta.<br>ATEN\u00c7\u00c3O: no caso de colet\u00e2neas proceder desta forma<br>\u00a0<br>3) Eu, Maria Helena, entendo que o valor do n\u00edvel local, por ser autom\u00e1tico, nas metodologias de copy da UFMG; copy e coopera\u00e7\u00e3o com o bibliodata; transferindo da OCLC nao deve ser alterado. s\u00f3 alteramos para 4 no caso de implanta\u00e7\u00e3o porque default e 1. Como sempre falo para os catalogadores que o procedimento de copy deve ser feito com muita aten\u00e7\u00e3o pois e como se fosse uma implanta\u00e7\u00e3o, fui questionada porque o n\u00edvel local nos procedimentos de copy tanto da UFMG \u00a0quanto do bibliodata e \u00a0OCLC ( registros semelhantes) n\u00e3o e alterado para 4. R: O n\u00edvel local n\u00e3o deve se alterado, pois conforma o n\u00edvel que ele encontra voc\u00ea saber\u00e1 de forma o registro entrou em sua base de dados. Catalogadores: conformem foi explicado na reuni\u00e3o de cataloga\u00e7\u00e3o, o n\u00edvel realmente define a forma de entrada da obra na base.<br>4) USO DO 1999&#8230;&#8230;<br>A DPD vai fazer levantamento no sistema sobre o uso do 1999&#8230;..<\/td><\/tr><\/tbody><\/table><\/figure>\n","protected":false},"excerpt":{"rendered":"<p>BIBLIOTECA UNIVERSIT\u00c1RIA \u2013 UFMG\u00a0\u00a0\u00a0\u00a0\u00a0\u00a0\u00a0\u00a0\u00a0\u00a0\u00a0\u00a0\u00a0\u00a0\u00a0\u00a0\u00a0\u00a0\u00a0\u00a0\u00a0\u00a0\u00a0\u00a0\u00a0\u00a0\u00a0\u00a0\u00a0\u00a0\u00a0\u00a0\u00a0\u00a0\u00a0\u00a0\u00a0\u00a0\u00a0\u00a0\u00a0\u00a0\u00a0\u00a0\u00a0CENTRAL DE CONTROLE E QUALIDADE DA CATALOGA\u00c7\u00c3O &#8211; CCQC COMUNICADO N\u00ba: 7\/99 \u00a0 \u00a0 ASSUNTO: \u00a0A rela\u00e7\u00e3o do bib ids enviada no comunicado 6\/99 se refere a ISBN ( S) inv\u00e1lidos. Favor corrigir. RESPOSTA DA FGV:1- 008\/33-34 campo fic\u00e7\u00e3o\/ bibliogr\u00e1fico do Marc para o significado de M. R: O M \u00a0e igual [&hellip;]<\/p>\n","protected":false},"author":1,"featured_media":0,"parent":0,"menu_order":0,"comment_status":"closed","ping_status":"closed","template":"","meta":{"footnotes":""},"class_list":["post-355","page","type-page","status-publish","hentry"],"_links":{"self":[{"href":"https:\/\/www.bu.ufmg.br\/catalogacao\/wp-json\/wp\/v2\/pages\/355","targetHints":{"allow":["GET"]}}],"collection":[{"href":"https:\/\/www.bu.ufmg.br\/catalogacao\/wp-json\/wp\/v2\/pages"}],"about":[{"href":"https:\/\/www.bu.ufmg.br\/catalogacao\/wp-json\/wp\/v2\/types\/page"}],"author":[{"embeddable":true,"href":"https:\/\/www.bu.ufmg.br\/catalogacao\/wp-json\/wp\/v2\/users\/1"}],"replies":[{"embeddable":true,"href":"https:\/\/www.bu.ufmg.br\/catalogacao\/wp-json\/wp\/v2\/comments?post=355"}],"version-history":[{"count":0,"href":"https:\/\/www.bu.ufmg.br\/catalogacao\/wp-json\/wp\/v2\/pages\/355\/revisions"}],"wp:attachment":[{"href":"https:\/\/www.bu.ufmg.br\/catalogacao\/wp-json\/wp\/v2\/media?parent=355"}],"curies":[{"name":"wp","href":"https:\/\/api.w.org\/{rel}","templated":true}]}}