{"id":347,"date":"2022-04-04T16:30:33","date_gmt":"2022-04-04T19:30:33","guid":{"rendered":"https:\/\/www.bu.ufmg.br\/catalogacao\/?page_id=347"},"modified":"2022-05-26T17:17:32","modified_gmt":"2022-05-26T20:17:32","slug":"exclusao-de-patrimonio","status":"publish","type":"page","link":"https:\/\/www.bu.ufmg.br\/catalogacao\/exclusao-de-patrimonio\/","title":{"rendered":"Exclus\u00e3o de Patrim\u00f4nio"},"content":{"rendered":"\n<figure class=\"wp-block-table has-medium-font-size\"><table class=\"has-colibri-color-6-color has-text-color has-background\" style=\"background:linear-gradient(100deg,rgb(238,238,238) 0%,rgb(169,184,195) 100%)\"><thead><tr><th class=\"has-text-align-left\" data-align=\"left\">BIBLIOTECA UNIVERSIT\u00c1RIA &#8211; UFMG<br>CENTRAL DE CONTROLE E QUALIDADE DA CATALOGA\u00c7\u00c3O -CCQC<\/th><\/tr><\/thead><tbody><tr><td class=\"has-text-align-left\" data-align=\"left\"><br><br><strong>COMUNICADO N\u00ba<\/strong>:05\/2006\u00a0\u00a0\u00a0\u00a0\u00a0\u00a0\u00a0\u00a0\u00a0\u00a0\u00a0\u00a0\u00a0\u00a0\u00a0\u00a0\u00a0\u00a0\u00a0\u00a0<strong>DATA<\/strong>: 08\/06\/2006<\/td><\/tr><tr><td class=\"has-text-align-left\" data-align=\"left\"><br><br><strong>ASSUNTO<\/strong>:\u00a0\u00a0Exclus\u00e3o de patrim\u00f4nio, Exclus\u00e3o de RBM<\/td><\/tr><tr><td class=\"has-text-align-left\" data-align=\"left\"><strong>Exclus\u00e3o de registros de patrim\u00f4nio (Exemplar)<\/strong><br>O registro de patrim\u00f4nio n\u00e3o deve ser exclu\u00eddo fisicamente da base, pois quando isso \u00e9 feito este mesmo registro fica reservado no sistema para ser reaproveitado. Como \u00e9 do conhecimento de todos, um n\u00famero de patrim\u00f4nio, uma vez baixado da base, n\u00e3o deve ser reutilizado.<br>Portanto, o patrim\u00f4nio que por algum motivo tiver que ser \u201cexclu\u00eddo\u201d da base dever\u00e1 receber o&nbsp;<strong>status de exclu\u00eddo<\/strong>&nbsp;de acordo com a rotina encaminhada.<br>&nbsp;&nbsp;<\/td><\/tr><\/tbody><\/table><\/figure>\n","protected":false},"excerpt":{"rendered":"<p>BIBLIOTECA UNIVERSIT\u00c1RIA &#8211; UFMGCENTRAL DE CONTROLE E QUALIDADE DA CATALOGA\u00c7\u00c3O -CCQC COMUNICADO N\u00ba:05\/2006\u00a0\u00a0\u00a0\u00a0\u00a0\u00a0\u00a0\u00a0\u00a0\u00a0\u00a0\u00a0\u00a0\u00a0\u00a0\u00a0\u00a0\u00a0\u00a0\u00a0DATA: 08\/06\/2006 ASSUNTO:\u00a0\u00a0Exclus\u00e3o de patrim\u00f4nio, Exclus\u00e3o de RBM Exclus\u00e3o de registros de patrim\u00f4nio (Exemplar)O registro de patrim\u00f4nio n\u00e3o deve ser exclu\u00eddo fisicamente da base, pois quando isso \u00e9 feito este mesmo registro fica reservado no sistema para ser reaproveitado. Como \u00e9 do conhecimento [&hellip;]<\/p>\n","protected":false},"author":1,"featured_media":0,"parent":0,"menu_order":0,"comment_status":"closed","ping_status":"closed","template":"","meta":{"footnotes":""},"class_list":["post-347","page","type-page","status-publish","hentry"],"_links":{"self":[{"href":"https:\/\/www.bu.ufmg.br\/catalogacao\/wp-json\/wp\/v2\/pages\/347","targetHints":{"allow":["GET"]}}],"collection":[{"href":"https:\/\/www.bu.ufmg.br\/catalogacao\/wp-json\/wp\/v2\/pages"}],"about":[{"href":"https:\/\/www.bu.ufmg.br\/catalogacao\/wp-json\/wp\/v2\/types\/page"}],"author":[{"embeddable":true,"href":"https:\/\/www.bu.ufmg.br\/catalogacao\/wp-json\/wp\/v2\/users\/1"}],"replies":[{"embeddable":true,"href":"https:\/\/www.bu.ufmg.br\/catalogacao\/wp-json\/wp\/v2\/comments?post=347"}],"version-history":[{"count":0,"href":"https:\/\/www.bu.ufmg.br\/catalogacao\/wp-json\/wp\/v2\/pages\/347\/revisions"}],"wp:attachment":[{"href":"https:\/\/www.bu.ufmg.br\/catalogacao\/wp-json\/wp\/v2\/media?parent=347"}],"curies":[{"name":"wp","href":"https:\/\/api.w.org\/{rel}","templated":true}]}}