{"id":343,"date":"2022-04-04T15:44:46","date_gmt":"2022-04-04T18:44:46","guid":{"rendered":"https:\/\/www.bu.ufmg.br\/catalogacao\/?page_id=343"},"modified":"2022-05-26T16:49:11","modified_gmt":"2022-05-26T19:49:11","slug":"cutter-sobrenomes-com-prefixo","status":"publish","type":"page","link":"https:\/\/www.bu.ufmg.br\/catalogacao\/cutter-sobrenomes-com-prefixo\/","title":{"rendered":"Cutter &#8211; Sobrenomes com prefixo"},"content":{"rendered":"\n<figure class=\"wp-block-table has-medium-font-size\"><table class=\"has-text-color has-background\" style=\"background:linear-gradient(100deg,rgb(238,238,238) 0%,rgb(169,184,195) 100%);color:#020f13\"><thead><tr><th class=\"has-text-align-left\" data-align=\"left\"><strong>BIBLIOTECA UNIVERSIT\u00c1RIA &#8211; UFMG<br>CENTRAL DE CONTROLE E QUALIDADE DA CATALOGA\u00c7\u00c3O -CCQC<\/strong><\/th><\/tr><\/thead><tbody><tr><td class=\"has-text-align-left\" data-align=\"left\"><br><br><strong>COMUNICADO \u00a0N\u00ba<\/strong>: 07\u00a0\u00a0\u00a0\u00a0\u00a0\u00a0\u00a0\u00a0\u00a0\u00a0\u00a0\u00a0\u00a0\u00a0\u00a0\u00a0\u00a0 <strong>DATA<\/strong>:\u00a0 25\/08\/2006<\/td><\/tr><tr><td class=\"has-text-align-left\" data-align=\"left\"><br><br><strong>ASSUNTO<\/strong>:\u00a0 Cutter \u2013 sobrenomes com prefixos<\/td><\/tr><tr><td class=\"has-text-align-left\" data-align=\"left\">Uso da Tabela Cutter-Sanborn no caso de sobrenomes com prefixos<br>&nbsp;<br>Tratar do mesmo modo como se fosse para arquivar como palavras<br>Por exemplo, \u201cDe la Mar\u00e9, Walter \u00e9 arquivado antes de \u201cDelacqua, Walter.<br>&nbsp;<br>Todas as palavras do sobrenome s\u00e3o significativas \u201cVan, Walter \u00e9 arquivado antes de Van Vlack, Vincent.<br>Considerar o nome completo at\u00e9 a primeira v\u00edrgula no caso de nomes pessoais<br>&nbsp;<br>Van,&nbsp; Walter&nbsp;&nbsp; &#8212; Cutter V217<br>Van Vlack, Vincent.&nbsp; \u2013 Cutter V284<\/td><\/tr><\/tbody><\/table><\/figure>\n","protected":false},"excerpt":{"rendered":"<p>BIBLIOTECA UNIVERSIT\u00c1RIA &#8211; UFMGCENTRAL DE CONTROLE E QUALIDADE DA CATALOGA\u00c7\u00c3O -CCQC COMUNICADO \u00a0N\u00ba: 07\u00a0\u00a0\u00a0\u00a0\u00a0\u00a0\u00a0\u00a0\u00a0\u00a0\u00a0\u00a0\u00a0\u00a0\u00a0\u00a0\u00a0 DATA:\u00a0 25\/08\/2006 ASSUNTO:\u00a0 Cutter \u2013 sobrenomes com prefixos Uso da Tabela Cutter-Sanborn no caso de sobrenomes com prefixos&nbsp;Tratar do mesmo modo como se fosse para arquivar como palavrasPor exemplo, \u201cDe la Mar\u00e9, Walter \u00e9 arquivado antes de \u201cDelacqua, Walter.&nbsp;Todas as palavras [&hellip;]<\/p>\n","protected":false},"author":1,"featured_media":0,"parent":0,"menu_order":0,"comment_status":"closed","ping_status":"closed","template":"","meta":{"footnotes":""},"class_list":["post-343","page","type-page","status-publish","hentry"],"_links":{"self":[{"href":"https:\/\/www.bu.ufmg.br\/catalogacao\/wp-json\/wp\/v2\/pages\/343","targetHints":{"allow":["GET"]}}],"collection":[{"href":"https:\/\/www.bu.ufmg.br\/catalogacao\/wp-json\/wp\/v2\/pages"}],"about":[{"href":"https:\/\/www.bu.ufmg.br\/catalogacao\/wp-json\/wp\/v2\/types\/page"}],"author":[{"embeddable":true,"href":"https:\/\/www.bu.ufmg.br\/catalogacao\/wp-json\/wp\/v2\/users\/1"}],"replies":[{"embeddable":true,"href":"https:\/\/www.bu.ufmg.br\/catalogacao\/wp-json\/wp\/v2\/comments?post=343"}],"version-history":[{"count":0,"href":"https:\/\/www.bu.ufmg.br\/catalogacao\/wp-json\/wp\/v2\/pages\/343\/revisions"}],"wp:attachment":[{"href":"https:\/\/www.bu.ufmg.br\/catalogacao\/wp-json\/wp\/v2\/media?parent=343"}],"curies":[{"name":"wp","href":"https:\/\/api.w.org\/{rel}","templated":true}]}}