{"id":322,"date":"2022-04-04T15:23:36","date_gmt":"2022-04-04T18:23:36","guid":{"rendered":"https:\/\/www.bu.ufmg.br\/catalogacao\/?page_id=322"},"modified":"2022-04-04T15:23:37","modified_gmt":"2022-04-04T18:23:37","slug":"campo-600-assunto","status":"publish","type":"page","link":"https:\/\/www.bu.ufmg.br\/catalogacao\/campo-600-assunto\/","title":{"rendered":"Campo 600 &#8211; Assunto"},"content":{"rendered":"\n<figure class=\"wp-block-table\"><table><tbody><tr><td>BIBLIOTECA UNIVERSIT\u00c1RIA &#8211; UFMG<br>CENTRAL DE CONTROLE E QUALIDADE DA CATALOGA\u00c7\u00c3O -CCQC<\/td><\/tr><tr><td>COMUNICADO N\u00ba 03\/2006\u00a0\u00a0\u00a0\u00a0\u00a0\u00a0\u00a0\u00a0\u00a0\u00a0\u00a0\u00a0\u00a0\u00a0\u00a0\u00a0\u00a0\u00a0\u00a0\u00a0\u00a0\u00a0\u00a0\u00a0 DATA:\u00a0<\/td><\/tr><tr><td><strong>ASSUNTO:\u00a0<\/strong><br>600 \u2013 Assunto &#8211; nome pessoal<br>610 \u2013 Assunto &#8211; nome da entidade<br>611 \u2013 Assunto \u2013 nome do evento<br>630- Assunto \u2013 t\u00edtulo uniforme<br>650 \u2013 Assunto t\u00f3pico<br>651 \u2013 Assunto \u2013 nome geogr\u00e1fico e 700<\/td><\/tr><tr><td>Prezados (as) Catalogadores(as),<br>\u00a0<br>1) At\u00e9 que se complemente os trabalhos do Grupo de Autoridades, e o Pergamum resolva a quest\u00e3o das constantes de exibi\u00e7\u00e3o, solicitamos que <strong>n\u00e3o<\/strong> seja colocado o \u2013 (travess\u00e3o) que precede os subcabe\u00e7alhos.<br>\u00a0<br>2)Indicadores no campo 650, Indicador 1 = # e Indicador 2=4<br><strong>Observar os indicadores, principalmente, quando for feita importa\u00e7\u00e3o de registro bibliogr\u00e1fico<\/strong>.<br>\u00a0<br>3 )Nos campos\u00a0 600 e 700 <strong>n\u00e3o<\/strong> utilizar o subcampo \u00a0<strong>$e termo relacionador<\/strong><\/td><\/tr><\/tbody><\/table><\/figure>\n\n\n\n<p><\/p>\n","protected":false},"excerpt":{"rendered":"<p>BIBLIOTECA UNIVERSIT\u00c1RIA &#8211; UFMGCENTRAL DE CONTROLE E QUALIDADE DA CATALOGA\u00c7\u00c3O -CCQC COMUNICADO N\u00ba 03\/2006\u00a0\u00a0\u00a0\u00a0\u00a0\u00a0\u00a0\u00a0\u00a0\u00a0\u00a0\u00a0\u00a0\u00a0\u00a0\u00a0\u00a0\u00a0\u00a0\u00a0\u00a0\u00a0\u00a0\u00a0 DATA:\u00a0 ASSUNTO:\u00a0600 \u2013 Assunto &#8211; nome pessoal610 \u2013 Assunto &#8211; nome da entidade611 \u2013 Assunto \u2013 nome do evento630- Assunto \u2013 t\u00edtulo uniforme650 \u2013 Assunto t\u00f3pico651 \u2013 Assunto \u2013 nome geogr\u00e1fico e 700 Prezados (as) Catalogadores(as),\u00a01) At\u00e9 que se complemente os [&hellip;]<\/p>\n","protected":false},"author":1,"featured_media":0,"parent":0,"menu_order":0,"comment_status":"closed","ping_status":"closed","template":"","meta":{"footnotes":""},"class_list":["post-322","page","type-page","status-publish","hentry"],"_links":{"self":[{"href":"https:\/\/www.bu.ufmg.br\/catalogacao\/wp-json\/wp\/v2\/pages\/322","targetHints":{"allow":["GET"]}}],"collection":[{"href":"https:\/\/www.bu.ufmg.br\/catalogacao\/wp-json\/wp\/v2\/pages"}],"about":[{"href":"https:\/\/www.bu.ufmg.br\/catalogacao\/wp-json\/wp\/v2\/types\/page"}],"author":[{"embeddable":true,"href":"https:\/\/www.bu.ufmg.br\/catalogacao\/wp-json\/wp\/v2\/users\/1"}],"replies":[{"embeddable":true,"href":"https:\/\/www.bu.ufmg.br\/catalogacao\/wp-json\/wp\/v2\/comments?post=322"}],"version-history":[{"count":0,"href":"https:\/\/www.bu.ufmg.br\/catalogacao\/wp-json\/wp\/v2\/pages\/322\/revisions"}],"wp:attachment":[{"href":"https:\/\/www.bu.ufmg.br\/catalogacao\/wp-json\/wp\/v2\/media?parent=322"}],"curies":[{"name":"wp","href":"https:\/\/api.w.org\/{rel}","templated":true}]}}