{"id":320,"date":"2022-04-04T15:22:30","date_gmt":"2022-04-04T18:22:30","guid":{"rendered":"https:\/\/www.bu.ufmg.br\/catalogacao\/?page_id=320"},"modified":"2022-04-04T15:22:31","modified_gmt":"2022-04-04T18:22:31","slug":"campos-600-610-611-630-650-e-651","status":"publish","type":"page","link":"https:\/\/www.bu.ufmg.br\/catalogacao\/campos-600-610-611-630-650-e-651\/","title":{"rendered":"Campos 600, 610, 611 , 630, 650 e 651"},"content":{"rendered":"\n<figure class=\"wp-block-table\"><table><tbody><tr><td>BIBLIOTECA UNIVERSIT\u00c1RIA \u2013 UFMG\u00a0\u00a0\u00a0\u00a0\u00a0\u00a0\u00a0\u00a0\u00a0\u00a0\u00a0\u00a0\u00a0\u00a0\u00a0\u00a0\u00a0\u00a0\u00a0\u00a0\u00a0\u00a0\u00a0\u00a0\u00a0\u00a0\u00a0\u00a0\u00a0\u00a0\u00a0\u00a0\u00a0\u00a0\u00a0\u00a0\u00a0\u00a0\u00a0\u00a0\u00a0\u00a0\u00a0\u00a0\u00a0<br>CENTRAL DE CONTROLE E QUALIDADE DA CATALOGA\u00c7\u00c3O &#8211; CCQC<\/td><\/tr><tr><td>COMUNICADO N\u00ba: \u00a0 \u00a003 \u00a0 \u00a0 \u00a0 \u00a0 \u00a0\u00a0DATA:<\/td><\/tr><tr><td>ASSUNTO:\u00a0Campos :<br>600- Assunto nome pessoal<br><br>610- Assunto- nome da entidade<br>611- Assunto-nome do evento<br>630- Assunto-\u00a0t\u00edtulo uniforme<br>650-Assunto t\u00f3pico<br>651-Assunto- nome geogr\u00e1fico e 700<\/td><\/tr><tr><td>1) At\u00e9 que se complemente os trabalhos do Grupo de Autoridades, e o Pergamum resolva a quest\u00e3o das contantes de exibi\u00e7\u00e3o, solicitamos que n\u00e3o seja colocado o &#8211; (travess\u00e3o) que precede os subcabe\u00e7alhos.<br>\u00a0<br>2) Indicadores no campo 650, indicador 1=# e Indicador 2=4<br><strong>Observar os indicadores, principalmente, quando for feita importa\u00e7\u00e3o de registro bibliogr\u00e1fico.<\/strong><br>\u00a0<br>3) Nos campos 600 e 700 <strong>n\u00e3o<\/strong> utilizar o subcampo <strong>$e termo relacionador<\/strong>.<\/td><\/tr><\/tbody><\/table><\/figure>\n","protected":false},"excerpt":{"rendered":"<p>BIBLIOTECA UNIVERSIT\u00c1RIA \u2013 UFMG\u00a0\u00a0\u00a0\u00a0\u00a0\u00a0\u00a0\u00a0\u00a0\u00a0\u00a0\u00a0\u00a0\u00a0\u00a0\u00a0\u00a0\u00a0\u00a0\u00a0\u00a0\u00a0\u00a0\u00a0\u00a0\u00a0\u00a0\u00a0\u00a0\u00a0\u00a0\u00a0\u00a0\u00a0\u00a0\u00a0\u00a0\u00a0\u00a0\u00a0\u00a0\u00a0\u00a0\u00a0\u00a0CENTRAL DE CONTROLE E QUALIDADE DA CATALOGA\u00c7\u00c3O &#8211; CCQC COMUNICADO N\u00ba: \u00a0 \u00a003 \u00a0 \u00a0 \u00a0 \u00a0 \u00a0\u00a0DATA: ASSUNTO:\u00a0Campos :600- Assunto nome pessoal 610- Assunto- nome da entidade611- Assunto-nome do evento630- Assunto-\u00a0t\u00edtulo uniforme650-Assunto t\u00f3pico651-Assunto- nome geogr\u00e1fico e 700 1) At\u00e9 que se complemente os trabalhos do Grupo de Autoridades, e o Pergamum [&hellip;]<\/p>\n","protected":false},"author":1,"featured_media":0,"parent":0,"menu_order":0,"comment_status":"closed","ping_status":"closed","template":"","meta":{"footnotes":""},"class_list":["post-320","page","type-page","status-publish","hentry"],"_links":{"self":[{"href":"https:\/\/www.bu.ufmg.br\/catalogacao\/wp-json\/wp\/v2\/pages\/320","targetHints":{"allow":["GET"]}}],"collection":[{"href":"https:\/\/www.bu.ufmg.br\/catalogacao\/wp-json\/wp\/v2\/pages"}],"about":[{"href":"https:\/\/www.bu.ufmg.br\/catalogacao\/wp-json\/wp\/v2\/types\/page"}],"author":[{"embeddable":true,"href":"https:\/\/www.bu.ufmg.br\/catalogacao\/wp-json\/wp\/v2\/users\/1"}],"replies":[{"embeddable":true,"href":"https:\/\/www.bu.ufmg.br\/catalogacao\/wp-json\/wp\/v2\/comments?post=320"}],"version-history":[{"count":0,"href":"https:\/\/www.bu.ufmg.br\/catalogacao\/wp-json\/wp\/v2\/pages\/320\/revisions"}],"wp:attachment":[{"href":"https:\/\/www.bu.ufmg.br\/catalogacao\/wp-json\/wp\/v2\/media?parent=320"}],"curies":[{"name":"wp","href":"https:\/\/api.w.org\/{rel}","templated":true}]}}