{"id":315,"date":"2022-04-04T15:11:11","date_gmt":"2022-04-04T18:11:11","guid":{"rendered":"https:\/\/www.bu.ufmg.br\/catalogacao\/?page_id=315"},"modified":"2022-05-20T16:35:32","modified_gmt":"2022-05-20T19:35:32","slug":"campos-x00-x10-x11-x30-cabecalhos","status":"publish","type":"page","link":"https:\/\/www.bu.ufmg.br\/catalogacao\/campos-x00-x10-x11-x30-cabecalhos\/","title":{"rendered":"Campos  X00- X10- X11- X30  &#8211; Cabe\u00e7alhos"},"content":{"rendered":"\n<figure class=\"wp-block-table has-medium-font-size\"><table class=\"has-colibri-color-6-color has-text-color has-background\" style=\"background:linear-gradient(100deg,rgb(238,238,238) 0%,rgb(169,184,195) 100%)\"><thead><tr><th class=\"has-text-align-left\" data-align=\"left\">BIBLIOTECA UNIVERSIT\u00c1RIA \u2013 UFMG\u00a0\u00a0\u00a0\u00a0\u00a0\u00a0\u00a0\u00a0\u00a0\u00a0\u00a0\u00a0\u00a0\u00a0\u00a0\u00a0\u00a0\u00a0\u00a0\u00a0\u00a0\u00a0\u00a0\u00a0\u00a0\u00a0\u00a0\u00a0\u00a0\u00a0\u00a0\u00a0\u00a0\u00a0\u00a0\u00a0\u00a0\u00a0\u00a0\u00a0\u00a0\u00a0\u00a0\u00a0\u00a0<br>CENTRAL DE CONTROLE E QUALIDADE DA CATALOGA\u00c7\u00c3O &#8211; CCQC<\/th><\/tr><\/thead><tbody><tr><td class=\"has-text-align-left\" data-align=\"left\"><br><\/td><\/tr><tr><td class=\"has-text-align-left\" data-align=\"left\"><strong>COMUNICADO N\u00ba:<\/strong> \u00a0 10 \u00a0 \u00a0<strong>DATA: <\/strong>11\/06\/2001<\/td><\/tr><tr><td class=\"has-text-align-left\" data-align=\"left\"><strong>ASSUNTO: <\/strong>\u00a0Obra de formato bibliogr\u00e1fico- CABE\u00c7ALHOS<\/td><\/tr><tr><td class=\"has-text-align-left\" data-align=\"left\"><br><strong>Cabe\u00e7alhos<\/strong><br>X00 &#8211; Nome pessoal<br>X10 &#8211; Entidades<br>X11 &#8211; Eventos<br>X30 &#8211; Titulo uniforme<br>\u00a0 \u00a0 \u00a0 \u00a0A obra formato bibliogr\u00e1fico USMARC re\u00fane na se\u00e7\u00e3o &#8221; Headings&#8221;<br>( Cabe\u00e7alhos) as explica\u00e7\u00f5es referentes a estes blocos de campos, indicador 1 e subcampos e exemplos. exemplos. Explica\u00e7\u00f5es referentes ao indicador 2 est\u00e3o nos campos espec\u00edficos por causas das particularidades.<br>\u00a0 \u00a0Cada subcampo pode vir ou n\u00e3o seguido de um colchete com a especifica\u00e7\u00e3o de tags.<br>\u00a0 \u00a0Quando o subcampo n\u00e3o vem seguindo de par\u00eanteses, significa uso amplo pelo bloco a que pertence; quando vem seguindo de par\u00eanteses, o conte\u00fado do par\u00eanteses determina em qual tag pode ser aplicado<br>Exemplos: \/a Nome pessoal ( significa aplica\u00e7\u00e3o em todos os campos do bloco )<br>\u00a0 \u00a0 \u00a0 \u00a0 \u00a0 \u00a0 \u00a0 \u00a0 \u00a0 \u00a0 \u00a0 \u00a0 \u00a0 \u00a0 \u00a0 \u00a0 \u00a0 \u00a0 \u00a0 \u00a0 \u00a0 \u00a0 \u00a0 \u00a0 \u00a0\/h Meio [ 600\/700\/800] significa aplica\u00e7\u00e3o nos campos 600, 700,<br>\u00a0<br>X10 &#8211; Entidades e X11 &#8211; Eventos<br>Entidades coletivas X10<br>\u00a0 \u00a0 &#8220;&#8230;&#8230;. cont\u00e9m uma entidade usada como entrada principal, assunto ou entrada secundaria. De acordo com o AACR2 a entrada por entidade e atribu\u00edda a documentos que representam o pensamentos coletivo da entidade. Nomes de conferencia e reuni\u00f5es que entram de forma subordinada da a entidade, est\u00e3o contidas neste bloco de campo &#8211; X10 &#8221; ( Tradu\u00e7\u00e3o modificada de BYRNE)<br>&#8221; AACR2 define entidade como uma organiza\u00e7\u00e3o ou um grupo de pessoas com um nome estabelecido e que age como uma entidade \u00fanica &#8221; ( BYRNE)<br>\u00a0<br>\u00a0<strong>Eventos &#8211; X11<\/strong><br>\u00a0 \u00a0 \u00a0 \u00a0 \u00a0s\u00e3o entidades coletivas de car\u00e1ter tempor\u00e1rio, ou sejam, existem por um per\u00edodo pre &#8211; determinado que corresponde a sua realiza\u00e7\u00e3o.<br>\u00a0 \u00a0s\u00e3o: semin\u00e1rios, congressos, reuni\u00f5es, workshops, summerchools, Winterscholls, escolas, escola de ver\u00e3o, escola de inverno, ferias, exposi\u00e7\u00f5es,<br>FORMA SUBORDINADA a uma entidade que foi adotada como entrada no documento ( NESTE CASO, bloco de tag correto e X10)<\/td><\/tr><\/tbody><\/table><\/figure>\n","protected":false},"excerpt":{"rendered":"<p>BIBLIOTECA UNIVERSIT\u00c1RIA \u2013 UFMG\u00a0\u00a0\u00a0\u00a0\u00a0\u00a0\u00a0\u00a0\u00a0\u00a0\u00a0\u00a0\u00a0\u00a0\u00a0\u00a0\u00a0\u00a0\u00a0\u00a0\u00a0\u00a0\u00a0\u00a0\u00a0\u00a0\u00a0\u00a0\u00a0\u00a0\u00a0\u00a0\u00a0\u00a0\u00a0\u00a0\u00a0\u00a0\u00a0\u00a0\u00a0\u00a0\u00a0\u00a0\u00a0CENTRAL DE CONTROLE E QUALIDADE DA CATALOGA\u00c7\u00c3O &#8211; CCQC COMUNICADO N\u00ba: \u00a0 10 \u00a0 \u00a0DATA: 11\/06\/2001 ASSUNTO: \u00a0Obra de formato bibliogr\u00e1fico- CABE\u00c7ALHOS Cabe\u00e7alhosX00 &#8211; Nome pessoalX10 &#8211; EntidadesX11 &#8211; EventosX30 &#8211; Titulo uniforme\u00a0 \u00a0 \u00a0 \u00a0A obra formato bibliogr\u00e1fico USMARC re\u00fane na se\u00e7\u00e3o &#8221; Headings&#8221;( Cabe\u00e7alhos) as explica\u00e7\u00f5es referentes a estes blocos [&hellip;]<\/p>\n","protected":false},"author":1,"featured_media":0,"parent":0,"menu_order":0,"comment_status":"closed","ping_status":"closed","template":"","meta":{"footnotes":""},"class_list":["post-315","page","type-page","status-publish","hentry"],"_links":{"self":[{"href":"https:\/\/www.bu.ufmg.br\/catalogacao\/wp-json\/wp\/v2\/pages\/315","targetHints":{"allow":["GET"]}}],"collection":[{"href":"https:\/\/www.bu.ufmg.br\/catalogacao\/wp-json\/wp\/v2\/pages"}],"about":[{"href":"https:\/\/www.bu.ufmg.br\/catalogacao\/wp-json\/wp\/v2\/types\/page"}],"author":[{"embeddable":true,"href":"https:\/\/www.bu.ufmg.br\/catalogacao\/wp-json\/wp\/v2\/users\/1"}],"replies":[{"embeddable":true,"href":"https:\/\/www.bu.ufmg.br\/catalogacao\/wp-json\/wp\/v2\/comments?post=315"}],"version-history":[{"count":0,"href":"https:\/\/www.bu.ufmg.br\/catalogacao\/wp-json\/wp\/v2\/pages\/315\/revisions"}],"wp:attachment":[{"href":"https:\/\/www.bu.ufmg.br\/catalogacao\/wp-json\/wp\/v2\/media?parent=315"}],"curies":[{"name":"wp","href":"https:\/\/api.w.org\/{rel}","templated":true}]}}