{"id":313,"date":"2022-04-04T15:09:53","date_gmt":"2022-04-04T18:09:53","guid":{"rendered":"https:\/\/www.bu.ufmg.br\/catalogacao\/?page_id=313"},"modified":"2022-05-20T16:33:21","modified_gmt":"2022-05-20T19:33:21","slug":"cabecalhos-de-assuntos","status":"publish","type":"page","link":"https:\/\/www.bu.ufmg.br\/catalogacao\/cabecalhos-de-assuntos\/","title":{"rendered":"Cabe\u00e7alhos de Assuntos"},"content":{"rendered":"\n<figure class=\"wp-block-table has-medium-font-size\"><table class=\"has-colibri-color-6-color has-text-color has-background\" style=\"background:linear-gradient(100deg,rgb(238,238,238) 0%,rgb(169,184,195) 100%)\"><thead><tr><th class=\"has-text-align-left\" data-align=\"left\">BIBLIOTECA UNIVERSIT\u00c1RIA \u2013 UFMG&nbsp;&nbsp;&nbsp;&nbsp;&nbsp;&nbsp;&nbsp;&nbsp;&nbsp;&nbsp;&nbsp;&nbsp;&nbsp;&nbsp;&nbsp;&nbsp;&nbsp;&nbsp;&nbsp;&nbsp;&nbsp;&nbsp;&nbsp;&nbsp;&nbsp;&nbsp;&nbsp;&nbsp;&nbsp;&nbsp;&nbsp;&nbsp;&nbsp;&nbsp;&nbsp;&nbsp;&nbsp;&nbsp;&nbsp;&nbsp;&nbsp;&nbsp;&nbsp;&nbsp;&nbsp;<br>CENTRAL DE CONTROLE E QUALIDADE DA CATALOGA\u00c7\u00c3O &#8211; CCQC<\/th><\/tr><\/thead><tbody><tr><td class=\"has-text-align-left\" data-align=\"left\"><br><\/td><\/tr><tr><td class=\"has-text-align-left\" data-align=\"left\"><strong>COMUNICADO N\u00ba: &nbsp;<\/strong> 11 &nbsp; &nbsp;<strong>DATA: &nbsp;<\/strong>1999<\/td><\/tr><tr><td class=\"has-text-align-left\" data-align=\"left\"><strong>ASSUNTO:<\/strong> &nbsp;Recebemos a lista de cabe\u00e7alhos de assuntos da LC &#8211; Library of Congress. 20.ed. 1997<\/td><\/tr><tr><td class=\"has-text-align-left\" data-align=\"left\"><br><strong>LCSH:<\/strong><br>Recebemos a lista de cabe\u00e7alhos de Assunto da LC &#8211; Library of Congress,<br>20.ed;1997 que encontra-se a disposi\u00e7\u00e3o de todos para consulta e empr\u00e9stimo quando necess\u00e1rio.<br>&nbsp;<br><strong>COD. OPERADOR \/ ATEN\u00c7\u00c3O;<\/strong><br>Nao esque\u00e7am de informar em todas as metodologias, o c\u00f3digo do operador. Isto tem dificuldade nosso trabalho com o relat\u00f3rio do buffer,<br><strong>COPY:<\/strong><br>E uma forma de implanta\u00e7\u00e3o. A edi\u00e7\u00e3o deve ser fita de acordo com obra utilizando o AACR2 e o manual de cataloga\u00e7\u00e3o. A n\u00e3o edi\u00e7\u00e3o esta gerando erros na base.<br><strong>ACENTUA\u00c7\u00c3O:<\/strong><br>So s\u00e3o permitidos, na implanta\u00e7\u00e3o e edi\u00e7\u00e3o, 0~ e o \u00e7.<br><strong>PESQUISA:<\/strong><br>Falha na pesquisa esta gerando duplicidade de registro na base. A pesquisa deve ser feita no dia e de varias formas.<br>&nbsp;<br><strong>ESTAT\u00cdSTICAS MENSAL:<\/strong><br>Os dados referentes a monografias, itens de peri\u00f3dicos e mat\u00e9rias especiais dever\u00e3o ser enviadas para CCQC e os hodings, em separado, para DPD\/ Neusa.<br>&nbsp;<br><strong>AUTORIDADES<\/strong><br>Pesquisar as autoridades (nomes e assuntos) n\u00e3o existentes na nossa base nas microfibras, nas LCSH e nas fontes autorizadas antes de inclui-las nas implanta\u00e7\u00f5es.<br>&nbsp;<br><strong>CAMPO FIXO<\/strong>: ( colabora\u00e7\u00e3o Marlene)<br>Lang e Citry: para ver a lista de c\u00f3digos:<br>&nbsp; &nbsp;&#8211; colocar o cursor no quadrinho do campo desejado<br>&nbsp; &nbsp;&#8211; clicar bot\u00e3o a direita do mouse<br>&nbsp; &nbsp;&#8211; aparece a lista em ordem alfab\u00e9tica do c\u00f3digo<br>&nbsp; &nbsp;&#8211; marcar com clique o c\u00f3digo desejado<br>&nbsp; &nbsp;&#8211; dar OK<br>&nbsp; &#8211; o c\u00f3digo e transferido para o quadrinho<br>&nbsp;<br><strong>CABE\u00c7ALHOS DE ASSUNTOS:<\/strong><br>&nbsp;<br>Linguagem de computador e 650<br><strong>Ex:<\/strong> FORTRAN ( Linguagem de programa\u00e7\u00e3o de computador)<br>&nbsp;<br>Programa de computador estabelecido sobre o titulo e 630<br><strong>Ex:<\/strong> Coreldraw ( Programa de computador)<br>&nbsp; &nbsp;Autodesk 3D Studio (Programa de computador)<br>&nbsp;<br><strong>ATEN\u00c7\u00c3O: AO TRANSFERIR O REGISTRO DA FGV VERIFICAR SE O TAG ESTA CORRETO<\/strong><br>&nbsp;<br>CAT \/ CD OLDER BOOKS: a biblioteca da letras, colaborando com o sistema, esta disponibilizado o CD \/ Older Books aos s\u00e1bados. Os interessados agendar com sot\u00e9ria. A noite o CD esta sendo usado pelas bibliotec\u00e1rias da letras mas as vezes, ele n\u00e3o e usado ficando tamb\u00e9m dispon\u00edvel.<br>&nbsp;<br><strong>FICHA CARD:<\/strong> sugerimos aos catalogadores verificar os bib ids como exemplo de exibi\u00e7\u00e3o do campo 246:<br>&nbsp;<br><strong>COMO IMPRIMIR DO CD DA FGV:<\/strong><br>&nbsp; &#8211; abrir arquivo no word e minimizar<br>&nbsp; &#8211; abrir a tela desejada do CD<br>&nbsp; &#8211; selecionar com o mouse<br>&nbsp; &#8211; com o bot\u00e3o direito do mause, copiar<br>&nbsp; &#8211; abrir arquivo word e colar<br>&nbsp; &nbsp; ( colabora\u00e7\u00e3o C\u00e9lia \/ CEDEPLAR)<br>&nbsp;<br><strong>COMO COPIAR TELA DO VTLS ( TEXTO DA TELA):<\/strong><br>&nbsp; &nbsp; &#8211; abrir arquivo word e minimizar<br>&nbsp; &nbsp; &#8211; marcar a tela com o mouse<br>&nbsp; &nbsp; &#8211; abrir novamente o arquivo word Ctrlc c<br>&nbsp; &nbsp; &nbsp; &nbsp; ( Colabora\u00e7\u00e3o Vilma \/ FAFICH)<br>&nbsp;<br><strong>COMO COPIAR TELA INTEIRA DO VTLS:<\/strong><br>&nbsp; &nbsp; &nbsp; &nbsp;&#8211; abrir arquivo word e minimizar<br>&nbsp; &nbsp; &nbsp; &nbsp;&#8211; abrir a tela desejada<br>&nbsp; &nbsp; &nbsp; &nbsp;&#8211; Shift e Print Scm<br>&nbsp; &nbsp; &nbsp; &nbsp;&#8211; abrir arquivo word Ctrl v<br>&nbsp; &nbsp; &nbsp; &nbsp; &nbsp; &nbsp; &nbsp; (Colabora\u00e7\u00e3o Vilma \/ FAFICH)<\/td><\/tr><\/tbody><\/table><\/figure>\n","protected":false},"excerpt":{"rendered":"<p>BIBLIOTECA UNIVERSIT\u00c1RIA \u2013 UFMG&nbsp;&nbsp;&nbsp;&nbsp;&nbsp;&nbsp;&nbsp;&nbsp;&nbsp;&nbsp;&nbsp;&nbsp;&nbsp;&nbsp;&nbsp;&nbsp;&nbsp;&nbsp;&nbsp;&nbsp;&nbsp;&nbsp;&nbsp;&nbsp;&nbsp;&nbsp;&nbsp;&nbsp;&nbsp;&nbsp;&nbsp;&nbsp;&nbsp;&nbsp;&nbsp;&nbsp;&nbsp;&nbsp;&nbsp;&nbsp;&nbsp;&nbsp;&nbsp;&nbsp;&nbsp;CENTRAL DE CONTROLE E QUALIDADE DA CATALOGA\u00c7\u00c3O &#8211; CCQC COMUNICADO N\u00ba: &nbsp; 11 &nbsp; &nbsp;DATA: &nbsp;1999 ASSUNTO: &nbsp;Recebemos a lista de cabe\u00e7alhos de assuntos da LC &#8211; Library of Congress. 20.ed. 1997 LCSH:Recebemos a lista de cabe\u00e7alhos de Assunto da LC &#8211; Library of Congress,20.ed;1997 que encontra-se a disposi\u00e7\u00e3o de todos para [&hellip;]<\/p>\n","protected":false},"author":1,"featured_media":0,"parent":0,"menu_order":0,"comment_status":"closed","ping_status":"closed","template":"","meta":{"footnotes":""},"class_list":["post-313","page","type-page","status-publish","hentry"],"_links":{"self":[{"href":"https:\/\/www.bu.ufmg.br\/catalogacao\/wp-json\/wp\/v2\/pages\/313","targetHints":{"allow":["GET"]}}],"collection":[{"href":"https:\/\/www.bu.ufmg.br\/catalogacao\/wp-json\/wp\/v2\/pages"}],"about":[{"href":"https:\/\/www.bu.ufmg.br\/catalogacao\/wp-json\/wp\/v2\/types\/page"}],"author":[{"embeddable":true,"href":"https:\/\/www.bu.ufmg.br\/catalogacao\/wp-json\/wp\/v2\/users\/1"}],"replies":[{"embeddable":true,"href":"https:\/\/www.bu.ufmg.br\/catalogacao\/wp-json\/wp\/v2\/comments?post=313"}],"version-history":[{"count":0,"href":"https:\/\/www.bu.ufmg.br\/catalogacao\/wp-json\/wp\/v2\/pages\/313\/revisions"}],"wp:attachment":[{"href":"https:\/\/www.bu.ufmg.br\/catalogacao\/wp-json\/wp\/v2\/media?parent=313"}],"curies":[{"name":"wp","href":"https:\/\/api.w.org\/{rel}","templated":true}]}}