{"id":311,"date":"2022-04-04T15:08:48","date_gmt":"2022-04-04T18:08:48","guid":{"rendered":"https:\/\/www.bu.ufmg.br\/catalogacao\/?page_id=311"},"modified":"2022-05-20T16:30:24","modified_gmt":"2022-05-20T19:30:24","slug":"campo-650-651-653-655-e-696","status":"publish","type":"page","link":"https:\/\/www.bu.ufmg.br\/catalogacao\/campo-650-651-653-655-e-696\/","title":{"rendered":"Campo 650, 651, 653,  655 e  696"},"content":{"rendered":"\n<figure class=\"wp-block-table has-medium-font-size\"><table class=\"has-colibri-color-6-color has-text-color has-background\" style=\"background:linear-gradient(100deg,rgb(238,238,238) 0%,rgb(169,184,195) 100%)\"><thead><tr><th class=\"has-text-align-left\" data-align=\"left\">BIBLIOTECA UNIVERSIT\u00c1RIA \u2013 UFMG \u00a0 \u00a0 \u00a0 \u00a0 \u00a0 \u00a0 \u00a0 \u00a0 \u00a0 \u00a0 \u00a0 \u00a0 \u00a0 \u00a0 \u00a0 \u00a0 \u00a0 \u00a0 \u00a0 \u00a0<br>CENTRAL DE CONTROLE E QUALIDADE DA CATALOGA\u00c7\u00c3O &#8211; CCQC<\/th><\/tr><\/thead><tbody><tr><td class=\"has-text-align-left\" data-align=\"left\"><br><\/td><\/tr><tr><td class=\"has-text-align-left\" data-align=\"left\"><strong>COMUNICADO N\u00ba: <\/strong>\u00a0 \u00a0 09 \u00a0 \u00a0 \u00a0 \u00a0<strong>\u00a0DATA:<\/strong>\u00a0 \u00a018\/05\/01<\/td><\/tr><tr><td class=\"has-text-align-left\" data-align=\"left\"><strong>ASSUNTO: <\/strong>Campo 650 e 651 referente ao indicador 2; campo 655; campo 653; campo 696<\/td><\/tr><tr><td class=\"has-text-align-left\" data-align=\"left\"><br><strong>Para conhecimento dos valores do IND 2 dos campos 650 e 651<\/strong><br>\u00a0<br>Nos registros transferidos da LC,CATCD, NLM etc. os campos 650 e 651 podem vir com v\u00e1rios valores do indicador 2<br>O indicador 2 significa sistemas de cabe\u00e7alhos de assunto\/thesaurus<br>\u00a0<br><strong>Valores do indicador 2 do campo 650<\/strong><br>0=LC subject headings<br>1=LC literatura infantil<br>2=MESH<br>3=NAL<br>4=fonte n\u00e3o especificada. Na Rede \u00e9 BIBLIODATA<br>5=Canadian Subject Headings\u00a0<br>6=Repertoire des vedettes matiere<br>7=Fonte especificada no subcampo \/2 (Na UFMG usado como termo livre)<br>\u00a0<br><strong>VALORES DO INDICADOR 2 DO CAMPO 651<\/strong><br>0= LC subject headings\/ LC authority files<br>1=LC literatura infantil<br>2=MESH\/ NLM authority files<br>3=NAL<br>4=Fonte n\u00e3o especificada Na Rede \u00e9 Bibliodata\u00a0<br>5=Canadian Subject Headings\/ NLC authority file<br>6=Repertoire des vedettes matiere\/NLC authority file<br>7=Fonte n\u00e3o especificada no subcampo \/2 (Na UFMG usado como termo livre)<br>\u00a0<br>\u00a0<br>Valores 0,1,2,3,5,6 foram parametrizados para recupera\u00e7\u00e3o no VTLS por w\/<br>Se entram valores 4 e 7 v\u00e3o para nossa lista de assunto porque n\u00f3s usamos 4 e 7 como valores para o 650 e 651; <strong>POR ISTO ESTES VALORES DEVEM SER DELETADOS QUANDO PROVENIENTES DE REGISTROS TRANSFERIDOS<\/strong>\u00a0<br>&#8211; Registros transferidos da NLM &#8211; campo fixo<br>\u00a0 \u00a0 \u00a0-estes registros est\u00e3o em MARC 21, no campo fixo o caracter\/ tem valor por isso <strong>N\u00c3O DELETAR<\/strong>\u00a0<br>&#8211; Anotar na metodologia<br>\u00a0<br>-Registros transferidos da OCLC, NLM, CATCD<br>Campo 653 &#8211; Termos de indexa\u00e7\u00e3o n\u00e3o controlados &#8211; DELETAR este campo<br>Campo 655 &#8211; Termos de indexa\u00e7\u00e3o &#8211; G\u00eanero\/Forma &#8211; Deletar este campo<br>Estes dois campos est\u00e3o entrando na lista de assunto, recuperados por \/s<br>Anotar nas metodologias<br>\u00a0<br>CAMPO 696<br>Este campo ser\u00e1 usado pela Medicina com o conte\u00fado DESC- Descritores da Sa\u00fade.<br>A Rede Bibliodata usa para Descritores de qualquer \u00e1rea.<br>Foi parametrizado este campo na base UFMG; por isso registros provenientes da REDE que contem este campo est\u00e3o aparecendo na recupera\u00e7\u00e3o por z\/ ( chave definida para pesquisar o campo 696- DECS na base UFMG)<br>DELETAR este campo em registros transferidos\u00a0<br>Anotar nas metodologias<br>\u00a0<br><strong>ATEN\u00c7\u00c3O<\/strong>:<br>N\u00e3o esque\u00e7am de deletar os Campos x9x EXCETO 490 e 696( DECS usado pela Medicina)<br>quando transferirem registros de outras bases<\/td><\/tr><\/tbody><\/table><\/figure>\n","protected":false},"excerpt":{"rendered":"<p>BIBLIOTECA UNIVERSIT\u00c1RIA \u2013 UFMG \u00a0 \u00a0 \u00a0 \u00a0 \u00a0 \u00a0 \u00a0 \u00a0 \u00a0 \u00a0 \u00a0 \u00a0 \u00a0 \u00a0 \u00a0 \u00a0 \u00a0 \u00a0 \u00a0 \u00a0CENTRAL DE CONTROLE E QUALIDADE DA CATALOGA\u00c7\u00c3O &#8211; CCQC COMUNICADO N\u00ba: \u00a0 \u00a0 09 \u00a0 \u00a0 \u00a0 \u00a0\u00a0DATA:\u00a0 \u00a018\/05\/01 ASSUNTO: Campo 650 e 651 referente ao indicador 2; campo 655; campo 653; [&hellip;]<\/p>\n","protected":false},"author":1,"featured_media":0,"parent":0,"menu_order":0,"comment_status":"closed","ping_status":"closed","template":"","meta":{"footnotes":""},"class_list":["post-311","page","type-page","status-publish","hentry"],"_links":{"self":[{"href":"https:\/\/www.bu.ufmg.br\/catalogacao\/wp-json\/wp\/v2\/pages\/311","targetHints":{"allow":["GET"]}}],"collection":[{"href":"https:\/\/www.bu.ufmg.br\/catalogacao\/wp-json\/wp\/v2\/pages"}],"about":[{"href":"https:\/\/www.bu.ufmg.br\/catalogacao\/wp-json\/wp\/v2\/types\/page"}],"author":[{"embeddable":true,"href":"https:\/\/www.bu.ufmg.br\/catalogacao\/wp-json\/wp\/v2\/users\/1"}],"replies":[{"embeddable":true,"href":"https:\/\/www.bu.ufmg.br\/catalogacao\/wp-json\/wp\/v2\/comments?post=311"}],"version-history":[{"count":0,"href":"https:\/\/www.bu.ufmg.br\/catalogacao\/wp-json\/wp\/v2\/pages\/311\/revisions"}],"wp:attachment":[{"href":"https:\/\/www.bu.ufmg.br\/catalogacao\/wp-json\/wp\/v2\/media?parent=311"}],"curies":[{"name":"wp","href":"https:\/\/api.w.org\/{rel}","templated":true}]}}