{"id":309,"date":"2022-04-04T15:07:33","date_gmt":"2022-04-04T18:07:33","guid":{"rendered":"https:\/\/www.bu.ufmg.br\/catalogacao\/?page_id=309"},"modified":"2022-05-19T22:24:49","modified_gmt":"2022-05-20T01:24:49","slug":"campo-600-v-correspondencia","status":"publish","type":"page","link":"https:\/\/www.bu.ufmg.br\/catalogacao\/campo-600-v-correspondencia\/","title":{"rendered":"Campo 600 $v Corresp\u00f4nd\u00eancia"},"content":{"rendered":"\n<figure class=\"wp-block-table has-medium-font-size\"><table class=\"has-colibri-color-6-color has-text-color has-background\" style=\"background:linear-gradient(100deg,rgb(238,238,238) 0%,rgb(169,184,195) 100%)\"><thead><tr><th class=\"has-text-align-left\" data-align=\"left\">BIBLIOTECA UNIVERSIT\u00c1RIA \u2013 UFMG&nbsp;&nbsp;&nbsp;&nbsp;&nbsp;&nbsp;&nbsp;&nbsp;&nbsp;&nbsp;&nbsp;&nbsp;&nbsp;&nbsp;&nbsp;&nbsp;&nbsp;&nbsp;&nbsp;&nbsp;&nbsp;&nbsp;&nbsp;&nbsp;&nbsp;&nbsp;&nbsp;&nbsp;&nbsp;&nbsp;&nbsp;&nbsp;&nbsp;&nbsp;&nbsp;&nbsp;&nbsp;&nbsp;&nbsp;&nbsp;&nbsp;&nbsp;&nbsp;&nbsp;&nbsp;<br>CENTRAL DE CONTROLE E QUALIDADE DA CATALOGA\u00c7\u00c3O &#8211; CCQC<\/th><\/tr><\/thead><tbody><tr><td class=\"has-text-align-left\" data-align=\"left\"><br><\/td><\/tr><tr><td class=\"has-text-align-left\" data-align=\"left\"><strong>COMUNICADO N\u00ba<\/strong>: 4&nbsp;&nbsp;&nbsp;&nbsp;&nbsp;&nbsp;&nbsp;&nbsp;&nbsp;&nbsp;&nbsp;&nbsp;&nbsp;&nbsp;&nbsp;&nbsp;<strong> DATA<\/strong>:&nbsp; 2015<\/td><\/tr><tr><td class=\"has-text-align-left\" data-align=\"left\"><strong>ASSUNTO<\/strong>: Correspond\u00eancia<\/td><\/tr><tr><td class=\"has-text-align-left\" data-align=\"left\"><br><strong>Correspond\u00eancia<\/strong><br>\u00a0<br>Do CD da Rede Bibliodata:<br>\u00a0<br>001\u00a0\u00a0\u00a0 CA006616591<br>008\u00a0\u00a0\u00a0 080625nn cnannbbbn\u00a0\u00a0\u00a0\u00a0\u00a0\u00a0\u00a0\u00a0\u00a0\u00a0 n ann\u00a0\u00a0\u00a0\u00a0 d<br>040\u00a0\u00a0\u00a0\u00a0\u00a0 \\aBlRjFGVB\\bpor<br>150\u00a0\u00a0\u00a0\u00a0\u00a0 \\aCorrespond\u00eancia.<br>260\u00a0\u00a0\u00a0\u00a0\u00a0 \\isubdivis\u00e3o\\aCorrespond\u00eancia\\ipara classes de pessoas, grupos \u00e9tnicos e sob nomes de pessoas e nomes de fam\u00edlias; e subdivis\u00e3o\\aDocumentos e correspond\u00eancia\\ipara tipos de ind\u00fastrias, organiza\u00e7\u00f5es, etc. e sob nomes de entidades . Obras que tratam de carta como estilo liter\u00e1rio, entram em Cartas [Qualifica\u00e7\u00e3o].\\aEx. Cartas chilenas.<br>750 \u00a0\u00a0\u00a0\u00a00\\aCorrespondence.\\5DLC<br>\u00a0<br>\u00a0<br><strong>Correspond\u00eancia:<\/strong><br>Use como subdivis\u00e3o de forma ($v) sob nomes de pessoas, classes de pessoas e grupos \u00e9tnicos para <strong>obras que consistem de cartas<\/strong>, independente se ou n\u00e3o as cartas cont\u00e9m informa\u00e7\u00e3o biogr\u00e1fica.<br>\u00a0<br>001\u00a0\u00a0\u00a0 569225<br>003\u00a0\u00a0\u00a0 BR-BhUFM<br>005\u00a0\u00a0\u00a0 20140127101507.0<br>008\u00a0\u00a0\u00a0 140127s2012\u00a0\u00a0\u00a0 spb#\u00a0\u00a0 f##\u00a0\u00a0 #000 0#por#d<br>020\u00a0\u00a0\u00a0 $a 9788578276201<br>040\u00a0\u00a0\u00a0 $a BR-BhUFM $b por $c BR-BhUFM<br>045\u00a0\u00a0\u00a0 $a x0x9<br>090\u00a0\u00a0\u00a0 $a 194.9 $b B285.Yp-c $c 2012 $8 18<br>100 1\u00a0 $a Perrone-Mois\u00e9s, Leyla.<br>245 10 $a Com Roland Barthes \/ $c Leyla Perrone-Mois\u00e9s.<br>260\u00a0\u00a0\u00a0 $a S\u00e3o Paulo : $b WMF Martins Fontes, $c 2012.<br>300\u00a0\u00a0\u00a0 $a 211 p.<br>600 14 $a Barthes, Roland, $d 1915-1980.<br>600 14 $a Perrone-Moises, Leyla $v Correspond\u00eancia<br>600 14 $a Barthes, Roland, $d 1915-1980 $v Correspond\u00eancia<br>650\u00a0 4 $a Filosofia francesa $y S\u00e9c. XX.<br>650\u00a0 4 $a Filosofia moderna $y S\u00e9c. XX.<br>\u00a0<br>Use como subdivis\u00e3o geral (x) sob nomes de pessoas, classes de pessoas e grupos \u00e9tnicos para <strong>obras que discutem cartas<\/strong>.<br>\u00a0<br>\u00a0Exemplo:<br>100 1_\u00a0|a\u00a0Recker, Jo Ann Marie.<br>245 11\u00a0|a\u00a0&#8220;Appelle-moi Pierrot&#8221; :\u00a0|b\u00a0wit and irony in the Lettres of Madame de Se\u00ccvigne\u00cc\u0081 \/\u00a0|c\u00a0Jo Ann Marie Recker.<br>260 __\u00a0|a\u00a0Amsterdam ;\u00a0|a\u00a0Philadelphia :\u00a0|b\u00a0J. Benjamins Pub. Co.,\u00a0|c\u00a01986.<br>300 __\u00a0|a\u00a0ix, 128 p. ;\u00a0|c\u00a022 cm.<br>440 _0\u00a0|a\u00a0Purdue University monographs in Romance languages ;\u00a0|v\u00a0v. 21<br>504 __\u00a0|a\u00a0Bibliography: p. 103-128.<br>600 10\u00a0|a\u00a0Se\u00ccvigne\u00cc\u0081, Marie de Rabutin-Chantal,\u00a0|c\u00a0marquise de,\u00a0|d\u00a01626-1696\u00a0|x\u00a0Humor.<br><strong>600 10\u00a0|a\u00a0Se\u00ccvigne\u00cc\u0081, Marie de Rabutin-Chantal,\u00a0|c\u00a0marquise de,\u00a0|d\u00a01626-1696 x\u00a0Correspondence.<\/strong><br><strong>650 _0\u00a0|a\u00a0Authors, French\u00a0|y\u00a017th century\u00a0|x\u00a0Correspondence.<\/strong><br>\u00a0<\/td><\/tr><\/tbody><\/table><\/figure>\n","protected":false},"excerpt":{"rendered":"<p>BIBLIOTECA UNIVERSIT\u00c1RIA \u2013 UFMG&nbsp;&nbsp;&nbsp;&nbsp;&nbsp;&nbsp;&nbsp;&nbsp;&nbsp;&nbsp;&nbsp;&nbsp;&nbsp;&nbsp;&nbsp;&nbsp;&nbsp;&nbsp;&nbsp;&nbsp;&nbsp;&nbsp;&nbsp;&nbsp;&nbsp;&nbsp;&nbsp;&nbsp;&nbsp;&nbsp;&nbsp;&nbsp;&nbsp;&nbsp;&nbsp;&nbsp;&nbsp;&nbsp;&nbsp;&nbsp;&nbsp;&nbsp;&nbsp;&nbsp;&nbsp;CENTRAL DE CONTROLE E QUALIDADE DA CATALOGA\u00c7\u00c3O &#8211; CCQC COMUNICADO N\u00ba: 4&nbsp;&nbsp;&nbsp;&nbsp;&nbsp;&nbsp;&nbsp;&nbsp;&nbsp;&nbsp;&nbsp;&nbsp;&nbsp;&nbsp;&nbsp;&nbsp; DATA:&nbsp; 2015 ASSUNTO: Correspond\u00eancia Correspond\u00eancia\u00a0Do CD da Rede Bibliodata:\u00a0001\u00a0\u00a0\u00a0 CA006616591008\u00a0\u00a0\u00a0 080625nn cnannbbbn\u00a0\u00a0\u00a0\u00a0\u00a0\u00a0\u00a0\u00a0\u00a0\u00a0 n ann\u00a0\u00a0\u00a0\u00a0 d040\u00a0\u00a0\u00a0\u00a0\u00a0 \\aBlRjFGVB\\bpor150\u00a0\u00a0\u00a0\u00a0\u00a0 \\aCorrespond\u00eancia.260\u00a0\u00a0\u00a0\u00a0\u00a0 \\isubdivis\u00e3o\\aCorrespond\u00eancia\\ipara classes de pessoas, grupos \u00e9tnicos e sob nomes de pessoas e nomes de fam\u00edlias; e subdivis\u00e3o\\aDocumentos e correspond\u00eancia\\ipara tipos de ind\u00fastrias, organiza\u00e7\u00f5es, [&hellip;]<\/p>\n","protected":false},"author":1,"featured_media":0,"parent":0,"menu_order":0,"comment_status":"closed","ping_status":"closed","template":"","meta":{"footnotes":""},"class_list":["post-309","page","type-page","status-publish","hentry"],"_links":{"self":[{"href":"https:\/\/www.bu.ufmg.br\/catalogacao\/wp-json\/wp\/v2\/pages\/309","targetHints":{"allow":["GET"]}}],"collection":[{"href":"https:\/\/www.bu.ufmg.br\/catalogacao\/wp-json\/wp\/v2\/pages"}],"about":[{"href":"https:\/\/www.bu.ufmg.br\/catalogacao\/wp-json\/wp\/v2\/types\/page"}],"author":[{"embeddable":true,"href":"https:\/\/www.bu.ufmg.br\/catalogacao\/wp-json\/wp\/v2\/users\/1"}],"replies":[{"embeddable":true,"href":"https:\/\/www.bu.ufmg.br\/catalogacao\/wp-json\/wp\/v2\/comments?post=309"}],"version-history":[{"count":0,"href":"https:\/\/www.bu.ufmg.br\/catalogacao\/wp-json\/wp\/v2\/pages\/309\/revisions"}],"wp:attachment":[{"href":"https:\/\/www.bu.ufmg.br\/catalogacao\/wp-json\/wp\/v2\/media?parent=309"}],"curies":[{"name":"wp","href":"https:\/\/api.w.org\/{rel}","templated":true}]}}