{"id":295,"date":"2022-04-04T14:48:26","date_gmt":"2022-04-04T17:48:26","guid":{"rendered":"https:\/\/www.bu.ufmg.br\/catalogacao\/?page_id=295"},"modified":"2022-05-19T22:13:33","modified_gmt":"2022-05-20T01:13:33","slug":"campo-505-nota-de-conteudo","status":"publish","type":"page","link":"https:\/\/www.bu.ufmg.br\/catalogacao\/campo-505-nota-de-conteudo\/","title":{"rendered":"Campo 505 (Nota de conte\u00fado)"},"content":{"rendered":"\n<figure class=\"wp-block-table has-medium-font-size\"><table class=\"has-colibri-color-6-color has-text-color has-background\" style=\"background:linear-gradient(100deg,rgb(238,238,238) 0%,rgb(169,184,195) 100%)\"><thead><tr><th class=\"has-text-align-left\" data-align=\"left\">BIBLIOTECA UNIVERSIT\u00c1RIA \u2013 UFMG\u00a0\u00a0\u00a0\u00a0\u00a0\u00a0\u00a0\u00a0\u00a0\u00a0\u00a0\u00a0\u00a0\u00a0\u00a0\u00a0\u00a0\u00a0\u00a0\u00a0\u00a0\u00a0\u00a0\u00a0\u00a0\u00a0\u00a0\u00a0\u00a0\u00a0\u00a0\u00a0\u00a0\u00a0\u00a0\u00a0\u00a0\u00a0\u00a0\u00a0\u00a0\u00a0\u00a0\u00a0\u00a0<br>CENTRAL DE CONTROLE E QUALIDADE DA CATALOGA\u00c7\u00c3O &#8211; CCQC<\/th><\/tr><\/thead><tbody><tr><td class=\"has-text-align-left\" data-align=\"left\"><br><\/td><\/tr><tr><td class=\"has-text-align-left\" data-align=\"left\"><strong>COMUNICADO N\u00ba:<\/strong> \u00a001\u00a0\u00a0\u00a0\u00a0\u00a0\u00a0\u00a0\u00a0\u00a0\u00a0 <strong>DATA:<\/strong> 07\/03\/2008<\/td><\/tr><tr><td class=\"has-text-align-left\" data-align=\"left\"><strong>ASSUNTO:\u00a0 <\/strong>Campo 505 (Nota de conte\u00fado)<\/td><\/tr><tr><td class=\"has-text-align-left\" data-align=\"left\"><br><strong>Caso 1<\/strong>: Obras com t\u00edtulo coletivo e conte\u00fado, mas um ou mais volumes n\u00e3o tem indica\u00e7\u00e3o de conte\u00fado:<br>Exemplo:<br>505 ## $a v. 1. [Conte\u00fado n\u00e3o indicado] &#8212; v. 2. Histoire de la philosophie moderne<br>\u00a0<br><strong>Caso 2<\/strong>: Obras com t\u00edtulo coletivo e conte\u00fado, mas um dos volumes n\u00e3o tem a indica\u00e7\u00e3o \u201cvolume\u201d<br>\u00a0<br>505 ## $a [v. 1]. A bela adormecida. \u00a0v. 2. Branca de neve<\/td><\/tr><\/tbody><\/table><\/figure>\n","protected":false},"excerpt":{"rendered":"<p>BIBLIOTECA UNIVERSIT\u00c1RIA \u2013 UFMG\u00a0\u00a0\u00a0\u00a0\u00a0\u00a0\u00a0\u00a0\u00a0\u00a0\u00a0\u00a0\u00a0\u00a0\u00a0\u00a0\u00a0\u00a0\u00a0\u00a0\u00a0\u00a0\u00a0\u00a0\u00a0\u00a0\u00a0\u00a0\u00a0\u00a0\u00a0\u00a0\u00a0\u00a0\u00a0\u00a0\u00a0\u00a0\u00a0\u00a0\u00a0\u00a0\u00a0\u00a0\u00a0CENTRAL DE CONTROLE E QUALIDADE DA CATALOGA\u00c7\u00c3O &#8211; CCQC COMUNICADO N\u00ba: \u00a001\u00a0\u00a0\u00a0\u00a0\u00a0\u00a0\u00a0\u00a0\u00a0\u00a0 DATA: 07\/03\/2008 ASSUNTO:\u00a0 Campo 505 (Nota de conte\u00fado) Caso 1: Obras com t\u00edtulo coletivo e conte\u00fado, mas um ou mais volumes n\u00e3o tem indica\u00e7\u00e3o de conte\u00fado:Exemplo:505 ## $a v. 1. [Conte\u00fado n\u00e3o indicado] &#8212; v. 2. Histoire de la philosophie [&hellip;]<\/p>\n","protected":false},"author":1,"featured_media":0,"parent":0,"menu_order":0,"comment_status":"closed","ping_status":"closed","template":"","meta":{"footnotes":""},"class_list":["post-295","page","type-page","status-publish","hentry"],"_links":{"self":[{"href":"https:\/\/www.bu.ufmg.br\/catalogacao\/wp-json\/wp\/v2\/pages\/295","targetHints":{"allow":["GET"]}}],"collection":[{"href":"https:\/\/www.bu.ufmg.br\/catalogacao\/wp-json\/wp\/v2\/pages"}],"about":[{"href":"https:\/\/www.bu.ufmg.br\/catalogacao\/wp-json\/wp\/v2\/types\/page"}],"author":[{"embeddable":true,"href":"https:\/\/www.bu.ufmg.br\/catalogacao\/wp-json\/wp\/v2\/users\/1"}],"replies":[{"embeddable":true,"href":"https:\/\/www.bu.ufmg.br\/catalogacao\/wp-json\/wp\/v2\/comments?post=295"}],"version-history":[{"count":0,"href":"https:\/\/www.bu.ufmg.br\/catalogacao\/wp-json\/wp\/v2\/pages\/295\/revisions"}],"wp:attachment":[{"href":"https:\/\/www.bu.ufmg.br\/catalogacao\/wp-json\/wp\/v2\/media?parent=295"}],"curies":[{"name":"wp","href":"https:\/\/api.w.org\/{rel}","templated":true}]}}