{"id":293,"date":"2022-04-04T14:47:20","date_gmt":"2022-04-04T17:47:20","guid":{"rendered":"https:\/\/www.bu.ufmg.br\/catalogacao\/?page_id=293"},"modified":"2022-05-19T22:12:22","modified_gmt":"2022-05-20T01:12:22","slug":"campo-006-5xx-material-adicional","status":"publish","type":"page","link":"https:\/\/www.bu.ufmg.br\/catalogacao\/campo-006-5xx-material-adicional\/","title":{"rendered":"Campo 006, 5xx &#8211; material adicional"},"content":{"rendered":"\n<figure class=\"wp-block-table has-medium-font-size\"><table class=\"has-colibri-color-6-color has-text-color has-background\" style=\"background:linear-gradient(100deg,rgb(238,238,238) 0%,rgb(169,184,195) 100%)\"><thead><tr><th class=\"has-text-align-left\" data-align=\"left\">BIBLIOTECA UNIVERSIT\u00c1RIA \u2013 UFMG\u00a0\u00a0\u00a0\u00a0\u00a0\u00a0\u00a0\u00a0\u00a0\u00a0\u00a0\u00a0\u00a0\u00a0\u00a0\u00a0\u00a0\u00a0\u00a0\u00a0\u00a0\u00a0\u00a0\u00a0\u00a0\u00a0\u00a0\u00a0\u00a0\u00a0\u00a0\u00a0\u00a0\u00a0\u00a0\u00a0\u00a0\u00a0\u00a0\u00a0\u00a0\u00a0\u00a0\u00a0\u00a0<br>CENTRAL DE CONTROLE E QUALIDADE DA CATALOGA\u00c7\u00c3O &#8211; CCQC<\/th><\/tr><\/thead><tbody><tr><td class=\"has-text-align-left\" data-align=\"left\"><br><\/td><\/tr><tr><td class=\"has-text-align-left\" data-align=\"left\"><strong>COMUNICADO N\u00ba: <\/strong>04\u00a0\u00a0\u00a0\u00a0\u00a0\u00a0\u00a0\u00a0\u00a0\u00a0\u00a0\u00a0\u00a0\u00a0 <strong>DATA:<\/strong>\u00a0 31\/03\/2009<\/td><\/tr><tr><td class=\"has-text-align-left\" data-align=\"left\"><strong>ASSUNTO:<\/strong> V\u00e1rios<\/td><\/tr><tr><td class=\"has-text-align-left\" data-align=\"left\"><br>Orienta\u00e7\u00f5es sobre:<br>\u00a0<br>&#8211;\u00a0 Material adicional<br>Quando houver material adicional n\u00e3o esquecer de preencher o Campo 006, incluir nota 500 indicando o que est\u00e1 contido no mesmo. Quando o material adicional for CD-ROM, DVD-ROM, incluir a nota 538 &#8211; exig\u00eancias do sistema, se a informa\u00e7\u00e3o constar no item.<br>\u00a0<br>&#8211; Na implanta\u00e7\u00e3o de RBM, n\u00e3o usar o caractere | (n\u00e3o se codifica) nos campos 006, 007, 008. Na importa\u00e7\u00e3o de registros <strong>bibliogr\u00e1ficos id\u00eanticos<\/strong> n\u00e3o alterar esse caractere.<br>\u00a0<br>&#8211; N\u00e3o colocar travess\u00e3o separando:<br>\u00a0 &#8211; assuntos;<br>\u00a0 &#8211; entre \u00e1reas da descritiva.<br>\u00a0<br>&#8211; N\u00e3o excluir RAMs vazios. Deve-se fazer a transfer\u00eancia dos mesmos, pois \u00e0s\u00a0\u00a0\u00a0\u00a0<br>\u00a0 vezes o RAM pode aparentemente estar vazio, no entanto, existe algum RBM \u00a0\u00a0\u00a0\u00a0<br>\u00a0 ligado a ele.<br>\u00a0<br>Tratados no Registro Bibliogr\u00e1fico<br>\u00a0<br>Usar no campo X30 no caso de tratados com t\u00edtulo espec\u00edfico<br>Ex.: 630 04 $a Tratado de Tordesilhas<br>\u00a0<br>Usar no campo X10 no de tratados sem t\u00edtulo espec\u00edfico<br>\u00a0<br>Ex.: 110 1# $a Nicar\u00e1gua $t Tratados, etc. $g Estados Unidos, $d 05 ago. 1914.<br>\u00a0\u00a0\u00a0\u00a0\u00a0\u00a0 610 10 $a Egito. $t Tratados, etc. $g Israel, $d 26 mar. 1979<\/td><\/tr><\/tbody><\/table><\/figure>\n","protected":false},"excerpt":{"rendered":"<p>BIBLIOTECA UNIVERSIT\u00c1RIA \u2013 UFMG\u00a0\u00a0\u00a0\u00a0\u00a0\u00a0\u00a0\u00a0\u00a0\u00a0\u00a0\u00a0\u00a0\u00a0\u00a0\u00a0\u00a0\u00a0\u00a0\u00a0\u00a0\u00a0\u00a0\u00a0\u00a0\u00a0\u00a0\u00a0\u00a0\u00a0\u00a0\u00a0\u00a0\u00a0\u00a0\u00a0\u00a0\u00a0\u00a0\u00a0\u00a0\u00a0\u00a0\u00a0\u00a0CENTRAL DE CONTROLE E QUALIDADE DA CATALOGA\u00c7\u00c3O &#8211; CCQC COMUNICADO N\u00ba: 04\u00a0\u00a0\u00a0\u00a0\u00a0\u00a0\u00a0\u00a0\u00a0\u00a0\u00a0\u00a0\u00a0\u00a0 DATA:\u00a0 31\/03\/2009 ASSUNTO: V\u00e1rios Orienta\u00e7\u00f5es sobre:\u00a0&#8211;\u00a0 Material adicionalQuando houver material adicional n\u00e3o esquecer de preencher o Campo 006, incluir nota 500 indicando o que est\u00e1 contido no mesmo. Quando o material adicional for CD-ROM, DVD-ROM, incluir a nota 538 &#8211; [&hellip;]<\/p>\n","protected":false},"author":1,"featured_media":0,"parent":0,"menu_order":0,"comment_status":"closed","ping_status":"closed","template":"","meta":{"footnotes":""},"class_list":["post-293","page","type-page","status-publish","hentry"],"_links":{"self":[{"href":"https:\/\/www.bu.ufmg.br\/catalogacao\/wp-json\/wp\/v2\/pages\/293","targetHints":{"allow":["GET"]}}],"collection":[{"href":"https:\/\/www.bu.ufmg.br\/catalogacao\/wp-json\/wp\/v2\/pages"}],"about":[{"href":"https:\/\/www.bu.ufmg.br\/catalogacao\/wp-json\/wp\/v2\/types\/page"}],"author":[{"embeddable":true,"href":"https:\/\/www.bu.ufmg.br\/catalogacao\/wp-json\/wp\/v2\/users\/1"}],"replies":[{"embeddable":true,"href":"https:\/\/www.bu.ufmg.br\/catalogacao\/wp-json\/wp\/v2\/comments?post=293"}],"version-history":[{"count":0,"href":"https:\/\/www.bu.ufmg.br\/catalogacao\/wp-json\/wp\/v2\/pages\/293\/revisions"}],"wp:attachment":[{"href":"https:\/\/www.bu.ufmg.br\/catalogacao\/wp-json\/wp\/v2\/media?parent=293"}],"curies":[{"name":"wp","href":"https:\/\/api.w.org\/{rel}","templated":true}]}}