{"id":291,"date":"2022-04-04T14:45:07","date_gmt":"2022-04-04T17:45:07","guid":{"rendered":"https:\/\/www.bu.ufmg.br\/catalogacao\/?page_id=291"},"modified":"2022-05-19T22:10:53","modified_gmt":"2022-05-20T01:10:53","slug":"campo-500-anexos","status":"publish","type":"page","link":"https:\/\/www.bu.ufmg.br\/catalogacao\/campo-500-anexos\/","title":{"rendered":"Campo 500 &#8211; Anexos"},"content":{"rendered":"\n<figure class=\"wp-block-table has-medium-font-size\"><table class=\"has-colibri-color-6-color has-text-color has-background\" style=\"background:linear-gradient(100deg,rgb(238,238,238) 0%,rgb(169,184,195) 100%)\"><thead><tr><th class=\"has-text-align-left\" data-align=\"left\">BIBLIOTECA UNIVERSIT\u00c1RIA &#8211; UFMG<br>CENTRAL DE CONTROLE E QUALIDADE DA CATALOGA\u00c7\u00c3O -CCQC<\/th><\/tr><\/thead><tbody><tr><td class=\"has-text-align-left\" data-align=\"left\"><br><\/td><\/tr><tr><td class=\"has-text-align-left\" data-align=\"left\"><strong>COMUNICADO N\u00ba\u00a0<\/strong> 02-2007\u00a0\u00a0\u00a0\u00a0\u00a0\u00a0\u00a0\u00a0\u00a0\u00a0\u00a0\u00a0\u00a0\u00a0\u00a0\u00a0\u00a0\u00a0<strong> DATA: <\/strong>01\/02\/2007<\/td><\/tr><tr><td class=\"has-text-align-left\" data-align=\"left\"><strong>ASSUNTO:<\/strong>\u00a0 Anexos &#8211; Campo 500<\/td><\/tr><tr><td class=\"has-text-align-left\" data-align=\"left\"><br>Prezados Catalogadores,<br>\u00a0<br>Em alguns <strong>RBMs<\/strong> tem-se notado o uso do campo 504 para nota referente a anexos.<br>Solicitamos inserir esta nota no campo 500.<br>\u00a0<br><strong>O campo 504<\/strong> \u201c<em>\u00e9 indica\u00e7\u00e3o de bibliografias, \u00edndices, ap\u00eandices e refer\u00eancias bibliogr\u00e1ficas\u201d.<\/em><br>\u00a0<br>Atenciosamente,<br>CCCQ<\/td><\/tr><\/tbody><\/table><\/figure>\n\n\n\n<p><\/p>\n","protected":false},"excerpt":{"rendered":"<p>BIBLIOTECA UNIVERSIT\u00c1RIA &#8211; UFMGCENTRAL DE CONTROLE E QUALIDADE DA CATALOGA\u00c7\u00c3O -CCQC COMUNICADO N\u00ba\u00a0 02-2007\u00a0\u00a0\u00a0\u00a0\u00a0\u00a0\u00a0\u00a0\u00a0\u00a0\u00a0\u00a0\u00a0\u00a0\u00a0\u00a0\u00a0\u00a0 DATA: 01\/02\/2007 ASSUNTO:\u00a0 Anexos &#8211; Campo 500 Prezados Catalogadores,\u00a0Em alguns RBMs tem-se notado o uso do campo 504 para nota referente a anexos.Solicitamos inserir esta nota no campo 500.\u00a0O campo 504 \u201c\u00e9 indica\u00e7\u00e3o de bibliografias, \u00edndices, ap\u00eandices e refer\u00eancias bibliogr\u00e1ficas\u201d.\u00a0Atenciosamente,CCCQ<\/p>\n","protected":false},"author":1,"featured_media":0,"parent":0,"menu_order":0,"comment_status":"closed","ping_status":"closed","template":"","meta":{"footnotes":""},"class_list":["post-291","page","type-page","status-publish","hentry"],"_links":{"self":[{"href":"https:\/\/www.bu.ufmg.br\/catalogacao\/wp-json\/wp\/v2\/pages\/291","targetHints":{"allow":["GET"]}}],"collection":[{"href":"https:\/\/www.bu.ufmg.br\/catalogacao\/wp-json\/wp\/v2\/pages"}],"about":[{"href":"https:\/\/www.bu.ufmg.br\/catalogacao\/wp-json\/wp\/v2\/types\/page"}],"author":[{"embeddable":true,"href":"https:\/\/www.bu.ufmg.br\/catalogacao\/wp-json\/wp\/v2\/users\/1"}],"replies":[{"embeddable":true,"href":"https:\/\/www.bu.ufmg.br\/catalogacao\/wp-json\/wp\/v2\/comments?post=291"}],"version-history":[{"count":0,"href":"https:\/\/www.bu.ufmg.br\/catalogacao\/wp-json\/wp\/v2\/pages\/291\/revisions"}],"wp:attachment":[{"href":"https:\/\/www.bu.ufmg.br\/catalogacao\/wp-json\/wp\/v2\/media?parent=291"}],"curies":[{"name":"wp","href":"https:\/\/api.w.org\/{rel}","templated":true}]}}