{"id":286,"date":"2022-04-01T16:29:56","date_gmt":"2022-04-01T19:29:56","guid":{"rendered":"https:\/\/www.bu.ufmg.br\/catalogacao\/?page_id=286"},"modified":"2022-05-19T22:09:31","modified_gmt":"2022-05-20T01:09:31","slug":"campo-590-nota-local","status":"publish","type":"page","link":"https:\/\/www.bu.ufmg.br\/catalogacao\/campo-590-nota-local\/","title":{"rendered":"Campo 590 (Nota local)"},"content":{"rendered":"\n<figure class=\"wp-block-table has-medium-font-size\"><table class=\"has-colibri-color-6-color has-text-color has-background\" style=\"background:linear-gradient(100deg,rgb(238,238,238) 0%,rgb(169,184,195) 100%)\"><thead><tr><th class=\"has-text-align-left\" data-align=\"left\">BIBLIOTECA UNIVERSIT\u00c1RIA \u2013 UFMG\u00a0\u00a0\u00a0\u00a0\u00a0\u00a0\u00a0\u00a0\u00a0\u00a0\u00a0\u00a0\u00a0\u00a0\u00a0\u00a0\u00a0\u00a0\u00a0\u00a0\u00a0\u00a0\u00a0\u00a0\u00a0\u00a0\u00a0\u00a0\u00a0\u00a0\u00a0\u00a0\u00a0\u00a0\u00a0\u00a0\u00a0\u00a0\u00a0\u00a0\u00a0\u00a0\u00a0\u00a0\u00a0<br>CENTRAL DE CONTROLE E QUALIDADE DA CATALOGA\u00c7\u00c3O &#8211; CCQC<\/th><\/tr><\/thead><tbody><tr><td class=\"has-text-align-left\" data-align=\"left\"><br><\/td><\/tr><tr><td class=\"has-text-align-left\" data-align=\"left\"><strong>COMUNICADO N\u00ba<\/strong>: 8 \u00a0\u00a0\u00a0\u00a0\u00a0\u00a0\u00a0\u00a0\u00a0\u00a0\u00a0<strong>DATA:<\/strong> 20\/05\/2008<\/td><\/tr><tr><td class=\"has-text-align-left\" data-align=\"left\"><strong>ASSUNTO: <\/strong>Campo 590 (Nota local)<\/td><\/tr><tr><td class=\"has-text-align-left\" data-align=\"left\"><br>Caso seja necess\u00e1rio utilizar a nota 590, us\u00e1-la de forma padronizada e incluir o c\u00f3digo da biblioteca a que ela se refere.<br>\u00a0<br>Subcampos:\u00a0 $a Nota da biblioteca ou institui\u00e7\u00e3o<br>$8 C\u00f3digo da biblioteca<br>\u00a0<br>&#8211; Exemplos de tipos de notas a serem inclu\u00eddas no campo 590 <strong>$a $8<\/strong><br>\u00a0<br>590 ## $a Volumes 1, 2 e 5 ausentes.\u00a0 $8 7.<br>\u00a0<br>590 ## $a Reimpress\u00e3o de 2002. $8 16.<br>\u00a0<br>590 ## $a Projeto BNDES. $8 2.<br>\u00a0<br>590 ## $a 33. impress\u00e3o, 2007. $8 18.<br>\u00a0<br>590 ## $a Dedicat\u00f3ria do autor. $8 2.<br>\u00a0<br>590 ## $a Assinatura impressa do autor. $8 37.<br>\u00a0Quando v\u00e1rias bibliotecas t\u00eam o item nas mesmas condi\u00e7\u00f5es, basta inserir o c\u00f3digo da biblioteca, no mesmo campo<br>Exemplo:<br>2a. reimpress\u00e3o, 2005<br>590 ## $a 2. reimpress\u00e3o, 2005. $8 1 . $8 18 . $8 16.<br>\u00a0<br>Encaderna\u00e7\u00e3o local:<br>Ex.: 590 ## $a Encadernado com:<\/td><\/tr><\/tbody><\/table><\/figure>\n","protected":false},"excerpt":{"rendered":"<p>BIBLIOTECA UNIVERSIT\u00c1RIA \u2013 UFMG\u00a0\u00a0\u00a0\u00a0\u00a0\u00a0\u00a0\u00a0\u00a0\u00a0\u00a0\u00a0\u00a0\u00a0\u00a0\u00a0\u00a0\u00a0\u00a0\u00a0\u00a0\u00a0\u00a0\u00a0\u00a0\u00a0\u00a0\u00a0\u00a0\u00a0\u00a0\u00a0\u00a0\u00a0\u00a0\u00a0\u00a0\u00a0\u00a0\u00a0\u00a0\u00a0\u00a0\u00a0\u00a0CENTRAL DE CONTROLE E QUALIDADE DA CATALOGA\u00c7\u00c3O &#8211; CCQC COMUNICADO N\u00ba: 8 \u00a0\u00a0\u00a0\u00a0\u00a0\u00a0\u00a0\u00a0\u00a0\u00a0\u00a0DATA: 20\/05\/2008 ASSUNTO: Campo 590 (Nota local) Caso seja necess\u00e1rio utilizar a nota 590, us\u00e1-la de forma padronizada e incluir o c\u00f3digo da biblioteca a que ela se refere.\u00a0Subcampos:\u00a0 $a Nota da biblioteca ou institui\u00e7\u00e3o$8 C\u00f3digo da biblioteca\u00a0&#8211; Exemplos de [&hellip;]<\/p>\n","protected":false},"author":1,"featured_media":0,"parent":0,"menu_order":0,"comment_status":"closed","ping_status":"closed","template":"","meta":{"footnotes":""},"class_list":["post-286","page","type-page","status-publish","hentry"],"_links":{"self":[{"href":"https:\/\/www.bu.ufmg.br\/catalogacao\/wp-json\/wp\/v2\/pages\/286","targetHints":{"allow":["GET"]}}],"collection":[{"href":"https:\/\/www.bu.ufmg.br\/catalogacao\/wp-json\/wp\/v2\/pages"}],"about":[{"href":"https:\/\/www.bu.ufmg.br\/catalogacao\/wp-json\/wp\/v2\/types\/page"}],"author":[{"embeddable":true,"href":"https:\/\/www.bu.ufmg.br\/catalogacao\/wp-json\/wp\/v2\/users\/1"}],"replies":[{"embeddable":true,"href":"https:\/\/www.bu.ufmg.br\/catalogacao\/wp-json\/wp\/v2\/comments?post=286"}],"version-history":[{"count":0,"href":"https:\/\/www.bu.ufmg.br\/catalogacao\/wp-json\/wp\/v2\/pages\/286\/revisions"}],"wp:attachment":[{"href":"https:\/\/www.bu.ufmg.br\/catalogacao\/wp-json\/wp\/v2\/media?parent=286"}],"curies":[{"name":"wp","href":"https:\/\/api.w.org\/{rel}","templated":true}]}}