{"id":282,"date":"2022-04-01T16:26:16","date_gmt":"2022-04-01T19:26:16","guid":{"rendered":"https:\/\/www.bu.ufmg.br\/catalogacao\/?page_id=282"},"modified":"2022-05-19T22:07:33","modified_gmt":"2022-05-20T01:07:33","slug":"campo-500-e-504-notas-de-bibliografia-apendice-indice-e-anexo","status":"publish","type":"page","link":"https:\/\/www.bu.ufmg.br\/catalogacao\/campo-500-e-504-notas-de-bibliografia-apendice-indice-e-anexo\/","title":{"rendered":"Campo 500  e 504 &#8211; Notas de bibliografia, ap\u00eandice, \u00edndice e anexo"},"content":{"rendered":"\n<figure class=\"wp-block-table has-medium-font-size\"><table class=\"has-colibri-color-6-color has-text-color has-background\" style=\"background:linear-gradient(100deg,rgb(238,238,238) 0%,rgb(169,184,195) 100%)\"><thead><tr><th class=\"has-text-align-left\" data-align=\"left\">BIBLIOTECA UNIVERSIT\u00c1RIA \u2013 UFMG\u00a0\u00a0\u00a0\u00a0\u00a0\u00a0\u00a0\u00a0\u00a0\u00a0\u00a0\u00a0\u00a0\u00a0\u00a0\u00a0\u00a0\u00a0\u00a0\u00a0\u00a0\u00a0\u00a0\u00a0\u00a0\u00a0\u00a0\u00a0\u00a0\u00a0\u00a0\u00a0\u00a0\u00a0\u00a0\u00a0\u00a0\u00a0\u00a0\u00a0\u00a0\u00a0\u00a0\u00a0<br>CENTRAL DE CONTROLE E QUALIDADE DA CATALOGA\u00c7\u00c3O &#8211; CCQC<\/th><\/tr><\/thead><tbody><tr><td class=\"has-text-align-left\" data-align=\"left\"><br><\/td><\/tr><tr><td class=\"has-text-align-left\" data-align=\"left\"><strong>COMUNICADO N\u00ba<\/strong>: \u00a07\u00a0\u00a0\u00a0\u00a0\u00a0\u00a0\u00a0\u00a0\u00a0\u00a0\u00a0\u00a0\u00a0\u00a0 <strong>DATA:<\/strong>\u00a0 20\/05\/2008<\/td><\/tr><tr><td class=\"has-text-align-left\" data-align=\"left\"><strong>ASSUNTO: <\/strong>Notas de bibliografia, ap\u00eandice, \u00edndice e anexo\u00a0\u00a0<\/td><\/tr><tr><td class=\"has-text-align-left\" data-align=\"left\"><br>Prezados catalogadores,<br>Encaminhamos orienta\u00e7\u00e3o de uso dos campos de nota para bibliografias, ap\u00eandice, \u00edndice e anexos.\u00a0\u00a0<br>Solicitamos desconsiderar os comunicados anteriores a esse respeito.<br>\u00a0<br>\u25aa<strong>Anexo<\/strong>: inserir no campo 500<br>Ex: 500 ## $a Inclui anexo(s).<br>\u00a0<br>\u25aa<strong>\u00cdndice<\/strong>:<br><strong>&#8211;<\/strong>Se a publica\u00e7\u00e3o tiver um \u00edndice relativo ao seu pr\u00f3prio conte\u00fado, usar\u00a0 nota 500.<br>Ex: \u00a0\u00a0500 ## $a Inclui \u00edndice<br>500 ## $a Inclui \u00edndice de autor e t\u00edtulo<br><br><strong>&#8211;<\/strong>A obra \u00e9 um \u00edndice<strong>.<\/strong><br>Ex: Chemical abstracts author index<br><br>\u25aa As notas de bibliografia podem ser combinadas. Neste caso, inseri-las no campo 504.<br>\u00a0<em>(AACR2 1.7 A5):<\/em><br>Ex: 504 ## $a Inclui bibliografia e \u00edndice.<br>\u00a0 \u00a0 \u00a0 504 ## $a Inclui bibliografia e gloss\u00e1rio<br><br>\u00a0<br>\u25aa<strong>Gloss\u00e1rio e \u00edndice<\/strong><br>\u00a0\u00a0\u00a0\u00a0\u00a0 Ex: 500 ## $a Inclu\u00ed gloss\u00e1rio e \u00edndice.<br>\u00a0<br>\u25aa<strong>Gloss\u00e1rio<\/strong><br>Ex: 500 ## $a Inclui gloss\u00e1rio<br>\u00a0<br>\u25aa<strong>Bibliografia<\/strong>: Inserir no campo 504.<br>Se a publica\u00e7\u00e3o tiver cita\u00e7\u00f5es bibliogr\u00e1ficas em qualquer forma (<em>por exemplo, no final de cada cap\u00edtulo)<\/em>, usar a nota:<br>Exemplos:<br>504 ## $a Inclui bibliografia.<br>504 ## $a Inclui discografia<br>504 ## $a Inclui filmografia<br>504 ## $a Inclui \u00a0webliografia<br><br>Se existir uma bibliografia \u00fanica (<em>geralmente no final do item<\/em>), acrescentar a extens\u00e3o de p\u00e1ginas\/folhas:<br>\u00a0 \u00a0 \u00a0 \u00a0 \u00a0 \u00a0Ex. :504 ## $a Bibliografia: p. 245-261.<br>\u00a0<br>\u00a0<br><strong>Obs: Bibliografia inclui todo tipo de recurso, incluindo recurso eletr\u00f4nico.<\/strong><br>\u25aa<strong>Ap\u00eandice<\/strong>: inserir no campo 500<br>Ex: 500 ## $a Inclui ap\u00eandice<br>\u00a0<br>\u00a0<br><em>\u00a0\u00a0\u00a0\u00a0\u00a0\u00a0\u00a0\u00a0\u00a0\u00a0\u00a0\u00a0\u00a0\u00a0\u00a0\u00a0\u00a0\u00a0\u00a0\u00a0\u00a0\u00a0\u00a0\u00a0\u00a0\u00a0\u00a0\u00a0\u00a0 Fonte: LCRI &#8211; (Correspond\u00eancia CCQC \/ LC)<\/em><\/td><\/tr><\/tbody><\/table><\/figure>\n","protected":false},"excerpt":{"rendered":"<p>BIBLIOTECA UNIVERSIT\u00c1RIA \u2013 UFMG\u00a0\u00a0\u00a0\u00a0\u00a0\u00a0\u00a0\u00a0\u00a0\u00a0\u00a0\u00a0\u00a0\u00a0\u00a0\u00a0\u00a0\u00a0\u00a0\u00a0\u00a0\u00a0\u00a0\u00a0\u00a0\u00a0\u00a0\u00a0\u00a0\u00a0\u00a0\u00a0\u00a0\u00a0\u00a0\u00a0\u00a0\u00a0\u00a0\u00a0\u00a0\u00a0\u00a0\u00a0CENTRAL DE CONTROLE E QUALIDADE DA CATALOGA\u00c7\u00c3O &#8211; CCQC COMUNICADO N\u00ba: \u00a07\u00a0\u00a0\u00a0\u00a0\u00a0\u00a0\u00a0\u00a0\u00a0\u00a0\u00a0\u00a0\u00a0\u00a0 DATA:\u00a0 20\/05\/2008 ASSUNTO: Notas de bibliografia, ap\u00eandice, \u00edndice e anexo\u00a0\u00a0 Prezados catalogadores,Encaminhamos orienta\u00e7\u00e3o de uso dos campos de nota para bibliografias, ap\u00eandice, \u00edndice e anexos.\u00a0\u00a0Solicitamos desconsiderar os comunicados anteriores a esse respeito.\u00a0\u25aaAnexo: inserir no campo 500Ex: 500 ## $a Inclui [&hellip;]<\/p>\n","protected":false},"author":1,"featured_media":0,"parent":0,"menu_order":0,"comment_status":"closed","ping_status":"closed","template":"","meta":{"footnotes":""},"class_list":["post-282","page","type-page","status-publish","hentry"],"_links":{"self":[{"href":"https:\/\/www.bu.ufmg.br\/catalogacao\/wp-json\/wp\/v2\/pages\/282","targetHints":{"allow":["GET"]}}],"collection":[{"href":"https:\/\/www.bu.ufmg.br\/catalogacao\/wp-json\/wp\/v2\/pages"}],"about":[{"href":"https:\/\/www.bu.ufmg.br\/catalogacao\/wp-json\/wp\/v2\/types\/page"}],"author":[{"embeddable":true,"href":"https:\/\/www.bu.ufmg.br\/catalogacao\/wp-json\/wp\/v2\/users\/1"}],"replies":[{"embeddable":true,"href":"https:\/\/www.bu.ufmg.br\/catalogacao\/wp-json\/wp\/v2\/comments?post=282"}],"version-history":[{"count":0,"href":"https:\/\/www.bu.ufmg.br\/catalogacao\/wp-json\/wp\/v2\/pages\/282\/revisions"}],"wp:attachment":[{"href":"https:\/\/www.bu.ufmg.br\/catalogacao\/wp-json\/wp\/v2\/media?parent=282"}],"curies":[{"name":"wp","href":"https:\/\/api.w.org\/{rel}","templated":true}]}}