{"id":280,"date":"2022-04-01T16:25:00","date_gmt":"2022-04-01T19:25:00","guid":{"rendered":"https:\/\/www.bu.ufmg.br\/catalogacao\/?page_id=280"},"modified":"2022-05-19T22:05:59","modified_gmt":"2022-05-20T01:05:59","slug":"campo-502-autoridade-programa-de-universidade-cursos","status":"publish","type":"page","link":"https:\/\/www.bu.ufmg.br\/catalogacao\/campo-502-autoridade-programa-de-universidade-cursos\/","title":{"rendered":"Campo 502 &#8211; Autoridade &#8211; Programa de Universidade\/Cursos"},"content":{"rendered":"\n<figure class=\"wp-block-table has-medium-font-size\"><table class=\"has-colibri-color-6-color has-text-color has-background\" style=\"background:linear-gradient(100deg,rgb(238,238,238) 0%,rgb(169,184,195) 100%)\"><thead><tr><th class=\"has-text-align-left\" data-align=\"left\">BIBLIOTECA UNIVERSIT\u00c1RIA &#8211; UFMG<br>CENTRAL DE CONTROLE E QUALIDADE DA CATALOGA\u00c7\u00c3O -CCQC<\/th><\/tr><\/thead><tbody><tr><td class=\"has-text-align-left\" data-align=\"left\"><br><\/td><\/tr><tr><td class=\"has-text-align-left\" data-align=\"left\"><strong>COMUNICADO N\u00ba<\/strong>\u00a0 06\u00a0\u00a0\u00a0\u00a0\u00a0\u00a0\u00a0\u00a0\u00a0\u00a0\u00a0\u00a0\u00a0\u00a0\u00a0 <strong>DATA:<\/strong>\u00a0 23\/08\/2006<\/td><\/tr><tr><td class=\"has-text-align-left\" data-align=\"left\"><strong>ASSUNTO:<\/strong> Autoridade &#8211; Programa de universidade\/Cursos<\/td><\/tr><tr><td class=\"has-text-align-left\" data-align=\"left\"><br>Prezados Catalogadores,<br>\u00a0<br>Diante dos questionamentos relativos a \u00a0cursos e programas de p\u00f3s-gradua\u00e7\u00e3o subordinados a Universidades, refor\u00e7amos que a entrada \u00e9 conforme orienta\u00e7\u00e3o contida no\u00a0 documento da Rede BIBLIODATA : <em>Manual Autoridade de Nomes: metodologia, <\/em>\u00a0itens 1.5 b &#8211; \u201c <strong>Os cursos de universidades n\u00e3o entrar\u00e3o na hierarquia. Dar entrada at\u00e9 o n\u00edvel imediatamente superior.\u201d;<\/strong><br>1.5. c &#8211; <em>Programas de Universidades<\/em>, no t\u00f3pico <em>Programas de P\u00f3s-gradua\u00e7\u00e3o, Programas de Mestrado e Cursos de P\u00f3s-Gradua\u00e7\u00e3o<\/em>, p\u00e1g. 22:<br>\u00a0<strong>\u201cProgramas de p\u00f3s-gradua\u00e7\u00e3o, Programas de Mestrado e Cursos de P\u00f3s-Gradua\u00e7\u00e3o n\u00e3o entrar\u00e3o na hierarquia. Dar a entrada at\u00e9 o n\u00edvel imediatamente superior.\u201d<\/strong><br>\u00a0<br>Exemplos: Universidade Federal de Minas Gerais. Escola de Engenharia.<br><strong>x*<\/strong> Universidade Federal de Minas Gerais. Escola de Engenharia.<br>Curso de P\u00f3s-Gradua\u00e7\u00e3o em Engenharia Metal\u00fargica e de Minas.<br>502 ## Disserta\u00e7\u00e3o (mestrado) \u2013 Universidade Federal de Minas Gerais, Escola de Engenharia<br>\u00a0<br>\u00a0<br>Universidade Federal de Minas Gerais. Faculdade de Farm\u00e1cia.<br><strong>x*<\/strong> Universidade Federal de Minas Gerais. Faculdade de Farm\u00e1cia .Programa de P\u00f3s-Gradua\u00e7\u00e3o em Ci\u00eancias Farmac\u00eauticas.<br>502 ## Disserta\u00e7\u00e3o (mestrado) \u2013 Universidade Federal de Minas Gerais, Faculdade de Farm\u00e1cia<br>\u00a0<br><strong>* Anula<\/strong><br>\u00a0<br>\u00a0\u25baRecomendamos a leitura do item 1.5 Universidades do documento citado acima.\u25c4<\/td><\/tr><tr><td class=\"has-text-align-left\" data-align=\"left\"><strong>Lembrete: Obs.: Os dados referentes \u00e0 hierarquia da Universidade devem estar de acordo com o item em m\u00e3os.<\/strong><\/td><\/tr><\/tbody><\/table><\/figure>\n\n\n\n<p><\/p>\n","protected":false},"excerpt":{"rendered":"<p>BIBLIOTECA UNIVERSIT\u00c1RIA &#8211; UFMGCENTRAL DE CONTROLE E QUALIDADE DA CATALOGA\u00c7\u00c3O -CCQC COMUNICADO N\u00ba\u00a0 06\u00a0\u00a0\u00a0\u00a0\u00a0\u00a0\u00a0\u00a0\u00a0\u00a0\u00a0\u00a0\u00a0\u00a0\u00a0 DATA:\u00a0 23\/08\/2006 ASSUNTO: Autoridade &#8211; Programa de universidade\/Cursos Prezados Catalogadores,\u00a0Diante dos questionamentos relativos a \u00a0cursos e programas de p\u00f3s-gradua\u00e7\u00e3o subordinados a Universidades, refor\u00e7amos que a entrada \u00e9 conforme orienta\u00e7\u00e3o contida no\u00a0 documento da Rede BIBLIODATA : Manual Autoridade de Nomes: metodologia, [&hellip;]<\/p>\n","protected":false},"author":1,"featured_media":0,"parent":0,"menu_order":0,"comment_status":"closed","ping_status":"closed","template":"","meta":{"footnotes":""},"class_list":["post-280","page","type-page","status-publish","hentry"],"_links":{"self":[{"href":"https:\/\/www.bu.ufmg.br\/catalogacao\/wp-json\/wp\/v2\/pages\/280","targetHints":{"allow":["GET"]}}],"collection":[{"href":"https:\/\/www.bu.ufmg.br\/catalogacao\/wp-json\/wp\/v2\/pages"}],"about":[{"href":"https:\/\/www.bu.ufmg.br\/catalogacao\/wp-json\/wp\/v2\/types\/page"}],"author":[{"embeddable":true,"href":"https:\/\/www.bu.ufmg.br\/catalogacao\/wp-json\/wp\/v2\/users\/1"}],"replies":[{"embeddable":true,"href":"https:\/\/www.bu.ufmg.br\/catalogacao\/wp-json\/wp\/v2\/comments?post=280"}],"version-history":[{"count":0,"href":"https:\/\/www.bu.ufmg.br\/catalogacao\/wp-json\/wp\/v2\/pages\/280\/revisions"}],"wp:attachment":[{"href":"https:\/\/www.bu.ufmg.br\/catalogacao\/wp-json\/wp\/v2\/media?parent=280"}],"curies":[{"name":"wp","href":"https:\/\/api.w.org\/{rel}","templated":true}]}}