{"id":278,"date":"2022-04-01T16:23:26","date_gmt":"2022-04-01T19:23:26","guid":{"rendered":"https:\/\/www.bu.ufmg.br\/catalogacao\/?page_id=278"},"modified":"2022-05-19T22:04:44","modified_gmt":"2022-05-20T01:04:44","slug":"campo-502-notas-de-teses-ou-dissertacoes","status":"publish","type":"page","link":"https:\/\/www.bu.ufmg.br\/catalogacao\/campo-502-notas-de-teses-ou-dissertacoes\/","title":{"rendered":"Campo 502 &#8211; Notas de Teses ou Disserta\u00e7\u00f5es"},"content":{"rendered":"\n<figure class=\"wp-block-table has-medium-font-size\"><table class=\"has-colibri-color-6-color has-text-color has-background\" style=\"background:linear-gradient(100deg,rgb(238,238,238) 0%,rgb(169,184,195) 100%)\"><thead><tr><th class=\"has-text-align-left\" data-align=\"left\">BIBLIOTECA UNIVERSIT\u00c1RIA \u2013 UFMG\u00a0\u00a0\u00a0\u00a0\u00a0\u00a0\u00a0\u00a0\u00a0\u00a0\u00a0\u00a0\u00a0\u00a0\u00a0\u00a0\u00a0\u00a0\u00a0\u00a0\u00a0\u00a0\u00a0\u00a0\u00a0\u00a0\u00a0\u00a0\u00a0\u00a0\u00a0\u00a0\u00a0\u00a0\u00a0\u00a0\u00a0\u00a0\u00a0<br>CENTRAL DE CONTROLE E QUALIDADE DA CATALOGA\u00c7\u00c3O &#8211; CCQC<\/th><\/tr><\/thead><tbody><tr><td class=\"has-text-align-left\" data-align=\"left\"><br><\/td><\/tr><tr><td class=\"has-text-align-left\" data-align=\"left\"><strong>COMUNICADO N\u00ba:<\/strong>\u00a0 9\u00a0\u00a0\u00a0\u00a0\u00a0\u00a0\u00a0\u00a0\u00a0\u00a0\u00a0\u00a0\u00a0 <strong>DATA:<\/strong>\u00a0 29\/05\/2008<\/td><\/tr><tr><td class=\"has-text-align-left\" data-align=\"left\"><strong>ASSUNTO:<\/strong> 502 &#8211; Notas de teses ou disserta\u00e7\u00f5es<\/td><\/tr><tr><td class=\"has-text-align-left\" data-align=\"left\"><br>Disserta\u00e7\u00e3o em forma de artigo:<br>\u00a0Usar campo 502 conforme norma estabelecida e acrescentar \u00a0campo 500 com texto explicativo:<br>Exemplos:<br>500 ## Disserta\u00e7\u00e3o em formato de artigo<br>\u00a0\u00a0\u00a0 500 ## Artigo publicado na Revista &#8230;<br>\u00a0\u00a0\u00a0 502 ## Disserta\u00e7\u00e3o (mestrado) &#8211; Universidade Federal de Minas Gerais, Escola de M\u00fasica.<br>\u00a0\u00a0\u00a0 710 2# Universidade Federal de Minas Gerais. Escola de M\u00fasica.<br>\u00a0Teses\/disserta\u00e7\u00f5es com p\u00e1ginas de rosto sucessivas:<br>Exemplo:<br>\u00a0a primeira em portugu\u00eas e a segunda em ingl\u00eas. O texto em ingl\u00eas:<br>Seguir o AACR 2 2002 R. 10H1.di, onde a prefer\u00eancia \u00e9 pela p\u00e1gina de rosto na l\u00edngua do texto. (imagem anexa)<br>\u00a0<strong>Campo 300:<br>Folha<br><\/strong>Preencher a designa\u00e7\u00e3o espec\u00edfica do material usando\u00a0<strong>f.<\/strong>\u00a0quando apenas um lado estiver numerado e com texto.<br>Ex: 104 f.<br>P\u00e1gina:<br>Preencher a designa\u00e7\u00e3o espec\u00edfica do material usando <strong>p.<\/strong> quando os dois lados estiverem numerados e com texto.<br>124p.\u00a0<br>Campo 008 posi\u00e7\u00e3o 15-17 (local de publica\u00e7\u00e3o):<br>Preencher com\u00a0<strong>xx#<\/strong>\u00a0<\/td><\/tr><tr><td class=\"has-text-align-left\" data-align=\"left\">Importante: &nbsp;Monografia de especializa\u00e7\u00e3o\/gradua\u00e7\u00e3o devem ser inseridas no campo 500.<br>Exemplo:500 ## Monografia apresentada ao curso de especializa\u00e7\u00e3o em Ci\u00eancia da Informa\u00e7\u00e3o&#8230;..<\/td><\/tr><\/tbody><\/table><\/figure>\n","protected":false},"excerpt":{"rendered":"<p>BIBLIOTECA UNIVERSIT\u00c1RIA \u2013 UFMG\u00a0\u00a0\u00a0\u00a0\u00a0\u00a0\u00a0\u00a0\u00a0\u00a0\u00a0\u00a0\u00a0\u00a0\u00a0\u00a0\u00a0\u00a0\u00a0\u00a0\u00a0\u00a0\u00a0\u00a0\u00a0\u00a0\u00a0\u00a0\u00a0\u00a0\u00a0\u00a0\u00a0\u00a0\u00a0\u00a0\u00a0\u00a0\u00a0CENTRAL DE CONTROLE E QUALIDADE DA CATALOGA\u00c7\u00c3O &#8211; CCQC COMUNICADO N\u00ba:\u00a0 9\u00a0\u00a0\u00a0\u00a0\u00a0\u00a0\u00a0\u00a0\u00a0\u00a0\u00a0\u00a0\u00a0 DATA:\u00a0 29\/05\/2008 ASSUNTO: 502 &#8211; Notas de teses ou disserta\u00e7\u00f5es Disserta\u00e7\u00e3o em forma de artigo:\u00a0Usar campo 502 conforme norma estabelecida e acrescentar \u00a0campo 500 com texto explicativo:Exemplos:500 ## Disserta\u00e7\u00e3o em formato de artigo\u00a0\u00a0\u00a0 500 ## Artigo publicado na Revista &#8230;\u00a0\u00a0\u00a0 [&hellip;]<\/p>\n","protected":false},"author":1,"featured_media":0,"parent":0,"menu_order":0,"comment_status":"closed","ping_status":"closed","template":"","meta":{"footnotes":""},"class_list":["post-278","page","type-page","status-publish","hentry"],"_links":{"self":[{"href":"https:\/\/www.bu.ufmg.br\/catalogacao\/wp-json\/wp\/v2\/pages\/278","targetHints":{"allow":["GET"]}}],"collection":[{"href":"https:\/\/www.bu.ufmg.br\/catalogacao\/wp-json\/wp\/v2\/pages"}],"about":[{"href":"https:\/\/www.bu.ufmg.br\/catalogacao\/wp-json\/wp\/v2\/types\/page"}],"author":[{"embeddable":true,"href":"https:\/\/www.bu.ufmg.br\/catalogacao\/wp-json\/wp\/v2\/users\/1"}],"replies":[{"embeddable":true,"href":"https:\/\/www.bu.ufmg.br\/catalogacao\/wp-json\/wp\/v2\/comments?post=278"}],"version-history":[{"count":0,"href":"https:\/\/www.bu.ufmg.br\/catalogacao\/wp-json\/wp\/v2\/pages\/278\/revisions"}],"wp:attachment":[{"href":"https:\/\/www.bu.ufmg.br\/catalogacao\/wp-json\/wp\/v2\/media?parent=278"}],"curies":[{"name":"wp","href":"https:\/\/api.w.org\/{rel}","templated":true}]}}