{"id":270,"date":"2022-04-01T16:17:38","date_gmt":"2022-04-01T19:17:38","guid":{"rendered":"https:\/\/www.bu.ufmg.br\/catalogacao\/?page_id=270"},"modified":"2022-05-19T21:59:37","modified_gmt":"2022-05-20T00:59:37","slug":"campo-563-informacao-de-encadenacao-r","status":"publish","type":"page","link":"https:\/\/www.bu.ufmg.br\/catalogacao\/campo-563-informacao-de-encadenacao-r\/","title":{"rendered":"Campo 563 &#8211; Informa\u00e7\u00e3o de Encadena\u00e7\u00e3o (R)"},"content":{"rendered":"\n<figure class=\"wp-block-table has-medium-font-size\"><table class=\"has-colibri-color-6-color has-text-color has-background\" style=\"background:linear-gradient(100deg,rgb(238,238,238) 0%,rgb(169,184,195) 100%)\"><thead><tr><th class=\"has-text-align-left\" data-align=\"left\">BIBLIOTECA UNIVERSIT\u00c1RIA \u2013 UFMG\u00a0\u00a0\u00a0\u00a0\u00a0\u00a0\u00a0\u00a0\u00a0\u00a0\u00a0\u00a0\u00a0\u00a0\u00a0\u00a0\u00a0\u00a0\u00a0\u00a0\u00a0\u00a0\u00a0\u00a0\u00a0\u00a0\u00a0\u00a0\u00a0\u00a0\u00a0\u00a0\u00a0\u00a0\u00a0\u00a0\u00a0\u00a0\u00a0\u00a0\u00a0\u00a0\u00a0\u00a0\u00a0<br>CENTRAL DE CONTROLE E QUALIDADE DA CATALOGA\u00c7\u00c3O &#8211; CCQC<\/th><\/tr><\/thead><tbody><tr><td class=\"has-text-align-left\" data-align=\"left\"><br><\/td><\/tr><tr><td class=\"has-text-align-left\" data-align=\"left\"><strong>COMUNICADO N\u00ba<\/strong>: \u00a0 \u00a0 8 \u00a0    <strong> DATA<\/strong>: 2015<\/td><\/tr><tr><td class=\"has-text-align-left\" data-align=\"left\"><strong>ASSUNTO:<\/strong> \u00a0Resposta da LC sobre o uso do campo 563<\/td><\/tr><tr><td class=\"has-text-align-left\" data-align=\"left\"><br><br><strong>Campo 563 &#8211; Informa\u00e7\u00e3o de encaderna\u00e7\u00e3o (R)<\/strong><br>\u00a0<br>Resposta da LC sobre o uso do campo 563<br>\u00a0<br>Esse campo foi desenvolvido para fornecer informa\u00e7\u00e3o sobre encaderna\u00e7\u00e3o original do editor \/ publicado e tem o objetivo prim\u00e1rio de ser aplicado em obras raras.<br>\u00a0<br>\u00a0Entretanto, Verifique com o Network Development and MARC Standards Office e pensamos que o campo pode ser usado tamb\u00e9m para descrever informa\u00e7\u00e3o de encaderna\u00e7\u00e3o local, isto e, informa\u00e7\u00e3o especifica do exemplar.\u00a0Em tal caso a biblioteca deve usar subcampo $5 no final do campo\u00a0para identificar a institui\u00e7\u00e3o detentora do exemplar local que esta sendo referenciado.<br>Nos tamb\u00e9m concordamos com a indica\u00e7\u00e3o na segunda fonte que voc\u00ea citou no email (National Library of Scotland Rare Book Collection) que &#8221; o campo 563 deve descrever estragos na encadernado, mas n\u00e3o encaderna\u00e7\u00e3o indevida, errada ou imperfei\u00e7oes do conte\u00fado&#8230;&#8221;<br>\u00a0<br>Mr. Kay \u00a0Guiles<br>Cataloging Policy Specialist<br>Policy \u00a0and Standards \u00a0Division<br>\u00a0<br>\u00a0<br>Uso do campo 563 &#8211; Informa\u00e7ao de encaderna\u00e7\u00e3o (R) NA UFMG<br>usado apenas para <strong>obras raras<\/strong><br>\u00a0<br>Para\u00a0informa\u00e7\u00e3o\u00a0sobre\u00a0encadernado\u00a0\u00a0local de <strong>obras n\u00e3o raras<\/strong> \u00a0continuar a usar o campo 590 &#8211; Nota local com o\u00a0subcampo $8 com o\u00a0c\u00f3digo\u00a0da biblioteca a qual a\u00a0situa\u00e7\u00e3o\u00a0se aplica.<br>\u00a0<br>Veja tamb\u00e9m:<br><a href=\"http:\/\/www.loc.gov\/marc\/bibliographic\/bd563.html\">http:\/\/www.loc.gov\/marc\/bibliographic\/bd563.html<\/a><\/td><\/tr><\/tbody><\/table><\/figure>\n","protected":false},"excerpt":{"rendered":"<p>BIBLIOTECA UNIVERSIT\u00c1RIA \u2013 UFMG\u00a0\u00a0\u00a0\u00a0\u00a0\u00a0\u00a0\u00a0\u00a0\u00a0\u00a0\u00a0\u00a0\u00a0\u00a0\u00a0\u00a0\u00a0\u00a0\u00a0\u00a0\u00a0\u00a0\u00a0\u00a0\u00a0\u00a0\u00a0\u00a0\u00a0\u00a0\u00a0\u00a0\u00a0\u00a0\u00a0\u00a0\u00a0\u00a0\u00a0\u00a0\u00a0\u00a0\u00a0\u00a0CENTRAL DE CONTROLE E QUALIDADE DA CATALOGA\u00c7\u00c3O &#8211; CCQC COMUNICADO N\u00ba: \u00a0 \u00a0 8 \u00a0 DATA: 2015 ASSUNTO: \u00a0Resposta da LC sobre o uso do campo 563 Campo 563 &#8211; Informa\u00e7\u00e3o de encaderna\u00e7\u00e3o (R)\u00a0Resposta da LC sobre o uso do campo 563\u00a0Esse campo foi desenvolvido para fornecer informa\u00e7\u00e3o sobre encaderna\u00e7\u00e3o original do [&hellip;]<\/p>\n","protected":false},"author":1,"featured_media":0,"parent":0,"menu_order":0,"comment_status":"closed","ping_status":"closed","template":"","meta":{"footnotes":""},"class_list":["post-270","page","type-page","status-publish","hentry"],"_links":{"self":[{"href":"https:\/\/www.bu.ufmg.br\/catalogacao\/wp-json\/wp\/v2\/pages\/270","targetHints":{"allow":["GET"]}}],"collection":[{"href":"https:\/\/www.bu.ufmg.br\/catalogacao\/wp-json\/wp\/v2\/pages"}],"about":[{"href":"https:\/\/www.bu.ufmg.br\/catalogacao\/wp-json\/wp\/v2\/types\/page"}],"author":[{"embeddable":true,"href":"https:\/\/www.bu.ufmg.br\/catalogacao\/wp-json\/wp\/v2\/users\/1"}],"replies":[{"embeddable":true,"href":"https:\/\/www.bu.ufmg.br\/catalogacao\/wp-json\/wp\/v2\/comments?post=270"}],"version-history":[{"count":0,"href":"https:\/\/www.bu.ufmg.br\/catalogacao\/wp-json\/wp\/v2\/pages\/270\/revisions"}],"wp:attachment":[{"href":"https:\/\/www.bu.ufmg.br\/catalogacao\/wp-json\/wp\/v2\/media?parent=270"}],"curies":[{"name":"wp","href":"https:\/\/api.w.org\/{rel}","templated":true}]}}