{"id":224,"date":"2022-03-31T16:43:01","date_gmt":"2022-03-31T19:43:01","guid":{"rendered":"https:\/\/www.bu.ufmg.br\/catalogacao\/?page_id=224"},"modified":"2022-05-12T20:46:47","modified_gmt":"2022-05-12T23:46:47","slug":"campos-marc-214-e-440-e-registros-incompletos","status":"publish","type":"page","link":"https:\/\/www.bu.ufmg.br\/catalogacao\/campos-marc-214-e-440-e-registros-incompletos\/","title":{"rendered":"Campos MARC 214 e 440 e Registros incompletos"},"content":{"rendered":"\n<figure class=\"wp-block-table has-medium-font-size\"><table class=\"has-colibri-color-6-color has-text-color has-background\" style=\"background:linear-gradient(100deg,rgb(238,238,238) 0%,rgb(169,184,195) 100%)\"><thead><tr><th class=\"has-text-align-left\" data-align=\"left\">BIBLIOTECA UNIVERSIT\u00c1RIA \u2013 UFMG&nbsp;&nbsp;&nbsp;&nbsp;&nbsp;&nbsp;&nbsp;&nbsp;&nbsp;&nbsp;&nbsp;&nbsp;&nbsp;&nbsp;&nbsp;&nbsp;&nbsp;&nbsp;&nbsp;&nbsp;&nbsp;&nbsp;&nbsp;&nbsp;&nbsp;&nbsp;&nbsp;&nbsp;&nbsp;&nbsp;&nbsp;&nbsp;&nbsp;&nbsp;&nbsp;&nbsp;&nbsp;&nbsp;&nbsp;&nbsp;&nbsp;&nbsp;&nbsp;&nbsp;&nbsp;<br>CENTRAL DE CONTROLE E QUALIDADE DA CATALOGA\u00c7\u00c3O &#8211; CCQC<\/th><\/tr><\/thead><tbody><tr><td class=\"has-text-align-left\" data-align=\"left\"><br><\/td><\/tr><tr><td class=\"has-text-align-left\" data-align=\"left\"><strong>COMUNICADO N\u00ba:<\/strong> 06&nbsp;&nbsp;&nbsp;&nbsp;&nbsp;&nbsp;&nbsp;&nbsp;&nbsp;&nbsp;&nbsp;&nbsp;&nbsp;&nbsp;&nbsp;<strong> DATA:<\/strong>&nbsp; 04\/11\/2009<\/td><\/tr><tr><td class=\"has-text-align-left\" data-align=\"left\"><strong>ASSUNTO: <\/strong>Campos MARC e Registros incompletos<\/td><\/tr><tr><td class=\"has-text-align-left\" data-align=\"left\"><br><strong>Orienta\u00e7\u00f5es sobre campos obsoletos do MARC:<\/strong><br>\u00a0<br>N\u00e3o excluir os campos 214 (t\u00edtulo expandido) e 440. N\u00e3o acrescentar o campo 246 junto ao campo 214, pois ambos t\u00eam a mesma fun\u00e7\u00e3o. Se encontrar um registro com esses campos na base dados local, n\u00e3o fazer altera\u00e7\u00e3o, mesmo se incluir novo exemplar. Esse registro est\u00e1 de acordo com princ\u00edpio hist\u00f3rico do formato MARC.<br>\u00a0<br>Se o procedimento for copy (registro semelhante, por exemplo uma edi\u00e7\u00e3o diferente) editar o registro como um todo. Nesse caso os campos antigos devem ser substitu\u00eddos, pois \u00e9 considerado implanta\u00e7\u00e3o.<br>\u00a0<br><strong>Orienta\u00e7\u00f5es sobre exclus\u00e3o de acervos nos registros incompletos:<\/strong><br>\u00a0<br>N\u00e3o excluir acervos vazios nos registros incompletos, pois al\u00e9m de excluir o registro selecionado excluir\u00e1 tamb\u00e9m do catalogador que estiver catalogando no mesmo instante; fazer o procedimento de limpar acervo e excluir no pr\u00f3prio Cad. Acervo.<br>\u00a0<br><strong>Alerta:<\/strong> favor n\u00e3o reaproveitar registros vazios, pois apesar de exclu\u00eddo o registro mant\u00e9m o hist\u00f3rico.<\/td><\/tr><\/tbody><\/table><\/figure>\n","protected":false},"excerpt":{"rendered":"<p>BIBLIOTECA UNIVERSIT\u00c1RIA \u2013 UFMG&nbsp;&nbsp;&nbsp;&nbsp;&nbsp;&nbsp;&nbsp;&nbsp;&nbsp;&nbsp;&nbsp;&nbsp;&nbsp;&nbsp;&nbsp;&nbsp;&nbsp;&nbsp;&nbsp;&nbsp;&nbsp;&nbsp;&nbsp;&nbsp;&nbsp;&nbsp;&nbsp;&nbsp;&nbsp;&nbsp;&nbsp;&nbsp;&nbsp;&nbsp;&nbsp;&nbsp;&nbsp;&nbsp;&nbsp;&nbsp;&nbsp;&nbsp;&nbsp;&nbsp;&nbsp;CENTRAL DE CONTROLE E QUALIDADE DA CATALOGA\u00c7\u00c3O &#8211; CCQC COMUNICADO N\u00ba: 06&nbsp;&nbsp;&nbsp;&nbsp;&nbsp;&nbsp;&nbsp;&nbsp;&nbsp;&nbsp;&nbsp;&nbsp;&nbsp;&nbsp;&nbsp; DATA:&nbsp; 04\/11\/2009 ASSUNTO: Campos MARC e Registros incompletos Orienta\u00e7\u00f5es sobre campos obsoletos do MARC:\u00a0N\u00e3o excluir os campos 214 (t\u00edtulo expandido) e 440. N\u00e3o acrescentar o campo 246 junto ao campo 214, pois ambos t\u00eam a mesma fun\u00e7\u00e3o. Se encontrar um [&hellip;]<\/p>\n","protected":false},"author":1,"featured_media":0,"parent":0,"menu_order":0,"comment_status":"closed","ping_status":"closed","template":"","meta":{"footnotes":""},"class_list":["post-224","page","type-page","status-publish","hentry"],"_links":{"self":[{"href":"https:\/\/www.bu.ufmg.br\/catalogacao\/wp-json\/wp\/v2\/pages\/224","targetHints":{"allow":["GET"]}}],"collection":[{"href":"https:\/\/www.bu.ufmg.br\/catalogacao\/wp-json\/wp\/v2\/pages"}],"about":[{"href":"https:\/\/www.bu.ufmg.br\/catalogacao\/wp-json\/wp\/v2\/types\/page"}],"author":[{"embeddable":true,"href":"https:\/\/www.bu.ufmg.br\/catalogacao\/wp-json\/wp\/v2\/users\/1"}],"replies":[{"embeddable":true,"href":"https:\/\/www.bu.ufmg.br\/catalogacao\/wp-json\/wp\/v2\/comments?post=224"}],"version-history":[{"count":0,"href":"https:\/\/www.bu.ufmg.br\/catalogacao\/wp-json\/wp\/v2\/pages\/224\/revisions"}],"wp:attachment":[{"href":"https:\/\/www.bu.ufmg.br\/catalogacao\/wp-json\/wp\/v2\/media?parent=224"}],"curies":[{"name":"wp","href":"https:\/\/api.w.org\/{rel}","templated":true}]}}