{"id":222,"date":"2022-03-31T16:41:55","date_gmt":"2022-03-31T19:41:55","guid":{"rendered":"https:\/\/www.bu.ufmg.br\/catalogacao\/?page_id=222"},"modified":"2022-05-12T20:43:02","modified_gmt":"2022-05-12T23:43:02","slug":"campo-490-serie","status":"publish","type":"page","link":"https:\/\/www.bu.ufmg.br\/catalogacao\/campo-490-serie\/","title":{"rendered":"Campo 490 &#8211; S\u00e9rie"},"content":{"rendered":"\n<figure class=\"wp-block-table has-medium-font-size\"><table class=\"has-colibri-color-6-color has-text-color has-background\" style=\"background:linear-gradient(100deg,rgb(238,238,238) 0%,rgb(169,184,195) 100%)\"><thead><tr><th class=\"has-text-align-left\" data-align=\"left\">BIBLIOTECA UNIVERSIT\u00c1RIA \u2013 UFMG&nbsp;&nbsp;&nbsp;&nbsp;&nbsp;&nbsp;&nbsp;&nbsp;&nbsp;&nbsp;&nbsp;&nbsp;&nbsp;&nbsp;&nbsp;&nbsp;&nbsp;&nbsp;&nbsp;&nbsp;&nbsp;&nbsp;&nbsp;&nbsp;&nbsp;&nbsp;&nbsp;&nbsp;&nbsp;&nbsp;&nbsp;&nbsp;&nbsp;&nbsp;&nbsp;&nbsp;&nbsp;&nbsp;&nbsp;&nbsp;&nbsp;&nbsp;&nbsp;&nbsp;&nbsp;<br>CENTRAL DE CONTROLE E QUALIDADE DA CATALOGA\u00c7\u00c3O &#8211; CCQC<\/th><\/tr><\/thead><tbody><tr><td class=\"has-text-align-left\" data-align=\"left\"><br><\/td><\/tr><tr><td class=\"has-text-align-left\" data-align=\"left\"><strong>COMUNICADO N\u00ba: <\/strong>02&nbsp;&nbsp;&nbsp;&nbsp;&nbsp;&nbsp;&nbsp;&nbsp;&nbsp;&nbsp;&nbsp;&nbsp;&nbsp;&nbsp;&nbsp;<strong> DATA:<\/strong>&nbsp; 31\/03\/2009<\/td><\/tr><tr><td class=\"has-text-align-left\" data-align=\"left\"><strong>ASSUNTO:<\/strong> S\u00e9rie<\/td><\/tr><tr><td class=\"has-text-align-left\" data-align=\"left\"><br><strong>Orienta\u00e7\u00f5es sobre s\u00e9rie:<\/strong><br>\u00a0<br><strong>&#8211; \u00a0Cole\u00e7\u00e3o IEAT \u2013 (nome da s\u00e9rie na capa).<\/strong><br>\u00a0\u00a0\u00a0 O campo 490 fica igual ao campo 830.<br>\u00a0\u00a0\u00a0\u00a0 Ex.:   490 1# $a Cole\u00e7\u00e3o IEAT\u00a0<br>\u00a0\u00a0\u00a0\u00a0\u00a0\u00a0\u00a0\u00a0\u00a0\u00a0\u00a0\u00a0 830 #0 $a Cole\u00e7\u00e3o IEAT<br>Por se tratar\u00a0 de uma s\u00e9rie que ainda n\u00e3o tem outra com nome id\u00eantico, n\u00e3o usar qualificador. Se aparecer uma segunda de outra institui\u00e7\u00e3o usar qualificador.<br>\u00a0<br><strong>&#8211; S\u00e9rie com editor, coordenador, etc.<\/strong><br>\u00a0<br>Se for importante, colocar o nome do editor, coordenador, etc, em\u00a0 nota 500 e desdobrar no campo 700.<br>\u00a0\u00a0 Ex.: \u00a0\u00a0490 1# $a Cole\u00e7\u00e3o cl\u00e1ssicos do direito internacional<br>\u00a0\u00a0\u00a0\u00a0\u00a0\u00a0\u00a0\u00a0\u00a0\u00a0 \u00a0830 #0 $a Cl\u00e1ssicos do direito internacional<br>\u00a0\u00a0 \u00a0\u00a0\u00a0\u00a0\u00a0\u00a0\u00a0\u00a0\u00a0500 ## $a Cole\u00e7\u00e3o coordenada por Arno Dal Ri J\u00fanior<br>\u00a0\u00a0\u00a0 \u00a0\u00a0\u00a0\u00a0\u00a0\u00a0 \u00a0700 1 # $a Dal Ri J\u00fanior, Arno<br>\u00a0<br><strong>&#8211; S\u00e9rie paralela com volume (v.)<\/strong><br>\u00a0<br>Com n\u00famero de volume ap\u00f3s t\u00edtulo principal: incluir o n\u00famero no t\u00edtulo principal.<br>\u00a0<br>Ap\u00f3s t\u00edtulo paralelo: incluir ap\u00f3s o t\u00edtulo paralelo.<br>Ex.:\u00a0 490 1# $a Archives Internationales D\u2019Histoire des Id\u00e9es = $a International Archives of the History of Ideas; $v 199<br>\u00a0\u00a0\u00a0\u00a0\u00a0\u00a0\u00a0\u00a0 830 #0 $a Archives Internationales D\u2019Histoire des Id\u00e9es; $v 199<br>\u00a0<br>Quando o mesmo n\u00famero de volume acompanhar os dois t\u00edtulos da s\u00e9rie, principal e paralelo: colocar o n\u00famero no t\u00edtulo principal e no paralelo no campo 490. No campo 830, utilizar a forma autorizada do t\u00edtulo principal.<br>490\u00a0\u00a0 1# $aPapers and documents of the I.C.I. Series C, Bibliographies ; $vno. 3 = $aTravaux et documents de l&#8217;I.C.I. S\u00e9rie C, Bibliographies ; $vno 3<br>830 #0 Papers and documents of the I.C.I. $n Series C, $p Bibliographies; $v no.3<\/td><\/tr><tr><td class=\"has-text-align-left\" data-align=\"left\"><br>&#8211; <strong>S\u00e9rie com ISSN, n\u00famero e numera\u00e7\u00e3o<\/strong><br>&nbsp;O campo 490 ser\u00e1 igual ao campo 830<br>Colocar o nome da s\u00e9rie, o n\u00famero, o&nbsp; ISSN sem a sigla e o numeral da s\u00e9rie.<br>&nbsp;<br>Ex.: 490 1# $a Mem\u00f3rias do Instituto de Investiga\u00e7\u00e3o Cient\u00edfica Tropical. Segunda s\u00e9rie, $x 0870-0036; $v n.68<br>&nbsp;<br>&#8211; <strong>S\u00e9rie aparece com v\u00e1rios t\u00edtulos&nbsp; na obra<\/strong><br>Campo 490&nbsp; como aparece na obra<br>Campo 830&nbsp; forma autorizada<br>&nbsp;<br>Ex.: 490 1# $a G-F Flammarion ; $v 871<br>&nbsp;&nbsp;&nbsp;&nbsp;&nbsp;&nbsp; 830 #0 $a G. F. ; $v 871<br>&nbsp;<br>&nbsp;&nbsp;&nbsp;&nbsp;&nbsp;&nbsp;&nbsp; 490 1# $a Cole\u00e7\u00e3o reconquista do Brasil<br>&nbsp;&nbsp;&nbsp;&nbsp;&nbsp;&nbsp;&nbsp; 830 #0 $a Reconquista do Brasil<br>&nbsp;<br>&nbsp;<br>&#8211; <strong>Importa\u00e7\u00e3o de autoridade de s\u00e9rie<\/strong><br>Utilizar a mesma rotina&nbsp; para nomes e assuntos.<\/td><\/tr><\/tbody><\/table><\/figure>\n","protected":false},"excerpt":{"rendered":"<p>BIBLIOTECA UNIVERSIT\u00c1RIA \u2013 UFMG&nbsp;&nbsp;&nbsp;&nbsp;&nbsp;&nbsp;&nbsp;&nbsp;&nbsp;&nbsp;&nbsp;&nbsp;&nbsp;&nbsp;&nbsp;&nbsp;&nbsp;&nbsp;&nbsp;&nbsp;&nbsp;&nbsp;&nbsp;&nbsp;&nbsp;&nbsp;&nbsp;&nbsp;&nbsp;&nbsp;&nbsp;&nbsp;&nbsp;&nbsp;&nbsp;&nbsp;&nbsp;&nbsp;&nbsp;&nbsp;&nbsp;&nbsp;&nbsp;&nbsp;&nbsp;CENTRAL DE CONTROLE E QUALIDADE DA CATALOGA\u00c7\u00c3O &#8211; CCQC COMUNICADO N\u00ba: 02&nbsp;&nbsp;&nbsp;&nbsp;&nbsp;&nbsp;&nbsp;&nbsp;&nbsp;&nbsp;&nbsp;&nbsp;&nbsp;&nbsp;&nbsp; DATA:&nbsp; 31\/03\/2009 ASSUNTO: S\u00e9rie Orienta\u00e7\u00f5es sobre s\u00e9rie:\u00a0&#8211; \u00a0Cole\u00e7\u00e3o IEAT \u2013 (nome da s\u00e9rie na capa).\u00a0\u00a0\u00a0 O campo 490 fica igual ao campo 830.\u00a0\u00a0\u00a0\u00a0 Ex.: 490 1# $a Cole\u00e7\u00e3o IEAT\u00a0\u00a0\u00a0\u00a0\u00a0\u00a0\u00a0\u00a0\u00a0\u00a0\u00a0\u00a0\u00a0 830 #0 $a Cole\u00e7\u00e3o IEATPor se tratar\u00a0 de uma s\u00e9rie que [&hellip;]<\/p>\n","protected":false},"author":1,"featured_media":0,"parent":0,"menu_order":0,"comment_status":"closed","ping_status":"closed","template":"","meta":{"footnotes":""},"class_list":["post-222","page","type-page","status-publish","hentry"],"_links":{"self":[{"href":"https:\/\/www.bu.ufmg.br\/catalogacao\/wp-json\/wp\/v2\/pages\/222","targetHints":{"allow":["GET"]}}],"collection":[{"href":"https:\/\/www.bu.ufmg.br\/catalogacao\/wp-json\/wp\/v2\/pages"}],"about":[{"href":"https:\/\/www.bu.ufmg.br\/catalogacao\/wp-json\/wp\/v2\/types\/page"}],"author":[{"embeddable":true,"href":"https:\/\/www.bu.ufmg.br\/catalogacao\/wp-json\/wp\/v2\/users\/1"}],"replies":[{"embeddable":true,"href":"https:\/\/www.bu.ufmg.br\/catalogacao\/wp-json\/wp\/v2\/comments?post=222"}],"version-history":[{"count":0,"href":"https:\/\/www.bu.ufmg.br\/catalogacao\/wp-json\/wp\/v2\/pages\/222\/revisions"}],"wp:attachment":[{"href":"https:\/\/www.bu.ufmg.br\/catalogacao\/wp-json\/wp\/v2\/media?parent=222"}],"curies":[{"name":"wp","href":"https:\/\/api.w.org\/{rel}","templated":true}]}}