{"id":218,"date":"2022-03-31T15:59:48","date_gmt":"2022-03-31T18:59:48","guid":{"rendered":"https:\/\/www.bu.ufmg.br\/catalogacao\/?page_id=218"},"modified":"2022-05-12T19:55:14","modified_gmt":"2022-05-12T22:55:14","slug":"importacao-de-registros-identicos-e-semelhantes","status":"publish","type":"page","link":"https:\/\/www.bu.ufmg.br\/catalogacao\/importacao-de-registros-identicos-e-semelhantes\/","title":{"rendered":"Importa\u00e7\u00e3o de registros id\u00eanticos e semelhantes"},"content":{"rendered":"\n<figure class=\"wp-block-table has-medium-font-size\"><table class=\"has-colibri-color-6-color has-text-color has-background\" style=\"background:linear-gradient(100deg,rgb(238,238,238) 0%,rgb(169,184,195) 100%)\"><thead><tr><th class=\"has-text-align-left\" data-align=\"left\">BIBLIOTECA UNIVERSIT\u00c1RIA \u2013 UFMG&nbsp;&nbsp;&nbsp;&nbsp;&nbsp;&nbsp;&nbsp;&nbsp;&nbsp;&nbsp;&nbsp;&nbsp;&nbsp;&nbsp;&nbsp;&nbsp;&nbsp;&nbsp;&nbsp;&nbsp;&nbsp;&nbsp;&nbsp;&nbsp;&nbsp;&nbsp;&nbsp;&nbsp;&nbsp;&nbsp;&nbsp;&nbsp;&nbsp;&nbsp;&nbsp;&nbsp;&nbsp;&nbsp;&nbsp;&nbsp;&nbsp;&nbsp;&nbsp;&nbsp;&nbsp;<br>CENTRAL DE CONTROLE E QUALIDADE DA CATALOGA\u00c7\u00c3O &#8211; CCQC<\/th><\/tr><\/thead><tbody><tr><td class=\"has-text-align-left\" data-align=\"left\"><br><\/td><\/tr><tr><td class=\"has-text-align-left\" data-align=\"left\"><strong>COMUNICADO: N\u00ba<\/strong>: &nbsp;03 &nbsp; &nbsp; <strong>DATA: <\/strong>05\/03\/2007<\/td><\/tr><tr><td class=\"has-text-align-left\" data-align=\"left\"><strong>ASSUNTO: &nbsp;<\/strong>Importa\u00e7\u00e3o de registros id\u00eanticos e semelhantes<\/td><\/tr><tr><td class=\"has-text-align-left\" data-align=\"left\"><br><strong>REGISTROS ID\u00caNTICOS&nbsp;<\/strong><br>&#8211; Fazer a pesquisa em bases de cataloga\u00e7\u00e3o cooperativo e bases de dom\u00ednio p\u00fablico<br>&#8211; Localizar o RBM id\u00eantico<br>&#8211; Importar o registro de acordo com a metodologia de importa\u00e7\u00e3o adequada a base<br>&nbsp;<br><strong>Excluir<\/strong>:<br>&#8211; Campos com digito &#8220;9&#8221; <strong>exceto&nbsp;&#8220;490&#8221;<\/strong><br><strong>&#8211; <\/strong>Cabe\u00e7alhos de assunto em idioma diferente do portugu\u00eas ( campos 650 e 651; campos 600-611 com subdivis\u00f5es em outra lingua)<br>&nbsp;<br><strong><br>Acrescentar&nbsp;<\/strong><br>&#8211; Cabe\u00e7alhos de assunto em portugu\u00eas<br>&#8211; Campos 09X<br>&#8211; Podem ser acrescentados: campos relativos a s\u00e9rie (440;490;490 e 830), notas locais<br>(59x), assunto local(69X; campos locais 9XX ( miscelaneas)<br>&#8211; 040 <strong>$d<\/strong><br><strong><br>O RBM pode se enriquecido &nbsp;com entradas secund\u00e1rias, se existir no item e a biblioteca de origem n\u00e3o atribuiu.<\/strong><br><br><strong>Corrigir:<\/strong><br>&#8211; Erros de identificador quando os seus valores<strong> n\u00e3o s\u00e3o opcionais<\/strong> como, por exemplo, indicadores 1 e 2 de campo 245.<br>&#8211; N<strong>\u00e3o &nbsp;modificar<\/strong> indicadores que tem valores opcionais, por exemplo, campo 246 ind 1<br>&#8211; Erros de digita\u00e7\u00e3o<br><br><strong>REGISTROS SEMELHANTES (DE OUTRAS BASES)<\/strong><br><strong><br><\/strong>Por exemplo: edi\u00e7\u00e3o diferente<br>-Excluir os campos que identificam a &#8220;propriedade&#8221; e a responsabilidade sobre a cria\u00e7\u00e3o do RBM: 001, 003, 010 040<br>&#8211; Excluir campos 6XX em outra l\u00edngua<br>&#8211; Excluir os campos &#8220;9&#8221; exceto 490 &#8211; Indica\u00e7\u00e3o de s\u00e9rie, se aplic\u00e1vel<br>&#8211; Editar o RBM de acordo com o item em m\u00e3os<br>&nbsp;<br><strong>CRIAR ACERVOS ( antigo COPY)- criar um novo RBM<\/strong><br>-Fazer a edi\u00e7\u00e3o de acordo com o item em m\u00e3os:<br>campo 00X<br>campo da descritiva e dos pontos de acesso<br>&#8211; Incluir assunto<\/td><\/tr><\/tbody><\/table><\/figure>\n","protected":false},"excerpt":{"rendered":"<p>BIBLIOTECA UNIVERSIT\u00c1RIA \u2013 UFMG&nbsp;&nbsp;&nbsp;&nbsp;&nbsp;&nbsp;&nbsp;&nbsp;&nbsp;&nbsp;&nbsp;&nbsp;&nbsp;&nbsp;&nbsp;&nbsp;&nbsp;&nbsp;&nbsp;&nbsp;&nbsp;&nbsp;&nbsp;&nbsp;&nbsp;&nbsp;&nbsp;&nbsp;&nbsp;&nbsp;&nbsp;&nbsp;&nbsp;&nbsp;&nbsp;&nbsp;&nbsp;&nbsp;&nbsp;&nbsp;&nbsp;&nbsp;&nbsp;&nbsp;&nbsp;CENTRAL DE CONTROLE E QUALIDADE DA CATALOGA\u00c7\u00c3O &#8211; CCQC COMUNICADO: N\u00ba: &nbsp;03 &nbsp; &nbsp; DATA: 05\/03\/2007 ASSUNTO: &nbsp;Importa\u00e7\u00e3o de registros id\u00eanticos e semelhantes REGISTROS ID\u00caNTICOS&nbsp;&#8211; Fazer a pesquisa em bases de cataloga\u00e7\u00e3o cooperativo e bases de dom\u00ednio p\u00fablico&#8211; Localizar o RBM id\u00eantico&#8211; Importar o registro de acordo com a metodologia de importa\u00e7\u00e3o [&hellip;]<\/p>\n","protected":false},"author":1,"featured_media":0,"parent":0,"menu_order":0,"comment_status":"closed","ping_status":"closed","template":"","meta":{"footnotes":""},"class_list":["post-218","page","type-page","status-publish","hentry"],"_links":{"self":[{"href":"https:\/\/www.bu.ufmg.br\/catalogacao\/wp-json\/wp\/v2\/pages\/218","targetHints":{"allow":["GET"]}}],"collection":[{"href":"https:\/\/www.bu.ufmg.br\/catalogacao\/wp-json\/wp\/v2\/pages"}],"about":[{"href":"https:\/\/www.bu.ufmg.br\/catalogacao\/wp-json\/wp\/v2\/types\/page"}],"author":[{"embeddable":true,"href":"https:\/\/www.bu.ufmg.br\/catalogacao\/wp-json\/wp\/v2\/users\/1"}],"replies":[{"embeddable":true,"href":"https:\/\/www.bu.ufmg.br\/catalogacao\/wp-json\/wp\/v2\/comments?post=218"}],"version-history":[{"count":0,"href":"https:\/\/www.bu.ufmg.br\/catalogacao\/wp-json\/wp\/v2\/pages\/218\/revisions"}],"wp:attachment":[{"href":"https:\/\/www.bu.ufmg.br\/catalogacao\/wp-json\/wp\/v2\/media?parent=218"}],"curies":[{"name":"wp","href":"https:\/\/api.w.org\/{rel}","templated":true}]}}