{"id":211,"date":"2022-03-30T17:46:40","date_gmt":"2022-03-30T20:46:40","guid":{"rendered":"https:\/\/www.bu.ufmg.br\/catalogacao\/?page_id=211"},"modified":"2022-05-19T21:10:03","modified_gmt":"2022-05-20T00:10:03","slug":"campo-300-descricao-fisica","status":"publish","type":"page","link":"https:\/\/www.bu.ufmg.br\/catalogacao\/campo-300-descricao-fisica\/","title":{"rendered":"Campo 300 &#8211; Descri\u00e7ao fisica"},"content":{"rendered":"\n<figure class=\"wp-block-table has-medium-font-size\"><table class=\"has-colibri-color-6-color has-text-color has-background\" style=\"background:linear-gradient(100deg,rgb(238,238,238) 0%,rgb(169,184,195) 100%)\"><thead><tr><th class=\"has-text-align-left\" data-align=\"left\">BIBLIOTECA UNIVERSIT\u00c1RIA \u2013 UFMG&nbsp;&nbsp;&nbsp;&nbsp;&nbsp;&nbsp;&nbsp;&nbsp;&nbsp;&nbsp;&nbsp;&nbsp;&nbsp;&nbsp;&nbsp;&nbsp;&nbsp;&nbsp;&nbsp;&nbsp;&nbsp;&nbsp;&nbsp;&nbsp;&nbsp;&nbsp;&nbsp;&nbsp;&nbsp;&nbsp;&nbsp;&nbsp;&nbsp;&nbsp;&nbsp;&nbsp;&nbsp;&nbsp;&nbsp;&nbsp;&nbsp;&nbsp;&nbsp;&nbsp;&nbsp;<br>CENTRAL DE CONTROLE E QUALIDADE DA CATALOGA\u00c7\u00c3O &#8211; CCQC<\/th><\/tr><\/thead><tbody><tr><td class=\"has-text-align-left\" data-align=\"left\"><br><\/td><\/tr><tr><td class=\"has-text-align-left\" data-align=\"left\"><strong>COMUNICADO N\u00ba:<\/strong> &nbsp;10&nbsp; &nbsp; &nbsp; &nbsp; &nbsp; &nbsp; &nbsp; &nbsp; &nbsp;<strong>DATA:&nbsp;<\/strong> 26\/12\/2000<\/td><\/tr><tr><td class=\"has-text-align-left\" data-align=\"left\"><strong>ASSUNTO: &nbsp;<\/strong>Diversos<\/td><\/tr><tr><td class=\"has-text-align-left\" data-align=\"left\"><br><strong>Campo 300 &#8211; Descri\u00e7\u00e3o f\u00edsica<\/strong><br>Quando o obra e em volume e esta em curso de publica\u00e7\u00e3o, n\u00e3o colocar nv.<br>indicar a abreviatura v. precedida de 3 espa\u00e7os para ser colocado, no futuro, o numero de volumes da obra. ver regra 1.5 B5 do AACR2. Depois que o registro e processado no buffer, estes espa\u00e7os desaparecem e o v. volta para o inicio da linha, ou seja, o subcampo \/a. Deixar como esta.<br>&nbsp;<br><strong>Campo 020 &#8211; ISBN<\/strong><br>Aten\u00e7\u00e3o para os registros transferidos so com os qualificadores &#8220;brochura e\/ ou encadernado&#8221;.<br>Quando aparece um destes qualificadores no \/a o relat\u00f3rio de buffer acusa &#8220;Erro&#8221; pois este subcampo s\u00f3 assume car\u00e1cter num\u00e9rico. Em alguns casos de registros transferidos o qualificador aparece no \/c (pre\u00e7o) e o buffer aceita tal informa\u00e7\u00e3o pois existem moedas que tem letras.<br>Portanto, ao verificar um qualificador no \/a e preciso deleta-lo.<br>&nbsp;<br>Cabe\u00e7alhos de assuntos<br>O tra\u00e7o entre o cabe\u00e7alhos de assunto e os subcabe\u00e7alhos e dado automaticamente pelo sistema. Favor n\u00e3o coloca-lo ao atribuir assuntos.&nbsp;<\/td><\/tr><\/tbody><\/table><\/figure>\n\n\n\n<p><\/p>\n","protected":false},"excerpt":{"rendered":"<p>BIBLIOTECA UNIVERSIT\u00c1RIA \u2013 UFMG&nbsp;&nbsp;&nbsp;&nbsp;&nbsp;&nbsp;&nbsp;&nbsp;&nbsp;&nbsp;&nbsp;&nbsp;&nbsp;&nbsp;&nbsp;&nbsp;&nbsp;&nbsp;&nbsp;&nbsp;&nbsp;&nbsp;&nbsp;&nbsp;&nbsp;&nbsp;&nbsp;&nbsp;&nbsp;&nbsp;&nbsp;&nbsp;&nbsp;&nbsp;&nbsp;&nbsp;&nbsp;&nbsp;&nbsp;&nbsp;&nbsp;&nbsp;&nbsp;&nbsp;&nbsp;CENTRAL DE CONTROLE E QUALIDADE DA CATALOGA\u00c7\u00c3O &#8211; CCQC COMUNICADO N\u00ba: &nbsp;10&nbsp; &nbsp; &nbsp; &nbsp; &nbsp; &nbsp; &nbsp; &nbsp; &nbsp;DATA:&nbsp; 26\/12\/2000 ASSUNTO: &nbsp;Diversos Campo 300 &#8211; Descri\u00e7\u00e3o f\u00edsicaQuando o obra e em volume e esta em curso de publica\u00e7\u00e3o, n\u00e3o colocar nv.indicar a abreviatura v. precedida de 3 espa\u00e7os para ser colocado, [&hellip;]<\/p>\n","protected":false},"author":1,"featured_media":0,"parent":0,"menu_order":0,"comment_status":"closed","ping_status":"closed","template":"","meta":{"footnotes":""},"class_list":["post-211","page","type-page","status-publish","hentry"],"_links":{"self":[{"href":"https:\/\/www.bu.ufmg.br\/catalogacao\/wp-json\/wp\/v2\/pages\/211","targetHints":{"allow":["GET"]}}],"collection":[{"href":"https:\/\/www.bu.ufmg.br\/catalogacao\/wp-json\/wp\/v2\/pages"}],"about":[{"href":"https:\/\/www.bu.ufmg.br\/catalogacao\/wp-json\/wp\/v2\/types\/page"}],"author":[{"embeddable":true,"href":"https:\/\/www.bu.ufmg.br\/catalogacao\/wp-json\/wp\/v2\/users\/1"}],"replies":[{"embeddable":true,"href":"https:\/\/www.bu.ufmg.br\/catalogacao\/wp-json\/wp\/v2\/comments?post=211"}],"version-history":[{"count":0,"href":"https:\/\/www.bu.ufmg.br\/catalogacao\/wp-json\/wp\/v2\/pages\/211\/revisions"}],"wp:attachment":[{"href":"https:\/\/www.bu.ufmg.br\/catalogacao\/wp-json\/wp\/v2\/media?parent=211"}],"curies":[{"name":"wp","href":"https:\/\/api.w.org\/{rel}","templated":true}]}}