{"id":189,"date":"2022-03-30T17:14:15","date_gmt":"2022-03-30T20:14:15","guid":{"rendered":"https:\/\/www.bu.ufmg.br\/catalogacao\/?page_id=189"},"modified":"2022-05-19T21:05:28","modified_gmt":"2022-05-20T00:05:28","slug":"campo-245-titulo-com-reticencias","status":"publish","type":"page","link":"https:\/\/www.bu.ufmg.br\/catalogacao\/campo-245-titulo-com-reticencias\/","title":{"rendered":"Campo 245 &#8211; T\u00edtulo com Retic\u00eancias"},"content":{"rendered":"\n<figure class=\"wp-block-table has-medium-font-size\"><table class=\"has-colibri-color-6-color has-text-color has-background\" style=\"background:linear-gradient(100deg,rgb(238,238,238) 0%,rgb(169,184,195) 100%)\"><thead><tr><th class=\"has-text-align-left\" data-align=\"left\">BIBLIOTECA UNIVERSIT\u00c1RIA &#8211; UFMG<br>CENTRAL DE CONTROLE E QUALIDADE DA CATALOGA\u00c7\u00c3O -CCQC<\/th><\/tr><\/thead><tbody><tr><td class=\"has-text-align-left\" data-align=\"left\"><br><\/td><\/tr><tr><td class=\"has-text-align-left\" data-align=\"left\"><strong>COMUNICADO N<\/strong>\u00ba 01\/2006\u00a0\u00a0\u00a0\u00a0\u00a0\u00a0\u00a0\u00a0\u00a0\u00a0\u00a0\u00a0\u00a0\u00a0\u00a0\u00a0\u00a0\u00a0\u00a0\u00a0\u00a0\u00a0\u00a0\u00a0\u00a0 <strong>DATA:\u00a0 <\/strong>16\/05\/2006<\/td><\/tr><tr><td class=\"has-text-align-left\" data-align=\"left\"><strong>ASSUNTO:<\/strong> <strong>Campo 245 &#8211; T\u00edtulo com retic\u00eancias<\/strong><\/td><\/tr><tr><td class=\"has-text-align-left\" data-align=\"left\"><br>Prezados (as) Catalogadores(as),<br>\u00a0<br>Lembramos a todos os colegas que, no caso de t\u00edtulos com retic\u00eancias (<strong>&#8230;<\/strong>), proceder conforme a regra abaixo:<br>\u00a0<br><strong>Regra: \u00a01.1B1 \u2013 AACR2 \u00a02002:<\/strong><br>\u00a0<br>\u201cSe o t\u00edtulo principal aparecer na fonte principal de informa\u00e7\u00e3o, com os sinais de pontua\u00e7\u00e3o <strong>&#8230;<\/strong> (retic\u00eancias) ou <strong>[ ] <\/strong>(colchetes), substitua-os por <strong>\u2013 <\/strong>(travess\u00e3o) e ( ) (par\u00eanteses), respectivamente.\u201d<br>\u00a0<br>Exemplos:<br>\u00a0&#8211; Era uma vez<strong>&#8230;<\/strong><br>\u00a0&#8211; Era uma vez<strong> \u2013<\/strong><br>\u00a0<br>&#8211; N\u00e3o fa\u00e7a tempestade em copo d\u2019\u00e1gua<strong>&#8230;<\/strong> : e tudo na vida s\u00e3o copos d\u2019 \u00e1gua&#8230; : maneiras simples de impedir que coisas insignificantes dominem sua vida<br>&#8211; N\u00e3o fa\u00e7a tempestade em copo d\u2019\u00e1gua <strong>&#8211;<\/strong>\u00a0 : e tudo na vida s\u00e3o copos d\u2019 \u00e1gua &#8230; : maneiras simples de impedir que coisas insignificantes dominem sua vida<br>\u00a0<br><strong>Obs.: No subt\u00edtulo manter pontua\u00e7\u00e3o apresentada na folha de rosto da obra.<\/strong><\/td><\/tr><\/tbody><\/table><\/figure>\n","protected":false},"excerpt":{"rendered":"<p>BIBLIOTECA UNIVERSIT\u00c1RIA &#8211; UFMGCENTRAL DE CONTROLE E QUALIDADE DA CATALOGA\u00c7\u00c3O -CCQC COMUNICADO N\u00ba 01\/2006\u00a0\u00a0\u00a0\u00a0\u00a0\u00a0\u00a0\u00a0\u00a0\u00a0\u00a0\u00a0\u00a0\u00a0\u00a0\u00a0\u00a0\u00a0\u00a0\u00a0\u00a0\u00a0\u00a0\u00a0\u00a0 DATA:\u00a0 16\/05\/2006 ASSUNTO: Campo 245 &#8211; T\u00edtulo com retic\u00eancias Prezados (as) Catalogadores(as),\u00a0Lembramos a todos os colegas que, no caso de t\u00edtulos com retic\u00eancias (&#8230;), proceder conforme a regra abaixo:\u00a0Regra: \u00a01.1B1 \u2013 AACR2 \u00a02002:\u00a0\u201cSe o t\u00edtulo principal aparecer na fonte principal de [&hellip;]<\/p>\n","protected":false},"author":1,"featured_media":0,"parent":0,"menu_order":0,"comment_status":"closed","ping_status":"closed","template":"","meta":{"footnotes":""},"class_list":["post-189","page","type-page","status-publish","hentry"],"_links":{"self":[{"href":"https:\/\/www.bu.ufmg.br\/catalogacao\/wp-json\/wp\/v2\/pages\/189","targetHints":{"allow":["GET"]}}],"collection":[{"href":"https:\/\/www.bu.ufmg.br\/catalogacao\/wp-json\/wp\/v2\/pages"}],"about":[{"href":"https:\/\/www.bu.ufmg.br\/catalogacao\/wp-json\/wp\/v2\/types\/page"}],"author":[{"embeddable":true,"href":"https:\/\/www.bu.ufmg.br\/catalogacao\/wp-json\/wp\/v2\/users\/1"}],"replies":[{"embeddable":true,"href":"https:\/\/www.bu.ufmg.br\/catalogacao\/wp-json\/wp\/v2\/comments?post=189"}],"version-history":[{"count":0,"href":"https:\/\/www.bu.ufmg.br\/catalogacao\/wp-json\/wp\/v2\/pages\/189\/revisions"}],"wp:attachment":[{"href":"https:\/\/www.bu.ufmg.br\/catalogacao\/wp-json\/wp\/v2\/media?parent=189"}],"curies":[{"name":"wp","href":"https:\/\/api.w.org\/{rel}","templated":true}]}}