{"id":183,"date":"2022-03-30T17:08:23","date_gmt":"2022-03-30T20:08:23","guid":{"rendered":"https:\/\/www.bu.ufmg.br\/catalogacao\/?page_id=183"},"modified":"2022-05-19T21:00:12","modified_gmt":"2022-05-20T00:00:12","slug":"artigos-iniciais","status":"publish","type":"page","link":"https:\/\/www.bu.ufmg.br\/catalogacao\/artigos-iniciais\/","title":{"rendered":"Artigos Iniciais"},"content":{"rendered":"\n<figure class=\"wp-block-table has-medium-font-size\"><table class=\"has-colibri-color-6-color has-text-color has-background\" style=\"background:linear-gradient(100deg,rgb(238,238,238) 0%,rgb(169,184,195) 100%)\"><thead><tr><th class=\"has-text-align-left\" data-align=\"left\">BIBLIOTECA UNIVERSIT\u00c1RIA \u2013 UFMG\u00a0\u00a0\u00a0\u00a0\u00a0\u00a0\u00a0\u00a0\u00a0\u00a0\u00a0\u00a0\u00a0\u00a0\u00a0\u00a0\u00a0\u00a0\u00a0\u00a0\u00a0\u00a0\u00a0\u00a0\u00a0\u00a0\u00a0\u00a0\u00a0\u00a0\u00a0\u00a0\u00a0\u00a0\u00a0\u00a0\u00a0\u00a0\u00a0\u00a0\u00a0\u00a0\u00a0\u00a0\u00a0<br>CENTRAL DE CONTROLE E QUALIDADE DA CATALOGA\u00c7\u00c3O &#8211; CCQC<\/th><\/tr><\/thead><tbody><tr><td class=\"has-text-align-left\" data-align=\"left\"><br><\/td><\/tr><tr><td class=\"has-text-align-left\" data-align=\"left\"><strong>COMUNICADO N\u00ba: \u00a0 <\/strong>06 \u00a0 \u00a0 \u00a0 <strong>DATA:<\/strong> \u00a021\/11\/2000<\/td><\/tr><tr><td class=\"has-text-align-left\" data-align=\"left\"><strong>ASSUNTO: <\/strong>\u00a0Artigos Iniciais<\/td><\/tr><tr><td class=\"has-text-align-left\" data-align=\"left\"><br>Solicitamos aten\u00e7\u00e3o no procedimento dos campos abaixo em rela\u00e7\u00e3o aos artigos iniciais:<br>\u00a0<br>242 Ind 2 =0-9 \u00a0caracteres a serem desprezados<br>\u00a0<br>246 \u00a0&#8211; \u00a0n\u00e3o usar artigos iniciais<br>600, 610, 611, 700 e 711 no respectivo subcampo \u00a0\\t n\u00e3o usar os artigos iniciais<br>\u00a0<br>\u00a0<br>\u00a0<br>\u00a0<br>Referencia : Manual de entrada de Dados em Formato MARC &#8211; monografias<\/td><\/tr><\/tbody><\/table><\/figure>\n","protected":false},"excerpt":{"rendered":"<p>BIBLIOTECA UNIVERSIT\u00c1RIA \u2013 UFMG\u00a0\u00a0\u00a0\u00a0\u00a0\u00a0\u00a0\u00a0\u00a0\u00a0\u00a0\u00a0\u00a0\u00a0\u00a0\u00a0\u00a0\u00a0\u00a0\u00a0\u00a0\u00a0\u00a0\u00a0\u00a0\u00a0\u00a0\u00a0\u00a0\u00a0\u00a0\u00a0\u00a0\u00a0\u00a0\u00a0\u00a0\u00a0\u00a0\u00a0\u00a0\u00a0\u00a0\u00a0\u00a0CENTRAL DE CONTROLE E QUALIDADE DA CATALOGA\u00c7\u00c3O &#8211; CCQC COMUNICADO N\u00ba: \u00a0 06 \u00a0 \u00a0 \u00a0 DATA: \u00a021\/11\/2000 ASSUNTO: \u00a0Artigos Iniciais Solicitamos aten\u00e7\u00e3o no procedimento dos campos abaixo em rela\u00e7\u00e3o aos artigos iniciais:\u00a0242 Ind 2 =0-9 \u00a0caracteres a serem desprezados\u00a0246 \u00a0&#8211; \u00a0n\u00e3o usar artigos iniciais600, 610, 611, 700 e 711 no respectivo [&hellip;]<\/p>\n","protected":false},"author":1,"featured_media":0,"parent":0,"menu_order":0,"comment_status":"closed","ping_status":"closed","template":"","meta":{"footnotes":""},"class_list":["post-183","page","type-page","status-publish","hentry"],"_links":{"self":[{"href":"https:\/\/www.bu.ufmg.br\/catalogacao\/wp-json\/wp\/v2\/pages\/183","targetHints":{"allow":["GET"]}}],"collection":[{"href":"https:\/\/www.bu.ufmg.br\/catalogacao\/wp-json\/wp\/v2\/pages"}],"about":[{"href":"https:\/\/www.bu.ufmg.br\/catalogacao\/wp-json\/wp\/v2\/types\/page"}],"author":[{"embeddable":true,"href":"https:\/\/www.bu.ufmg.br\/catalogacao\/wp-json\/wp\/v2\/users\/1"}],"replies":[{"embeddable":true,"href":"https:\/\/www.bu.ufmg.br\/catalogacao\/wp-json\/wp\/v2\/comments?post=183"}],"version-history":[{"count":0,"href":"https:\/\/www.bu.ufmg.br\/catalogacao\/wp-json\/wp\/v2\/pages\/183\/revisions"}],"wp:attachment":[{"href":"https:\/\/www.bu.ufmg.br\/catalogacao\/wp-json\/wp\/v2\/media?parent=183"}],"curies":[{"name":"wp","href":"https:\/\/api.w.org\/{rel}","templated":true}]}}