{"id":174,"date":"2022-03-30T16:58:24","date_gmt":"2022-03-30T19:58:24","guid":{"rendered":"https:\/\/www.bu.ufmg.br\/catalogacao\/?page_id=174"},"modified":"2022-05-19T20:46:00","modified_gmt":"2022-05-19T23:46:00","slug":"campo-245-parentesis","status":"publish","type":"page","link":"https:\/\/www.bu.ufmg.br\/catalogacao\/campo-245-parentesis\/","title":{"rendered":"Campo 245 &#8211; Par\u00eantesis"},"content":{"rendered":"\n<figure class=\"wp-block-table has-medium-font-size\"><table class=\"has-colibri-color-6-color has-text-color has-background\" style=\"background:linear-gradient(100deg,rgb(238,238,238) 0%,rgb(169,184,195) 100%)\"><thead><tr><th class=\"has-text-align-left\" data-align=\"left\">BIBLIOTECA UNIVERSIT\u00c1RIA \u2013 UFMG&nbsp;&nbsp;&nbsp;&nbsp;&nbsp;&nbsp;&nbsp;&nbsp;&nbsp;&nbsp;&nbsp;&nbsp;&nbsp;&nbsp;&nbsp;&nbsp;&nbsp;&nbsp;&nbsp;&nbsp;&nbsp;&nbsp;&nbsp;&nbsp;&nbsp;&nbsp;&nbsp;&nbsp;&nbsp;&nbsp;&nbsp;&nbsp;&nbsp;&nbsp;&nbsp;&nbsp;&nbsp;&nbsp;&nbsp;&nbsp;&nbsp;&nbsp;&nbsp;&nbsp;&nbsp;<br>CENTRAL DE CONTROLE E QUALIDADE DA CATALOGA\u00c7\u00c3O &#8211; CCQC<\/th><\/tr><\/thead><tbody><tr><td class=\"has-text-align-left\" data-align=\"left\"><br><\/td><\/tr><tr><td class=\"has-text-align-left\" data-align=\"left\"><strong>COMUNICADO N\u00ba: <\/strong>&nbsp; &nbsp; &nbsp;   <strong> DATA: <\/strong>11\/11\/2008<\/td><\/tr><tr><td class=\"has-text-align-left\" data-align=\"left\"><strong>ASSUNTO: &nbsp;<\/strong>Comunicado t\u00e9cnico ( Parenteses)<\/td><\/tr><tr><td class=\"has-text-align-left\" data-align=\"left\">Comunicado t\u00e9cnico<br><br>Incompletos<br>[] no 245 &#8211; tabela de ajuda no Pergamum, n\u00e3o incluir parenteses, parenteses exibe<br>site de RBM para transfer\u00eancia\u00a0<br><br>DOI<br>N\u00c3O excluir RAM vazio\u00a0<br>Anota\u00e7\u00f5es de seu cade<\/td><\/tr><\/tbody><\/table><\/figure>\n","protected":false},"excerpt":{"rendered":"<p>BIBLIOTECA UNIVERSIT\u00c1RIA \u2013 UFMG&nbsp;&nbsp;&nbsp;&nbsp;&nbsp;&nbsp;&nbsp;&nbsp;&nbsp;&nbsp;&nbsp;&nbsp;&nbsp;&nbsp;&nbsp;&nbsp;&nbsp;&nbsp;&nbsp;&nbsp;&nbsp;&nbsp;&nbsp;&nbsp;&nbsp;&nbsp;&nbsp;&nbsp;&nbsp;&nbsp;&nbsp;&nbsp;&nbsp;&nbsp;&nbsp;&nbsp;&nbsp;&nbsp;&nbsp;&nbsp;&nbsp;&nbsp;&nbsp;&nbsp;&nbsp;CENTRAL DE CONTROLE E QUALIDADE DA CATALOGA\u00c7\u00c3O &#8211; CCQC COMUNICADO N\u00ba: &nbsp; &nbsp; &nbsp; DATA: 11\/11\/2008 ASSUNTO: &nbsp;Comunicado t\u00e9cnico ( Parenteses) Comunicado t\u00e9cnico Incompletos[] no 245 &#8211; tabela de ajuda no Pergamum, n\u00e3o incluir parenteses, parenteses exibesite de RBM para transfer\u00eancia\u00a0 DOIN\u00c3O excluir RAM vazio\u00a0Anota\u00e7\u00f5es de seu cade<\/p>\n","protected":false},"author":1,"featured_media":0,"parent":0,"menu_order":0,"comment_status":"closed","ping_status":"closed","template":"","meta":{"footnotes":""},"class_list":["post-174","page","type-page","status-publish","hentry"],"_links":{"self":[{"href":"https:\/\/www.bu.ufmg.br\/catalogacao\/wp-json\/wp\/v2\/pages\/174","targetHints":{"allow":["GET"]}}],"collection":[{"href":"https:\/\/www.bu.ufmg.br\/catalogacao\/wp-json\/wp\/v2\/pages"}],"about":[{"href":"https:\/\/www.bu.ufmg.br\/catalogacao\/wp-json\/wp\/v2\/types\/page"}],"author":[{"embeddable":true,"href":"https:\/\/www.bu.ufmg.br\/catalogacao\/wp-json\/wp\/v2\/users\/1"}],"replies":[{"embeddable":true,"href":"https:\/\/www.bu.ufmg.br\/catalogacao\/wp-json\/wp\/v2\/comments?post=174"}],"version-history":[{"count":0,"href":"https:\/\/www.bu.ufmg.br\/catalogacao\/wp-json\/wp\/v2\/pages\/174\/revisions"}],"wp:attachment":[{"href":"https:\/\/www.bu.ufmg.br\/catalogacao\/wp-json\/wp\/v2\/media?parent=174"}],"curies":[{"name":"wp","href":"https:\/\/api.w.org\/{rel}","templated":true}]}}