{"id":172,"date":"2022-03-30T16:57:08","date_gmt":"2022-03-30T19:57:08","guid":{"rendered":"https:\/\/www.bu.ufmg.br\/catalogacao\/?page_id=172"},"modified":"2022-05-19T20:36:12","modified_gmt":"2022-05-19T23:36:12","slug":"campo-246-diversos","status":"publish","type":"page","link":"https:\/\/www.bu.ufmg.br\/catalogacao\/campo-246-diversos\/","title":{"rendered":"Campo 246 &#8211; Diversos"},"content":{"rendered":"\n<figure class=\"wp-block-table has-medium-font-size\"><table class=\"has-colibri-color-6-color has-text-color has-background\" style=\"background:linear-gradient(100deg,rgb(238,238,238) 0%,rgb(169,184,195) 100%)\"><thead><tr><th class=\"has-text-align-left\" data-align=\"left\">BIBLIOTECA UNIVERSIT\u00c1RIA \u2013 UFMG\u00a0\u00a0\u00a0\u00a0\u00a0\u00a0\u00a0\u00a0\u00a0\u00a0\u00a0\u00a0\u00a0\u00a0\u00a0\u00a0\u00a0\u00a0\u00a0\u00a0\u00a0\u00a0\u00a0\u00a0\u00a0\u00a0\u00a0\u00a0\u00a0\u00a0\u00a0\u00a0\u00a0\u00a0\u00a0\u00a0\u00a0\u00a0\u00a0\u00a0\u00a0\u00a0\u00a0\u00a0\u00a0<br>CENTRAL DE CONTROLE E QUALIDADE DA CATALOGA\u00c7\u00c3O &#8211; CCQC<\/th><\/tr><\/thead><tbody><tr><td class=\"has-text-align-left\" data-align=\"left\"><br><\/td><\/tr><tr><td class=\"has-text-align-left\" data-align=\"left\"><strong>COMUNICADO N\u00ba: <\/strong>\u00a008 \u00a0 \u00a0 <strong>DATA: <\/strong>13\/12\/2000<\/td><\/tr><tr><td class=\"has-text-align-left\" data-align=\"left\"><strong>ASSUNTO: <\/strong>\u00a0Diversos<\/td><\/tr><tr><td class=\"has-text-align-left\" data-align=\"left\"><br>ATEN\u00c7\u00c3O: NAO SE ESQUE\u00c7AM DO C\u00d3DIGO DO OPERADOR, DO CAMPO 090 E DE INFORMAR A CCQC OS TERMOS LIVRES.<br>\u00a0<br>CAMPO 246<br>n\u00e3o incluir o campo 246 em registros de carga pois, o mesmo foi criado a partir de 1994.<br>nesse caso prevalece o campo 740.<br>\u00a0<br>DISSERTA\u00c7\u00d5ES: No caso de disserta\u00e7\u00f5es defendidas na Escola de Governo de Minas, Funda\u00e7\u00e3o jo\u00e3o Pinheiro, a entrada correta deve ser:<br>Funda\u00e7\u00e3o Jo\u00e3o Pinheiro. \/b Escola de Governo de Minas\u00a0<br>ATEN\u00c7\u00c3O: A escola esta subordinada a funda\u00e7\u00e3o.<br>\u00a0<br>Autoridade: O Manual para entrada de registros de autoridades em formato MARC continua dispon\u00edvel para empr\u00e9stimo e\/ou consulta.<br>\u00a0<br>Pontua\u00e7\u00e3o: com rela\u00e7\u00e3o a regra pontua\u00e7\u00e3o: o uso do travess\u00e3o e h\u00edfen: a configura\u00e7\u00e3o exibida para estes sinais e tipografia ou seja, e conforme o teclado de cada maquina. Portanto, pode aparecer:- ou assim_. O importante e saber quando usar. Ver item 0.3 ISBD (G) e regra 1.0C do AACR2.<br>\u00a0<br>ENTREVISTAS: tratamento de obras que tratam de entrevistas: observar a regra 21.25 do AACR2. O Cutter de entrevista para ate 3 (tr\u00eas) entrevistados e formado pelo primeiro ENTREVISTADO. Mais de 3 (tr\u00eas) entrevistados o cutter e do ENTREVISTADOR.<br>(COLABORA\u00c7\u00c3O: Bibliotec\u00e1rias de letras)<br>\u00a0<br>\/own e \/ all<br>O registro bibliogr\u00e1fico s\u00f3 aparece no own ap\u00f3s a inclus\u00e3o de item. O mesmo acontece com hoding: o registro bibliogr\u00e1fico sem item ou hoding s\u00f3 aparece no \/all.<\/td><\/tr><\/tbody><\/table><\/figure>\n","protected":false},"excerpt":{"rendered":"<p>BIBLIOTECA UNIVERSIT\u00c1RIA \u2013 UFMG\u00a0\u00a0\u00a0\u00a0\u00a0\u00a0\u00a0\u00a0\u00a0\u00a0\u00a0\u00a0\u00a0\u00a0\u00a0\u00a0\u00a0\u00a0\u00a0\u00a0\u00a0\u00a0\u00a0\u00a0\u00a0\u00a0\u00a0\u00a0\u00a0\u00a0\u00a0\u00a0\u00a0\u00a0\u00a0\u00a0\u00a0\u00a0\u00a0\u00a0\u00a0\u00a0\u00a0\u00a0\u00a0CENTRAL DE CONTROLE E QUALIDADE DA CATALOGA\u00c7\u00c3O &#8211; CCQC COMUNICADO N\u00ba: \u00a008 \u00a0 \u00a0 DATA: 13\/12\/2000 ASSUNTO: \u00a0Diversos ATEN\u00c7\u00c3O: NAO SE ESQUE\u00c7AM DO C\u00d3DIGO DO OPERADOR, DO CAMPO 090 E DE INFORMAR A CCQC OS TERMOS LIVRES.\u00a0CAMPO 246n\u00e3o incluir o campo 246 em registros de carga pois, o mesmo foi criado a [&hellip;]<\/p>\n","protected":false},"author":1,"featured_media":0,"parent":0,"menu_order":0,"comment_status":"closed","ping_status":"closed","template":"","meta":{"footnotes":""},"class_list":["post-172","page","type-page","status-publish","hentry"],"_links":{"self":[{"href":"https:\/\/www.bu.ufmg.br\/catalogacao\/wp-json\/wp\/v2\/pages\/172","targetHints":{"allow":["GET"]}}],"collection":[{"href":"https:\/\/www.bu.ufmg.br\/catalogacao\/wp-json\/wp\/v2\/pages"}],"about":[{"href":"https:\/\/www.bu.ufmg.br\/catalogacao\/wp-json\/wp\/v2\/types\/page"}],"author":[{"embeddable":true,"href":"https:\/\/www.bu.ufmg.br\/catalogacao\/wp-json\/wp\/v2\/users\/1"}],"replies":[{"embeddable":true,"href":"https:\/\/www.bu.ufmg.br\/catalogacao\/wp-json\/wp\/v2\/comments?post=172"}],"version-history":[{"count":0,"href":"https:\/\/www.bu.ufmg.br\/catalogacao\/wp-json\/wp\/v2\/pages\/172\/revisions"}],"wp:attachment":[{"href":"https:\/\/www.bu.ufmg.br\/catalogacao\/wp-json\/wp\/v2\/media?parent=172"}],"curies":[{"name":"wp","href":"https:\/\/api.w.org\/{rel}","templated":true}]}}