{"id":170,"date":"2022-03-30T16:55:43","date_gmt":"2022-03-30T19:55:43","guid":{"rendered":"https:\/\/www.bu.ufmg.br\/catalogacao\/?page_id=170"},"modified":"2022-05-19T20:34:10","modified_gmt":"2022-05-19T23:34:10","slug":"indicacao-de-responsabilidade","status":"publish","type":"page","link":"https:\/\/www.bu.ufmg.br\/catalogacao\/indicacao-de-responsabilidade\/","title":{"rendered":"Indica\u00e7\u00e3o de Responsabilidade"},"content":{"rendered":"\n<figure class=\"wp-block-table has-medium-font-size\"><table class=\"has-colibri-color-6-color has-text-color has-background\" style=\"background:linear-gradient(100deg,rgb(238,238,238) 0%,rgb(169,184,195) 100%)\"><thead><tr><th class=\"has-text-align-left\" data-align=\"left\">BIBLIOTECA UNIVERSIT\u00c1RIA \u2013 UFMG&nbsp;&nbsp;&nbsp;&nbsp;&nbsp;&nbsp;&nbsp;&nbsp;&nbsp;&nbsp;&nbsp;&nbsp;&nbsp;&nbsp;&nbsp;&nbsp;&nbsp;&nbsp;&nbsp;&nbsp;&nbsp;&nbsp;&nbsp;&nbsp;&nbsp;&nbsp;&nbsp;&nbsp;&nbsp;&nbsp;&nbsp;&nbsp;&nbsp;&nbsp;&nbsp;&nbsp;&nbsp;&nbsp;&nbsp;&nbsp;&nbsp;&nbsp;&nbsp;&nbsp;&nbsp;<br>CENTRAL DE CONTROLE E QUALIDADE DA CATALOGA\u00c7\u00c3O &#8211; CCQC<\/th><\/tr><\/thead><tbody><tr><td class=\"has-text-align-left\" data-align=\"left\"><br><\/td><\/tr><tr><td class=\"has-text-align-left\" data-align=\"left\"><strong>COMUNICADO N\u00ba: <\/strong>&nbsp; &nbsp; &nbsp;    <strong>DATA<\/strong>: 01\/03\/2015<\/td><\/tr><tr><td class=\"has-text-align-left\" data-align=\"left\"><strong>ASSUNTO: <\/strong>&nbsp;Indica\u00e7\u00e3o de responsabilidade&nbsp;<\/td><\/tr><tr><td class=\"has-text-align-left\" data-align=\"left\"><br>1.2C2. Em caso de duvida sobre uma indica\u00e7\u00e3o de responsabilidade se aplicar a todas as edi\u00e7\u00f5es ou somente a algumas dela, ou seja n\u00e3o houver indica\u00e7\u00e3o de edi\u00e7\u00e3o, registre essa indica\u00e7\u00e3o na \u00e1rea do titulo e da indica\u00e7\u00e3o de responsabilidade.<br>&nbsp;<br>the prelude, 1978 &#8211; 1979 [DGM] \/ by William Wordsworth by Stephen Parrishedited<br>&nbsp;<br>Ao descrever a primeira edi\u00e7\u00e3o , registre todas as indica\u00e7\u00f5es de responsabilidade na \u00e1rea do titulo e da indica\u00e7\u00e3o de responsabilidade ( veja 1.1 F)<br>&nbsp;<br><strong>1.1F. INDICA\u00c7\u00c3O DE RESPONSABILIDADE<\/strong><br><strong>I.IFI.<\/strong> Transcreva indica\u00e7\u00f5es de responsabilidade que figurem com destaque no item na forma em que nele aparecem. Se uma indica\u00e7\u00e3o de responsabilidade for extra\u00edda de uma fonte que n\u00e3o seja a fonte principal de informa\u00e7\u00e3o, coloque-a entre colchetes.<br>&nbsp;<br>Uma livro que traz a indica\u00e7\u00e3o de 1\u00ba ed. no verso da folha de rosto, deve -se colocar na cataloga\u00e7\u00e3o a informa\u00e7\u00e3o de edi\u00e7\u00e3o?, ou s\u00f3 quando aparece na folha de rosto?<br>&nbsp;<br>As fontes principais de informa\u00e7\u00e3o para edi\u00e7\u00e3o s\u00e3o a <strong>p\u00e1gina de rosto, preliminares e colof\u00e3o.<\/strong><br>&nbsp;<br>Abaixo a defini\u00e7\u00e3o de preliminares:<br>Preliminares: A (s) p\u00e1gina (s) de rosto de um item, o verso da (s) p\u00e1gina (s) de rosto, quaisquer p\u00e1ginas que precedem a (s) paginas (s) de rosto. (Gloss\u00e1rio AACR2 200)<br>&nbsp;<br>O verso da p\u00e1gina de rosto e uma preliminar e portanto fonte principal de informa\u00e7\u00e3o para a edi\u00e7\u00e3o. Assim pode-se incluir esse elemento de dado na cataloga\u00e7\u00e3o, sem colchetes<\/td><\/tr><\/tbody><\/table><\/figure>\n","protected":false},"excerpt":{"rendered":"<p>BIBLIOTECA UNIVERSIT\u00c1RIA \u2013 UFMG&nbsp;&nbsp;&nbsp;&nbsp;&nbsp;&nbsp;&nbsp;&nbsp;&nbsp;&nbsp;&nbsp;&nbsp;&nbsp;&nbsp;&nbsp;&nbsp;&nbsp;&nbsp;&nbsp;&nbsp;&nbsp;&nbsp;&nbsp;&nbsp;&nbsp;&nbsp;&nbsp;&nbsp;&nbsp;&nbsp;&nbsp;&nbsp;&nbsp;&nbsp;&nbsp;&nbsp;&nbsp;&nbsp;&nbsp;&nbsp;&nbsp;&nbsp;&nbsp;&nbsp;&nbsp;CENTRAL DE CONTROLE E QUALIDADE DA CATALOGA\u00c7\u00c3O &#8211; CCQC COMUNICADO N\u00ba: &nbsp; &nbsp; &nbsp; DATA: 01\/03\/2015 ASSUNTO: &nbsp;Indica\u00e7\u00e3o de responsabilidade&nbsp; 1.2C2. Em caso de duvida sobre uma indica\u00e7\u00e3o de responsabilidade se aplicar a todas as edi\u00e7\u00f5es ou somente a algumas dela, ou seja n\u00e3o houver indica\u00e7\u00e3o de edi\u00e7\u00e3o, registre essa indica\u00e7\u00e3o na [&hellip;]<\/p>\n","protected":false},"author":1,"featured_media":0,"parent":0,"menu_order":0,"comment_status":"closed","ping_status":"closed","template":"","meta":{"footnotes":""},"class_list":["post-170","page","type-page","status-publish","hentry"],"_links":{"self":[{"href":"https:\/\/www.bu.ufmg.br\/catalogacao\/wp-json\/wp\/v2\/pages\/170","targetHints":{"allow":["GET"]}}],"collection":[{"href":"https:\/\/www.bu.ufmg.br\/catalogacao\/wp-json\/wp\/v2\/pages"}],"about":[{"href":"https:\/\/www.bu.ufmg.br\/catalogacao\/wp-json\/wp\/v2\/types\/page"}],"author":[{"embeddable":true,"href":"https:\/\/www.bu.ufmg.br\/catalogacao\/wp-json\/wp\/v2\/users\/1"}],"replies":[{"embeddable":true,"href":"https:\/\/www.bu.ufmg.br\/catalogacao\/wp-json\/wp\/v2\/comments?post=170"}],"version-history":[{"count":0,"href":"https:\/\/www.bu.ufmg.br\/catalogacao\/wp-json\/wp\/v2\/pages\/170\/revisions"}],"wp:attachment":[{"href":"https:\/\/www.bu.ufmg.br\/catalogacao\/wp-json\/wp\/v2\/media?parent=170"}],"curies":[{"name":"wp","href":"https:\/\/api.w.org\/{rel}","templated":true}]}}