{"id":168,"date":"2022-03-30T16:53:58","date_gmt":"2022-03-30T19:53:58","guid":{"rendered":"https:\/\/www.bu.ufmg.br\/catalogacao\/?page_id=168"},"modified":"2022-05-19T20:31:30","modified_gmt":"2022-05-19T23:31:30","slug":"comunicado-tecnico-ccqc-05-00","status":"publish","type":"page","link":"https:\/\/www.bu.ufmg.br\/catalogacao\/comunicado-tecnico-ccqc-05-00\/","title":{"rendered":"Comunicado T\u00e9cnico CCQC 05\/00"},"content":{"rendered":"\n<figure class=\"wp-block-table\"><table class=\"has-colibri-color-6-color has-text-color has-background\" style=\"background:linear-gradient(100deg,rgb(238,238,238) 0%,rgb(169,184,195) 100%)\"><thead><tr><th class=\"has-text-align-left\" data-align=\"left\">BIBLIOTECA UNIVERSIT\u00c1RIA \u2013 UFMG\u00a0\u00a0\u00a0\u00a0\u00a0\u00a0\u00a0\u00a0\u00a0\u00a0\u00a0\u00a0\u00a0\u00a0\u00a0\u00a0\u00a0\u00a0\u00a0\u00a0\u00a0\u00a0\u00a0\u00a0\u00a0\u00a0\u00a0\u00a0\u00a0\u00a0\u00a0\u00a0\u00a0\u00a0\u00a0\u00a0\u00a0\u00a0\u00a0\u00a0\u00a0\u00a0\u00a0\u00a0\u00a0<br>CENTRAL DE CONTROLE E QUALIDADE DA CATALOGA\u00c7\u00c3O &#8211; CCQC<\/th><\/tr><\/thead><tbody><tr><td class=\"has-text-align-left\" data-align=\"left\"><br><\/td><\/tr><tr><td class=\"has-text-align-left\" data-align=\"left\"><strong>COMUNICADO N\u00ba: <\/strong>5 \u00a0 \u00a0 <strong>\u00a0DATA<\/strong>: 05\/00<\/td><\/tr><tr><td class=\"has-text-align-left\" data-align=\"left\"><strong>ASSUNTO: <\/strong>\u00a0Comunicado T\u00e9cnico CCQC, n\u00e3o existe teses\u00a0<\/td><\/tr><tr><td class=\"has-text-align-left\" data-align=\"left\"><br>Nas listas de \/v j\u00e1 divulgadas pela CCQC, n\u00e3o existe teses<br>\u00a0De acordo com a resposta da Rede em rela\u00e7\u00e3o ao uso do \u00a0\\v \u00a0ou \\x para teses usar <strong>\/x teses<\/strong> e n\u00e3o \/v<br>\u00a0<br>Outro endere\u00e7o para pesquisa do \/v enviado pela rede:<br>http:\/\/infoshare1.princeton.edu\/katmandu\/subj\/sutoc.html<br>\u00a0<br>\u00a0<br>N\u00e3oo voltar nos registros onde for usado \/v teses para corre\u00e7\u00e3o, a n\u00e3o ser de forma aleat\u00f3ria ou seja se estiverem corrigindo observar se existe \/v indevido e corrigir tamb\u00e9m<br>\u00a0<br>Ser\u00e1 corrigido pelo controle<br>\u00a0<br>\u00a0<br>Maria Helena Santos<br>Biblioteca Universit\u00e1ria<br>UFMG<\/td><\/tr><\/tbody><\/table><\/figure>\n","protected":false},"excerpt":{"rendered":"<p>BIBLIOTECA UNIVERSIT\u00c1RIA \u2013 UFMG\u00a0\u00a0\u00a0\u00a0\u00a0\u00a0\u00a0\u00a0\u00a0\u00a0\u00a0\u00a0\u00a0\u00a0\u00a0\u00a0\u00a0\u00a0\u00a0\u00a0\u00a0\u00a0\u00a0\u00a0\u00a0\u00a0\u00a0\u00a0\u00a0\u00a0\u00a0\u00a0\u00a0\u00a0\u00a0\u00a0\u00a0\u00a0\u00a0\u00a0\u00a0\u00a0\u00a0\u00a0\u00a0CENTRAL DE CONTROLE E QUALIDADE DA CATALOGA\u00c7\u00c3O &#8211; CCQC COMUNICADO N\u00ba: 5 \u00a0 \u00a0 \u00a0DATA: 05\/00 ASSUNTO: \u00a0Comunicado T\u00e9cnico CCQC, n\u00e3o existe teses\u00a0 Nas listas de \/v j\u00e1 divulgadas pela CCQC, n\u00e3o existe teses\u00a0De acordo com a resposta da Rede em rela\u00e7\u00e3o ao uso do \u00a0\\v \u00a0ou \\x para teses usar \/x [&hellip;]<\/p>\n","protected":false},"author":1,"featured_media":0,"parent":0,"menu_order":0,"comment_status":"closed","ping_status":"closed","template":"","meta":{"footnotes":""},"class_list":["post-168","page","type-page","status-publish","hentry"],"_links":{"self":[{"href":"https:\/\/www.bu.ufmg.br\/catalogacao\/wp-json\/wp\/v2\/pages\/168","targetHints":{"allow":["GET"]}}],"collection":[{"href":"https:\/\/www.bu.ufmg.br\/catalogacao\/wp-json\/wp\/v2\/pages"}],"about":[{"href":"https:\/\/www.bu.ufmg.br\/catalogacao\/wp-json\/wp\/v2\/types\/page"}],"author":[{"embeddable":true,"href":"https:\/\/www.bu.ufmg.br\/catalogacao\/wp-json\/wp\/v2\/users\/1"}],"replies":[{"embeddable":true,"href":"https:\/\/www.bu.ufmg.br\/catalogacao\/wp-json\/wp\/v2\/comments?post=168"}],"version-history":[{"count":0,"href":"https:\/\/www.bu.ufmg.br\/catalogacao\/wp-json\/wp\/v2\/pages\/168\/revisions"}],"wp:attachment":[{"href":"https:\/\/www.bu.ufmg.br\/catalogacao\/wp-json\/wp\/v2\/media?parent=168"}],"curies":[{"name":"wp","href":"https:\/\/api.w.org\/{rel}","templated":true}]}}