{"id":165,"date":"2022-03-30T16:03:08","date_gmt":"2022-03-30T19:03:08","guid":{"rendered":"https:\/\/www.bu.ufmg.br\/catalogacao\/?page_id=165"},"modified":"2022-05-19T20:30:01","modified_gmt":"2022-05-19T23:30:01","slug":"informacoes-bibliotecas-cooperantes-da-rede","status":"publish","type":"page","link":"https:\/\/www.bu.ufmg.br\/catalogacao\/informacoes-bibliotecas-cooperantes-da-rede\/","title":{"rendered":"Informa\u00e7\u00f5es Bibliotecas Cooperantes da Rede"},"content":{"rendered":"\n<figure class=\"wp-block-table\"><table class=\"has-colibri-color-6-color has-text-color has-background\" style=\"background:linear-gradient(100deg,rgb(238,238,238) 0%,rgb(169,184,195) 100%)\"><thead><tr><th class=\"has-text-align-left\" data-align=\"left\">BIBLIOTECA UNIVERSIT\u00c1RIA \u2013 UFMG\u00a0\u00a0\u00a0\u00a0\u00a0\u00a0\u00a0\u00a0\u00a0\u00a0\u00a0\u00a0\u00a0\u00a0\u00a0\u00a0\u00a0\u00a0\u00a0\u00a0\u00a0\u00a0\u00a0\u00a0\u00a0\u00a0\u00a0\u00a0\u00a0\u00a0\u00a0\u00a0\u00a0\u00a0\u00a0\u00a0\u00a0\u00a0\u00a0\u00a0\u00a0\u00a0\u00a0\u00a0\u00a0<br>CENTRAL DE CONTROLE E QUALIDADE DA CATALOGA\u00c7\u00c3O &#8211; CCQC<\/th><\/tr><\/thead><tbody><tr><td class=\"has-text-align-left\" data-align=\"left\"><br><\/td><\/tr><tr><td class=\"has-text-align-left\" data-align=\"left\"><strong>COMUNICADO N\u00ba: \u00a0 \u00a0     \u00a0 DATA:<\/strong> 08\/88<\/td><\/tr><tr><td class=\"has-text-align-left\" data-align=\"left\"><strong>ASSUNTO: <\/strong>\u00a0Funda\u00e7\u00e3o Get\u00falio Vargas<br>Biblioteca Central, sistema Bibliodata\/CALCO<\/td><\/tr><tr><td class=\"has-text-align-left\" data-align=\"left\"><br>Informamos as Bibliotecas cooperantes da rede BIBLIODATA\/CALCO que foram tornadas as seguintes decis\u00f5es pelo grupo de estudos de cataloga\u00e7\u00e3o.<br>\u00a0<br>1. DATA DE PUBLICA\u00c7\u00c3O<br>\u00a0 \u00a0 \u00a0 \u00a0 \u00a0 Com rela\u00e7\u00e3o as diverg\u00eancias de datas nas\u00a0publica\u00e7\u00f5es\u00a0editadas pelas editoras atlas,\u00a0<br>ocasionando duvidas ao catalogador, o grupo resolveu estabelecer as seguintes normas:<br>\u00a0<br>1.1 \u00a0 \u00a0 A data mencionada na pagina de rosto n\u00e3o deve ser considerada para fins de \u00a0cataloga\u00e7\u00e3o, uma vez que, na maioria das vezes, essa data corresponde a tiragem e n\u00e3o a uma nova edi\u00e7\u00e3o.<br>\u00a0<br>1.2 \u00a0 \u00a0Para os casos mencionados no item 1.1 deve ser usada a data de copyright e colocar em nota da tiragem ( reimpresso).<br>\u00a0<br>\u00a0 \u00a0 \u00a0 \u00a0 \u00a0 \u00a0 \u00a0 \u00a0 \u00a0 \u00a0 \u00a0 \u00a0 \u00a0 \u00a0 \u00a0 \u00a0 \u00a0 \u00a0 \u00a0 \u00a0 \u00a0 \u00a0 \u00a0 \u00a0 \u00a0 \u00a0 \u00a0 \u00a0 \u00a0 \u00a0 VER MODELO ANEXO<br>Observa\u00e7\u00e3o:\u00a0\u00a0como exce\u00e7\u00e3o a biblioteca nacional, que tem necessidade de manter todas as edi\u00e7\u00f5es e\/ou tiragens, para atender as exig\u00eancias do deposito legal,\u00a0<strong>n\u00e3o<\/strong>\u00a0adotara a norma estabelecida pelo grupo, para os livros editados pela editora atlas.<br>Pedimos a colabora\u00e7\u00e3o das bibliotecas cooperantes no sentido de observarem as normas estabelecidas para cataloga\u00e7\u00e3o de obras reimpressas e reeditas, a fim de evitar erros e consequ\u00eancias acertos posteriores, assim sendo:<br><br>A) para cada nova edi\u00e7\u00e3o devera ser feita uma nova cataloga\u00e7\u00e3o.<br>B) para reimpresso da mesma edi\u00e7\u00e3o na \u00e1rea de publica\u00e7\u00e3o (imprenta) e a data da reimpress\u00e3o em nota no par\u00e1grafo 590.<br>\u00a0<br>2. PUBLICA\u00c7\u00c3O D ENTIDADES COLETIVAS<br>\u00a0<br>\u00a0 \u00a0 \u00a0 \u00a0 \u00a0 \u00a0 \u00a0 \u00a0 \u00a0 \u00a0 \u00a0 Para publica\u00e7\u00f5es emanadas por entidades coletivas registrar na\u00a0\u00e1rea\u00a0da\u00a0indica\u00e7\u00e3o\u00a0de\u00a0responsabilidade (ap\u00f3s barra) apenas os elementos que\u00a0v\u00e3o\u00a0ser desdobrados na pista, evitando assim o registro de todos os elementos da hierarquia que aparecem na pagina de rosto. \u00a0 \u00a0 \u00a0 \u00a0 \u00a0 \u00a0 \u00a0 \u00a0 \u00a0 \u00a0 \u00a0 \u00a0 \u00a0 <br>\u00a0(exemplo em anexo)<br>\u00a0<br>\u00a0<br>\u00a0<br>\u00a0 \u00a0 \u00a0 \u00a0 \u00a0 \u00a0 \u00a0 \u00a0 \u00a0 \u00a0 \u00a0 \u00a0 \u00a0 \u00a0 \u00a0 \u00a0 \u00a0 \u00a0 \u00a0 \u00a0 \u00a0 \u00a0 \u00a0 \u00a0 \u00a0Rio de Janeiro, 10 de agosto de 1988.<br>\u00a0 \u00a0 \u00a0 \u00a0 \u00a0 \u00a0 \u00a0 \u00a0 \u00a0 \u00a0 \u00a0 \u00a0 \u00a0 \u00a0 \u00a0 \u00a0 \u00a0 \u00a0 \u00a0 \u00a0 \u00a0 \u00a0 \u00a0 \u00a0Maria Salom\u00e9 Pedrosa Caldas<br>\u00a0 \u00a0 \u00a0 \u00a0 \u00a0 \u00a0 \u00a0 \u00a0 \u00a0 \u00a0 \u00a0 \u00a0 \u00a0 \u00a0 \u00a0 \u00a0 \u00a0 \u00a0Chefe do setor de cataloga\u00e7\u00e3o e classifica\u00e7\u00e3o<\/td><\/tr><\/tbody><\/table><\/figure>\n","protected":false},"excerpt":{"rendered":"<p>BIBLIOTECA UNIVERSIT\u00c1RIA \u2013 UFMG\u00a0\u00a0\u00a0\u00a0\u00a0\u00a0\u00a0\u00a0\u00a0\u00a0\u00a0\u00a0\u00a0\u00a0\u00a0\u00a0\u00a0\u00a0\u00a0\u00a0\u00a0\u00a0\u00a0\u00a0\u00a0\u00a0\u00a0\u00a0\u00a0\u00a0\u00a0\u00a0\u00a0\u00a0\u00a0\u00a0\u00a0\u00a0\u00a0\u00a0\u00a0\u00a0\u00a0\u00a0\u00a0CENTRAL DE CONTROLE E QUALIDADE DA CATALOGA\u00c7\u00c3O &#8211; CCQC COMUNICADO N\u00ba: \u00a0 \u00a0 \u00a0 DATA: 08\/88 ASSUNTO: \u00a0Funda\u00e7\u00e3o Get\u00falio VargasBiblioteca Central, sistema Bibliodata\/CALCO Informamos as Bibliotecas cooperantes da rede BIBLIODATA\/CALCO que foram tornadas as seguintes decis\u00f5es pelo grupo de estudos de cataloga\u00e7\u00e3o.\u00a01. DATA DE PUBLICA\u00c7\u00c3O\u00a0 \u00a0 \u00a0 \u00a0 \u00a0 Com rela\u00e7\u00e3o as [&hellip;]<\/p>\n","protected":false},"author":1,"featured_media":0,"parent":0,"menu_order":0,"comment_status":"closed","ping_status":"closed","template":"","meta":{"footnotes":""},"class_list":["post-165","page","type-page","status-publish","hentry"],"_links":{"self":[{"href":"https:\/\/www.bu.ufmg.br\/catalogacao\/wp-json\/wp\/v2\/pages\/165","targetHints":{"allow":["GET"]}}],"collection":[{"href":"https:\/\/www.bu.ufmg.br\/catalogacao\/wp-json\/wp\/v2\/pages"}],"about":[{"href":"https:\/\/www.bu.ufmg.br\/catalogacao\/wp-json\/wp\/v2\/types\/page"}],"author":[{"embeddable":true,"href":"https:\/\/www.bu.ufmg.br\/catalogacao\/wp-json\/wp\/v2\/users\/1"}],"replies":[{"embeddable":true,"href":"https:\/\/www.bu.ufmg.br\/catalogacao\/wp-json\/wp\/v2\/comments?post=165"}],"version-history":[{"count":0,"href":"https:\/\/www.bu.ufmg.br\/catalogacao\/wp-json\/wp\/v2\/pages\/165\/revisions"}],"wp:attachment":[{"href":"https:\/\/www.bu.ufmg.br\/catalogacao\/wp-json\/wp\/v2\/media?parent=165"}],"curies":[{"name":"wp","href":"https:\/\/api.w.org\/{rel}","templated":true}]}}