{"id":163,"date":"2022-03-30T16:01:13","date_gmt":"2022-03-30T19:01:13","guid":{"rendered":"https:\/\/www.bu.ufmg.br\/catalogacao\/?page_id=163"},"modified":"2022-05-19T20:26:54","modified_gmt":"2022-05-19T23:26:54","slug":"campos-245-e-246-teses","status":"publish","type":"page","link":"https:\/\/www.bu.ufmg.br\/catalogacao\/campos-245-e-246-teses\/","title":{"rendered":"Campos 245 e 246  &#8211; Teses"},"content":{"rendered":"\n<div class=\"wp-block-columns is-layout-flex wp-container-core-columns-is-layout-1 wp-block-columns-is-layout-flex\">\n<div class=\"wp-block-column is-layout-flow wp-block-column-is-layout-flow\" style=\"flex-basis:100%\">\n<figure class=\"wp-block-table is-style-regular has-medium-font-size\"><table class=\"has-colibri-color-6-color has-very-light-gray-to-cyan-bluish-gray-gradient-background has-text-color has-background\"><thead><tr><th class=\"has-text-align-left\" data-align=\"left\"><strong>BIBLIOTECA UNIVERSIT\u00c1RIA \u2013 UFMG\u00a0\u00a0\u00a0\u00a0\u00a0\u00a0\u00a0\u00a0\u00a0\u00a0\u00a0\u00a0\u00a0\u00a0\u00a0\u00a0\u00a0\u00a0\u00a0\u00a0\u00a0\u00a0\u00a0\u00a0\u00a0\u00a0\u00a0\u00a0\u00a0\u00a0\u00a0\u00a0\u00a0\u00a0\u00a0\u00a0\u00a0\u00a0\u00a0\u00a0\u00a0\u00a0\u00a0\u00a0\u00a0<br>CENTRAL DE CONTROLE E QUALIDADE DA CATALOGA\u00c7\u00c3O &#8211; CCQC<\/strong><\/th><\/tr><\/thead><tbody><tr><td class=\"has-text-align-left\" data-align=\"left\"><\/td><\/tr><tr><td class=\"has-text-align-left\" data-align=\"left\"><br><strong>COMUNICADO N\u00ba: <\/strong>\u00a008 \u00a0 \u00a0       <strong>DATA: <\/strong> 20\/04\/01<\/td><\/tr><tr><td class=\"has-text-align-left\" data-align=\"left\"><strong>ASSUNTO:<\/strong> &nbsp;TESES<br><\/td><\/tr><tr><td class=\"has-text-align-left\" data-align=\"left\"><br><strong>Teses com t\u00edtulos diferentes na p\u00e1gina e na folha de defesa<\/strong><br>&nbsp;<br><br>Orienta\u00e7\u00e3o: informar o titulo da folha de rosto no campo 245 e o titulo da folha de defesa ou de folha de aprova\u00e7\u00e3o no campo 246 indicador 2= branco<br>&nbsp;<br>Se o t\u00edtulo diferente estiver na capa usar 246 indicador 2 = 4<br>&nbsp;<br>&nbsp;<br>Atenciosamente<br>&nbsp;<br>CCQC<\/td><\/tr><\/tbody><\/table><\/figure>\n<\/div>\n<\/div>\n","protected":false},"excerpt":{"rendered":"<p>BIBLIOTECA UNIVERSIT\u00c1RIA \u2013 UFMG\u00a0\u00a0\u00a0\u00a0\u00a0\u00a0\u00a0\u00a0\u00a0\u00a0\u00a0\u00a0\u00a0\u00a0\u00a0\u00a0\u00a0\u00a0\u00a0\u00a0\u00a0\u00a0\u00a0\u00a0\u00a0\u00a0\u00a0\u00a0\u00a0\u00a0\u00a0\u00a0\u00a0\u00a0\u00a0\u00a0\u00a0\u00a0\u00a0\u00a0\u00a0\u00a0\u00a0\u00a0\u00a0CENTRAL DE CONTROLE E QUALIDADE DA CATALOGA\u00c7\u00c3O &#8211; CCQC COMUNICADO N\u00ba: \u00a008 \u00a0 \u00a0 DATA: 20\/04\/01 ASSUNTO: &nbsp;TESES Teses com t\u00edtulos diferentes na p\u00e1gina e na folha de defesa&nbsp; Orienta\u00e7\u00e3o: informar o titulo da folha de rosto no campo 245 e o titulo da folha de defesa ou de folha de aprova\u00e7\u00e3o [&hellip;]<\/p>\n","protected":false},"author":1,"featured_media":0,"parent":0,"menu_order":0,"comment_status":"closed","ping_status":"closed","template":"","meta":{"footnotes":""},"class_list":["post-163","page","type-page","status-publish","hentry"],"_links":{"self":[{"href":"https:\/\/www.bu.ufmg.br\/catalogacao\/wp-json\/wp\/v2\/pages\/163","targetHints":{"allow":["GET"]}}],"collection":[{"href":"https:\/\/www.bu.ufmg.br\/catalogacao\/wp-json\/wp\/v2\/pages"}],"about":[{"href":"https:\/\/www.bu.ufmg.br\/catalogacao\/wp-json\/wp\/v2\/types\/page"}],"author":[{"embeddable":true,"href":"https:\/\/www.bu.ufmg.br\/catalogacao\/wp-json\/wp\/v2\/users\/1"}],"replies":[{"embeddable":true,"href":"https:\/\/www.bu.ufmg.br\/catalogacao\/wp-json\/wp\/v2\/comments?post=163"}],"version-history":[{"count":0,"href":"https:\/\/www.bu.ufmg.br\/catalogacao\/wp-json\/wp\/v2\/pages\/163\/revisions"}],"wp:attachment":[{"href":"https:\/\/www.bu.ufmg.br\/catalogacao\/wp-json\/wp\/v2\/media?parent=163"}],"curies":[{"name":"wp","href":"https:\/\/api.w.org\/{rel}","templated":true}]}}