{"id":1585,"date":"2024-12-17T16:33:15","date_gmt":"2024-12-17T19:33:15","guid":{"rendered":"https:\/\/www.bu.ufmg.br\/catalogacao\/?page_id=1585"},"modified":"2024-12-17T16:40:10","modified_gmt":"2024-12-17T19:40:10","slug":"e-book","status":"publish","type":"page","link":"https:\/\/www.bu.ufmg.br\/catalogacao\/e-book\/","title":{"rendered":"E-book"},"content":{"rendered":"\n<p class=\"has-colibri-color-6-color has-text-color has-medium-font-size\"><a rel=\"noreferrer noopener\" href=\"https:\/\/www.bu.ufmg.br\/catalogacao\/wp-content\/uploads\/2022\/05\/Catalogacao-de-livros-eletronicos-versao-atual.pdf\" target=\"_blank\"><img loading=\"lazy\" decoding=\"async\" width=\"50\" height=\"47\" class=\"wp-image-1116\" style=\"width: 50px;\" src=\"https:\/\/www.bu.ufmg.br\/catalogacao\/wp-content\/uploads\/2022\/05\/icone-pdf-1.png\" alt=\"\"><\/a> Diretrizes para cataloga\u00e7\u00e3o de livros eletr\u00f4nicos &#8211; E-books no Sistema de Bibliotecas da UFMG<\/p>\n\n\n\n<p><\/p>\n","protected":false},"excerpt":{"rendered":"<p>Diretrizes para cataloga\u00e7\u00e3o de livros eletr\u00f4nicos &#8211; E-books no Sistema de Bibliotecas da UFMG<\/p>\n","protected":false},"author":2,"featured_media":0,"parent":0,"menu_order":0,"comment_status":"closed","ping_status":"closed","template":"","meta":{"footnotes":""},"class_list":["post-1585","page","type-page","status-publish","hentry"],"_links":{"self":[{"href":"https:\/\/www.bu.ufmg.br\/catalogacao\/wp-json\/wp\/v2\/pages\/1585","targetHints":{"allow":["GET"]}}],"collection":[{"href":"https:\/\/www.bu.ufmg.br\/catalogacao\/wp-json\/wp\/v2\/pages"}],"about":[{"href":"https:\/\/www.bu.ufmg.br\/catalogacao\/wp-json\/wp\/v2\/types\/page"}],"author":[{"embeddable":true,"href":"https:\/\/www.bu.ufmg.br\/catalogacao\/wp-json\/wp\/v2\/users\/2"}],"replies":[{"embeddable":true,"href":"https:\/\/www.bu.ufmg.br\/catalogacao\/wp-json\/wp\/v2\/comments?post=1585"}],"version-history":[{"count":0,"href":"https:\/\/www.bu.ufmg.br\/catalogacao\/wp-json\/wp\/v2\/pages\/1585\/revisions"}],"wp:attachment":[{"href":"https:\/\/www.bu.ufmg.br\/catalogacao\/wp-json\/wp\/v2\/media?parent=1585"}],"curies":[{"name":"wp","href":"https:\/\/api.w.org\/{rel}","templated":true}]}}