{"id":158,"date":"2022-03-30T15:57:48","date_gmt":"2022-03-30T18:57:48","guid":{"rendered":"https:\/\/www.bu.ufmg.br\/catalogacao\/?page_id=158"},"modified":"2022-05-19T20:21:29","modified_gmt":"2022-05-19T23:21:29","slug":"campo-008-posicao-23-campo-245-e-campo-300-2","status":"publish","type":"page","link":"https:\/\/www.bu.ufmg.br\/catalogacao\/campo-008-posicao-23-campo-245-e-campo-300-2\/","title":{"rendered":"Campo 008 (Posi\u00e7\u00e3o 23), Campo 245 e Campo 300"},"content":{"rendered":"\n<figure class=\"wp-block-table has-medium-font-size\"><table class=\"has-colibri-color-6-color has-text-color has-background\" style=\"background:linear-gradient(100deg,rgb(238,238,238) 0%,rgb(169,184,195) 100%)\"><thead><tr><th class=\"has-text-align-left\" data-align=\"left\">BIBLIOTECA UNIVERSIT\u00c1RIA \u2013 UFMG\u00a0\u00a0\u00a0\u00a0\u00a0\u00a0\u00a0\u00a0\u00a0\u00a0\u00a0\u00a0\u00a0\u00a0\u00a0\u00a0\u00a0\u00a0\u00a0\u00a0\u00a0\u00a0\u00a0\u00a0\u00a0\u00a0\u00a0\u00a0\u00a0\u00a0\u00a0\u00a0\u00a0\u00a0\u00a0\u00a0\u00a0\u00a0\u00a0\u00a0\u00a0\u00a0\u00a0\u00a0\u00a0<br>CENTRAL DE CONTROLE E QUALIDADE DA CATALOGA\u00c7\u00c3O &#8211; CCQC<\/th><\/tr><\/thead><tbody><tr><td class=\"has-text-align-left\" data-align=\"left\"><\/td><\/tr><tr><td class=\"has-text-align-left\" data-align=\"left\"><strong>COMUNICADO N\u00ba:<\/strong> 03\u00a0\u00a0\u00a0\u00a0\u00a0\u00a0\u00a0\u00a0\u00a0\u00a0\u00a0\u00a0\u00a0\u00a0\u00a0\u00a0<strong>DATA:\u00a0<\/strong>\u00a031\/03\/2009<\/td><\/tr><tr><td class=\"has-text-align-left\" data-align=\"left\"><strong>ASSUNTO: <\/strong>Campo 008 (Posi\u00e7\u00e3o 23), Campo 245, Campo 300<\/td><\/tr><tr><td class=\"has-text-align-left\" data-align=\"left\"><br>Orienta\u00e7\u00f5es sobre campo 008\/23, campo 245, campo 300 :<br>Livros<br>\u00a0<br>&#8211;\u00a0\u00a0Campo 008\/Posi\u00e7\u00e3o 23 \u2013 Forma do item<br>\u00a0\u00a0\u00a0\u00a0N\u00e3o utilizar o\u00a0<strong>r<\/strong>\u00a0(Reprodu\u00e7\u00e3o em impress\u00e3o regular, fotoc\u00f3pia) para itens impressos. Nos registros convertidos para o Pergamum essa posi\u00e7\u00e3o est\u00e1 com c\u00f3digo r. Orientamos que a medida for editando o registro por algum motivo corrigir o 008\/23 para # (nenhum dos dados a seguir).<br>\u00a0<br>&#8211; Campo 245 \u2013 DGM<br>\u00a0<br>N\u00e3o inserir colchetes no campo 245 $h [DGM].<br>O Pergamum colocou os colchetes default como constante de exibi\u00e7\u00e3o na Web. Apesar dos colchetes n\u00e3o aparecerem no momento da edi\u00e7\u00e3o do RBM, aparecem ap\u00f3s atualiza\u00e7\u00e3o do registro.<br>\u00a0<br>-Obra em volumes &#8211; Campo 300 \u2013 descri\u00e7\u00e3o f\u00edsica<br>\u00a0<br>Quando a obra for em volumes e n\u00e3o houver indica\u00e7\u00e3o de in\u00edcio ou fim de volumes da mesma, n\u00e3o colocar nv. Digitar 3 espa\u00e7os e colocar v.<br>\u00a0<br>Ex.: 300 $a\u00a0\u00a0\u00a0v.<\/td><\/tr><\/tbody><\/table><\/figure>\n","protected":false},"excerpt":{"rendered":"<p>BIBLIOTECA UNIVERSIT\u00c1RIA \u2013 UFMG\u00a0\u00a0\u00a0\u00a0\u00a0\u00a0\u00a0\u00a0\u00a0\u00a0\u00a0\u00a0\u00a0\u00a0\u00a0\u00a0\u00a0\u00a0\u00a0\u00a0\u00a0\u00a0\u00a0\u00a0\u00a0\u00a0\u00a0\u00a0\u00a0\u00a0\u00a0\u00a0\u00a0\u00a0\u00a0\u00a0\u00a0\u00a0\u00a0\u00a0\u00a0\u00a0\u00a0\u00a0\u00a0CENTRAL DE CONTROLE E QUALIDADE DA CATALOGA\u00c7\u00c3O &#8211; CCQC COMUNICADO N\u00ba: 03\u00a0\u00a0\u00a0\u00a0\u00a0\u00a0\u00a0\u00a0\u00a0\u00a0\u00a0\u00a0\u00a0\u00a0\u00a0\u00a0DATA:\u00a0\u00a031\/03\/2009 ASSUNTO: Campo 008 (Posi\u00e7\u00e3o 23), Campo 245, Campo 300 Orienta\u00e7\u00f5es sobre campo 008\/23, campo 245, campo 300 :Livros\u00a0&#8211;\u00a0\u00a0Campo 008\/Posi\u00e7\u00e3o 23 \u2013 Forma do item\u00a0\u00a0\u00a0\u00a0N\u00e3o utilizar o\u00a0r\u00a0(Reprodu\u00e7\u00e3o em impress\u00e3o regular, fotoc\u00f3pia) para itens impressos. Nos registros convertidos para o Pergamum essa [&hellip;]<\/p>\n","protected":false},"author":1,"featured_media":0,"parent":0,"menu_order":0,"comment_status":"closed","ping_status":"closed","template":"","meta":{"footnotes":""},"class_list":["post-158","page","type-page","status-publish","hentry"],"_links":{"self":[{"href":"https:\/\/www.bu.ufmg.br\/catalogacao\/wp-json\/wp\/v2\/pages\/158","targetHints":{"allow":["GET"]}}],"collection":[{"href":"https:\/\/www.bu.ufmg.br\/catalogacao\/wp-json\/wp\/v2\/pages"}],"about":[{"href":"https:\/\/www.bu.ufmg.br\/catalogacao\/wp-json\/wp\/v2\/types\/page"}],"author":[{"embeddable":true,"href":"https:\/\/www.bu.ufmg.br\/catalogacao\/wp-json\/wp\/v2\/users\/1"}],"replies":[{"embeddable":true,"href":"https:\/\/www.bu.ufmg.br\/catalogacao\/wp-json\/wp\/v2\/comments?post=158"}],"version-history":[{"count":0,"href":"https:\/\/www.bu.ufmg.br\/catalogacao\/wp-json\/wp\/v2\/pages\/158\/revisions"}],"wp:attachment":[{"href":"https:\/\/www.bu.ufmg.br\/catalogacao\/wp-json\/wp\/v2\/media?parent=158"}],"curies":[{"name":"wp","href":"https:\/\/api.w.org\/{rel}","templated":true}]}}