{"id":1550,"date":"2024-12-12T16:43:34","date_gmt":"2024-12-12T19:43:34","guid":{"rendered":"https:\/\/www.bu.ufmg.br\/catalogacao\/?page_id=1550"},"modified":"2024-12-12T16:44:52","modified_gmt":"2024-12-12T19:44:52","slug":"campo-520-notas-de-resumo-e-090-em-teses-e-dissertacoes","status":"publish","type":"page","link":"https:\/\/www.bu.ufmg.br\/catalogacao\/campo-520-notas-de-resumo-e-090-em-teses-e-dissertacoes\/","title":{"rendered":"Campo 520 &#8211;  (Notas de resumo) e 090 em Teses e disserta\u00e7\u00f5es"},"content":{"rendered":"\n<figure class=\"wp-block-table aligncenter has-medium-font-size\"><table class=\"has-colibri-color-6-color has-text-color has-background\" style=\"background:linear-gradient(100deg,rgb(238,238,238) 0%,rgb(169,184,195) 100%)\"><thead><tr><th class=\"has-text-align-left\" data-align=\"left\">BIBLIOTECA UNIVERSIT\u00c1RIA \u2013 UFMG&nbsp;&nbsp;&nbsp;&nbsp;&nbsp;&nbsp;&nbsp;&nbsp;&nbsp;&nbsp;&nbsp;&nbsp;&nbsp;&nbsp;&nbsp;&nbsp;&nbsp;&nbsp;&nbsp;&nbsp;&nbsp;&nbsp;&nbsp;&nbsp;&nbsp;&nbsp;&nbsp;&nbsp;&nbsp;&nbsp;&nbsp;&nbsp;&nbsp;&nbsp;&nbsp;&nbsp;&nbsp;&nbsp;&nbsp;&nbsp;&nbsp;&nbsp;&nbsp;&nbsp;&nbsp;<br>CENTRAL DE CONTROLE E QUALIDADE DA CATALOGA\u00c7\u00c3O &#8211; CCQC<\/th><\/tr><\/thead><tbody><tr><td class=\"has-text-align-left\" data-align=\"left\"><br><\/td><\/tr><tr><td class=\"has-text-align-left\" data-align=\"left\"><strong>COMUNICADO N\u00ba:<\/strong> 1-2008\u00a0\u00a0\u00a0\u00a0\u00a0\u00a0\u00a0\u00a0\u00a0\u00a0 <strong>DATA:<\/strong> 05\/03\/2008<\/td><\/tr><tr><td class=\"has-text-align-left\" data-align=\"left\"><strong>ASSUNTO:\u00a0 <\/strong>Campo 520 &#8211;  (Notas de resumo) e 090 em Teses e disserta\u00e7\u00f5es<\/td><\/tr><tr><td class=\"has-text-align-left\" data-align=\"left\"><br>Prezados Catalogadores,<br><br>Solicitamos adotarem os crit\u00e9rios abaixo na cria\u00e7\u00e3o de RBMs:<br><br><strong>Teses e disserta\u00e7\u00f5es<\/strong><br>Caso 1: Quando se tem somente o exemplar impresso:<br><strong>Inserir o campo 520<\/strong><br><br>Caso 2: Quando se tem o exemplar impresso e o mesmo estiver<br>dispon\u00edvel no Opus:<br>Inserir o campo 520<br><br>Caso 3: Quando o exemplar estiver dispon\u00edvel no Opus :<br><strong>N\u00e3o inserir o campo 520<\/strong><br><strong>Inserir o campo 090:<\/strong><br>   <strong>Sugest\u00e3o:<\/strong><br>090 ## Tese online<br>090 ## Disserta\u00e7\u00e3o online<\/td><\/tr><\/tbody><\/table><\/figure>\n","protected":false},"excerpt":{"rendered":"<p>BIBLIOTECA UNIVERSIT\u00c1RIA \u2013 UFMG&nbsp;&nbsp;&nbsp;&nbsp;&nbsp;&nbsp;&nbsp;&nbsp;&nbsp;&nbsp;&nbsp;&nbsp;&nbsp;&nbsp;&nbsp;&nbsp;&nbsp;&nbsp;&nbsp;&nbsp;&nbsp;&nbsp;&nbsp;&nbsp;&nbsp;&nbsp;&nbsp;&nbsp;&nbsp;&nbsp;&nbsp;&nbsp;&nbsp;&nbsp;&nbsp;&nbsp;&nbsp;&nbsp;&nbsp;&nbsp;&nbsp;&nbsp;&nbsp;&nbsp;&nbsp;CENTRAL DE CONTROLE E QUALIDADE DA CATALOGA\u00c7\u00c3O &#8211; CCQC COMUNICADO N\u00ba: 1-2008\u00a0\u00a0\u00a0\u00a0\u00a0\u00a0\u00a0\u00a0\u00a0\u00a0 DATA: 05\/03\/2008 ASSUNTO:\u00a0 Campo 520 &#8211; (Notas de resumo) e 090 em Teses e disserta\u00e7\u00f5es Prezados Catalogadores, Solicitamos adotarem os crit\u00e9rios abaixo na cria\u00e7\u00e3o de RBMs: Teses e disserta\u00e7\u00f5esCaso 1: Quando se tem somente o exemplar impresso:Inserir o campo 520 [&hellip;]<\/p>\n","protected":false},"author":2,"featured_media":0,"parent":0,"menu_order":0,"comment_status":"closed","ping_status":"closed","template":"","meta":{"footnotes":""},"class_list":["post-1550","page","type-page","status-publish","hentry"],"_links":{"self":[{"href":"https:\/\/www.bu.ufmg.br\/catalogacao\/wp-json\/wp\/v2\/pages\/1550","targetHints":{"allow":["GET"]}}],"collection":[{"href":"https:\/\/www.bu.ufmg.br\/catalogacao\/wp-json\/wp\/v2\/pages"}],"about":[{"href":"https:\/\/www.bu.ufmg.br\/catalogacao\/wp-json\/wp\/v2\/types\/page"}],"author":[{"embeddable":true,"href":"https:\/\/www.bu.ufmg.br\/catalogacao\/wp-json\/wp\/v2\/users\/2"}],"replies":[{"embeddable":true,"href":"https:\/\/www.bu.ufmg.br\/catalogacao\/wp-json\/wp\/v2\/comments?post=1550"}],"version-history":[{"count":0,"href":"https:\/\/www.bu.ufmg.br\/catalogacao\/wp-json\/wp\/v2\/pages\/1550\/revisions"}],"wp:attachment":[{"href":"https:\/\/www.bu.ufmg.br\/catalogacao\/wp-json\/wp\/v2\/media?parent=1550"}],"curies":[{"name":"wp","href":"https:\/\/api.w.org\/{rel}","templated":true}]}}