{"id":151,"date":"2022-03-30T15:34:14","date_gmt":"2022-03-30T18:34:14","guid":{"rendered":"https:\/\/www.bu.ufmg.br\/catalogacao\/?page_id=151"},"modified":"2022-05-19T19:35:04","modified_gmt":"2022-05-19T22:35:04","slug":"campo-150-tese-como-assunto-principal-e-como-subdivisao","status":"publish","type":"page","link":"https:\/\/www.bu.ufmg.br\/catalogacao\/campo-150-tese-como-assunto-principal-e-como-subdivisao\/","title":{"rendered":"Campo 150 &#8211; Tese como Assunto Principal e como Subdivis\u00e3o"},"content":{"rendered":"\n<figure class=\"wp-block-table has-medium-font-size\"><table class=\"has-colibri-color-6-color has-text-color has-background\" style=\"background:linear-gradient(100deg,rgb(238,238,238) 0%,rgb(169,184,195) 100%)\"><thead><tr><th class=\"has-text-align-left\" data-align=\"left\">BIBLIOTECA UNIVERSIT\u00c1RIA \u2013 UFMG&nbsp;&nbsp;&nbsp;&nbsp;&nbsp;&nbsp;&nbsp;&nbsp;&nbsp;&nbsp;&nbsp;&nbsp;&nbsp;&nbsp;&nbsp;&nbsp;&nbsp;&nbsp;&nbsp;&nbsp;&nbsp;&nbsp;&nbsp;&nbsp;&nbsp;&nbsp;&nbsp;&nbsp;&nbsp;&nbsp;&nbsp;&nbsp;&nbsp;&nbsp;&nbsp;&nbsp;&nbsp;&nbsp;&nbsp;&nbsp;&nbsp;&nbsp;&nbsp;&nbsp;&nbsp;<br>CENTRAL DE CONTROLE E QUALIDADE DA CATALOGA\u00c7\u00c3O &#8211; CCQC<\/th><\/tr><\/thead><tbody><tr><td class=\"has-text-align-left\" data-align=\"left\"><\/td><\/tr><tr><td class=\"has-text-align-left\" data-align=\"left\"><br><strong>COMUNICADO N\u00ba:<\/strong> 3\u00a0\u00a0\u00a0\u00a0\u00a0\u00a0\u00a0\u00a0\u00a0\u00a0\u00a0 \u00a0<strong>DATA:\u00a0<\/strong> 01\/04\/2008<\/td><\/tr><tr><td class=\"has-text-align-left\" data-align=\"left\"><strong>ASSUNTO:&nbsp;<\/strong> Tese como assunto principal e como subdivis\u00e3o&nbsp;<\/td><\/tr><tr><td class=\"has-text-align-left\" data-align=\"left\"><br><strong>COMO ATRIBUIR O CABE\u00c7ALHO TESES NO REGISTRO BIBLIOGR\u00c1FICO<\/strong><br>&nbsp;<br>O termo <strong>TESES<\/strong> pode ser usado em duas situa\u00e7\u00f5es:<br>&nbsp;<br><strong>1) \u2013 CABE\u00c7ALHO PRINCIPAL ($a)<\/strong><br>&nbsp;<br>040&nbsp;&nbsp;&nbsp;&nbsp; $a BlRjFGVB&nbsp; $b por&nbsp; $c BlRjFGVB<br>150&nbsp;&nbsp;&nbsp;&nbsp; $a Teses.<br>450&nbsp;&nbsp;&nbsp;&nbsp; $a Disserta\u00e7\u00f5es acad\u00eamicas.<br>450&nbsp;&nbsp;&nbsp;&nbsp; $a Academic dissertations.&nbsp; $5 DLC<br>450&nbsp;&nbsp;&nbsp;&nbsp; $a Dissertations, Academic.&nbsp; $5 DLC<br>450&nbsp;&nbsp;&nbsp;&nbsp; $a Programs, Academic.&nbsp; $5 DLC<br>450&nbsp;&nbsp;&nbsp;&nbsp; $a Theses.&nbsp; $5 DLC<br>450&nbsp;&nbsp;&nbsp;&nbsp; $a Thesis writing.&nbsp; $5 DLC<br>550&nbsp;&nbsp;&nbsp;&nbsp; $a Universidades e faculdades.<br>667&nbsp;&nbsp;&nbsp;&nbsp; $a Pode ser subdividido geograficamente.<br>930&nbsp;&nbsp;&nbsp;&nbsp; $a 120000322685&nbsp; $b 23\/11\/2006<br>930&nbsp;&nbsp;&nbsp;&nbsp; $a 120000434788&nbsp; $b 27\/03\/2007<br>999&nbsp;&nbsp;&nbsp;&nbsp; $a VTLSFF00&nbsp;&nbsp; 000000<br>&nbsp;<br>O <strong>RAM<\/strong> acima est\u00e1 na base do Sistema e foi transferido do CD de Autoridades do Bibliodata.<br>O termo <strong>TESES<\/strong> pode ser usado como cabe\u00e7alho principal no campo <strong>650 $a<\/strong> quando o assunto do item for <strong>sobre <\/strong>TESES<br>&nbsp;<br><strong>Ex.: Teses e disserta\u00e7\u00f5es: resumos das teses do corpo docente e disserta\u00e7\u00f5es do curso de p\u00f3s-gradua\u00e7\u00e3o em educa\u00e7\u00e3o<\/strong><br><strong>&nbsp;<\/strong><br><strong>&nbsp;<\/strong><br><strong>&nbsp;2) \u2013 SUBDIVIS\u00c3O ( $x)&nbsp; &#8211; N\u00c3O USAR $v<\/strong><br>&nbsp;<br>040&nbsp;&nbsp;&nbsp;&nbsp; $a BR-BhUFM&nbsp; $b por&nbsp; $c BR-BhUFM<br>180&nbsp;&nbsp;&nbsp;&nbsp; $x Teses<br>260 ##&nbsp; $a Usado como subcabe\u00e7alho sob nomes das universidades e dos assuntos especificos, ex. Harvard University &#8211; Teses, F\u00edsica &#8211; Teses<br>480&nbsp;&nbsp;&nbsp;&nbsp; $x Theses&nbsp; $5 LC<br>480&nbsp;&nbsp;&nbsp;&nbsp; $x Dissertations, Academic&nbsp; $5 LC<br>930&nbsp;&nbsp;&nbsp;&nbsp; $a 120000434788&nbsp; $b 28\/03\/2007<br>930&nbsp;&nbsp;&nbsp;&nbsp; $a 120000990910&nbsp; $b 28\/03\/2007<br>930&nbsp;&nbsp;&nbsp;&nbsp; $a 120000990910&nbsp; $b 28\/03\/2007<br>930&nbsp;&nbsp;&nbsp;&nbsp; $a 120000434788&nbsp; $b 27\/03\/2008<br><strong>&nbsp;<\/strong><br><strong>Nesse caso atribuir no RBM a partir deste REGISTRO (785653)<\/strong><\/td><\/tr><\/tbody><\/table><\/figure>\n\n\n\n<figure class=\"wp-block-table has-medium-font-size\"><table class=\"has-colibri-color-6-color has-text-color has-background\" style=\"background:linear-gradient(100deg,rgb(238,238,238) 0%,rgb(169,184,195) 100%)\"><tbody><tr><td><strong>Obs: Esclarecemos que a pol\u00edtica de tratamento de registros de autoridade para as subdivis\u00f5es de assunto, at\u00e9 a data deste comunicado, ainda n\u00e3o foi definida.<\/strong><\/td><\/tr><\/tbody><\/table><\/figure>\n","protected":false},"excerpt":{"rendered":"<p>BIBLIOTECA UNIVERSIT\u00c1RIA \u2013 UFMG&nbsp;&nbsp;&nbsp;&nbsp;&nbsp;&nbsp;&nbsp;&nbsp;&nbsp;&nbsp;&nbsp;&nbsp;&nbsp;&nbsp;&nbsp;&nbsp;&nbsp;&nbsp;&nbsp;&nbsp;&nbsp;&nbsp;&nbsp;&nbsp;&nbsp;&nbsp;&nbsp;&nbsp;&nbsp;&nbsp;&nbsp;&nbsp;&nbsp;&nbsp;&nbsp;&nbsp;&nbsp;&nbsp;&nbsp;&nbsp;&nbsp;&nbsp;&nbsp;&nbsp;&nbsp;CENTRAL DE CONTROLE E QUALIDADE DA CATALOGA\u00c7\u00c3O &#8211; CCQC COMUNICADO N\u00ba: 3\u00a0\u00a0\u00a0\u00a0\u00a0\u00a0\u00a0\u00a0\u00a0\u00a0\u00a0 \u00a0DATA:\u00a0 01\/04\/2008 ASSUNTO:&nbsp; Tese como assunto principal e como subdivis\u00e3o&nbsp; COMO ATRIBUIR O CABE\u00c7ALHO TESES NO REGISTRO BIBLIOGR\u00c1FICO&nbsp;O termo TESES pode ser usado em duas situa\u00e7\u00f5es:&nbsp;1) \u2013 CABE\u00c7ALHO PRINCIPAL ($a)&nbsp;040&nbsp;&nbsp;&nbsp;&nbsp; $a BlRjFGVB&nbsp; $b por&nbsp; $c BlRjFGVB150&nbsp;&nbsp;&nbsp;&nbsp; $a Teses.450&nbsp;&nbsp;&nbsp;&nbsp; $a Disserta\u00e7\u00f5es [&hellip;]<\/p>\n","protected":false},"author":1,"featured_media":0,"parent":0,"menu_order":0,"comment_status":"closed","ping_status":"closed","template":"","meta":{"footnotes":""},"class_list":["post-151","page","type-page","status-publish","hentry"],"_links":{"self":[{"href":"https:\/\/www.bu.ufmg.br\/catalogacao\/wp-json\/wp\/v2\/pages\/151","targetHints":{"allow":["GET"]}}],"collection":[{"href":"https:\/\/www.bu.ufmg.br\/catalogacao\/wp-json\/wp\/v2\/pages"}],"about":[{"href":"https:\/\/www.bu.ufmg.br\/catalogacao\/wp-json\/wp\/v2\/types\/page"}],"author":[{"embeddable":true,"href":"https:\/\/www.bu.ufmg.br\/catalogacao\/wp-json\/wp\/v2\/users\/1"}],"replies":[{"embeddable":true,"href":"https:\/\/www.bu.ufmg.br\/catalogacao\/wp-json\/wp\/v2\/comments?post=151"}],"version-history":[{"count":0,"href":"https:\/\/www.bu.ufmg.br\/catalogacao\/wp-json\/wp\/v2\/pages\/151\/revisions"}],"wp:attachment":[{"href":"https:\/\/www.bu.ufmg.br\/catalogacao\/wp-json\/wp\/v2\/media?parent=151"}],"curies":[{"name":"wp","href":"https:\/\/api.w.org\/{rel}","templated":true}]}}