{"id":149,"date":"2022-03-30T15:22:13","date_gmt":"2022-03-30T18:22:13","guid":{"rendered":"https:\/\/www.bu.ufmg.br\/catalogacao\/?page_id=149"},"modified":"2022-05-19T19:32:12","modified_gmt":"2022-05-19T22:32:12","slug":"campo-100-entrada-de-nomes-indigenas","status":"publish","type":"page","link":"https:\/\/www.bu.ufmg.br\/catalogacao\/campo-100-entrada-de-nomes-indigenas\/","title":{"rendered":"Campo 100 &#8211; Entrada de Nomes Ind\u00edgenas"},"content":{"rendered":"\n<figure class=\"wp-block-table has-medium-font-size\"><table class=\"has-colibri-color-6-color has-text-color has-background\" style=\"background:linear-gradient(100deg,rgb(238,238,238) 0%,rgb(169,184,195) 100%)\"><thead><tr><th class=\"has-text-align-left\" data-align=\"left\">BIBLIOTECA UNIVERSIT\u00c1RIA \u2013 UFMG&nbsp;&nbsp;&nbsp;&nbsp;&nbsp;&nbsp;&nbsp;&nbsp;&nbsp;&nbsp;&nbsp;&nbsp;&nbsp;&nbsp;&nbsp;&nbsp;&nbsp;&nbsp;&nbsp;&nbsp;&nbsp;&nbsp;&nbsp;&nbsp;&nbsp;&nbsp;&nbsp;&nbsp;&nbsp;&nbsp;&nbsp;&nbsp;&nbsp;&nbsp;&nbsp;&nbsp;&nbsp;&nbsp;&nbsp;&nbsp;&nbsp;&nbsp;&nbsp;&nbsp;&nbsp; <br>CENTRAL DE CONTROLE E QUALIDADE DA CATALOGA\u00c7\u00c3O &#8211; CCQC<\/th><\/tr><\/thead><tbody><tr><td class=\"has-text-align-left\" data-align=\"left\"><\/td><\/tr><tr><td class=\"has-text-align-left\" data-align=\"left\"><strong>COMUNICADO N\u00ba: <\/strong>&nbsp;6&nbsp;&nbsp;&nbsp;&nbsp;&nbsp;&nbsp;&nbsp;&nbsp;&nbsp;&nbsp;&nbsp;&nbsp;&nbsp;&nbsp; <strong>DATA:<\/strong>&nbsp; 2015<\/td><\/tr><tr><td class=\"has-text-align-left\" data-align=\"left\"><strong>ASSUNTO: <\/strong>&nbsp;Entrada de nomes ind\u00edgenas<\/td><\/tr><tr><td class=\"has-text-align-left\" data-align=\"left\"><br><strong>Entrada de nomes ind\u00edgenas<\/strong><br>&nbsp;<br>Fontes de pesquisa:<br>\u00b7&nbsp;&nbsp;&nbsp;&nbsp;&nbsp;&nbsp;&nbsp;&nbsp; AACR2 2002 \u2013 Inexist\u00eancia de regras para entrada de nomes ind\u00edgenas<br>Duas ocorr\u00eancias (pode ser que tenha mais)<br>\u00b7&nbsp;&nbsp;&nbsp;&nbsp;&nbsp;&nbsp;&nbsp;&nbsp; CD-ROM \u2013 Cat\u00e1logo de autoridades da Rede Bibliodata<br><strong>Entrada \u2013 nome da tribo, prenome:<\/strong><br>LEADER 00336nz&nbsp;&nbsp; 2200109n&nbsp; 4500<br>001&nbsp;&nbsp;&nbsp; CA006845572<br>008&nbsp;&nbsp;&nbsp; 080703nn acnnnaabn&nbsp;&nbsp;&nbsp;&nbsp;&nbsp;&nbsp;&nbsp;&nbsp;&nbsp;&nbsp; n aaa&nbsp;&nbsp;&nbsp;&nbsp; d<br>040&nbsp;&nbsp;&nbsp;&nbsp;&nbsp; \\aBlRjFGVB\\bpor<br>100&nbsp;&nbsp;&nbsp; 1 \\aMunduruku, Daniel,\\d1964-<br>670&nbsp;&nbsp;&nbsp;&nbsp;&nbsp; \\aAutor de: Antologia de contos ind\u00edgenas de ensinamento : tempo de historias, 2006.<br>670&nbsp;&nbsp;&nbsp;&nbsp;&nbsp; \\aLiv. cat.\\bdn.<br>670&nbsp;&nbsp;&nbsp;&nbsp;&nbsp; \\aBN online\\bdn.<br>&nbsp;&nbsp;<br><strong>Nome mais conhecido:<\/strong><br>&nbsp;<br>LEADER 00291nz&nbsp;&nbsp; 2200097n&nbsp; 4500<br>001&nbsp;&nbsp;&nbsp; CA006790212<br>008&nbsp;&nbsp;&nbsp; 080201nn acnnnaabn&nbsp;&nbsp;&nbsp;&nbsp;&nbsp;&nbsp;&nbsp;&nbsp;&nbsp;&nbsp; n aaa&nbsp;&nbsp;&nbsp;&nbsp; d<br>040&nbsp;&nbsp;&nbsp;&nbsp;&nbsp; \\aBlRjFGVB\\bpor<br>100&nbsp;&nbsp;&nbsp; 1 \\aKopenawa, Davi, $d 1956-<br>670&nbsp;&nbsp;&nbsp;&nbsp;&nbsp; \\aSecund\u00e1ria de:&nbsp; Albert, Bruce. Yanomami: o esp\u00edrito da floresta. 2004<br>670&nbsp;&nbsp;&nbsp;&nbsp;&nbsp; \\aBN online\\bdn.<br>&nbsp;<br>&nbsp;<br>\u00b7&nbsp;&nbsp;&nbsp;&nbsp;&nbsp;&nbsp;&nbsp;&nbsp; Biblioteca Nacional, autoridades com dois tipos de entrada:<br>Nome da tribo, prenome (Forma mais encontrada)<br>&nbsp;<br>LDR<br>00501nzn0022001577&nbsp;&nbsp;4500<br>001<br>99100714204556E51<br>003<br>Br<br>005<br>20010713145718.7<br>008<br>991007&nbsp;&nbsp;&nbsp;&nbsp;&nbsp;&nbsp;&nbsp;&nbsp;&nbsp;&nbsp;&nbsp;&nbsp;&nbsp;&nbsp;&nbsp;&nbsp;&nbsp;&nbsp;&nbsp;&nbsp;&nbsp;&nbsp;|a&nbsp;aaa&nbsp;&nbsp;&nbsp;&nbsp;&nbsp;d&nbsp;&nbsp;&nbsp;&nbsp;&nbsp;&nbsp;&nbsp;&nbsp;&nbsp;&nbsp;&nbsp;&nbsp;&nbsp;&nbsp;&nbsp;&nbsp;&nbsp;&nbsp;&nbsp;&nbsp;&nbsp;&nbsp;&nbsp;&nbsp;&nbsp;&nbsp;&nbsp;&nbsp;&nbsp;&nbsp;&nbsp;&nbsp;&nbsp;&nbsp;&nbsp;&nbsp;&nbsp;&nbsp;&nbsp;&nbsp;<br>011<br>__<strong>&nbsp;|s&nbsp;<\/strong>99100714204556E51<br>040<br>__<strong>&nbsp;|a&nbsp;<\/strong>Br<strong>&nbsp;|c&nbsp;<\/strong>Br<strong>&nbsp;|f&nbsp;<\/strong>Br<br>100<br>1_<strong>&nbsp;|a&nbsp;<\/strong>Terena, Marcos,<strong>&nbsp;|d&nbsp;<\/strong>1954-<br>670<br>__<strong>&nbsp;|a&nbsp;<\/strong>Sec. de: Feij\u00f3, Ateneia, 1943- O \u00edndio aviador. 1994<strong>&nbsp;|b&nbsp;<\/strong>(p.94 : d.n.; \u00edndio terena; f. cat.: d.n.: 1952)<br>675<br>__<strong>&nbsp;|a&nbsp;<\/strong>Acc. list., 92<br>675<br>__<strong>&nbsp;|a&nbsp;<\/strong>CA\/FGV<br>913<br>__<strong>&nbsp;|a&nbsp;<\/strong>101060422402263167<br>&nbsp;<br>LDR<br>00431nzn0022001577&nbsp;&nbsp;4504<br>001<br>2010012116073168med<br>003<br>Br<br>005<br>20100121160731.6<br>008<br>100121||&nbsp;acnacaban&nbsp;&nbsp;&nbsp;&nbsp;&nbsp;&nbsp;&nbsp;&nbsp;&nbsp;&nbsp;|a&nbsp;aaa&nbsp;&nbsp;d&nbsp;&nbsp;&nbsp;<br>040<br>__<strong>&nbsp;|a&nbsp;<\/strong>blrjbn<strong>&nbsp;|c&nbsp;<\/strong>blrjbn<br>100<br>1_<strong>&nbsp;|a&nbsp;<\/strong>Patax\u00f3, Werimehe.<br>400<br>1_<strong>&nbsp;|a&nbsp;<\/strong>Werimehe<strong>&nbsp;|c&nbsp;<\/strong>(Escritor)<br>670<br>__<strong>&nbsp;|a&nbsp;<\/strong>Autor de: O machado, a abelha e o rio. 2005.<br>670<br>__<strong>&nbsp;|a&nbsp;<\/strong>LC authorities 21\/01\/10<strong>&nbsp;|b&nbsp;<\/strong>(Werimehe)<br>675<br>__<strong>&nbsp;|a&nbsp;<\/strong>EDA 21\/01\/10<br>675<br>__<strong>&nbsp;|a&nbsp;<\/strong>Google 21\/01\/10<br>&nbsp;<br>&nbsp;Nome em portugu\u00eas:<br>&nbsp;<br>LDR<br>00751czn0022001577&nbsp;&nbsp;4504<br>001<br>2002091616041453med<br>003<br>Br<br>005<br>20100716102431.5<br>100<br>1_<strong>&nbsp;|a&nbsp;<\/strong>Lana, Luiz Gomes,<strong>&nbsp;|d&nbsp;<\/strong>1947-<br>400<br>1_<strong>&nbsp;|a&nbsp;<\/strong>Gomes Lana, Luiz,<strong>&nbsp;|d&nbsp;<\/strong>1947-<br>400<br>1_<strong>&nbsp;|a&nbsp;<\/strong>Kehiri, T\u00f5r\u00e3mu,<strong>&nbsp;|d&nbsp;<\/strong>1947-<br>400<br>1_<strong>&nbsp;|a&nbsp;<\/strong>Torami-keh\u00edri,<strong>&nbsp;|d&nbsp;<\/strong>1947-<br>400<br>1_<strong>&nbsp;|a&nbsp;<\/strong>Kenh\u00edri, Tolam\u00e3n,<strong>&nbsp;|d&nbsp;<\/strong>1947-<br>670<br>__<strong>&nbsp;|a&nbsp;<\/strong>Sec. de: P\u00e3r\u00f5kumu, Umusi. Antes o mundo n\u00e3o existia&#8230; 1995<strong>&nbsp;|b&nbsp;<\/strong>(\/ Toramu Kehiri, Luiz Gomes Lana; p. 13: d.n.)<br>670<br>__<strong>&nbsp;|a&nbsp;<\/strong>http:\/\/authorities.loc.gov 16\/7\/10<strong>&nbsp;|b&nbsp;<\/strong>(Kenh\u00edri, Tolam\u00e3n; d.n., rems.)<br>670<br>__<strong>&nbsp;|a&nbsp;<\/strong>http:\/\/pib.socioambiental.org\/pt\/c\/no-brasil-atual\/narrativas-indigenas\/narrativa-desana<strong>&nbsp;|b&nbsp;<\/strong>(Torami-keh\u00edri, cujo nome portugu\u00eas \u00e9 Luiz Gomes Lana, nasceu em 1947. Ele fundou em 1990 a Uni\u00e3o das Na\u00e7\u00f5es Ind\u00edgenas do Rio Tiqui\u00e9)<br>&nbsp;<br>&nbsp;<br>Library of Congress: autoridade com o nome ind\u00edgena<br>&nbsp;<br><strong>LC control no.:<\/strong><br>n 82025662<br><strong>LCCN permalink:<\/strong><br><a rel=\"noreferrer noopener\" href=\"http:\/\/lccn.loc.gov\/n82025662\" target=\"_blank\">http:\/\/lccn.loc.gov\/n82025662<\/a><br><strong>HEADING:<\/strong><br>Kenh\u00edri, Tolam\u00e3n<br><strong>000<\/strong><br>00738cz a2200193n 450<br><strong>001<\/strong><br>4258652<br><strong>005<\/strong><br>20000505064331.0<br><strong>008<\/strong><br>820226n| acannaabn |a aac<br><strong>010<\/strong><br>__<strong> |a <\/strong>n 82025662<br><strong>035<\/strong><br>__<strong> |a <\/strong>(OCoLC)oca00722837<br><strong>040<\/strong><br>__<strong> |a <\/strong>DLC<strong> |b <\/strong>eng<strong> |c <\/strong>DLC<strong> |d <\/strong>DLC<strong> |d <\/strong>OCoLC<br><strong>100<\/strong><br>1_<strong> |a <\/strong>Kenh\u00edri, Tolam\u00e3n<br><strong>400<\/strong><br>0_<strong> |a <\/strong>Tolam\u00e3n Kenh\u00edri<br><strong>400<\/strong><br>1_<strong> |a <\/strong>Gomes Lana, Luiz<br><strong>400<\/strong><br>1_<strong> |a <\/strong>Lana, Luiz Gomes<br><strong>400<\/strong><br>1_<strong> |a <\/strong>K\u1ebdh\u00edri, T\u00f5r\u00e3m\u0169<br><strong>670<\/strong><br>__<strong> |a <\/strong>Kumu, U.P. Antes o mundo n\u00e3o existia, 1980 (a.e.)<strong>|b <\/strong>t.p. (Tolam\u00e3n Kenh\u00edri) p. 9 (author is Desana Indian; Christian name, Luiz Gomes Lana; son of U.P. Kumu)<br><strong>670<\/strong><br>__<strong> |a <\/strong>Antes o mundo n\u00e3o existia, 1995:<strong> |b <\/strong>t.p. (T\u00f5r\u00e3m\u0169 K\u1ebdh\u00edri; Luiz Gomes Lana) p. 13 (b. in 1947)<br><strong>953<\/strong><br>__<strong> |a <\/strong>bh05<strong> |b <\/strong>wr07<br>&nbsp;<br>&nbsp;Biblioteca Nacional<br>&nbsp;<br>LDR<br>00676czn0022001817&nbsp;&nbsp;4504<br>001<br>2004041313085154med<br>003<br>Br<br>005<br>20100716103458.4<br>008<br>040413|acnnnaab|&nbsp;&nbsp;&nbsp;&nbsp;&nbsp;&nbsp;&nbsp;&nbsp;&nbsp;&nbsp;|a&nbsp;aaa&nbsp;&nbsp;&nbsp;&nbsp;&nbsp;d&nbsp;&nbsp;<br>040<br>__<strong>&nbsp;|a&nbsp;<\/strong>Br<strong>&nbsp;|c&nbsp;<\/strong>Br<strong>&nbsp;|f&nbsp;<\/strong>Br<br>100<br>1_<strong>&nbsp;|a&nbsp;<\/strong>Lana, Firmiano Arantes,<strong>&nbsp;|d&nbsp;<\/strong>1927-1990<br>400<br>1_<strong>&nbsp;|a&nbsp;<\/strong>Arantes Lana, Firmiano,<strong>&nbsp;|d&nbsp;<\/strong>1927-1990<br>400<br>1_<strong>&nbsp;|a&nbsp;<\/strong>Kumu, Um\u00fasin Panl\u00f5n,<strong>&nbsp;|d&nbsp;<\/strong>1927-1990<br>400<br>1_<strong>&nbsp;|a&nbsp;<\/strong>Panl\u00f5n Kumu, Um\u00fasin,<strong>&nbsp;|d&nbsp;<\/strong>1927-1990<br>400<br>0_<strong>&nbsp;|a&nbsp;<\/strong>Um\u00fasin Panl\u00f5n Kumu,<strong>&nbsp;|d&nbsp;<\/strong>1927-1990<br>400<br>1_<strong>&nbsp;|a&nbsp;<\/strong>P\u00e3r\u00f5kumu, Umusi,<strong>&nbsp;|d&nbsp;<\/strong>1927-1990<br>670<br>__<strong>&nbsp;|a&nbsp;<\/strong>Autor de: Antes o mundo n\u00e3o existia&#8230; 1995<strong>&nbsp;|b&nbsp;<\/strong>(\/ Umusi Parokumu, Firmiano Arantes Lana; ficha cat.: D.)<br>670<br>__<strong>&nbsp;|a&nbsp;<\/strong>http:\/\/authorities.loc.gov 16\/7\/10<strong>&nbsp;|b&nbsp;<\/strong>(Kumu, Um\u00fasin Panl\u00f5n; D., rems.)<br>&nbsp;<br>&nbsp;Library of Congress : autoridade com o nome ind\u00edgena<br>&nbsp;&nbsp;<br><strong>LC control no.:<\/strong><br>n 81034232<br><strong>LCCN permalink:<\/strong><br><a rel=\"noreferrer noopener\" href=\"http:\/\/lccn.loc.gov\/n81034232\" target=\"_blank\">http:\/\/lccn.loc.gov\/n81034232<\/a><br><strong>HEADING:<\/strong><br>Kumu, Um\u00fasin Panl\u00f5n<br><strong>000<\/strong><br>00786cz a2200205n 450<br><strong>001<\/strong><br>4244623<br><strong>005<\/strong><br>20000429064306.0<br><strong>008<\/strong><br>810421n| acannaabn |a aac c<br><strong>010<\/strong><br>__<strong> |a <\/strong>n 81034232<br><strong>035<\/strong><br>__<strong> |a <\/strong>(OCoLC)oca00579906<br><strong>040<\/strong><br>__<strong> |a <\/strong>TxU<strong> |b <\/strong>eng<strong> |c <\/strong>DLC<strong> |d <\/strong>DLC<strong> |d <\/strong>OCoLC<br><strong>100<\/strong><br>1_<strong> |a <\/strong>Kumu, Um\u00fasin Panl\u00f5n<br><strong>400<\/strong><br>1_<strong> |a <\/strong>Panl\u00f5n Kumu, Um\u00fasin<br><strong>400<\/strong><br>1_<strong> |a <\/strong>Lana, Firmiano Arantes<br><strong>400<\/strong><br>1_<strong> |a <\/strong>Arantes Lana, Firmiano<br><strong>400<\/strong><br>0_<strong> |a <\/strong>Um\u00fasin Panl\u00f5n Kumu<br><strong>400<\/strong><br>1_<strong> |a <\/strong>P\u00e3r\u00f5kumu, Umus\u0129<br><strong>670<\/strong><br>__<strong> |a <\/strong>His Antes o mundo n\u00e3o existia, 1980:<strong> |b <\/strong>t.p. (Um\u00fasin Panl\u00f5n Kumu) p. 9 (author is Desana Indian; Christian name, Firmiano Arantes Lana)<br><strong>670<\/strong><br>__<strong> |a <\/strong>Antes o mundo n\u00e3o existia, 1995:<strong> |b <\/strong>t.p. (Umus\u0129 P\u00e3r\u00f5kumu; Firmiano Arantes Lana) p. 13 (b. in 1927; d. in 1990)<br><strong>953<\/strong><br>__<strong> |a <\/strong>bz61<strong> |b <\/strong>wr07<br>&nbsp;<br>BN<br>LDR<br>00506nzn0022001337&nbsp;&nbsp;4504<br>001<br>2007090516555110med<br>003<br>Br<br>005<br>20070905165551.1<br>008<br>070905|acnnnaab|8&nbsp;&nbsp;&nbsp;&nbsp;&nbsp;&nbsp;&nbsp;|a&nbsp;aaa&nbsp;&nbsp;&nbsp;&nbsp;&nbsp;d&nbsp;&nbsp;&nbsp;&nbsp;<br>040<br>__<strong>&nbsp;|a&nbsp;<\/strong>Br<strong>&nbsp;|c&nbsp;<\/strong>Br<strong>&nbsp;|f&nbsp;<\/strong>Br<br>100<br>1_<strong>&nbsp;|a&nbsp;<\/strong>Kopenawa, Davi,<strong>&nbsp;|d&nbsp;<\/strong>1956-<br>670<br>__<strong>&nbsp;|a&nbsp;<\/strong>Sec. de: Albert, Bruce. Yanomami: o esp\u00edrito da floresta. 2004.<br>670<br>__<strong>&nbsp;|a&nbsp;<\/strong>LC authorities 5\/9\/07<br>670<br>__<strong>&nbsp;|a&nbsp;<\/strong>www.socioambiental.org\/pib\/portugues\/indenos\/yanomami.shtm<strong>&nbsp;|b&nbsp;<\/strong>(nascido em 1956; vive na aldeia yanomami\/Amazonas; chefe do posto ind\u00edgena Demini e Xam\u00e3)<br>&nbsp;<br>&nbsp;Library of Congress<br>&nbsp;<br>LC control no.:&nbsp;&nbsp;&nbsp;&nbsp;&nbsp;&nbsp;&nbsp;&nbsp;&nbsp;&nbsp; nr2004036855<br>LCCN permalink:&nbsp;&nbsp;&nbsp;&nbsp;&nbsp;&nbsp; http:\/\/lccn.loc.gov\/nr2004036855<br>HEADING:&nbsp;&nbsp;&nbsp; Kopenawa, Davi<br>000&nbsp;&nbsp;&nbsp;&nbsp;&nbsp; 00317nz a2200121n 450<br>001&nbsp;&nbsp;&nbsp;&nbsp;&nbsp; 6416330<br>005&nbsp;&nbsp;&nbsp;&nbsp;&nbsp; 20041210033120.0<br>008&nbsp;&nbsp;&nbsp;&nbsp;&nbsp; 041208n| acannaabn |n aaa c<br>010&nbsp;&nbsp;&nbsp;&nbsp;&nbsp; __ |a nr2004036855<br>035&nbsp;&nbsp;&nbsp;&nbsp;&nbsp; __ |a (DLC)nr2004036855<br>040&nbsp;&nbsp;&nbsp;&nbsp;&nbsp; __ |a CSt |b eng |c CSt<br>100&nbsp;&nbsp;&nbsp;&nbsp;&nbsp; 1_ |a Kopenawa, Davi<br>670&nbsp;&nbsp;&nbsp;&nbsp;&nbsp; __ |a Albert, B. Yanomami, 2004: |b t.p. (Davi Kopenawa)<br>&nbsp;<br>&nbsp;<br>Sugest\u00e3o para entrada quando n\u00e3o se encontrar a forma de autoridade<br>&nbsp;\u00b7&nbsp;&nbsp;&nbsp;&nbsp;&nbsp;&nbsp;&nbsp;&nbsp; Uso do nome em portugu\u00eas como entrada para os autores ind\u00edgenas mais conhecidos dessa forma<br>&nbsp;\u00b7&nbsp;&nbsp;&nbsp;&nbsp;&nbsp;&nbsp;&nbsp;&nbsp; Pesquisa do nome na Web: escolher como entrada a forma do nome de maior ocorr\u00eancia<br>&nbsp;\u00b7&nbsp;&nbsp;&nbsp;&nbsp;&nbsp;&nbsp;&nbsp;&nbsp; Pesquisa da forma do nome no Curr\u00edculo-Lattes<br>&nbsp;<br>&nbsp;\u00b7&nbsp;&nbsp;&nbsp;&nbsp;&nbsp;&nbsp;&nbsp;&nbsp; <strong>Pr\u00f3pria obra como fonte \u2013 usar a forma de entrada do nome conforme obra<\/strong><br>&nbsp;<br>&nbsp;<br>&nbsp;<br>Leitura recomendada:<br>&nbsp;<br><a href=\"http:\/\/upetd.up.ac.za\/thesis\/available\/etd-05132005-083035\/\">http:\/\/upetd.up.ac.za\/thesis\/available\/etd-05132005-083035\/<\/a><br><a href=\"http:\/\/dci.ccsa.ufpb.br\/enebd\/index.php\/enebd\/article\/viewFile\/124\/148\">http:\/\/dci.ccsa.ufpb.br\/enebd\/index.php\/enebd\/article\/viewFile\/124\/148<\/a><br>&nbsp;<br>De acordo com o Professor Ruben Caixeta \u2013 Coordenador da&nbsp; P\u00f3s-Gradua\u00e7\u00e3o em Antropologia da UFMG:<br>&nbsp;<br>Nomes ind\u00edgenas tem <strong>geralmente<\/strong> a estrutura:<br>&nbsp;<br>\u00fc&nbsp; Nome da tribo + Prenome em portugu\u00eas.<br>&nbsp;<br>Site indicado pelo professor:<br><a href=\"http:\/\/pib.socioambiental.org\/pt\">http:\/\/pib.socioambiental.org\/pt<\/a><br>&nbsp;<br><a href=\"http:\/\/caboclosnaumbanda.blogspot.com.br\/search\/label\/Lista%20de%20povos%20ind%C3%ADgenas%20do%20Brasil\">http:\/\/caboclosnaumbanda.blogspot.com.br\/search\/label\/Lista%20de%20povos%20ind%C3%ADgenas%20do%20Brasil<\/a><\/td><\/tr><\/tbody><\/table><\/figure>\n","protected":false},"excerpt":{"rendered":"<p>BIBLIOTECA UNIVERSIT\u00c1RIA \u2013 UFMG&nbsp;&nbsp;&nbsp;&nbsp;&nbsp;&nbsp;&nbsp;&nbsp;&nbsp;&nbsp;&nbsp;&nbsp;&nbsp;&nbsp;&nbsp;&nbsp;&nbsp;&nbsp;&nbsp;&nbsp;&nbsp;&nbsp;&nbsp;&nbsp;&nbsp;&nbsp;&nbsp;&nbsp;&nbsp;&nbsp;&nbsp;&nbsp;&nbsp;&nbsp;&nbsp;&nbsp;&nbsp;&nbsp;&nbsp;&nbsp;&nbsp;&nbsp;&nbsp;&nbsp;&nbsp; CENTRAL DE CONTROLE E QUALIDADE DA CATALOGA\u00c7\u00c3O &#8211; CCQC COMUNICADO N\u00ba: &nbsp;6&nbsp;&nbsp;&nbsp;&nbsp;&nbsp;&nbsp;&nbsp;&nbsp;&nbsp;&nbsp;&nbsp;&nbsp;&nbsp;&nbsp; DATA:&nbsp; 2015 ASSUNTO: &nbsp;Entrada de nomes ind\u00edgenas Entrada de nomes ind\u00edgenas&nbsp;Fontes de pesquisa:\u00b7&nbsp;&nbsp;&nbsp;&nbsp;&nbsp;&nbsp;&nbsp;&nbsp; AACR2 2002 \u2013 Inexist\u00eancia de regras para entrada de nomes ind\u00edgenasDuas ocorr\u00eancias (pode ser que tenha mais)\u00b7&nbsp;&nbsp;&nbsp;&nbsp;&nbsp;&nbsp;&nbsp;&nbsp; CD-ROM \u2013 Cat\u00e1logo de autoridades da Rede BibliodataEntrada \u2013 [&hellip;]<\/p>\n","protected":false},"author":1,"featured_media":0,"parent":0,"menu_order":0,"comment_status":"closed","ping_status":"closed","template":"","meta":{"footnotes":""},"class_list":["post-149","page","type-page","status-publish","hentry"],"_links":{"self":[{"href":"https:\/\/www.bu.ufmg.br\/catalogacao\/wp-json\/wp\/v2\/pages\/149","targetHints":{"allow":["GET"]}}],"collection":[{"href":"https:\/\/www.bu.ufmg.br\/catalogacao\/wp-json\/wp\/v2\/pages"}],"about":[{"href":"https:\/\/www.bu.ufmg.br\/catalogacao\/wp-json\/wp\/v2\/types\/page"}],"author":[{"embeddable":true,"href":"https:\/\/www.bu.ufmg.br\/catalogacao\/wp-json\/wp\/v2\/users\/1"}],"replies":[{"embeddable":true,"href":"https:\/\/www.bu.ufmg.br\/catalogacao\/wp-json\/wp\/v2\/comments?post=149"}],"version-history":[{"count":0,"href":"https:\/\/www.bu.ufmg.br\/catalogacao\/wp-json\/wp\/v2\/pages\/149\/revisions"}],"wp:attachment":[{"href":"https:\/\/www.bu.ufmg.br\/catalogacao\/wp-json\/wp\/v2\/media?parent=149"}],"curies":[{"name":"wp","href":"https:\/\/api.w.org\/{rel}","templated":true}]}}