{"id":145,"date":"2022-03-30T15:02:02","date_gmt":"2022-03-30T18:02:02","guid":{"rendered":"https:\/\/www.bu.ufmg.br\/catalogacao\/?page_id=145"},"modified":"2022-05-19T19:23:25","modified_gmt":"2022-05-19T22:23:25","slug":"campo-1xx-diversos","status":"publish","type":"page","link":"https:\/\/www.bu.ufmg.br\/catalogacao\/campo-1xx-diversos\/","title":{"rendered":"Campo 1xx &#8211; Diversos"},"content":{"rendered":"\n<figure class=\"wp-block-table has-medium-font-size\"><table class=\"has-colibri-color-6-color has-text-color has-background\" style=\"background:linear-gradient(100deg,rgb(238,238,238) 0%,rgb(169,184,195) 100%)\"><thead><tr><th class=\"has-text-align-left\" data-align=\"left\">BIBLIOTECA UNIVERSIT\u00c1RIA \u2013 UFMG&nbsp;&nbsp;&nbsp;&nbsp;&nbsp;&nbsp;&nbsp;&nbsp;&nbsp;&nbsp;&nbsp;&nbsp;&nbsp;&nbsp;&nbsp;&nbsp;&nbsp;&nbsp;&nbsp;&nbsp;&nbsp;&nbsp;&nbsp;&nbsp;&nbsp;&nbsp;&nbsp;&nbsp;&nbsp;&nbsp;&nbsp;&nbsp;&nbsp;&nbsp;&nbsp;&nbsp;&nbsp;&nbsp;&nbsp;&nbsp;&nbsp;&nbsp;&nbsp;&nbsp;&nbsp;<br>CENTRAL DE CONTROLE E QUALIDADE DA CATALOGA\u00c7\u00c3O &#8211; CCQC<\/th><\/tr><\/thead><tbody><tr><td class=\"has-text-align-left\" data-align=\"left\"><\/td><\/tr><tr><td class=\"has-text-align-left\" data-align=\"left\"><strong>COMUNICADO N\u00ba:<\/strong> 07 &nbsp; &nbsp; &nbsp;<strong>DATA:<\/strong> 17\/04\/01<\/td><\/tr><tr><td class=\"has-text-align-left\" data-align=\"left\"><strong>ASSUNTO: &nbsp;<\/strong>Diversos<\/td><\/tr><tr><td class=\"has-text-align-left\" data-align=\"left\"><br>Copy na nossa base em registros transferidos da LC, OCLC \u00a0e que cont\u00e9m \u00a0o campo 010 -excluir o campo 010 porque gera mensagem no buffer.<br>\u00a0<br><strong>ATEN\u00c7\u00c3O:<\/strong><br>Metodologia de transfer\u00eancia de registro da linha da rede Bibliodata MOD em registro da REDE<br>&#8211; o registro da Rede entra em mod quando o catalogador clica em VTLS EASYPAC UFMG BIBLIOTECAS deve estar em highlight SE por catalogador entra direto na FGV \u00a0e depois na nossa base inverte a posi\u00e7\u00e3o das bases e por engano o catalogador clica errado<br>Ao clicar na FGV Bibliodata o catalogador entra na edi\u00e7\u00e3o de obras da REDE e o .sistema automaticamente por ser procedimento indevido coloca o registro em MOD<br>Pedimos o m\u00e1ximo de aten\u00e7\u00e3o em rela\u00e7\u00e3o a esta rotina porque \u00e9 dedicada a comunica\u00e7\u00e3o disto \u00e0 \u00a0FGV.<br>\u00d3rg\u00e3os das na\u00e7\u00f5es unidas: de acordo com as regras de entradas, e na l\u00edngua do catalogador<br>&#8211; Aten\u00e7\u00e3o aos registros transferidos da LC, OCLC, NLM: alterar as entradas<br>&#8211; Gera mensagem de inconsist\u00eancia de autoridades porque Na\u00e7\u00f5es Unidas j\u00e1 est\u00e1 com \u00e1rvore na base.<\/td><\/tr><\/tbody><\/table><\/figure>\n","protected":false},"excerpt":{"rendered":"<p>BIBLIOTECA UNIVERSIT\u00c1RIA \u2013 UFMG&nbsp;&nbsp;&nbsp;&nbsp;&nbsp;&nbsp;&nbsp;&nbsp;&nbsp;&nbsp;&nbsp;&nbsp;&nbsp;&nbsp;&nbsp;&nbsp;&nbsp;&nbsp;&nbsp;&nbsp;&nbsp;&nbsp;&nbsp;&nbsp;&nbsp;&nbsp;&nbsp;&nbsp;&nbsp;&nbsp;&nbsp;&nbsp;&nbsp;&nbsp;&nbsp;&nbsp;&nbsp;&nbsp;&nbsp;&nbsp;&nbsp;&nbsp;&nbsp;&nbsp;&nbsp;CENTRAL DE CONTROLE E QUALIDADE DA CATALOGA\u00c7\u00c3O &#8211; CCQC COMUNICADO N\u00ba: 07 &nbsp; &nbsp; &nbsp;DATA: 17\/04\/01 ASSUNTO: &nbsp;Diversos Copy na nossa base em registros transferidos da LC, OCLC \u00a0e que cont\u00e9m \u00a0o campo 010 -excluir o campo 010 porque gera mensagem no buffer.\u00a0ATEN\u00c7\u00c3O:Metodologia de transfer\u00eancia de registro da linha da rede Bibliodata [&hellip;]<\/p>\n","protected":false},"author":1,"featured_media":0,"parent":0,"menu_order":0,"comment_status":"closed","ping_status":"closed","template":"","meta":{"footnotes":""},"class_list":["post-145","page","type-page","status-publish","hentry"],"_links":{"self":[{"href":"https:\/\/www.bu.ufmg.br\/catalogacao\/wp-json\/wp\/v2\/pages\/145","targetHints":{"allow":["GET"]}}],"collection":[{"href":"https:\/\/www.bu.ufmg.br\/catalogacao\/wp-json\/wp\/v2\/pages"}],"about":[{"href":"https:\/\/www.bu.ufmg.br\/catalogacao\/wp-json\/wp\/v2\/types\/page"}],"author":[{"embeddable":true,"href":"https:\/\/www.bu.ufmg.br\/catalogacao\/wp-json\/wp\/v2\/users\/1"}],"replies":[{"embeddable":true,"href":"https:\/\/www.bu.ufmg.br\/catalogacao\/wp-json\/wp\/v2\/comments?post=145"}],"version-history":[{"count":0,"href":"https:\/\/www.bu.ufmg.br\/catalogacao\/wp-json\/wp\/v2\/pages\/145\/revisions"}],"wp:attachment":[{"href":"https:\/\/www.bu.ufmg.br\/catalogacao\/wp-json\/wp\/v2\/media?parent=145"}],"curies":[{"name":"wp","href":"https:\/\/api.w.org\/{rel}","templated":true}]}}