{"id":1430,"date":"2023-04-12T15:28:25","date_gmt":"2023-04-12T18:28:25","guid":{"rendered":"https:\/\/www.bu.ufmg.br\/catalogacao\/?page_id=1430"},"modified":"2025-05-21T18:24:54","modified_gmt":"2025-05-21T21:24:54","slug":"quem-somos","status":"publish","type":"page","link":"https:\/\/www.bu.ufmg.br\/catalogacao\/quem-somos\/","title":{"rendered":"Quem somos"},"content":{"rendered":"\n<p class=\"has-drop-cap has-colibri-color-6-color has-text-color has-medium-font-size\">O&nbsp;Portal de informa\u00e7\u00f5es do <strong>Grupo de Cataloga\u00e7\u00e3o<\/strong>  tem a finalidade de disponibilizar as diretrizes para a padroniza\u00e7\u00e3o m\u00ednima dos trabalhos de cataloga\u00e7\u00e3o dos diversos materiais que constituem os acervos das bibliotecas do Sistema de Bibliotecas da UFMG.   Al\u00e9m de disponibilizar documentos como comunicados, tutoriais e textos referentes ao processamento t\u00e9cnico,  oferece tamb\u00e9m materiais dos treinamentos ofertados equipe do SB\/UFMG.<\/p>\n\n\n\n<p class=\"has-colibri-color-6-color has-text-color has-medium-font-size\">Como o processo de cataloga\u00e7\u00e3o do acervo  \u00e9 realizado por meio do sistema Pergamum, voc\u00ea vai encontrar aqui tamb\u00e9m os&nbsp;manuais de suporte na utiliza\u00e7\u00e3o deste sistema para o tratamento t\u00e9cnico do acervo, al\u00e9m de tutoriais em v\u00eddeo.<\/p>\n\n\n\n<p class=\"has-colibri-color-6-color has-text-color has-medium-font-size\">O Grupo de Cataloga\u00e7\u00e3o e Autoridades institu\u00eddo pela Biblioteca Universit\u00e1ria &nbsp;por meio da Portaria no. 5 de 29\/03\/2022 &nbsp;tem a finalidade de elaborar diretrizes para a padroniza\u00e7\u00e3o m\u00ednima dos trabalhos de cataloga\u00e7\u00e3o no \u00e2mbito das bibliotecas do Sistema de Bibliotecas da UFMG. Esse Grupo age como uma inst\u00e2ncia consultiva para tomada de decis\u00e3o pela Diretoria da Biblioteca Universit\u00e1ria e tem como atribui\u00e7\u00e3o:<\/p>\n\n\n\n<p class=\"has-colibri-color-6-color has-text-color has-medium-font-size\">Estabelecer diretrizes e pol\u00edticas de cataloga\u00e7\u00e3o de itens bibliogr\u00e1ficos no \u00e2mbito do Sistema de Bibliotecas da UFMG.<\/p>\n\n\n\n<p class=\"has-colibri-color-6-color has-text-color has-medium-font-size\"><br><strong>Presidente: <\/strong> Vilma Carvalho de Souza (FAFICH)<\/p>\n\n\n\n<p class=\"has-colibri-color-6-color has-text-color has-medium-font-size\"><strong>Componentes do Grupo:<\/strong><\/p>\n\n\n\n<p class=\"has-colibri-color-6-color has-text-color has-medium-font-size\">Aline Alves de Almeida (BU)<\/p>\n\n\n\n<p class=\"has-colibri-color-6-color has-text-color has-medium-font-size\">Graciella Silvia Don\u00e1dia (Qu\u00edmica)<\/p>\n\n\n\n<p class=\"has-colibri-color-6-color has-text-color has-medium-font-size\">Jacqueline Pawlowski Oliveira (BU)<\/p>\n\n\n\n<p class=\"has-colibri-color-6-color has-text-color has-medium-font-size\">Maria Madalena Pereira de Almeida Rocha (FAFICH)<\/p>\n\n\n\n<p class=\"has-colibri-color-6-color has-text-color has-medium-font-size\">Monaliza Maria da Silveira Caires Lima (Medicina)<\/p>\n","protected":false},"excerpt":{"rendered":"<p>O&nbsp;Portal de informa\u00e7\u00f5es do Grupo de Cataloga\u00e7\u00e3o tem a finalidade de disponibilizar as diretrizes para a padroniza\u00e7\u00e3o m\u00ednima dos trabalhos de cataloga\u00e7\u00e3o dos diversos materiais que constituem os acervos das bibliotecas do Sistema de Bibliotecas da UFMG. Al\u00e9m de disponibilizar documentos como comunicados, tutoriais e textos referentes ao processamento t\u00e9cnico, oferece tamb\u00e9m materiais dos treinamentos [&hellip;]<\/p>\n","protected":false},"author":2,"featured_media":0,"parent":0,"menu_order":0,"comment_status":"closed","ping_status":"closed","template":"","meta":{"footnotes":""},"class_list":["post-1430","page","type-page","status-publish","hentry"],"_links":{"self":[{"href":"https:\/\/www.bu.ufmg.br\/catalogacao\/wp-json\/wp\/v2\/pages\/1430","targetHints":{"allow":["GET"]}}],"collection":[{"href":"https:\/\/www.bu.ufmg.br\/catalogacao\/wp-json\/wp\/v2\/pages"}],"about":[{"href":"https:\/\/www.bu.ufmg.br\/catalogacao\/wp-json\/wp\/v2\/types\/page"}],"author":[{"embeddable":true,"href":"https:\/\/www.bu.ufmg.br\/catalogacao\/wp-json\/wp\/v2\/users\/2"}],"replies":[{"embeddable":true,"href":"https:\/\/www.bu.ufmg.br\/catalogacao\/wp-json\/wp\/v2\/comments?post=1430"}],"version-history":[{"count":0,"href":"https:\/\/www.bu.ufmg.br\/catalogacao\/wp-json\/wp\/v2\/pages\/1430\/revisions"}],"wp:attachment":[{"href":"https:\/\/www.bu.ufmg.br\/catalogacao\/wp-json\/wp\/v2\/media?parent=1430"}],"curies":[{"name":"wp","href":"https:\/\/api.w.org\/{rel}","templated":true}]}}