{"id":143,"date":"2022-03-30T15:00:26","date_gmt":"2022-03-30T18:00:26","guid":{"rendered":"https:\/\/www.bu.ufmg.br\/catalogacao\/?page_id=143"},"modified":"2022-05-19T19:20:14","modified_gmt":"2022-05-19T22:20:14","slug":"campo-100-junior-e-jr","status":"publish","type":"page","link":"https:\/\/www.bu.ufmg.br\/catalogacao\/campo-100-junior-e-jr\/","title":{"rendered":"Campo 100 &#8211; Junior e Jr"},"content":{"rendered":"\n<figure class=\"wp-block-table has-medium-font-size\"><table class=\"has-colibri-color-6-color has-text-color has-background\" style=\"background:linear-gradient(100deg,rgb(238,238,238) 0%,rgb(169,184,195) 100%)\"><thead><tr><th class=\"has-text-align-left\" data-align=\"left\">BIBLIOTECA UNIVERSIT\u00c1RIA \u2013 UFMG\u00a0\u00a0\u00a0\u00a0\u00a0\u00a0\u00a0\u00a0\u00a0\u00a0\u00a0\u00a0\u00a0\u00a0\u00a0\u00a0\u00a0\u00a0\u00a0\u00a0\u00a0\u00a0\u00a0\u00a0\u00a0\u00a0\u00a0\u00a0\u00a0\u00a0\u00a0\u00a0\u00a0\u00a0\u00a0\u00a0\u00a0\u00a0\u00a0\u00a0\u00a0\u00a0\u00a0\u00a0\u00a0<br>CENTRAL DE CONTROLE E QUALIDADE DA CATALOGA\u00c7\u00c3O &#8211; CCQC<\/th><\/tr><\/thead><tbody><tr><td class=\"has-text-align-left\" data-align=\"left\"><\/td><\/tr><tr><td class=\"has-text-align-left\" data-align=\"left\"><strong>COMUNICADO N\u00ba:<\/strong> 3 \u00a0 \u00a0 \u00a0 \u00a0 \u00a0 \u00a0 <strong>\u00a0 \u00a0DATA:<\/strong> \u00a02000<\/td><\/tr><tr><td class=\"has-text-align-left\" data-align=\"left\"><strong>ASSUNTO: <\/strong>Junior e Jr<\/td><\/tr><tr><td class=\"has-text-align-left\" data-align=\"left\"><br><strong>Junior e Jr<\/strong><br><strong>\u00a0<\/strong><br>\u00a0 &#8211; Usar de acordo com as regras 22.19B\u00a0e 22.5C8 do AACR2.<br>\u00a0 &#8211; Ver Manual CALCO\/Autoridades pag. A4, item 1.4B.<br><br><br><br>\u00a0<br>No CD da FGV os nomes estrangeiros v\u00e3o ser revistos. \u00a0O Jr est\u00e1 aparecendo ap\u00f3s o sobrenome e n\u00e3o no final do nome como designa\u00e7\u00e3o. Estas autoridades s\u00e3o antigas, provenientes da LC e houve revis\u00e3o na LC.<br>\u00a0<br>No CAT CD de autoridades est\u00e1 correto.<br>Ex: \\a \u00a0Saur, Karl-Otto, \u00a0\\c Jr.<br>\u00a0<br>MEMORIAL<br>\u00a0<br>&#8211; Ver memorando 12\/05\/93 da Coordena\u00e7\u00e3o de Automa\u00e7\u00e3o para a FGV (Colabora\u00e7\u00e3o F\u00e1tima)<br>&#8211; Ver Documento da reuni\u00e3o do Grupo de Cataloga\u00e7\u00e3o de 23\/06\/1999.<br>&#8211; Tratar memorial como monografia<br>&#8211; Pe\u00e7o aos catalogadores rever os casos de memorial de sua biblioteca; alguns est\u00e3o tratados como manuscritos.<\/td><\/tr><\/tbody><\/table><\/figure>\n","protected":false},"excerpt":{"rendered":"<p>BIBLIOTECA UNIVERSIT\u00c1RIA \u2013 UFMG\u00a0\u00a0\u00a0\u00a0\u00a0\u00a0\u00a0\u00a0\u00a0\u00a0\u00a0\u00a0\u00a0\u00a0\u00a0\u00a0\u00a0\u00a0\u00a0\u00a0\u00a0\u00a0\u00a0\u00a0\u00a0\u00a0\u00a0\u00a0\u00a0\u00a0\u00a0\u00a0\u00a0\u00a0\u00a0\u00a0\u00a0\u00a0\u00a0\u00a0\u00a0\u00a0\u00a0\u00a0\u00a0CENTRAL DE CONTROLE E QUALIDADE DA CATALOGA\u00c7\u00c3O &#8211; CCQC COMUNICADO N\u00ba: 3 \u00a0 \u00a0 \u00a0 \u00a0 \u00a0 \u00a0 \u00a0 \u00a0DATA: \u00a02000 ASSUNTO: Junior e Jr Junior e Jr\u00a0\u00a0 &#8211; Usar de acordo com as regras 22.19B\u00a0e 22.5C8 do AACR2.\u00a0 &#8211; Ver Manual CALCO\/Autoridades pag. A4, item 1.4B. \u00a0No CD da FGV os [&hellip;]<\/p>\n","protected":false},"author":1,"featured_media":0,"parent":0,"menu_order":0,"comment_status":"closed","ping_status":"closed","template":"","meta":{"footnotes":""},"class_list":["post-143","page","type-page","status-publish","hentry"],"_links":{"self":[{"href":"https:\/\/www.bu.ufmg.br\/catalogacao\/wp-json\/wp\/v2\/pages\/143","targetHints":{"allow":["GET"]}}],"collection":[{"href":"https:\/\/www.bu.ufmg.br\/catalogacao\/wp-json\/wp\/v2\/pages"}],"about":[{"href":"https:\/\/www.bu.ufmg.br\/catalogacao\/wp-json\/wp\/v2\/types\/page"}],"author":[{"embeddable":true,"href":"https:\/\/www.bu.ufmg.br\/catalogacao\/wp-json\/wp\/v2\/users\/1"}],"replies":[{"embeddable":true,"href":"https:\/\/www.bu.ufmg.br\/catalogacao\/wp-json\/wp\/v2\/comments?post=143"}],"version-history":[{"count":0,"href":"https:\/\/www.bu.ufmg.br\/catalogacao\/wp-json\/wp\/v2\/pages\/143\/revisions"}],"wp:attachment":[{"href":"https:\/\/www.bu.ufmg.br\/catalogacao\/wp-json\/wp\/v2\/media?parent=143"}],"curies":[{"name":"wp","href":"https:\/\/api.w.org\/{rel}","templated":true}]}}