{"id":1414,"date":"2022-11-29T21:28:30","date_gmt":"2022-11-30T00:28:30","guid":{"rendered":"https:\/\/www.bu.ufmg.br\/catalogacao\/?page_id=1414"},"modified":"2022-11-29T21:38:52","modified_gmt":"2022-11-30T00:38:52","slug":"atualizacao","status":"publish","type":"page","link":"https:\/\/www.bu.ufmg.br\/catalogacao\/atualizacao\/","title":{"rendered":"Atualiza\u00e7\u00e3o"},"content":{"rendered":"\n<p class=\"has-colibri-color-6-color has-text-color has-medium-font-size\" style=\"font-style:normal;font-weight:600\">1.\u00a0Atualiza\u00e7\u00e3o 2022<\/p>\n\n\n\n<p><\/p>\n\n\n\n<p class=\"has-colibri-color-6-color has-text-color has-medium-font-size\">Aqui \u00e9 poss\u00edvel visualizar as atualiza\u00e7\u00f5es no sistema Pergamum referente as atualiza\u00e7\u00f5es no processo de cataloga\u00e7\u00e3o.<\/p>\n","protected":false},"excerpt":{"rendered":"<p>1.\u00a0Atualiza\u00e7\u00e3o 2022 Aqui \u00e9 poss\u00edvel visualizar as atualiza\u00e7\u00f5es no sistema Pergamum referente as atualiza\u00e7\u00f5es no processo de cataloga\u00e7\u00e3o.<\/p>\n","protected":false},"author":2,"featured_media":0,"parent":0,"menu_order":0,"comment_status":"closed","ping_status":"closed","template":"","meta":{"footnotes":""},"class_list":["post-1414","page","type-page","status-publish","hentry"],"_links":{"self":[{"href":"https:\/\/www.bu.ufmg.br\/catalogacao\/wp-json\/wp\/v2\/pages\/1414","targetHints":{"allow":["GET"]}}],"collection":[{"href":"https:\/\/www.bu.ufmg.br\/catalogacao\/wp-json\/wp\/v2\/pages"}],"about":[{"href":"https:\/\/www.bu.ufmg.br\/catalogacao\/wp-json\/wp\/v2\/types\/page"}],"author":[{"embeddable":true,"href":"https:\/\/www.bu.ufmg.br\/catalogacao\/wp-json\/wp\/v2\/users\/2"}],"replies":[{"embeddable":true,"href":"https:\/\/www.bu.ufmg.br\/catalogacao\/wp-json\/wp\/v2\/comments?post=1414"}],"version-history":[{"count":0,"href":"https:\/\/www.bu.ufmg.br\/catalogacao\/wp-json\/wp\/v2\/pages\/1414\/revisions"}],"wp:attachment":[{"href":"https:\/\/www.bu.ufmg.br\/catalogacao\/wp-json\/wp\/v2\/media?parent=1414"}],"curies":[{"name":"wp","href":"https:\/\/api.w.org\/{rel}","templated":true}]}}