{"id":1407,"date":"2022-11-29T21:21:09","date_gmt":"2022-11-30T00:21:09","guid":{"rendered":"https:\/\/www.bu.ufmg.br\/catalogacao\/?page_id=1407"},"modified":"2025-05-21T22:11:48","modified_gmt":"2025-05-22T01:11:48","slug":"atualizacao-inventario","status":"publish","type":"page","link":"https:\/\/www.bu.ufmg.br\/catalogacao\/atualizacao-inventario\/","title":{"rendered":"Atualiza\u00e7\u00e3o Vers\u00e3o 10.10 &#8211; Cataloga\u00e7\u00e3o"},"content":{"rendered":"\n<h2 class=\"wp-block-heading\">1.\u00a0N\u00e3o permite atualizar autoridade se o termo j\u00e1 existe em 4XX<\/h2>\n\n\n\n<p>Foi adicionado um par\u00e2metro de valida\u00e7\u00e3o que ao estar habilitado, n\u00e3o ir\u00e1 permitir atualizar autoridade se o termo j\u00e1 existir, como remissiva, no campo 4XX (400, 410, 411, 450, 451).<br>Figura:<\/p>\n\n\n\n<p><\/p>\n\n\n\n<p><\/p>\n\n\n\n<p><\/p>\n\n\n\n<h2 class=\"wp-block-heading\">2.&nbsp;V\u00cdNCULOS<\/h2>\n\n\n\n<p>Possibilidade de inserir dois ou mais arquivos de uma s\u00f3 vez no cadastro de uma obra. Em <strong>Cataloga\u00e7\u00e3o<\/strong> &gt; <strong>Cadastro<\/strong> &gt; Selecionar os arquivos desejados e clicar em <strong>Inserir<\/strong>.<\/p>\n\n\n<div class=\"wp-block-image\">\n<figure class=\"aligncenter size-large\"><img loading=\"lazy\" decoding=\"async\" width=\"1024\" height=\"643\" src=\"https:\/\/www.bu.ufmg.br\/catalogacao\/wp-content\/uploads\/2024\/01\/image-2-1024x643.png\" alt=\"\" class=\"wp-image-1493\" srcset=\"https:\/\/www.bu.ufmg.br\/catalogacao\/wp-content\/uploads\/2024\/01\/image-2-1024x643.png 1024w, https:\/\/www.bu.ufmg.br\/catalogacao\/wp-content\/uploads\/2024\/01\/image-2-300x188.png 300w, https:\/\/www.bu.ufmg.br\/catalogacao\/wp-content\/uploads\/2024\/01\/image-2-768x482.png 768w, https:\/\/www.bu.ufmg.br\/catalogacao\/wp-content\/uploads\/2024\/01\/image-2.png 1274w\" sizes=\"auto, (max-width: 1024px) 100vw, 1024px\" \/><figcaption class=\"wp-element-caption\"><strong>Figura: Cataloga\u00e7\u00e3o &gt; Cadastro &gt; V\u00ednculos<\/strong><\/figcaption><\/figure><\/div>\n\n\n<p>Arquivos em pdf poder\u00e3o ficar restritos para download\/impress\u00e3o se a institui\u00e7\u00e3o utilizar o par\u00e2metro e orienta\u00e7\u00f5es descritas no item \u201c<span style=\"text-decoration: underline;\">Cat\u00e1logo <em>on-line<\/em> &#8211; Restri\u00e7\u00e3o <em>download<\/em>\/impress\u00e3o pdf<\/span>\u201d desde documento.<\/p>\n\n\n\n<p><\/p>\n\n\n\n<h2 class=\"wp-block-heading\">3. KARDEX \u2013 GERAR COLE\u00c7\u00c3O<\/h2>\n\n\n\n<p>Criado bot\u00e3o &#8216;<span style=\"text-decoration: underline;\">Gerar cole\u00e7\u00e3o sem exemplar<\/span>&#8216; para que ao gerar cole\u00e7\u00e3o o operador possa escolher se a cole\u00e7\u00e3o ter\u00e1 exemplares ou simplesmente ir\u00e1 gerar a cole\u00e7\u00e3o kardex sem inserir exemplares f\u00edsicos.<\/p>\n\n\n<div class=\"wp-block-image\">\n<figure class=\"aligncenter size-large\"><img loading=\"lazy\" decoding=\"async\" width=\"1024\" height=\"365\" src=\"https:\/\/www.bu.ufmg.br\/catalogacao\/wp-content\/uploads\/2024\/01\/image-3-1024x365.png\" alt=\"\" class=\"wp-image-1494\" srcset=\"https:\/\/www.bu.ufmg.br\/catalogacao\/wp-content\/uploads\/2024\/01\/image-3-1024x365.png 1024w, https:\/\/www.bu.ufmg.br\/catalogacao\/wp-content\/uploads\/2024\/01\/image-3-300x107.png 300w, https:\/\/www.bu.ufmg.br\/catalogacao\/wp-content\/uploads\/2024\/01\/image-3-768x274.png 768w, https:\/\/www.bu.ufmg.br\/catalogacao\/wp-content\/uploads\/2024\/01\/image-3.png 1322w\" sizes=\"auto, (max-width: 1024px) 100vw, 1024px\" \/><figcaption class=\"wp-element-caption\"><strong>Figura: Gerar cole\u00e7\u00e3o<\/strong><\/figcaption><\/figure><\/div>\n\n\n<p><\/p>\n\n\n\n<h2 class=\"wp-block-heading\">4. TRANSFER\u00caNCIA &#8211; DADOS BIBLIOGR\u00c1FICOS<\/h2>\n\n\n\n<p>Criado novo filtro por faixa de acervo para aplicar as altera\u00e7\u00f5es dos dados de acervo.<\/p>\n\n\n<div class=\"wp-block-image\">\n<figure class=\"aligncenter size-large\"><img loading=\"lazy\" decoding=\"async\" width=\"1024\" height=\"516\" src=\"https:\/\/www.bu.ufmg.br\/catalogacao\/wp-content\/uploads\/2024\/01\/image-4-1024x516.png\" alt=\"\" class=\"wp-image-1495\" srcset=\"https:\/\/www.bu.ufmg.br\/catalogacao\/wp-content\/uploads\/2024\/01\/image-4-1024x516.png 1024w, https:\/\/www.bu.ufmg.br\/catalogacao\/wp-content\/uploads\/2024\/01\/image-4-300x151.png 300w, https:\/\/www.bu.ufmg.br\/catalogacao\/wp-content\/uploads\/2024\/01\/image-4-768x387.png 768w, https:\/\/www.bu.ufmg.br\/catalogacao\/wp-content\/uploads\/2024\/01\/image-4-1536x774.png 1536w, https:\/\/www.bu.ufmg.br\/catalogacao\/wp-content\/uploads\/2024\/01\/image-4.png 1793w\" sizes=\"auto, (max-width: 1024px) 100vw, 1024px\" \/><figcaption class=\"wp-element-caption\"><strong>Figura: Transfer\u00eancia \u2013 Dados Bibliogr\u00e1ficos<\/strong><\/figcaption><\/figure><\/div>\n\n\n<p><\/p>\n\n\n\n<h2 class=\"wp-block-heading\">5. CATALOGA\u00c7\u00c3O &#8211; CADASTRO<\/h2>\n\n\n\n<p>Inclu\u00eddo a op\u00e7\u00e3o restrito para possibilitar a inclus\u00e3o de arquivos restrito em um cadastro de documento via arquivo.<\/p>\n\n\n<div class=\"wp-block-image\">\n<figure class=\"aligncenter size-full\"><img loading=\"lazy\" decoding=\"async\" width=\"1005\" height=\"389\" src=\"https:\/\/www.bu.ufmg.br\/catalogacao\/wp-content\/uploads\/2024\/01\/image-5.png\" alt=\"\" class=\"wp-image-1496\" srcset=\"https:\/\/www.bu.ufmg.br\/catalogacao\/wp-content\/uploads\/2024\/01\/image-5.png 1005w, https:\/\/www.bu.ufmg.br\/catalogacao\/wp-content\/uploads\/2024\/01\/image-5-300x116.png 300w, https:\/\/www.bu.ufmg.br\/catalogacao\/wp-content\/uploads\/2024\/01\/image-5-768x297.png 768w\" sizes=\"auto, (max-width: 1005px) 100vw, 1005px\" \/><figcaption class=\"wp-element-caption\"><strong>Figura: Cataloga\u00e7\u00e3o \u2013 Cadastro \u2013 Restrito<\/strong><\/figcaption><\/figure><\/div>\n\n\n<p><\/p>\n\n\n\n<h2 class=\"wp-block-heading\">6. AUTORIDADE &#8211; CADASTRO<\/h2>\n\n\n\n<p>Valida\u00e7\u00e3o da permiss\u00e3o \u201c<strong>Cadastro \u2013 Bot\u00e3o Criar nova autoridade \/ Inserir<\/strong>\u201d para criar nova autoridade na tela de Cataloga\u00e7\u00e3o &gt; Autoridade.<\/p>\n\n\n\n<p>A permiss\u00e3o do m\u00f3dulo cataloga\u00e7\u00e3o \u201cCadastro \u2013 Bot\u00e3o Criar nova autoridade \/ Inserir\u201d j\u00e1 existia. Entretanto era validada somente dentro da tela de cadastro de acervos (Cataloga\u00e7\u00e3o &gt; Cadastro).<\/p>\n\n\n\n<p>A partir de agora ssa permiss\u00e3o est\u00e1 sendo validada, tamb\u00e9m, na tela&nbsp;<strong>Cataloga\u00e7\u00e3o &gt;&gt; Autoridade.<\/strong><\/p>\n\n\n\n<p>Caso o usu\u00e1rio possua a permiss\u00e3o poder\u00e1 cadastrar novas autoridades em Cataloga\u00e7\u00e3o &gt;&gt; Autoridade.<\/p>\n\n\n\n<p>Caso usu\u00e1rio n\u00e3o possua a permiss\u00e3o n\u00e3o poder\u00e1 criar novas autoridades, apenas editar autoridades existentes digitando o c\u00f3digo, ou pesquisando pelo termo desejado.<\/p>\n\n\n\n<figure class=\"wp-block-image size-large\"><img loading=\"lazy\" decoding=\"async\" width=\"1024\" height=\"462\" src=\"https:\/\/www.bu.ufmg.br\/catalogacao\/wp-content\/uploads\/2024\/01\/image-6-1024x462.png\" alt=\"\" class=\"wp-image-1497\" srcset=\"https:\/\/www.bu.ufmg.br\/catalogacao\/wp-content\/uploads\/2024\/01\/image-6-1024x462.png 1024w, https:\/\/www.bu.ufmg.br\/catalogacao\/wp-content\/uploads\/2024\/01\/image-6-300x135.png 300w, https:\/\/www.bu.ufmg.br\/catalogacao\/wp-content\/uploads\/2024\/01\/image-6-768x346.png 768w, https:\/\/www.bu.ufmg.br\/catalogacao\/wp-content\/uploads\/2024\/01\/image-6.png 1331w\" sizes=\"auto, (max-width: 1024px) 100vw, 1024px\" \/><\/figure>\n\n\n\n<p><\/p>\n\n\n\n<h2 class=\"wp-block-heading\">7. CAMPO L\u00cdDER<\/h2>\n\n\n\n<p>Inclu\u00eddo no l\u00edder do bibliogr\u00e1fico uma nova posi\u00e7\u00e3o. Esta posi\u00e7\u00e3o poder\u00e1 ser utilizada para definir o status do registro bibliogr\u00e1fico. As op\u00e7\u00f5es s\u00e3o:<\/p>\n\n\n\n<p><strong>a<\/strong>&nbsp;\u2013 Aumento do n\u00edvel de codifica\u00e7\u00e3o ;<strong><\/strong><\/p>\n\n\n\n<p><strong>c<\/strong>&nbsp;\u2013 Corrigido&nbsp;ou&nbsp;revisado ;<\/p>\n\n\n\n<p><strong>d<\/strong>&nbsp;\u2013 Exclu\u00eddo ;<\/p>\n\n\n\n<p><strong>n<\/strong>&nbsp;\u2013 Novo e<\/p>\n\n\n\n<p><strong>p<\/strong>&nbsp;\u2013 Aumento no n\u00edvel de codifica\u00e7\u00e3o da pr\u00e9-publica\u00e7\u00e3o.<\/p>\n\n\n\n<p>Op\u00e7\u00f5es retiradas do MARC 21 \u2013 Formato Bibliogr\u00e1fico<\/p>\n\n\n\n<figure class=\"wp-block-image size-large\"><img loading=\"lazy\" decoding=\"async\" width=\"1024\" height=\"469\" src=\"https:\/\/www.bu.ufmg.br\/catalogacao\/wp-content\/uploads\/2024\/01\/image-8-1024x469.png\" alt=\"\" class=\"wp-image-1499\" srcset=\"https:\/\/www.bu.ufmg.br\/catalogacao\/wp-content\/uploads\/2024\/01\/image-8-1024x469.png 1024w, https:\/\/www.bu.ufmg.br\/catalogacao\/wp-content\/uploads\/2024\/01\/image-8-300x137.png 300w, https:\/\/www.bu.ufmg.br\/catalogacao\/wp-content\/uploads\/2024\/01\/image-8-768x352.png 768w, https:\/\/www.bu.ufmg.br\/catalogacao\/wp-content\/uploads\/2024\/01\/image-8.png 1326w\" sizes=\"auto, (max-width: 1024px) 100vw, 1024px\" \/><\/figure>\n","protected":false},"excerpt":{"rendered":"<p>1.\u00a0N\u00e3o permite atualizar autoridade se o termo j\u00e1 existe em 4XX Foi adicionado um par\u00e2metro de valida\u00e7\u00e3o que ao estar habilitado, n\u00e3o ir\u00e1 permitir atualizar autoridade se o termo j\u00e1 existir, como remissiva, no campo 4XX (400, 410, 411, 450, 451).Figura: 2.&nbsp;V\u00cdNCULOS Possibilidade de inserir dois ou mais arquivos de uma s\u00f3 vez no cadastro [&hellip;]<\/p>\n","protected":false},"author":2,"featured_media":0,"parent":0,"menu_order":0,"comment_status":"closed","ping_status":"closed","template":"","meta":{"footnotes":""},"class_list":["post-1407","page","type-page","status-publish","hentry"],"_links":{"self":[{"href":"https:\/\/www.bu.ufmg.br\/catalogacao\/wp-json\/wp\/v2\/pages\/1407","targetHints":{"allow":["GET"]}}],"collection":[{"href":"https:\/\/www.bu.ufmg.br\/catalogacao\/wp-json\/wp\/v2\/pages"}],"about":[{"href":"https:\/\/www.bu.ufmg.br\/catalogacao\/wp-json\/wp\/v2\/types\/page"}],"author":[{"embeddable":true,"href":"https:\/\/www.bu.ufmg.br\/catalogacao\/wp-json\/wp\/v2\/users\/2"}],"replies":[{"embeddable":true,"href":"https:\/\/www.bu.ufmg.br\/catalogacao\/wp-json\/wp\/v2\/comments?post=1407"}],"version-history":[{"count":0,"href":"https:\/\/www.bu.ufmg.br\/catalogacao\/wp-json\/wp\/v2\/pages\/1407\/revisions"}],"wp:attachment":[{"href":"https:\/\/www.bu.ufmg.br\/catalogacao\/wp-json\/wp\/v2\/media?parent=1407"}],"curies":[{"name":"wp","href":"https:\/\/api.w.org\/{rel}","templated":true}]}}