{"id":140,"date":"2022-03-29T18:14:45","date_gmt":"2022-03-29T21:14:45","guid":{"rendered":"https:\/\/www.bu.ufmg.br\/catalogacao\/?page_id=140"},"modified":"2022-05-12T21:11:31","modified_gmt":"2022-05-13T00:11:31","slug":"campo-008-posicao-31-indice","status":"publish","type":"page","link":"https:\/\/www.bu.ufmg.br\/catalogacao\/campo-008-posicao-31-indice\/","title":{"rendered":"Campo 008 (Posi\u00e7\u00e3o 31)  &#8211; \u00cdndice"},"content":{"rendered":"\n<figure class=\"wp-block-table is-style-regular has-medium-font-size\"><table class=\"has-colibri-color-6-color has-text-color has-background\" style=\"background:linear-gradient(100deg,rgb(238,238,238) 0%,rgb(169,184,195) 100%)\"><thead><tr><th class=\"has-text-align-left\" data-align=\"left\">BIBLIOTECA UNIVERSIT\u00c1RIA \u2013 UFMG&nbsp;&nbsp;&nbsp;&nbsp;&nbsp;&nbsp;&nbsp;&nbsp;&nbsp;&nbsp;&nbsp;&nbsp;&nbsp;&nbsp;&nbsp;&nbsp;&nbsp;&nbsp;&nbsp;&nbsp;&nbsp;&nbsp;&nbsp;&nbsp;&nbsp;&nbsp;&nbsp;&nbsp;&nbsp;&nbsp;&nbsp;&nbsp;&nbsp;&nbsp;&nbsp;&nbsp;&nbsp;&nbsp;&nbsp;&nbsp;&nbsp;&nbsp;&nbsp;&nbsp;&nbsp;<br>CENTRAL DE CONTROLE E QUALIDADE DA CATALOGA\u00c7\u00c3O &#8211; CCQC<\/th><\/tr><\/thead><tbody><tr><td class=\"has-text-align-left\" data-align=\"left\"><br><\/td><\/tr><tr><td class=\"has-text-align-left\" data-align=\"left\"><strong>COMUNICADO N\u00ba:<\/strong> 6&nbsp;&nbsp;&nbsp;&nbsp;&nbsp;&nbsp;&nbsp;&nbsp;&nbsp; <strong>DATA: <\/strong>14\/05\/2008<\/td><\/tr><tr><td class=\"has-text-align-left\" data-align=\"left\"><strong>ASSUNTO: <\/strong>008\/31 &#8211; \u00cdndice<\/td><\/tr><tr><td class=\"has-text-align-left\" data-align=\"left\"><br>Prezados Catalogadores,<br>&nbsp;<br>Solicitamos substituir, no Manual de entrada de dados em formato MARC, campo 008\/31, de acordo com o conceito abaixo.<br>&nbsp;<br><strong>DE:<\/strong><br>0 n\u00e3o inclui \u00edndice<br>1 Inclui \u00edndice(\u00edndice em volume separado)<br>&nbsp;<br><strong>PARA:<\/strong><br>0 N\u00e3o inclui \u00edndice<br><strong>1 Inclui \u00edndice <\/strong>(quando a obra trouxer \u00edndice relativo ao seu pr\u00f3prio conte\u00fado)<br>&nbsp;<br><strong>Conceito:<\/strong><br>MARC 21 \u2013 campo 008\/31 &#8211; \u00edndice<br>\u201cC\u00f3digo num\u00e9rico de um caractere que indica se um item inclui ou n\u00e3o um \u00edndice relativo ao seu pr\u00f3prio conte\u00fado. A informa\u00e7\u00e3o sobre o \u00edndice deriva-se da men\u00e7\u00e3o do mesmo em outra parte do registro bibliogr\u00e1fico.\u201d<\/td><\/tr><tr><td class=\"has-text-align-left\" data-align=\"left\"><br><strong>Obs.: <\/strong>Colabora\u00e7\u00e3o: Ang\u00e9lica Projeto BNDES \u2013 Obras Raras<\/td><\/tr><\/tbody><\/table><\/figure>\n\n\n\n<p><\/p>\n","protected":false},"excerpt":{"rendered":"<p>BIBLIOTECA UNIVERSIT\u00c1RIA \u2013 UFMG&nbsp;&nbsp;&nbsp;&nbsp;&nbsp;&nbsp;&nbsp;&nbsp;&nbsp;&nbsp;&nbsp;&nbsp;&nbsp;&nbsp;&nbsp;&nbsp;&nbsp;&nbsp;&nbsp;&nbsp;&nbsp;&nbsp;&nbsp;&nbsp;&nbsp;&nbsp;&nbsp;&nbsp;&nbsp;&nbsp;&nbsp;&nbsp;&nbsp;&nbsp;&nbsp;&nbsp;&nbsp;&nbsp;&nbsp;&nbsp;&nbsp;&nbsp;&nbsp;&nbsp;&nbsp;CENTRAL DE CONTROLE E QUALIDADE DA CATALOGA\u00c7\u00c3O &#8211; CCQC COMUNICADO N\u00ba: 6&nbsp;&nbsp;&nbsp;&nbsp;&nbsp;&nbsp;&nbsp;&nbsp;&nbsp; DATA: 14\/05\/2008 ASSUNTO: 008\/31 &#8211; \u00cdndice Prezados Catalogadores,&nbsp;Solicitamos substituir, no Manual de entrada de dados em formato MARC, campo 008\/31, de acordo com o conceito abaixo.&nbsp;DE:0 n\u00e3o inclui \u00edndice1 Inclui \u00edndice(\u00edndice em volume separado)&nbsp;PARA:0 N\u00e3o inclui \u00edndice1 Inclui \u00edndice (quando [&hellip;]<\/p>\n","protected":false},"author":1,"featured_media":0,"parent":0,"menu_order":0,"comment_status":"closed","ping_status":"closed","template":"","meta":{"footnotes":""},"class_list":["post-140","page","type-page","status-publish","hentry"],"_links":{"self":[{"href":"https:\/\/www.bu.ufmg.br\/catalogacao\/wp-json\/wp\/v2\/pages\/140","targetHints":{"allow":["GET"]}}],"collection":[{"href":"https:\/\/www.bu.ufmg.br\/catalogacao\/wp-json\/wp\/v2\/pages"}],"about":[{"href":"https:\/\/www.bu.ufmg.br\/catalogacao\/wp-json\/wp\/v2\/types\/page"}],"author":[{"embeddable":true,"href":"https:\/\/www.bu.ufmg.br\/catalogacao\/wp-json\/wp\/v2\/users\/1"}],"replies":[{"embeddable":true,"href":"https:\/\/www.bu.ufmg.br\/catalogacao\/wp-json\/wp\/v2\/comments?post=140"}],"version-history":[{"count":0,"href":"https:\/\/www.bu.ufmg.br\/catalogacao\/wp-json\/wp\/v2\/pages\/140\/revisions"}],"wp:attachment":[{"href":"https:\/\/www.bu.ufmg.br\/catalogacao\/wp-json\/wp\/v2\/media?parent=140"}],"curies":[{"name":"wp","href":"https:\/\/api.w.org\/{rel}","templated":true}]}}